{"id":1760,"date":"2017-07-12T16:01:14","date_gmt":"2017-07-12T14:01:14","guid":{"rendered":"http:\/\/dev.qu-int.com\/eltex\/impressum\/"},"modified":"2023-02-24T12:36:18","modified_gmt":"2023-02-24T11:36:18","slug":"disclaimer","status":"publish","type":"page","link":"https:\/\/www.eltex.de\/en\/disclaimer\/","title":{"rendered":"Disclaimer"},"content":{"rendered":"<p><strong>Gesch\u00e4ftsf\u00fchrung<\/strong><br \/>\nLukas Hahne<\/p>\n<p><strong>HRB<\/strong><br \/>\n704639 Freiburg<br \/>\n<strong>USt.-ID Nummer<\/strong>\u00a0DE 815121900<\/p>\n<p><strong>Autor<\/strong><br \/>\nEltex-Elektrostatik-GmbH<br \/>\nBlauenstra\u00dfe 67\u201369 | 79576 Weil am Rhein<br \/>\nGermany<br \/>\nTelefon +49 7621 7905-422<br \/>\nTelefax +49 7621 7905-330<br \/>\nE-Mail:\u00a0<a class=\"mail\" title=\"\u00d6ffnet ein Fenster zum Versenden der E-Mail\">info(at)eltex.com \u00bb\u00a0<\/a><br \/>\n<a href=\"http:\/\/www.eltex.com\/\" target=\"_blank\" rel=\"noopener noreferrer\">www.eltex.com<\/a><\/p>\n<p><strong>Konzept\/Gestaltung<\/strong><br \/>\nqu-int. | marken | medien | kommunikation<br \/>\nAlter Zollhof | Waldkircher Stra\u00dfe 12 | 79106 Freiburg<br \/>\n<a class=\"external-link-new-window\" href=\"https:\/\/www.qu-int.com\/\" target=\"_blank\" rel=\"noopener noreferrer\">www.qu-int.com<\/a><\/p>\n<p><strong>Inhalt<\/strong><br \/>\nDer Autor \u00fcbernimmt keinerlei Gew\u00e4hr f\u00fcr die Aktualit\u00e4t, Korrektheit, Vollst\u00e4ndigkeit oder Qualit\u00e4t der bereitgestellten Informationen. Haftungsanspr\u00fcche gegen den Autor, welche sich auf Sch\u00e4den materieller oder ideeller Art beziehen, die durch die Nutzung oder Nichtnutzung der dargebotenen Informationen bzw. durch die Nutzung fehlerhafter und unvollst\u00e4ndiger Informationen verursacht wurden, sind grunds\u00e4tzlich ausgeschlossen, sofern seitens des Autors kein nachweislich vors\u00e4tzliches oder grob fahrl\u00e4ssiges Verschulden vorliegt.<br \/>\nAlle Angebote sind freibleibend und unverbindlich. Der Autor beh\u00e4lt es sich ausdr\u00fccklich vor, Teile der Seiten oder das gesamte Angebot ohne gesonderte Ank\u00fcndigung zu ver\u00e4ndern, zu erg\u00e4nzen, zu l\u00f6schen oder die Ver\u00f6ffentlichung zeitweise oder endg\u00fcltig einzustellen.<\/p>\n<p><strong>Verweise und Links<\/strong><br \/>\nBei direkten oder indirekten Verweisen auf fremde Internetseiten (\u00bbLinks\u00ab), die au\u00dferhalb des Verantwortungsbereiches des Autors liegen, w\u00fcrde eine Haftungsverpflichtung ausschlie\u00dflich in dem Fall in Kraft treten, in dem der Autor von den Inhalten Kenntnis hat und es ihm technisch m\u00f6glich und zumutbar w\u00e4re, die Nutzung im Falle rechtswidriger Inhalte zu verhindern. Der Autor erkl\u00e4rt hiermit ausdr\u00fccklich, dass zum Zeitpunkt der Linksetzung keine illegalen Inhalte auf den zu verlinkenden Seiten erkennbar waren. Auf die aktuelle und zuk\u00fcnftige Gestaltung, die Inhalte oder die Urheberschaft der gelinkten\/verkn\u00fcpften Seiten hat der Autor keinerlei Einfluss. Deshalb distanziert er sich hiermit ausdr\u00fccklich von allen Inhalten aller gelinkten \/verkn\u00fcpften Seiten, die nach der Linksetzung ver\u00e4ndert wurden. Diese Feststellung gilt f\u00fcr alle innerhalb des eigenen Internetangebotes gesetzten Links und Verweise sowie f\u00fcr Fremdeintr\u00e4ge in vom Autor eingerichteten G\u00e4steb\u00fcchern, Diskussionsforen und Mailinglisten. F\u00fcr illegale, fehlerhafte oder unvollst\u00e4ndige Inhalte und insbesondere f\u00fcr Sch\u00e4den, die aus der Nutzung oder Nichtnutzung solcherart dargebotener Informationen entstehen, haftet allein der Anbieter der Seite, auf welche verwiesen wurde, nicht derjenige, der \u00fcber Links auf die jeweilige Ver\u00f6ffentlichung lediglich verweist<\/p>\n","protected":false},"excerpt":{"rendered":"<p>Gesch\u00e4ftsf\u00fchrung Lukas Hahne HRB 704639 Freiburg USt.-ID Nummer\u00a0DE 815121900 Autor Eltex-Elektrostatik-GmbH Blauenstra\u00dfe 67\u201369 | 79576 Weil am Rhein Germany Telefon +49 7621 7905-422 Telefax +49 7621 7905-330 E-Mail:\u00a0info(at)eltex.com \u00bb\u00a0 www.eltex.com Konzept\/Gestaltung qu-int. | marken | medien | kommunikation Alter Zollhof | Waldkircher Stra\u00dfe 12 | 79106 Freiburg www.qu-int.com Inhalt Der Autor \u00fcbernimmt keinerlei Gew\u00e4hr f\u00fcr [&hellip;]<\/p>\n","protected":false},"author":3,"featured_media":0,"parent":0,"menu_order":23,"comment_status":"closed","ping_status":"closed","template":"tpl-redaktionelle-seite.php","meta":{"_acf_changed":false,"footnotes":""},"seitenfilter":[],"class_list":["post-1760","page","type-page","status-publish","hentry"],"acf":[],"yoast_head":"<!-- This site is optimized with the Yoast SEO plugin v27.0 - https:\/\/yoast.com\/product\/yoast-seo-wordpress\/ -->\n<title>Disclaimer | Eltex Elektrostatik GmbH<\/title>\n<meta name=\"robots\" content=\"index, follow, max-snippet:-1, max-image-preview:large, max-video-preview:-1\" \/>\n<link rel=\"canonical\" href=\"https:\/\/www.eltex.de\/en\/disclaimer\/\" \/>\n<meta property=\"og:locale\" content=\"en_US\" \/>\n<meta property=\"og:type\" content=\"article\" \/>\n<meta property=\"og:title\" content=\"Disclaimer | Eltex Elektrostatik GmbH\" \/>\n<meta property=\"og:description\" content=\"Gesch\u00e4ftsf\u00fchrung Lukas Hahne HRB 704639 Freiburg USt.-ID Nummer\u00a0DE 815121900 Autor Eltex-Elektrostatik-GmbH Blauenstra\u00dfe 67\u201369 | 79576 Weil am Rhein Germany Telefon +49 7621 7905-422 Telefax +49 7621 7905-330 E-Mail:\u00a0info(at)eltex.com \u00bb\u00a0 www.eltex.com Konzept\/Gestaltung qu-int. | marken | medien | kommunikation Alter Zollhof | Waldkircher Stra\u00dfe 12 | 79106 Freiburg www.qu-int.com Inhalt Der Autor \u00fcbernimmt keinerlei Gew\u00e4hr f\u00fcr [&hellip;]\" \/>\n<meta property=\"og:url\" content=\"https:\/\/www.eltex.de\/en\/disclaimer\/\" \/>\n<meta property=\"og:site_name\" content=\"Eltex Elektrostatik GmbH\" \/>\n<meta property=\"article:modified_time\" content=\"2023-02-24T11:36:18+00:00\" \/>\n<meta name=\"twitter:card\" content=\"summary_large_image\" \/>\n<meta name=\"twitter:label1\" content=\"Est. reading time\" \/>\n\t<meta name=\"twitter:data1\" content=\"2 minutes\" \/>\n<script type=\"application\/ld+json\" class=\"yoast-schema-graph\">{\"@context\":\"https:\/\/schema.org\",\"@graph\":[{\"@type\":\"WebPage\",\"@id\":\"https:\/\/www.eltex.de\/en\/disclaimer\/\",\"url\":\"https:\/\/www.eltex.de\/en\/disclaimer\/\",\"name\":\"Disclaimer | Eltex Elektrostatik GmbH\",\"isPartOf\":{\"@id\":\"https:\/\/www.eltex.de\/en\/#website\"},\"datePublished\":\"2017-07-12T14:01:14+00:00\",\"dateModified\":\"2023-02-24T11:36:18+00:00\",\"breadcrumb\":{\"@id\":\"https:\/\/www.eltex.de\/en\/disclaimer\/#breadcrumb\"},\"inLanguage\":\"en-US\",\"potentialAction\":[{\"@type\":\"ReadAction\",\"target\":[\"https:\/\/www.eltex.de\/en\/disclaimer\/\"]}]},{\"@type\":\"BreadcrumbList\",\"@id\":\"https:\/\/www.eltex.de\/en\/disclaimer\/#breadcrumb\",\"itemListElement\":[{\"@type\":\"ListItem\",\"position\":1,\"name\":\"Eltex\",\"item\":\"https:\/\/www.eltex.de\/en\/\"},{\"@type\":\"ListItem\",\"position\":2,\"name\":\"Disclaimer\"}]},{\"@type\":\"WebSite\",\"@id\":\"https:\/\/www.eltex.de\/en\/#website\",\"url\":\"https:\/\/www.eltex.de\/en\/\",\"name\":\"Eltex Elektrostatik GmbH\",\"description\":\"Die Eltex Elektrostatik GmbH als moderner Partner der Industrie zur Steigerung von Produktivit\u00e4t, Effizienz und Ertragskraft in vielen Branchen.\",\"potentialAction\":[{\"@type\":\"SearchAction\",\"target\":{\"@type\":\"EntryPoint\",\"urlTemplate\":\"https:\/\/www.eltex.de\/en\/?s={search_term_string}\"},\"query-input\":{\"@type\":\"PropertyValueSpecification\",\"valueRequired\":true,\"valueName\":\"search_term_string\"}}],\"inLanguage\":\"en-US\"}]}<\/script>\n<!-- \/ Yoast SEO plugin. -->","yoast_head_json":{"title":"Disclaimer | Eltex Elektrostatik GmbH","robots":{"index":"index","follow":"follow","max-snippet":"max-snippet:-1","max-image-preview":"max-image-preview:large","max-video-preview":"max-video-preview:-1"},"canonical":"https:\/\/www.eltex.de\/en\/disclaimer\/","og_locale":"en_US","og_type":"article","og_title":"Disclaimer | Eltex Elektrostatik GmbH","og_description":"Gesch\u00e4ftsf\u00fchrung Lukas Hahne HRB 704639 Freiburg USt.-ID Nummer\u00a0DE 815121900 Autor Eltex-Elektrostatik-GmbH Blauenstra\u00dfe 67\u201369 | 79576 Weil am Rhein Germany Telefon +49 7621 7905-422 Telefax +49 7621 7905-330 E-Mail:\u00a0info(at)eltex.com \u00bb\u00a0 www.eltex.com Konzept\/Gestaltung qu-int. | marken | medien | kommunikation Alter Zollhof | Waldkircher Stra\u00dfe 12 | 79106 Freiburg www.qu-int.com Inhalt Der Autor \u00fcbernimmt keinerlei Gew\u00e4hr f\u00fcr [&hellip;]","og_url":"https:\/\/www.eltex.de\/en\/disclaimer\/","og_site_name":"Eltex Elektrostatik GmbH","article_modified_time":"2023-02-24T11:36:18+00:00","twitter_card":"summary_large_image","twitter_misc":{"Est. reading time":"2 minutes"},"schema":{"@context":"https:\/\/schema.org","@graph":[{"@type":"WebPage","@id":"https:\/\/www.eltex.de\/en\/disclaimer\/","url":"https:\/\/www.eltex.de\/en\/disclaimer\/","name":"Disclaimer | Eltex Elektrostatik GmbH","isPartOf":{"@id":"https:\/\/www.eltex.de\/en\/#website"},"datePublished":"2017-07-12T14:01:14+00:00","dateModified":"2023-02-24T11:36:18+00:00","breadcrumb":{"@id":"https:\/\/www.eltex.de\/en\/disclaimer\/#breadcrumb"},"inLanguage":"en-US","potentialAction":[{"@type":"ReadAction","target":["https:\/\/www.eltex.de\/en\/disclaimer\/"]}]},{"@type":"BreadcrumbList","@id":"https:\/\/www.eltex.de\/en\/disclaimer\/#breadcrumb","itemListElement":[{"@type":"ListItem","position":1,"name":"Eltex","item":"https:\/\/www.eltex.de\/en\/"},{"@type":"ListItem","position":2,"name":"Disclaimer"}]},{"@type":"WebSite","@id":"https:\/\/www.eltex.de\/en\/#website","url":"https:\/\/www.eltex.de\/en\/","name":"Eltex Elektrostatik GmbH","description":"Die Eltex Elektrostatik GmbH als moderner Partner der Industrie zur Steigerung von Produktivit\u00e4t, Effizienz und Ertragskraft in vielen Branchen.","potentialAction":[{"@type":"SearchAction","target":{"@type":"EntryPoint","urlTemplate":"https:\/\/www.eltex.de\/en\/?s={search_term_string}"},"query-input":{"@type":"PropertyValueSpecification","valueRequired":true,"valueName":"search_term_string"}}],"inLanguage":"en-US"}]}},"_links":{"self":[{"href":"https:\/\/www.eltex.de\/en\/wp-json\/wp\/v2\/pages\/1760","targetHints":{"allow":["GET"]}}],"collection":[{"href":"https:\/\/www.eltex.de\/en\/wp-json\/wp\/v2\/pages"}],"about":[{"href":"https:\/\/www.eltex.de\/en\/wp-json\/wp\/v2\/types\/page"}],"author":[{"embeddable":true,"href":"https:\/\/www.eltex.de\/en\/wp-json\/wp\/v2\/users\/3"}],"replies":[{"embeddable":true,"href":"https:\/\/www.eltex.de\/en\/wp-json\/wp\/v2\/comments?post=1760"}],"version-history":[{"count":9,"href":"https:\/\/www.eltex.de\/en\/wp-json\/wp\/v2\/pages\/1760\/revisions"}],"predecessor-version":[{"id":12122,"href":"https:\/\/www.eltex.de\/en\/wp-json\/wp\/v2\/pages\/1760\/revisions\/12122"}],"wp:attachment":[{"href":"https:\/\/www.eltex.de\/en\/wp-json\/wp\/v2\/media?parent=1760"}],"wp:term":[{"taxonomy":"seitenfilter","embeddable":true,"href":"https:\/\/www.eltex.de\/en\/wp-json\/wp\/v2\/seitenfilter?post=1760"}],"curies":[{"name":"wp","href":"https:\/\/api.w.org\/{rel}","templated":true}]}}