{"id":11420,"date":"2022-10-14T11:20:34","date_gmt":"2022-10-14T09:20:34","guid":{"rendered":"https:\/\/www.eltex.de\/?page_id=11420"},"modified":"2025-01-29T15:09:48","modified_gmt":"2025-01-29T14:09:48","slug":"anwendung-fr-40-010-03-entladung-abwickler-rx3r50","status":"publish","type":"page","link":"https:\/\/www.eltex.de\/fr\/applications\/anwendung-fr-40-010-03-entladung-abwickler-rx3r50\/","title":{"rendered":"Anwendung FR 40 010 03: D\u00e9charge d&rsquo;un film sur un d\u00e9rouleur avec diff\u00e9rentes \u00e9lectrodes de d\u00e9charge (RX3+R50)"},"content":{"rendered":"","protected":false},"excerpt":{"rendered":"","protected":false},"author":25,"featured_media":0,"parent":11466,"menu_order":0,"comment_status":"closed","ping_status":"closed","template":"tpl-neu-redaktionelle-seite-full.php","meta":{"_acf_changed":false,"footnotes":""},"seitenfilter":[907,910,903,909],"class_list":["post-11420","page","type-page","status-publish","hentry","seitenfilter-decharge","seitenfilter-ameliorer-la-qualite","seitenfilter-proteger-les-personnes","seitenfilter-plastique"],"acf":[],"yoast_head":"<!-- This site is optimized with the Yoast SEO plugin v27.0 - https:\/\/yoast.com\/product\/yoast-seo-wordpress\/ -->\n<title>Anwendung FR 40 010 03: D\u00e9charge d&#039;un film sur un d\u00e9rouleur avec diff\u00e9rentes \u00e9lectrodes de d\u00e9charge (RX3+R50) | Eltex Elektrostatik GmbH<\/title>\n<meta name=\"robots\" content=\"index, follow, max-snippet:-1, max-image-preview:large, max-video-preview:-1\" \/>\n<link rel=\"canonical\" href=\"https:\/\/www.eltex.de\/fr\/applications\/anwendung-fr-40-010-03-entladung-abwickler-rx3r50\/\" \/>\n<meta property=\"og:locale\" content=\"fr_FR\" \/>\n<meta property=\"og:type\" content=\"article\" \/>\n<meta property=\"og:title\" content=\"Anwendung FR 40 010 03: D\u00e9charge d&#039;un film sur un d\u00e9rouleur avec diff\u00e9rentes \u00e9lectrodes de d\u00e9charge (RX3+R50) | Eltex Elektrostatik GmbH\" \/>\n<meta property=\"og:url\" content=\"https:\/\/www.eltex.de\/fr\/applications\/anwendung-fr-40-010-03-entladung-abwickler-rx3r50\/\" \/>\n<meta property=\"og:site_name\" content=\"Eltex Elektrostatik GmbH\" \/>\n<meta property=\"article:modified_time\" content=\"2025-01-29T14:09:48+00:00\" \/>\n<meta name=\"twitter:card\" content=\"summary_large_image\" \/>\n<meta name=\"twitter:label1\" content=\"Dur\u00e9e de lecture estim\u00e9e\" \/>\n\t<meta name=\"twitter:data1\" content=\"2 minutes\" \/>\n<script type=\"application\/ld+json\" class=\"yoast-schema-graph\">{\"@context\":\"https:\/\/schema.org\",\"@graph\":[{\"@type\":\"WebPage\",\"@id\":\"https:\/\/www.eltex.de\/fr\/applications\/anwendung-fr-40-010-03-entladung-abwickler-rx3r50\/\",\"url\":\"https:\/\/www.eltex.de\/fr\/applications\/anwendung-fr-40-010-03-entladung-abwickler-rx3r50\/\",\"name\":\"Anwendung FR 40 010 03: D\u00e9charge d'un film sur un d\u00e9rouleur avec diff\u00e9rentes \u00e9lectrodes de d\u00e9charge (RX3+R50) | Eltex Elektrostatik GmbH\",\"isPartOf\":{\"@id\":\"https:\/\/www.eltex.de\/fr\/#website\"},\"datePublished\":\"2022-10-14T09:20:34+00:00\",\"dateModified\":\"2025-01-29T14:09:48+00:00\",\"breadcrumb\":{\"@id\":\"https:\/\/www.eltex.de\/fr\/applications\/anwendung-fr-40-010-03-entladung-abwickler-rx3r50\/#breadcrumb\"},\"inLanguage\":\"fr-FR\",\"potentialAction\":[{\"@type\":\"ReadAction\",\"target\":[\"https:\/\/www.eltex.de\/fr\/applications\/anwendung-fr-40-010-03-entladung-abwickler-rx3r50\/\"]}]},{\"@type\":\"BreadcrumbList\",\"@id\":\"https:\/\/www.eltex.de\/fr\/applications\/anwendung-fr-40-010-03-entladung-abwickler-rx3r50\/#breadcrumb\",\"itemListElement\":[{\"@type\":\"ListItem\",\"position\":1,\"name\":\"Eltex\",\"item\":\"https:\/\/www.eltex.de\/fr\/\"},{\"@type\":\"ListItem\",\"position\":2,\"name\":\"Anwendungs\u00fcbersicht FR\",\"item\":\"https:\/\/www.eltex.de\/fr\/applications\/\"},{\"@type\":\"ListItem\",\"position\":3,\"name\":\"Anwendung FR 40 010 03: D\u00e9charge d&#8217;un film sur un d\u00e9rouleur avec diff\u00e9rentes \u00e9lectrodes de d\u00e9charge (RX3+R50)\"}]},{\"@type\":\"WebSite\",\"@id\":\"https:\/\/www.eltex.de\/fr\/#website\",\"url\":\"https:\/\/www.eltex.de\/fr\/\",\"name\":\"Eltex Elektrostatik GmbH\",\"description\":\"Die Eltex Elektrostatik GmbH als moderner Partner der Industrie zur Steigerung von Produktivit\u00e4t, Effizienz und Ertragskraft in vielen Branchen.\",\"potentialAction\":[{\"@type\":\"SearchAction\",\"target\":{\"@type\":\"EntryPoint\",\"urlTemplate\":\"https:\/\/www.eltex.de\/fr\/?s={search_term_string}\"},\"query-input\":{\"@type\":\"PropertyValueSpecification\",\"valueRequired\":true,\"valueName\":\"search_term_string\"}}],\"inLanguage\":\"fr-FR\"}]}<\/script>\n<!-- \/ Yoast SEO plugin. -->","yoast_head_json":{"title":"Anwendung FR 40 010 03: D\u00e9charge d'un film sur un d\u00e9rouleur avec diff\u00e9rentes \u00e9lectrodes de d\u00e9charge (RX3+R50) | Eltex Elektrostatik GmbH","robots":{"index":"index","follow":"follow","max-snippet":"max-snippet:-1","max-image-preview":"max-image-preview:large","max-video-preview":"max-video-preview:-1"},"canonical":"https:\/\/www.eltex.de\/fr\/applications\/anwendung-fr-40-010-03-entladung-abwickler-rx3r50\/","og_locale":"fr_FR","og_type":"article","og_title":"Anwendung FR 40 010 03: D\u00e9charge d'un film sur un d\u00e9rouleur avec diff\u00e9rentes \u00e9lectrodes de d\u00e9charge (RX3+R50) | Eltex Elektrostatik GmbH","og_url":"https:\/\/www.eltex.de\/fr\/applications\/anwendung-fr-40-010-03-entladung-abwickler-rx3r50\/","og_site_name":"Eltex Elektrostatik GmbH","article_modified_time":"2025-01-29T14:09:48+00:00","twitter_card":"summary_large_image","twitter_misc":{"Dur\u00e9e de lecture estim\u00e9e":"2 minutes"},"schema":{"@context":"https:\/\/schema.org","@graph":[{"@type":"WebPage","@id":"https:\/\/www.eltex.de\/fr\/applications\/anwendung-fr-40-010-03-entladung-abwickler-rx3r50\/","url":"https:\/\/www.eltex.de\/fr\/applications\/anwendung-fr-40-010-03-entladung-abwickler-rx3r50\/","name":"Anwendung FR 40 010 03: D\u00e9charge d'un film sur un d\u00e9rouleur avec diff\u00e9rentes \u00e9lectrodes de d\u00e9charge (RX3+R50) | Eltex Elektrostatik GmbH","isPartOf":{"@id":"https:\/\/www.eltex.de\/fr\/#website"},"datePublished":"2022-10-14T09:20:34+00:00","dateModified":"2025-01-29T14:09:48+00:00","breadcrumb":{"@id":"https:\/\/www.eltex.de\/fr\/applications\/anwendung-fr-40-010-03-entladung-abwickler-rx3r50\/#breadcrumb"},"inLanguage":"fr-FR","potentialAction":[{"@type":"ReadAction","target":["https:\/\/www.eltex.de\/fr\/applications\/anwendung-fr-40-010-03-entladung-abwickler-rx3r50\/"]}]},{"@type":"BreadcrumbList","@id":"https:\/\/www.eltex.de\/fr\/applications\/anwendung-fr-40-010-03-entladung-abwickler-rx3r50\/#breadcrumb","itemListElement":[{"@type":"ListItem","position":1,"name":"Eltex","item":"https:\/\/www.eltex.de\/fr\/"},{"@type":"ListItem","position":2,"name":"Anwendungs\u00fcbersicht FR","item":"https:\/\/www.eltex.de\/fr\/applications\/"},{"@type":"ListItem","position":3,"name":"Anwendung FR 40 010 03: D\u00e9charge d&#8217;un film sur un d\u00e9rouleur avec diff\u00e9rentes \u00e9lectrodes de d\u00e9charge (RX3+R50)"}]},{"@type":"WebSite","@id":"https:\/\/www.eltex.de\/fr\/#website","url":"https:\/\/www.eltex.de\/fr\/","name":"Eltex Elektrostatik GmbH","description":"Die Eltex Elektrostatik GmbH als moderner Partner der Industrie zur Steigerung von Produktivit\u00e4t, Effizienz und Ertragskraft in vielen Branchen.","potentialAction":[{"@type":"SearchAction","target":{"@type":"EntryPoint","urlTemplate":"https:\/\/www.eltex.de\/fr\/?s={search_term_string}"},"query-input":{"@type":"PropertyValueSpecification","valueRequired":true,"valueName":"search_term_string"}}],"inLanguage":"fr-FR"}]}},"_links":{"self":[{"href":"https:\/\/www.eltex.de\/fr\/wp-json\/wp\/v2\/pages\/11420","targetHints":{"allow":["GET"]}}],"collection":[{"href":"https:\/\/www.eltex.de\/fr\/wp-json\/wp\/v2\/pages"}],"about":[{"href":"https:\/\/www.eltex.de\/fr\/wp-json\/wp\/v2\/types\/page"}],"author":[{"embeddable":true,"href":"https:\/\/www.eltex.de\/fr\/wp-json\/wp\/v2\/users\/25"}],"replies":[{"embeddable":true,"href":"https:\/\/www.eltex.de\/fr\/wp-json\/wp\/v2\/comments?post=11420"}],"version-history":[{"count":10,"href":"https:\/\/www.eltex.de\/fr\/wp-json\/wp\/v2\/pages\/11420\/revisions"}],"predecessor-version":[{"id":14061,"href":"https:\/\/www.eltex.de\/fr\/wp-json\/wp\/v2\/pages\/11420\/revisions\/14061"}],"up":[{"embeddable":true,"href":"https:\/\/www.eltex.de\/fr\/wp-json\/wp\/v2\/pages\/11466"}],"wp:attachment":[{"href":"https:\/\/www.eltex.de\/fr\/wp-json\/wp\/v2\/media?parent=11420"}],"wp:term":[{"taxonomy":"seitenfilter","embeddable":true,"href":"https:\/\/www.eltex.de\/fr\/wp-json\/wp\/v2\/seitenfilter?post=11420"}],"curies":[{"name":"wp","href":"https:\/\/api.w.org\/{rel}","templated":true}]}}