{"id":12629,"date":"2023-03-20T11:43:52","date_gmt":"2023-03-20T10:43:52","guid":{"rendered":"https:\/\/www.eltex.de\/anwendung-32-060-02-fr-dechargement-sur-un-derouleur-dun-film-imprime-en-heliogravure\/"},"modified":"2025-01-29T13:02:34","modified_gmt":"2025-01-29T12:02:34","slug":"anwendung-32-060-02-fr-dechargement-sur-un-derouleur-dun-film-imprime-en-heliogravure","status":"publish","type":"page","link":"https:\/\/www.eltex.de\/fr\/anwendung-32-060-02-fr-dechargement-sur-un-derouleur-dun-film-imprime-en-heliogravure\/","title":{"rendered":"Anwendung 32 060 02 FR: D\u00e9chargement sur un d\u00e9rouleur d&rsquo;un film imprim\u00e9 en h\u00e9liogravure"},"content":{"rendered":"","protected":false},"excerpt":{"rendered":"","protected":false},"author":25,"featured_media":0,"parent":0,"menu_order":0,"comment_status":"closed","ping_status":"closed","template":"tpl-neu-anwendungsseite.php","meta":{"_acf_changed":false,"footnotes":""},"seitenfilter":[907,901,903,927],"class_list":["post-12629","page","type-page","status-publish","hentry","seitenfilter-decharge","seitenfilter-augmenter-la-productivite","seitenfilter-proteger-les-personnes","seitenfilter-imprimerie"],"acf":[],"yoast_head":"<!-- This site is optimized with the Yoast SEO plugin v27.3 - https:\/\/yoast.com\/product\/yoast-seo-wordpress\/ -->\n<title>Anwendung 32 060 02 FR: D\u00e9chargement sur un d\u00e9rouleur d&#039;un film imprim\u00e9 en h\u00e9liogravure | Eltex Elektrostatik GmbH<\/title>\n<meta name=\"robots\" content=\"index, follow, max-snippet:-1, max-image-preview:large, max-video-preview:-1\" \/>\n<link rel=\"canonical\" href=\"https:\/\/www.eltex.de\/fr\/anwendung-32-060-02-fr-dechargement-sur-un-derouleur-dun-film-imprime-en-heliogravure\/\" \/>\n<meta property=\"og:locale\" content=\"fr_FR\" \/>\n<meta property=\"og:type\" content=\"article\" \/>\n<meta property=\"og:title\" content=\"Anwendung 32 060 02 FR: D\u00e9chargement sur un d\u00e9rouleur d&#039;un film imprim\u00e9 en h\u00e9liogravure | Eltex Elektrostatik GmbH\" \/>\n<meta property=\"og:url\" content=\"https:\/\/www.eltex.de\/fr\/anwendung-32-060-02-fr-dechargement-sur-un-derouleur-dun-film-imprime-en-heliogravure\/\" \/>\n<meta property=\"og:site_name\" content=\"Eltex Elektrostatik GmbH\" \/>\n<meta property=\"article:modified_time\" content=\"2025-01-29T12:02:34+00:00\" \/>\n<meta name=\"twitter:card\" content=\"summary_large_image\" \/>\n<meta name=\"twitter:label1\" content=\"Dur\u00e9e de lecture estim\u00e9e\" \/>\n\t<meta name=\"twitter:data1\" content=\"2 minutes\" \/>\n<script type=\"application\/ld+json\" class=\"yoast-schema-graph\">{\"@context\":\"https:\\\/\\\/schema.org\",\"@graph\":[{\"@type\":\"WebPage\",\"@id\":\"https:\\\/\\\/www.eltex.de\\\/fr\\\/anwendung-32-060-02-fr-dechargement-sur-un-derouleur-dun-film-imprime-en-heliogravure\\\/\",\"url\":\"https:\\\/\\\/www.eltex.de\\\/fr\\\/anwendung-32-060-02-fr-dechargement-sur-un-derouleur-dun-film-imprime-en-heliogravure\\\/\",\"name\":\"Anwendung 32 060 02 FR: D\u00e9chargement sur un d\u00e9rouleur d'un film imprim\u00e9 en h\u00e9liogravure | Eltex Elektrostatik GmbH\",\"isPartOf\":{\"@id\":\"https:\\\/\\\/www.eltex.de\\\/fr\\\/#website\"},\"datePublished\":\"2023-03-20T10:43:52+00:00\",\"dateModified\":\"2025-01-29T12:02:34+00:00\",\"breadcrumb\":{\"@id\":\"https:\\\/\\\/www.eltex.de\\\/fr\\\/anwendung-32-060-02-fr-dechargement-sur-un-derouleur-dun-film-imprime-en-heliogravure\\\/#breadcrumb\"},\"inLanguage\":\"fr-FR\",\"potentialAction\":[{\"@type\":\"ReadAction\",\"target\":[\"https:\\\/\\\/www.eltex.de\\\/fr\\\/anwendung-32-060-02-fr-dechargement-sur-un-derouleur-dun-film-imprime-en-heliogravure\\\/\"]}]},{\"@type\":\"BreadcrumbList\",\"@id\":\"https:\\\/\\\/www.eltex.de\\\/fr\\\/anwendung-32-060-02-fr-dechargement-sur-un-derouleur-dun-film-imprime-en-heliogravure\\\/#breadcrumb\",\"itemListElement\":[{\"@type\":\"ListItem\",\"position\":1,\"name\":\"Eltex\",\"item\":\"https:\\\/\\\/www.eltex.de\\\/fr\\\/\"},{\"@type\":\"ListItem\",\"position\":2,\"name\":\"Anwendung 32 060 02 FR: D\u00e9chargement sur un d\u00e9rouleur d&#8217;un film imprim\u00e9 en h\u00e9liogravure\"}]},{\"@type\":\"WebSite\",\"@id\":\"https:\\\/\\\/www.eltex.de\\\/fr\\\/#website\",\"url\":\"https:\\\/\\\/www.eltex.de\\\/fr\\\/\",\"name\":\"Eltex Elektrostatik GmbH\",\"description\":\"Die Eltex Elektrostatik GmbH als moderner Partner der Industrie zur Steigerung von Produktivit\u00e4t, Effizienz und Ertragskraft in vielen Branchen.\",\"potentialAction\":[{\"@type\":\"SearchAction\",\"target\":{\"@type\":\"EntryPoint\",\"urlTemplate\":\"https:\\\/\\\/www.eltex.de\\\/fr\\\/?s={search_term_string}\"},\"query-input\":{\"@type\":\"PropertyValueSpecification\",\"valueRequired\":true,\"valueName\":\"search_term_string\"}}],\"inLanguage\":\"fr-FR\"}]}<\/script>\n<!-- \/ Yoast SEO plugin. -->","yoast_head_json":{"title":"Anwendung 32 060 02 FR: D\u00e9chargement sur un d\u00e9rouleur d'un film imprim\u00e9 en h\u00e9liogravure | Eltex Elektrostatik GmbH","robots":{"index":"index","follow":"follow","max-snippet":"max-snippet:-1","max-image-preview":"max-image-preview:large","max-video-preview":"max-video-preview:-1"},"canonical":"https:\/\/www.eltex.de\/fr\/anwendung-32-060-02-fr-dechargement-sur-un-derouleur-dun-film-imprime-en-heliogravure\/","og_locale":"fr_FR","og_type":"article","og_title":"Anwendung 32 060 02 FR: D\u00e9chargement sur un d\u00e9rouleur d'un film imprim\u00e9 en h\u00e9liogravure | Eltex Elektrostatik GmbH","og_url":"https:\/\/www.eltex.de\/fr\/anwendung-32-060-02-fr-dechargement-sur-un-derouleur-dun-film-imprime-en-heliogravure\/","og_site_name":"Eltex Elektrostatik GmbH","article_modified_time":"2025-01-29T12:02:34+00:00","twitter_card":"summary_large_image","twitter_misc":{"Dur\u00e9e de lecture estim\u00e9e":"2 minutes"},"schema":{"@context":"https:\/\/schema.org","@graph":[{"@type":"WebPage","@id":"https:\/\/www.eltex.de\/fr\/anwendung-32-060-02-fr-dechargement-sur-un-derouleur-dun-film-imprime-en-heliogravure\/","url":"https:\/\/www.eltex.de\/fr\/anwendung-32-060-02-fr-dechargement-sur-un-derouleur-dun-film-imprime-en-heliogravure\/","name":"Anwendung 32 060 02 FR: D\u00e9chargement sur un d\u00e9rouleur d'un film imprim\u00e9 en h\u00e9liogravure | Eltex Elektrostatik GmbH","isPartOf":{"@id":"https:\/\/www.eltex.de\/fr\/#website"},"datePublished":"2023-03-20T10:43:52+00:00","dateModified":"2025-01-29T12:02:34+00:00","breadcrumb":{"@id":"https:\/\/www.eltex.de\/fr\/anwendung-32-060-02-fr-dechargement-sur-un-derouleur-dun-film-imprime-en-heliogravure\/#breadcrumb"},"inLanguage":"fr-FR","potentialAction":[{"@type":"ReadAction","target":["https:\/\/www.eltex.de\/fr\/anwendung-32-060-02-fr-dechargement-sur-un-derouleur-dun-film-imprime-en-heliogravure\/"]}]},{"@type":"BreadcrumbList","@id":"https:\/\/www.eltex.de\/fr\/anwendung-32-060-02-fr-dechargement-sur-un-derouleur-dun-film-imprime-en-heliogravure\/#breadcrumb","itemListElement":[{"@type":"ListItem","position":1,"name":"Eltex","item":"https:\/\/www.eltex.de\/fr\/"},{"@type":"ListItem","position":2,"name":"Anwendung 32 060 02 FR: D\u00e9chargement sur un d\u00e9rouleur d&#8217;un film imprim\u00e9 en h\u00e9liogravure"}]},{"@type":"WebSite","@id":"https:\/\/www.eltex.de\/fr\/#website","url":"https:\/\/www.eltex.de\/fr\/","name":"Eltex Elektrostatik GmbH","description":"Die Eltex Elektrostatik GmbH als moderner Partner der Industrie zur Steigerung von Produktivit\u00e4t, Effizienz und Ertragskraft in vielen Branchen.","potentialAction":[{"@type":"SearchAction","target":{"@type":"EntryPoint","urlTemplate":"https:\/\/www.eltex.de\/fr\/?s={search_term_string}"},"query-input":{"@type":"PropertyValueSpecification","valueRequired":true,"valueName":"search_term_string"}}],"inLanguage":"fr-FR"}]}},"_links":{"self":[{"href":"https:\/\/www.eltex.de\/fr\/wp-json\/wp\/v2\/pages\/12629","targetHints":{"allow":["GET"]}}],"collection":[{"href":"https:\/\/www.eltex.de\/fr\/wp-json\/wp\/v2\/pages"}],"about":[{"href":"https:\/\/www.eltex.de\/fr\/wp-json\/wp\/v2\/types\/page"}],"author":[{"embeddable":true,"href":"https:\/\/www.eltex.de\/fr\/wp-json\/wp\/v2\/users\/25"}],"replies":[{"embeddable":true,"href":"https:\/\/www.eltex.de\/fr\/wp-json\/wp\/v2\/comments?post=12629"}],"version-history":[{"count":1,"href":"https:\/\/www.eltex.de\/fr\/wp-json\/wp\/v2\/pages\/12629\/revisions"}],"predecessor-version":[{"id":14023,"href":"https:\/\/www.eltex.de\/fr\/wp-json\/wp\/v2\/pages\/12629\/revisions\/14023"}],"wp:attachment":[{"href":"https:\/\/www.eltex.de\/fr\/wp-json\/wp\/v2\/media?parent=12629"}],"wp:term":[{"taxonomy":"seitenfilter","embeddable":true,"href":"https:\/\/www.eltex.de\/fr\/wp-json\/wp\/v2\/seitenfilter?post=12629"}],"curies":[{"name":"wp","href":"https:\/\/api.w.org\/{rel}","templated":true}]}}