{"id":3801,"date":"2017-07-12T16:08:37","date_gmt":"2017-07-12T14:08:37","guid":{"rendered":"https:\/\/eltex.de\/eltex\/das-unternehmen\/"},"modified":"2018-07-19T10:32:16","modified_gmt":"2018-07-19T08:32:16","slug":"l-entreprise","status":"publish","type":"page","link":"https:\/\/www.eltex.de\/fr\/eltex\/l-entreprise\/","title":{"rendered":"L&rsquo;entreprise"},"content":{"rendered":"","protected":false},"excerpt":{"rendered":"","protected":false},"author":3,"featured_media":0,"parent":3800,"menu_order":0,"comment_status":"closed","ping_status":"closed","template":"tpl-redaktionelle-seite.php","meta":{"_acf_changed":false,"footnotes":""},"seitenfilter":[],"class_list":["post-3801","page","type-page","status-publish","hentry"],"acf":[],"yoast_head":"<!-- This site is optimized with the Yoast SEO plugin v27.3 - https:\/\/yoast.com\/product\/yoast-seo-wordpress\/ -->\n<title>Elektrostatik \u2013 L\u00f6sungen von Eltex<\/title>\n<meta name=\"description\" content=\"Elektrostatik ist ein wichtiger Aspekt moderner Produktion. Wir von Eltex entwickeln seit 1953 L\u00f6sungen, um sie gezielt einzusetzen. Als Partner der Industrie tragen wir branchen\u00fcbergreifend dazu bei, die Produktivit\u00e4t, Effizienz und Ertragskraft zu steigern.\" \/>\n<meta name=\"robots\" content=\"index, follow, max-snippet:-1, max-image-preview:large, max-video-preview:-1\" \/>\n<link rel=\"canonical\" href=\"https:\/\/www.eltex.de\/fr\/eltex\/l-entreprise\/\" \/>\n<meta property=\"og:locale\" content=\"fr_FR\" \/>\n<meta property=\"og:type\" content=\"article\" \/>\n<meta property=\"og:title\" content=\"Elektrostatik \u2013 L\u00f6sungen von Eltex\" \/>\n<meta property=\"og:description\" content=\"Elektrostatik ist ein wichtiger Aspekt moderner Produktion. Wir von Eltex entwickeln seit 1953 L\u00f6sungen, um sie gezielt einzusetzen. Als Partner der Industrie tragen wir branchen\u00fcbergreifend dazu bei, die Produktivit\u00e4t, Effizienz und Ertragskraft zu steigern.\" \/>\n<meta property=\"og:url\" content=\"https:\/\/www.eltex.de\/fr\/eltex\/l-entreprise\/\" \/>\n<meta property=\"og:site_name\" content=\"Eltex Elektrostatik GmbH\" \/>\n<meta property=\"article:modified_time\" content=\"2018-07-19T08:32:16+00:00\" \/>\n<meta name=\"twitter:card\" content=\"summary_large_image\" \/>\n<script type=\"application\/ld+json\" class=\"yoast-schema-graph\">{\"@context\":\"https:\\\/\\\/schema.org\",\"@graph\":[{\"@type\":\"WebPage\",\"@id\":\"https:\\\/\\\/www.eltex.de\\\/fr\\\/eltex\\\/l-entreprise\\\/\",\"url\":\"https:\\\/\\\/www.eltex.de\\\/fr\\\/eltex\\\/l-entreprise\\\/\",\"name\":\"Elektrostatik \u2013 L\u00f6sungen von Eltex\",\"isPartOf\":{\"@id\":\"https:\\\/\\\/www.eltex.de\\\/fr\\\/#website\"},\"datePublished\":\"2017-07-12T14:08:37+00:00\",\"dateModified\":\"2018-07-19T08:32:16+00:00\",\"description\":\"Elektrostatik ist ein wichtiger Aspekt moderner Produktion. Wir von Eltex entwickeln seit 1953 L\u00f6sungen, um sie gezielt einzusetzen. Als Partner der Industrie tragen wir branchen\u00fcbergreifend dazu bei, die Produktivit\u00e4t, Effizienz und Ertragskraft zu steigern.\",\"breadcrumb\":{\"@id\":\"https:\\\/\\\/www.eltex.de\\\/fr\\\/eltex\\\/l-entreprise\\\/#breadcrumb\"},\"inLanguage\":\"fr-FR\",\"potentialAction\":[{\"@type\":\"ReadAction\",\"target\":[\"https:\\\/\\\/www.eltex.de\\\/fr\\\/eltex\\\/l-entreprise\\\/\"]}]},{\"@type\":\"BreadcrumbList\",\"@id\":\"https:\\\/\\\/www.eltex.de\\\/fr\\\/eltex\\\/l-entreprise\\\/#breadcrumb\",\"itemListElement\":[{\"@type\":\"ListItem\",\"position\":1,\"name\":\"Eltex\",\"item\":\"https:\\\/\\\/www.eltex.de\\\/fr\\\/\"},{\"@type\":\"ListItem\",\"position\":2,\"name\":\"Eltex\",\"item\":\"https:\\\/\\\/www.eltex.de\\\/fr\\\/eltex\\\/\"},{\"@type\":\"ListItem\",\"position\":3,\"name\":\"L&rsquo;entreprise\"}]},{\"@type\":\"WebSite\",\"@id\":\"https:\\\/\\\/www.eltex.de\\\/fr\\\/#website\",\"url\":\"https:\\\/\\\/www.eltex.de\\\/fr\\\/\",\"name\":\"Eltex Elektrostatik GmbH\",\"description\":\"Die Eltex Elektrostatik GmbH als moderner Partner der Industrie zur Steigerung von Produktivit\u00e4t, Effizienz und Ertragskraft in vielen Branchen.\",\"potentialAction\":[{\"@type\":\"SearchAction\",\"target\":{\"@type\":\"EntryPoint\",\"urlTemplate\":\"https:\\\/\\\/www.eltex.de\\\/fr\\\/?s={search_term_string}\"},\"query-input\":{\"@type\":\"PropertyValueSpecification\",\"valueRequired\":true,\"valueName\":\"search_term_string\"}}],\"inLanguage\":\"fr-FR\"}]}<\/script>\n<!-- \/ Yoast SEO plugin. -->","yoast_head_json":{"title":"Elektrostatik \u2013 L\u00f6sungen von Eltex","description":"Elektrostatik ist ein wichtiger Aspekt moderner Produktion. Wir von Eltex entwickeln seit 1953 L\u00f6sungen, um sie gezielt einzusetzen. Als Partner der Industrie tragen wir branchen\u00fcbergreifend dazu bei, die Produktivit\u00e4t, Effizienz und Ertragskraft zu steigern.","robots":{"index":"index","follow":"follow","max-snippet":"max-snippet:-1","max-image-preview":"max-image-preview:large","max-video-preview":"max-video-preview:-1"},"canonical":"https:\/\/www.eltex.de\/fr\/eltex\/l-entreprise\/","og_locale":"fr_FR","og_type":"article","og_title":"Elektrostatik \u2013 L\u00f6sungen von Eltex","og_description":"Elektrostatik ist ein wichtiger Aspekt moderner Produktion. Wir von Eltex entwickeln seit 1953 L\u00f6sungen, um sie gezielt einzusetzen. Als Partner der Industrie tragen wir branchen\u00fcbergreifend dazu bei, die Produktivit\u00e4t, Effizienz und Ertragskraft zu steigern.","og_url":"https:\/\/www.eltex.de\/fr\/eltex\/l-entreprise\/","og_site_name":"Eltex Elektrostatik GmbH","article_modified_time":"2018-07-19T08:32:16+00:00","twitter_card":"summary_large_image","schema":{"@context":"https:\/\/schema.org","@graph":[{"@type":"WebPage","@id":"https:\/\/www.eltex.de\/fr\/eltex\/l-entreprise\/","url":"https:\/\/www.eltex.de\/fr\/eltex\/l-entreprise\/","name":"Elektrostatik \u2013 L\u00f6sungen von Eltex","isPartOf":{"@id":"https:\/\/www.eltex.de\/fr\/#website"},"datePublished":"2017-07-12T14:08:37+00:00","dateModified":"2018-07-19T08:32:16+00:00","description":"Elektrostatik ist ein wichtiger Aspekt moderner Produktion. Wir von Eltex entwickeln seit 1953 L\u00f6sungen, um sie gezielt einzusetzen. Als Partner der Industrie tragen wir branchen\u00fcbergreifend dazu bei, die Produktivit\u00e4t, Effizienz und Ertragskraft zu steigern.","breadcrumb":{"@id":"https:\/\/www.eltex.de\/fr\/eltex\/l-entreprise\/#breadcrumb"},"inLanguage":"fr-FR","potentialAction":[{"@type":"ReadAction","target":["https:\/\/www.eltex.de\/fr\/eltex\/l-entreprise\/"]}]},{"@type":"BreadcrumbList","@id":"https:\/\/www.eltex.de\/fr\/eltex\/l-entreprise\/#breadcrumb","itemListElement":[{"@type":"ListItem","position":1,"name":"Eltex","item":"https:\/\/www.eltex.de\/fr\/"},{"@type":"ListItem","position":2,"name":"Eltex","item":"https:\/\/www.eltex.de\/fr\/eltex\/"},{"@type":"ListItem","position":3,"name":"L&rsquo;entreprise"}]},{"@type":"WebSite","@id":"https:\/\/www.eltex.de\/fr\/#website","url":"https:\/\/www.eltex.de\/fr\/","name":"Eltex Elektrostatik GmbH","description":"Die Eltex Elektrostatik GmbH als moderner Partner der Industrie zur Steigerung von Produktivit\u00e4t, Effizienz und Ertragskraft in vielen Branchen.","potentialAction":[{"@type":"SearchAction","target":{"@type":"EntryPoint","urlTemplate":"https:\/\/www.eltex.de\/fr\/?s={search_term_string}"},"query-input":{"@type":"PropertyValueSpecification","valueRequired":true,"valueName":"search_term_string"}}],"inLanguage":"fr-FR"}]}},"_links":{"self":[{"href":"https:\/\/www.eltex.de\/fr\/wp-json\/wp\/v2\/pages\/3801","targetHints":{"allow":["GET"]}}],"collection":[{"href":"https:\/\/www.eltex.de\/fr\/wp-json\/wp\/v2\/pages"}],"about":[{"href":"https:\/\/www.eltex.de\/fr\/wp-json\/wp\/v2\/types\/page"}],"author":[{"embeddable":true,"href":"https:\/\/www.eltex.de\/fr\/wp-json\/wp\/v2\/users\/3"}],"replies":[{"embeddable":true,"href":"https:\/\/www.eltex.de\/fr\/wp-json\/wp\/v2\/comments?post=3801"}],"version-history":[{"count":0,"href":"https:\/\/www.eltex.de\/fr\/wp-json\/wp\/v2\/pages\/3801\/revisions"}],"up":[{"embeddable":true,"href":"https:\/\/www.eltex.de\/fr\/wp-json\/wp\/v2\/pages\/3800"}],"wp:attachment":[{"href":"https:\/\/www.eltex.de\/fr\/wp-json\/wp\/v2\/media?parent=3801"}],"wp:term":[{"taxonomy":"seitenfilter","embeddable":true,"href":"https:\/\/www.eltex.de\/fr\/wp-json\/wp\/v2\/seitenfilter?post=3801"}],"curies":[{"name":"wp","href":"https:\/\/api.w.org\/{rel}","templated":true}]}}