{"id":8372,"date":"2021-10-06T10:51:09","date_gmt":"2021-10-06T08:51:09","guid":{"rendered":"https:\/\/www.eltex.de\/?page_id=8372"},"modified":"2025-12-02T10:22:12","modified_gmt":"2025-12-02T09:22:12","slug":"lp-garantie-fr","status":"publish","type":"page","link":"https:\/\/www.eltex.de\/fr\/lp-garantie-fr\/","title":{"rendered":"Landingpage Garantie"},"content":{"rendered":"<style>\n    h1 {<br \/>        font-weight: 500;<br \/>        hyphens: none;<br \/>        margin: 1rem 0;<br \/>    }<br \/>    h3 {<br \/>        position: relative;<br \/>        font-weight: bold;<br \/>        line-height: 1.2;<br \/>        margin: 1rem 0;<br \/>        hyphens: none;<br \/>    }<br \/>    .bullet::before {<br \/>        background-image: url(\/wp-content\/uploads\/Pfeil_hell-1.png);<br \/>        position: absolute;<br \/>        left: -3.5rem;<br \/>        top: -0.3rem;<br \/>        filter: drop-shadow(-5px 5px 5px rgba(0,0,0,0.33));<br \/>        content: \"\";<br \/>        width: 2.5rem;<br \/>        height: 2.5rem;<br \/>        background-size: 2.5rem;<br \/>    }<br \/>    .grey-bg {<br \/>        background-color: #DCDDDE;<br \/>    }<br \/>    .black-bg {<br \/>        background-color: black;<br \/>    }<br \/>    .blue-bg {<br \/>        background-color: #002C4B;<br \/>    }<br \/>    .container {<br \/>        padding: 3rem 1rem;<br \/>    }<br \/>    .container > .row {<br \/>        max-width: 60rem;<br \/>    }<br \/>    .container > .fullwidth-row {<br \/>        max-width: unset;<br \/>        margin-right: auto;<br \/>        margin-left: auto;<br \/>        display: -webkit-box;<br \/>        display: flex;<br \/>        -webkit-box-orient: horizontal;<br \/>        -webkit-box-direction: normal;<br \/>        flex-flow: row wrap;<br \/>        transition: all 100ms;<br \/>    }<br \/>    .container li {<br \/>        font-weight: bold;<br \/>        color: #007DC5;<br \/>        list-style: none;<br \/>    }<br \/>    .container li::before{<br \/>        content: \">\";<br \/>        padding-right: 3px;<br \/>    }<br \/><\/style>\n<div class=\"container white-bg\">\n<div class=\"row columns\" style=\"flex-flow: column;\">\n<h1>Notre nouvelle promesse de qualit\u00e9 \u2013 Eltex prolonge sa garantie \u00e0 quatre ans<\/h1>\n<p><img decoding=\"async\" src=\"\/wp-content\/uploads\/LP_Garantieverlaengerung-Grafik.jpg\" alt=\"\" \/><\/p>\n<p>Les solutions \u00e9lectrostatiques de la marque Eltex sont synonymes de \u00ab qualit\u00e9 made in Germany \u00bb. Gr\u00e2ce \u00e0 notre recherche, d\u00e9veloppement et production, nous veillons depuis 1953 \u00e0 prot\u00e9ger aussi bien les humains que les installations de production. Cette promesse de garantie, nous la prolongeons d\u00e8s maintenant de trois ans. Ainsi, notre p\u00e9riode de garantie passe d\u2019un an \u00e0 quatre ans \u2013 et ce sans aucun frais !<\/p>\n<p><strong>Notre offre s\u2019applique aux appareils d\u2019alimentation telles que nos blocs d\u2019alimentation et g\u00e9n\u00e9rateurs de haute tension qui sont mis en \u0153uvre dans les applications de d\u00e9charge, de charge et de mise \u00e0 la terre :<\/strong><\/p>\n<ul>\n<li>Eltex POWER IONIZER, ES5x et ES24<\/li>\n<li>Eltex POWER CHARGER<\/li>\n<li>Eltex TERRALIGHT<\/li>\n<\/ul>\n<p>&nbsp;<\/p>\n<p>Si nous avons pris cette d\u00e9cision, c\u2019est parce qu\u2019Eltex dispose d\u2019un savoir-faire solide en mati\u00e8re d\u2019\u00e9lectricit\u00e9 statique.<\/p>\n<\/div>\n<\/div>\n<div class=\"container blue-bg\">\n<div class=\"row columns\">\n<h3 class=\"bullet\" style=\"color: white;\">D\u00e8s aujourd\u2019hui, prolongez gratuitement votre garantie<\/h3>\n<\/div>\n<\/div>\n<div class=\"container grey-bg\">\n<div class=\"row columns\">\n<p>B\u00e9n\u00e9ficiez de notre garantie quatre ans sur les appareils d\u2019alimentation. Il vous suffit pour cela d\u2019indiquer votre num\u00e9ro de facture et de s\u00e9rie dans le formulaire de contact. Nos CGV demeurent inchang\u00e9es.<\/p>\n<\/div>\n<div class=\"row columns\">\n<form accept-charset=\"utf-8\" action=\"https:\/\/www.eltex.de\/lp-garantie.php\" method=\"POST\"><input style=\"display: none;\" name=\"lang\" type=\"text\" value=\"FR\" \/><\/p>\n<div class=\"row\">\n<div class=\"columns small-6 large-4\"><label for=\"reg_name\">Nom<\/label><input id=\"reg_name\" name=\"reg_name\" required=\"\" type=\"text\" \/><\/div>\n<div class=\"columns small-6 large-4\"><label for=\"reg_anrede\">Civilit\u00e9<\/label><input id=\"reg_anrede\" name=\"reg_anrede\" type=\"text\" \/><\/div>\n<div class=\"columns small-6 large-4\"><label for=\"reg_firma\">Soci\u00e9t\u00e9<\/label><input id=\"reg_firma\" name=\"reg_firma\" required=\"\" type=\"text\" \/><\/div>\n<div class=\"columns small-6 large-4\"><label for=\"reg_adresse\">Adresse<\/label><input id=\"reg_adresse\" name=\"reg_adresse\" required=\"\" type=\"text\" \/><\/div>\n<div class=\"columns small-6 large-4\"><label for=\"reg_plz\">Code postal<\/label><input id=\"reg_plz\" name=\"reg_plz\" required=\"\" type=\"text\" \/><\/div>\n<div class=\"columns small-6 large-4\"><label for=\"reg_stadt\">Ville<\/label><input id=\"reg_stadt\" name=\"reg_stadt\" required=\"\" type=\"text\" \/><\/div>\n<div class=\"columns small-6 large-4\"><label for=\"reg_land\">Pays<\/label><select id=\"reg_land\" name=\"reg_land\" required=\"\"><option style=\"display: none;\" disabled=\"disabled\" selected=\"selected\">&#8212;<\/option><option value=\"Afghanistan\">Afghanistan<\/option><option value=\"Afrique Centrale\">Afrique Centrale<\/option><option value=\"Afrique du sud\">Afrique du Sud<\/option><option value=\"Albanie\">Albanie<\/option><option value=\"Algerie\">Algerie<\/option><option value=\"Allemagne\">Allemagne<\/option><option value=\"Andorre\">Andorre<\/option><option value=\"Angola\">Angola<\/option><option value=\"Anguilla\">Anguilla<\/option><option value=\"Arabie Saoudite\">Arabie Saoudite<\/option><option value=\"Argentine\">Argentine<\/option><option value=\"Armenie\">Armenie<\/option><option value=\"Australie\">Australie<\/option><option value=\"Autriche\">Autriche<\/option><option value=\"Azerbaidjan\">Azerbaidjan<\/option><option value=\"Bahamas\">Bahamas<\/option><option value=\"Bangladesh\">Bangladesh<\/option><option value=\"Barbade\">Barbade<\/option><option value=\"Bahrein\">Bahrein<\/option><option value=\"Belgique\">Belgique<\/option><option value=\"Belize\">Belize<\/option><option value=\"Benin\">Benin<\/option><option value=\"Bermudes\">Bermudes<\/option><option value=\"Bielorussie\">Bielorussie<\/option><option value=\"Bolivie\">Bolivie<\/option><option value=\"Botswana\">Botswana<\/option><option value=\"Bhoutan\">Bhoutan<\/option><option value=\"Boznie Herzegovine\">Boznie Herzegovine<\/option><option value=\"Bresil\">Bresil<\/option><option value=\"Brunei\">Brunei<\/option><option value=\"Bulgarie\">Bulgarie<\/option><option value=\"Burkina Faso\">Burkina Faso<\/option><option value=\"Burundi\">Burundi<\/option><option value=\"Caiman\">Caiman<\/option><option value=\"Cambodge\">Cambodge<\/option><option value=\"Cameroun\">Cameroun<\/option><option value=\"Canada\">Canada<\/option><option value=\"Canaries\">Canaries<\/option><option value=\"Cap vert\">Cap Vert<\/option><option value=\"Chili\">Chili<\/option><option value=\"Chine\">Chine<\/option><option value=\"Chypre\">Chypre<\/option><option value=\"Colombie\">Colombie<\/option><option value=\"Comores\">Colombie<\/option><option value=\"Congo\">Congo<\/option><option value=\"Congo democratique\">Congo democratique<\/option><option value=\"Cook\">Cook<\/option><option value=\"Coree du Nord\">Coree du Nord<\/option><option value=\"Coree du Sud\">Coree du Sud<\/option><option value=\"Costa Rica\">Costa Rica<\/option><option value=\"Cote d Ivoire\">C\u00f4te d Ivoire<\/option><option value=\"Croatie\">Croatie<\/option><option value=\"Cuba\">Cuba<\/option><option value=\"Danemark\">Danemark<\/option><option value=\"Djibouti\">Djibouti<\/option><option value=\"Dominique\">Dominique<\/option><option value=\"Egypte\">Egypte<\/option><option value=\"Emirats Arabes Unis\">Emirats Arabes Unis<\/option><option value=\"Equateur\">Equateur<\/option><option value=\"Erythree\">Erythree<\/option><option value=\"Espagne\">Espagne<\/option><option value=\"Estonie\">Estonie<\/option><option value=\"Etats Unis\">Etats Unis<\/option><option value=\"Ethiopie\">Ethiopie<\/option><option value=\"Falkland\">Falkland<\/option><option value=\"Feroe\">Feroe<\/option><option value=\"Fidji\">Fidji<\/option><option value=\"Finlande\">Finlande<\/option><option value=\"France\">France<\/option><option value=\"Gabon\">Gabon<\/option><option value=\"Gambie\">Gambie<\/option><option value=\"Georgie\">Georgie<\/option><option value=\"Ghana\">Ghana<\/option><option value=\"Gibraltar\">Gibraltar<\/option><option value=\"Grece\">Grece<\/option><option value=\"Grenade\">Grenade<\/option><option value=\"Groenland\">Groenland<\/option><option value=\"Guadeloupe\">Guadeloupe<\/option><option value=\"Guam\">Guam<\/option><option value=\"Guatemala\">Guatemala<\/option><option value=\"Guernesey\">Guernesey<\/option><option value=\"Guinee\">Guinee<\/option><option value=\"Guinee Bissau\">Guinee Bissau<\/option><option value=\"Guinee equatoriale\">Guinee Equatoriale<\/option><option value=\"Guyana\">Guyana<\/option><option value=\"Guyane Francaise \">Guyane Francaise<\/option><option value=\"Haiti\">Haiti<\/option><option value=\"Hawaii\">Hawaii<\/option><option value=\"Honduras\">Honduras<\/option><option value=\"Hong Kong\">Hong Kong<\/option><option value=\"Hongrie\">Hongrie<\/option><option value=\"Inde\">Inde<\/option><option value=\"Indonesie\">Indonesie<\/option><option value=\"Iran\">Iran<\/option><option value=\"Iraq\">Iraq<\/option><option value=\"Irlande\">Irlande<\/option><option value=\"Islande\">Islande<\/option><option value=\"Israel\">Israel<\/option><option value=\"Italie\">italie<\/option><option value=\"Jamaique\">Jamaique<\/option><option value=\"Jan Mayen\">Jan Mayen<\/option><option value=\"Japon\">Japon<\/option><option value=\"Jersey\">Jersey<\/option><option value=\"Jordanie\">Jordanie<\/option><option value=\"Kazakhstan\">Kazakhstan<\/option><option value=\"Kenya\">Kenya<\/option><option value=\"Kirghizstan\">Kirghizistan<\/option><option value=\"Kiribati\">Kiribati<\/option><option value=\"Koweit\">Koweit<\/option><option value=\"Laos\">Laos<\/option><option value=\"Lesotho\">Lesotho<\/option><option value=\"Lettonie\">Lettonie<\/option><option value=\"Liban\">Liban<\/option><option value=\"Liberia\">Liberia<\/option><option value=\"Liechtenstein\">Liechtenstein<\/option><option value=\"Lituanie\">Lituanie<\/option><option value=\"Luxembourg\">Luxembourg<\/option><option value=\"Lybie\">Lybie<\/option><option value=\"Macao\">Macao<\/option><option value=\"Macedoine\">Macedoine<\/option><option value=\"Madagascar\">Madagascar<\/option><option value=\"Mad\u00e8re\">Mad\u00e8re<\/option><option value=\"Malaisie\">Malaisie<\/option><option value=\"Malawi\">Malawi<\/option><option value=\"Maldives\">Maldives<\/option><option value=\"Mali\">Mali<\/option><option value=\"Malte\">Malte<\/option><option value=\"Man\">Man<\/option><option value=\"Mariannes du Nord\">Mariannes du Nord<\/option><option value=\"Maroc\">Maroc<\/option><option value=\"Marshall\">Marshall<\/option><option value=\"Martinique\">Martinique<\/option><option value=\"Maurice\">Maurice<\/option><option value=\"Mauritanie\">Mauritanie<\/option><option value=\"Mayotte\">Mayotte<\/option><option value=\"Mexique\">Mexique<\/option><option value=\"Micronesie\">Micronesie<\/option><option value=\"Midway\">Midway<\/option><option value=\"Moldavie\">Moldavie<\/option><option value=\"Monaco\">Monaco<\/option><option value=\"Mongolie\">Mongolie<\/option><option value=\"Montserrat\">Montserrat<\/option><option value=\"Mozambique\">Mozambique<\/option><option value=\"Namibie\">Namibie<\/option><option value=\"Nauru\">Nauru<\/option><option value=\"Nepal\">Nepal<\/option><option value=\"Nicaragua\">Nicaragua<\/option><option value=\"Niger\">Niger<\/option><option value=\"Nigeria\">Nigeria<\/option><option value=\"Niue\">Niue<\/option><option value=\"Norfolk\">Norfolk<\/option><option value=\"Norvege\">Norvege<\/option><option value=\"Nouvelle Caledonie\">Nouvelle Caledonie<\/option><option value=\"Nouvelle Zelande\">Nouvelle Zelande<\/option><option value=\"Oman\">Oman<\/option><option value=\"Ouganda\">Ouganda<\/option><option value=\"Ouzbekistan\">Ouzbekistan<\/option><option value=\"Pakistan\">Pakistan<\/option><option value=\"Palau\">Palau<\/option><option value=\"Palestine\">Palestine<\/option><option value=\"Panama\">Panama<\/option><option value=\"Papouasie Nouvelle Guinee\">Papouasie Nouvelle Guinee<\/option><option value=\"Paraguay\">Paraguay<\/option><option value=\"Pays Bas\">Pays Bas<\/option><option value=\"Perou\">Perou<\/option><option value=\"Philippines\">Philippines<\/option><option value=\"Pologne\">Pologne<\/option><option value=\"Polynesie\">Polynesie<\/option><option value=\"Porto Rico\">Porto Rico<\/option><option value=\"Portugal\">Portugal<\/option><option value=\"Qatar\">Qatar<\/option><option value=\"Republique Dominicaine\">Republique Dominicaine<\/option><option value=\"Republique Tcheque\">Republique Tcheque<\/option><option value=\"Reunion\">Reunion<\/option><option value=\"Roumanie\">Roumanie<\/option><option value=\"Royaume Uni\">Royaume Uni<\/option><option value=\"Russie\">Russie<\/option><option value=\"Rwanda\">Rwanda<\/option><option value=\"Sahara Occidental\">Sahara Occidental<\/option><option value=\"Sainte Lucie\">Sainte Lucie<\/option><option value=\"Saint Marin\">Saint Marin<\/option><option value=\"Salomon\">Salomon<\/option><option value=\"Salvador\">Salvador<\/option><option value=\"Samoa Occidentales\">Samoa Occidentales<\/option><option value=\"Samoa Americaine\">Samoa Americaine<\/option><option value=\"Sao Tome et Principe\">Sao Tome et Principe<\/option><option value=\"Senegal\">Senegal<\/option><option value=\"Seychelles\">Seychelles<\/option><option value=\"Sierra Leone\">Sierra Leone<\/option><option value=\"Singapour\">Singapour<\/option><option value=\"Slovaquie\">Slovaquie<\/option><option value=\"Slovenie\">Slovenie<\/option><option value=\"Somalie\">Somalie<\/option><option value=\"Soudan\">Soudan<\/option><option value=\"Sri Lanka\">Sri Lanka<\/option><option value=\"Suede\">Suede<\/option><option value=\"Suisse\">Suisse<\/option><option value=\"Surinam\">Surinam<\/option><option value=\"Swaziland\">Swaziland<\/option><option value=\"Syrie\">Syrie<\/option><option value=\"Tadjikistan\">Tadjikistan<\/option><option value=\"Taiwan\">Taiwan<\/option><option value=\"Tonga\">Tonga<\/option><option value=\"Tanzanie\">Tanzanie<\/option><option value=\"Tchad\">Tchad<\/option><option value=\"Thailande\">Thailande<\/option><option value=\"Tibet\">Tibet<\/option><option value=\"Timor Oriental\">Timor Oriental<\/option><option value=\"Togo\">Togo<\/option><option value=\"Trinite et Tobago\">Trinite et Tobago<\/option><option value=\"Tristan da cunha\">Tristan de cuncha<\/option><option value=\"Tunisie\">Tunisie<\/option><option value=\"Turkmenistan\">Turmenistan<\/option><option value=\"Turquie\">Turquie<\/option><option value=\"Ukraine\">Ukraine<\/option><option value=\"Uruguay\">Uruguay<\/option><option value=\"Vanuatu\">Vanuatu<\/option><option value=\"Vatican\">Vatican<\/option><option value=\"Venezuela\">Venezuela<\/option><option value=\"Vierges Americaines\">Vierges Americaines<\/option><option value=\"Vierges Britanniques\">Vierges Britanniques<\/option><option value=\"Vietnam\">Vietnam<\/option><option value=\"Wake\">Wake<\/option><option value=\"Wallis et Futuma\">Wallis et Futuma<\/option><option value=\"Yemen\">Yemen<\/option><option value=\"Yougoslavie\">Yougoslavie<\/option><option value=\"Zambie\">Zambie<\/option><option value=\"Zimbabwe\">Zimbabwe<\/option><\/select><\/div>\n<div class=\"columns small-6 large-4\"><label for=\"reg_tel\">T\u00e9l\u00e9phone<\/label><input id=\"reg_tel\" name=\"reg_tel\" required=\"\" type=\"tel\" \/><\/div>\n<div class=\"columns small-6 large-4\"><label for=\"reg_email\">E-Mail<\/label><input id=\"reg_email\" name=\"reg_email\" required=\"\" type=\"email\" \/><\/div>\n<div class=\"columns small-6 large-4\"><label for=\"reg_rgnr\">Num\u00e9ro de facture<\/label><input id=\"reg_rgnr\" name=\"reg_rgnr\" required=\"\" type=\"text\" \/><\/div>\n<div class=\"columns small-6 large-4\"><label for=\"reg_seriennr\">Num\u00e9ro(s) de s\u00e9rie<\/label><input id=\"reg_seriennr\" title=\"Num\u00e9ros de s\u00e9rie s\u00e9par\u00e9s par des virgules\" maxlength=\"1000\" name=\"reg_seriennr\" required=\"\" type=\"text\" \/><\/div>\n<div class=\"columns small-6 large-4\"><label for=\"reg_bemerkungen\">Remarques<\/label><textarea id=\"reg_bemerkungen\" name=\"reg_bemerkungen\"><\/textarea><\/div>\n<\/div>\n<div class=\"row\">\n<div class=\"columns small-8\"><input id=\"reg_dse\" style=\"margin: unset;\" name=\"reg_dse\" required=\"\" type=\"checkbox\" \/><label style=\"display: inline;\" for=\"reg_dse\">J&rsquo;accepte votre <a href=\"https:\/\/www.eltex.de\/fr\/protection-des-donnees\/\" target=\"_blank\" rel=\"noopener\">politique de confidentialit\u00e9<\/a> et j&rsquo;autorise l&rsquo;utilisation de mes donn\u00e9es personnelles pour me contacter ou m&rsquo;envoyer des informations.<\/label><\/div>\n<div class=\"columns small-4\"><button class=\"button\" style=\"width: 100%;\" type=\"submit\">envoyer<\/button><\/div>\n<\/div>\n<\/form>\n<\/div>\n<\/div>\n","protected":false},"excerpt":{"rendered":"<p>Notre nouvelle promesse de qualit\u00e9 \u2013 Eltex prolonge sa garantie \u00e0 quatre ans Les solutions \u00e9lectrostatiques de la marque Eltex sont synonymes de \u00ab qualit\u00e9 made in Germany \u00bb. Gr\u00e2ce \u00e0 notre recherche, d\u00e9veloppement et production, nous veillons depuis 1953 \u00e0 prot\u00e9ger aussi bien les humains que les installations de production. Cette promesse de garantie, [&hellip;]<\/p>\n","protected":false},"author":22,"featured_media":0,"parent":0,"menu_order":8,"comment_status":"closed","ping_status":"closed","template":"tpl-landingpage-full.php","meta":{"_acf_changed":false,"footnotes":""},"seitenfilter":[],"class_list":["post-8372","page","type-page","status-publish","hentry"],"acf":[],"yoast_head":"<!-- This site is optimized with the Yoast SEO plugin v27.3 - https:\/\/yoast.com\/product\/yoast-seo-wordpress\/ -->\n<title>Landingpage Garantie | Eltex Elektrostatik GmbH<\/title>\n<meta name=\"robots\" content=\"index, follow, max-snippet:-1, max-image-preview:large, max-video-preview:-1\" \/>\n<link rel=\"canonical\" href=\"https:\/\/www.eltex.de\/fr\/lp-garantie-fr\/\" \/>\n<meta property=\"og:locale\" content=\"fr_FR\" \/>\n<meta property=\"og:type\" content=\"article\" \/>\n<meta property=\"og:title\" content=\"Landingpage Garantie | Eltex Elektrostatik GmbH\" \/>\n<meta property=\"og:description\" content=\"Notre nouvelle promesse de qualit\u00e9 \u2013 Eltex prolonge sa garantie \u00e0 quatre ans Les solutions \u00e9lectrostatiques de la marque Eltex sont synonymes de \u00ab qualit\u00e9 made in Germany \u00bb. Gr\u00e2ce \u00e0 notre recherche, d\u00e9veloppement et production, nous veillons depuis 1953 \u00e0 prot\u00e9ger aussi bien les humains que les installations de production. Cette promesse de garantie, [&hellip;]\" \/>\n<meta property=\"og:url\" content=\"https:\/\/www.eltex.de\/fr\/lp-garantie-fr\/\" \/>\n<meta property=\"og:site_name\" content=\"Eltex Elektrostatik GmbH\" \/>\n<meta property=\"article:modified_time\" content=\"2025-12-02T09:22:12+00:00\" \/>\n<meta name=\"twitter:card\" content=\"summary_large_image\" \/>\n<meta name=\"twitter:label1\" content=\"Dur\u00e9e de lecture estim\u00e9e\" \/>\n\t<meta name=\"twitter:data1\" content=\"7 minutes\" \/>\n<script type=\"application\/ld+json\" class=\"yoast-schema-graph\">{\"@context\":\"https:\\\/\\\/schema.org\",\"@graph\":[{\"@type\":\"WebPage\",\"@id\":\"https:\\\/\\\/www.eltex.de\\\/fr\\\/lp-garantie-fr\\\/\",\"url\":\"https:\\\/\\\/www.eltex.de\\\/fr\\\/lp-garantie-fr\\\/\",\"name\":\"Landingpage Garantie | Eltex Elektrostatik GmbH\",\"isPartOf\":{\"@id\":\"https:\\\/\\\/www.eltex.de\\\/fr\\\/#website\"},\"datePublished\":\"2021-10-06T08:51:09+00:00\",\"dateModified\":\"2025-12-02T09:22:12+00:00\",\"breadcrumb\":{\"@id\":\"https:\\\/\\\/www.eltex.de\\\/fr\\\/lp-garantie-fr\\\/#breadcrumb\"},\"inLanguage\":\"fr-FR\",\"potentialAction\":[{\"@type\":\"ReadAction\",\"target\":[\"https:\\\/\\\/www.eltex.de\\\/fr\\\/lp-garantie-fr\\\/\"]}]},{\"@type\":\"BreadcrumbList\",\"@id\":\"https:\\\/\\\/www.eltex.de\\\/fr\\\/lp-garantie-fr\\\/#breadcrumb\",\"itemListElement\":[{\"@type\":\"ListItem\",\"position\":1,\"name\":\"Eltex\",\"item\":\"https:\\\/\\\/www.eltex.de\\\/fr\\\/\"},{\"@type\":\"ListItem\",\"position\":2,\"name\":\"Landingpage Garantie\"}]},{\"@type\":\"WebSite\",\"@id\":\"https:\\\/\\\/www.eltex.de\\\/fr\\\/#website\",\"url\":\"https:\\\/\\\/www.eltex.de\\\/fr\\\/\",\"name\":\"Eltex Elektrostatik GmbH\",\"description\":\"Die Eltex Elektrostatik GmbH als moderner Partner der Industrie zur Steigerung von Produktivit\u00e4t, Effizienz und Ertragskraft in vielen Branchen.\",\"potentialAction\":[{\"@type\":\"SearchAction\",\"target\":{\"@type\":\"EntryPoint\",\"urlTemplate\":\"https:\\\/\\\/www.eltex.de\\\/fr\\\/?s={search_term_string}\"},\"query-input\":{\"@type\":\"PropertyValueSpecification\",\"valueRequired\":true,\"valueName\":\"search_term_string\"}}],\"inLanguage\":\"fr-FR\"}]}<\/script>\n<!-- \/ Yoast SEO plugin. -->","yoast_head_json":{"title":"Landingpage Garantie | Eltex Elektrostatik GmbH","robots":{"index":"index","follow":"follow","max-snippet":"max-snippet:-1","max-image-preview":"max-image-preview:large","max-video-preview":"max-video-preview:-1"},"canonical":"https:\/\/www.eltex.de\/fr\/lp-garantie-fr\/","og_locale":"fr_FR","og_type":"article","og_title":"Landingpage Garantie | Eltex Elektrostatik GmbH","og_description":"Notre nouvelle promesse de qualit\u00e9 \u2013 Eltex prolonge sa garantie \u00e0 quatre ans Les solutions \u00e9lectrostatiques de la marque Eltex sont synonymes de \u00ab qualit\u00e9 made in Germany \u00bb. Gr\u00e2ce \u00e0 notre recherche, d\u00e9veloppement et production, nous veillons depuis 1953 \u00e0 prot\u00e9ger aussi bien les humains que les installations de production. Cette promesse de garantie, [&hellip;]","og_url":"https:\/\/www.eltex.de\/fr\/lp-garantie-fr\/","og_site_name":"Eltex Elektrostatik GmbH","article_modified_time":"2025-12-02T09:22:12+00:00","twitter_card":"summary_large_image","twitter_misc":{"Dur\u00e9e de lecture estim\u00e9e":"7 minutes"},"schema":{"@context":"https:\/\/schema.org","@graph":[{"@type":"WebPage","@id":"https:\/\/www.eltex.de\/fr\/lp-garantie-fr\/","url":"https:\/\/www.eltex.de\/fr\/lp-garantie-fr\/","name":"Landingpage Garantie | Eltex Elektrostatik GmbH","isPartOf":{"@id":"https:\/\/www.eltex.de\/fr\/#website"},"datePublished":"2021-10-06T08:51:09+00:00","dateModified":"2025-12-02T09:22:12+00:00","breadcrumb":{"@id":"https:\/\/www.eltex.de\/fr\/lp-garantie-fr\/#breadcrumb"},"inLanguage":"fr-FR","potentialAction":[{"@type":"ReadAction","target":["https:\/\/www.eltex.de\/fr\/lp-garantie-fr\/"]}]},{"@type":"BreadcrumbList","@id":"https:\/\/www.eltex.de\/fr\/lp-garantie-fr\/#breadcrumb","itemListElement":[{"@type":"ListItem","position":1,"name":"Eltex","item":"https:\/\/www.eltex.de\/fr\/"},{"@type":"ListItem","position":2,"name":"Landingpage Garantie"}]},{"@type":"WebSite","@id":"https:\/\/www.eltex.de\/fr\/#website","url":"https:\/\/www.eltex.de\/fr\/","name":"Eltex Elektrostatik GmbH","description":"Die Eltex Elektrostatik GmbH als moderner Partner der Industrie zur Steigerung von Produktivit\u00e4t, Effizienz und Ertragskraft in vielen Branchen.","potentialAction":[{"@type":"SearchAction","target":{"@type":"EntryPoint","urlTemplate":"https:\/\/www.eltex.de\/fr\/?s={search_term_string}"},"query-input":{"@type":"PropertyValueSpecification","valueRequired":true,"valueName":"search_term_string"}}],"inLanguage":"fr-FR"}]}},"_links":{"self":[{"href":"https:\/\/www.eltex.de\/fr\/wp-json\/wp\/v2\/pages\/8372","targetHints":{"allow":["GET"]}}],"collection":[{"href":"https:\/\/www.eltex.de\/fr\/wp-json\/wp\/v2\/pages"}],"about":[{"href":"https:\/\/www.eltex.de\/fr\/wp-json\/wp\/v2\/types\/page"}],"author":[{"embeddable":true,"href":"https:\/\/www.eltex.de\/fr\/wp-json\/wp\/v2\/users\/22"}],"replies":[{"embeddable":true,"href":"https:\/\/www.eltex.de\/fr\/wp-json\/wp\/v2\/comments?post=8372"}],"version-history":[{"count":9,"href":"https:\/\/www.eltex.de\/fr\/wp-json\/wp\/v2\/pages\/8372\/revisions"}],"predecessor-version":[{"id":14408,"href":"https:\/\/www.eltex.de\/fr\/wp-json\/wp\/v2\/pages\/8372\/revisions\/14408"}],"wp:attachment":[{"href":"https:\/\/www.eltex.de\/fr\/wp-json\/wp\/v2\/media?parent=8372"}],"wp:term":[{"taxonomy":"seitenfilter","embeddable":true,"href":"https:\/\/www.eltex.de\/fr\/wp-json\/wp\/v2\/seitenfilter?post=8372"}],"curies":[{"name":"wp","href":"https:\/\/api.w.org\/{rel}","templated":true}]}}