{"id":9232,"date":"2022-06-14T12:24:18","date_gmt":"2022-06-14T10:24:18","guid":{"rendered":"https:\/\/www.eltex.de\/?page_id=9232"},"modified":"2022-07-04T10:07:20","modified_gmt":"2022-07-04T08:07:20","slug":"salons-et-evenements","status":"publish","type":"page","link":"https:\/\/www.eltex.de\/fr\/eltex\/nouveautes\/salons-et-evenements\/","title":{"rendered":"Salons et \u00e9v\u00e9nements"},"content":{"rendered":"<p>Venez nous rencontrer personnellement. Nous sommes pr\u00e9sents sur les principaux salons professionnels en fonction de nos diff\u00e9rentes gammes de produits. D\u00e9couvrez nos nouveaux produits et examinez nos offres en comparaison internationale. Ensemble, nous d\u00e9veloppons de nouvelles solutions. Venez nous rendre visite. Nous nous r\u00e9jouissons de vous rencontrer !<\/p>\n","protected":false},"excerpt":{"rendered":"<p>Venez nous rencontrer personnellement. Nous sommes pr\u00e9sents sur les principaux salons professionnels en fonction de nos diff\u00e9rentes gammes de produits. D\u00e9couvrez nos nouveaux produits et examinez nos offres en comparaison internationale. Ensemble, nous d\u00e9veloppons de nouvelles solutions. Venez nous rendre visite. Nous nous r\u00e9jouissons de vous rencontrer !<\/p>\n","protected":false},"author":25,"featured_media":0,"parent":3809,"menu_order":3,"comment_status":"closed","ping_status":"closed","template":"page-newsroom-events.php","meta":{"_acf_changed":false,"footnotes":""},"seitenfilter":[],"class_list":["post-9232","page","type-page","status-publish","hentry"],"acf":[],"yoast_head":"<!-- This site is optimized with the Yoast SEO plugin v27.3 - https:\/\/yoast.com\/product\/yoast-seo-wordpress\/ -->\n<title>Salons et \u00e9v\u00e9nements | Eltex Elektrostatik GmbH<\/title>\n<meta name=\"robots\" content=\"index, follow, max-snippet:-1, max-image-preview:large, max-video-preview:-1\" \/>\n<link rel=\"canonical\" href=\"https:\/\/www.eltex.de\/fr\/eltex\/nouveautes\/salons-et-evenements\/\" \/>\n<meta property=\"og:locale\" content=\"fr_FR\" \/>\n<meta property=\"og:type\" content=\"article\" \/>\n<meta property=\"og:title\" content=\"Salons et \u00e9v\u00e9nements | Eltex Elektrostatik GmbH\" \/>\n<meta property=\"og:description\" content=\"Venez nous rencontrer personnellement. Nous sommes pr\u00e9sents sur les principaux salons professionnels en fonction de nos diff\u00e9rentes gammes de produits. D\u00e9couvrez nos nouveaux produits et examinez nos offres en comparaison internationale. Ensemble, nous d\u00e9veloppons de nouvelles solutions. Venez nous rendre visite. Nous nous r\u00e9jouissons de vous rencontrer !\" \/>\n<meta property=\"og:url\" content=\"https:\/\/www.eltex.de\/fr\/eltex\/nouveautes\/salons-et-evenements\/\" \/>\n<meta property=\"og:site_name\" content=\"Eltex Elektrostatik GmbH\" \/>\n<meta property=\"article:modified_time\" content=\"2022-07-04T08:07:20+00:00\" \/>\n<meta name=\"twitter:card\" content=\"summary_large_image\" \/>\n<script type=\"application\/ld+json\" class=\"yoast-schema-graph\">{\"@context\":\"https:\\\/\\\/schema.org\",\"@graph\":[{\"@type\":\"WebPage\",\"@id\":\"https:\\\/\\\/www.eltex.de\\\/fr\\\/eltex\\\/nouveautes\\\/salons-et-evenements\\\/\",\"url\":\"https:\\\/\\\/www.eltex.de\\\/fr\\\/eltex\\\/nouveautes\\\/salons-et-evenements\\\/\",\"name\":\"Salons et \u00e9v\u00e9nements | Eltex Elektrostatik GmbH\",\"isPartOf\":{\"@id\":\"https:\\\/\\\/www.eltex.de\\\/fr\\\/#website\"},\"datePublished\":\"2022-06-14T10:24:18+00:00\",\"dateModified\":\"2022-07-04T08:07:20+00:00\",\"breadcrumb\":{\"@id\":\"https:\\\/\\\/www.eltex.de\\\/fr\\\/eltex\\\/nouveautes\\\/salons-et-evenements\\\/#breadcrumb\"},\"inLanguage\":\"fr-FR\",\"potentialAction\":[{\"@type\":\"ReadAction\",\"target\":[\"https:\\\/\\\/www.eltex.de\\\/fr\\\/eltex\\\/nouveautes\\\/salons-et-evenements\\\/\"]}]},{\"@type\":\"BreadcrumbList\",\"@id\":\"https:\\\/\\\/www.eltex.de\\\/fr\\\/eltex\\\/nouveautes\\\/salons-et-evenements\\\/#breadcrumb\",\"itemListElement\":[{\"@type\":\"ListItem\",\"position\":1,\"name\":\"Eltex\",\"item\":\"https:\\\/\\\/www.eltex.de\\\/fr\\\/\"},{\"@type\":\"ListItem\",\"position\":2,\"name\":\"Eltex\",\"item\":\"https:\\\/\\\/www.eltex.de\\\/fr\\\/eltex\\\/\"},{\"@type\":\"ListItem\",\"position\":3,\"name\":\"Nouveaut\u00e9s\",\"item\":\"https:\\\/\\\/www.eltex.de\\\/fr\\\/eltex\\\/nouveautes\\\/\"},{\"@type\":\"ListItem\",\"position\":4,\"name\":\"Salons et \u00e9v\u00e9nements\"}]},{\"@type\":\"WebSite\",\"@id\":\"https:\\\/\\\/www.eltex.de\\\/fr\\\/#website\",\"url\":\"https:\\\/\\\/www.eltex.de\\\/fr\\\/\",\"name\":\"Eltex Elektrostatik GmbH\",\"description\":\"Die Eltex Elektrostatik GmbH als moderner Partner der Industrie zur Steigerung von Produktivit\u00e4t, Effizienz und Ertragskraft in vielen Branchen.\",\"potentialAction\":[{\"@type\":\"SearchAction\",\"target\":{\"@type\":\"EntryPoint\",\"urlTemplate\":\"https:\\\/\\\/www.eltex.de\\\/fr\\\/?s={search_term_string}\"},\"query-input\":{\"@type\":\"PropertyValueSpecification\",\"valueRequired\":true,\"valueName\":\"search_term_string\"}}],\"inLanguage\":\"fr-FR\"}]}<\/script>\n<!-- \/ Yoast SEO plugin. -->","yoast_head_json":{"title":"Salons et \u00e9v\u00e9nements | Eltex Elektrostatik GmbH","robots":{"index":"index","follow":"follow","max-snippet":"max-snippet:-1","max-image-preview":"max-image-preview:large","max-video-preview":"max-video-preview:-1"},"canonical":"https:\/\/www.eltex.de\/fr\/eltex\/nouveautes\/salons-et-evenements\/","og_locale":"fr_FR","og_type":"article","og_title":"Salons et \u00e9v\u00e9nements | Eltex Elektrostatik GmbH","og_description":"Venez nous rencontrer personnellement. Nous sommes pr\u00e9sents sur les principaux salons professionnels en fonction de nos diff\u00e9rentes gammes de produits. D\u00e9couvrez nos nouveaux produits et examinez nos offres en comparaison internationale. Ensemble, nous d\u00e9veloppons de nouvelles solutions. Venez nous rendre visite. Nous nous r\u00e9jouissons de vous rencontrer !","og_url":"https:\/\/www.eltex.de\/fr\/eltex\/nouveautes\/salons-et-evenements\/","og_site_name":"Eltex Elektrostatik GmbH","article_modified_time":"2022-07-04T08:07:20+00:00","twitter_card":"summary_large_image","schema":{"@context":"https:\/\/schema.org","@graph":[{"@type":"WebPage","@id":"https:\/\/www.eltex.de\/fr\/eltex\/nouveautes\/salons-et-evenements\/","url":"https:\/\/www.eltex.de\/fr\/eltex\/nouveautes\/salons-et-evenements\/","name":"Salons et \u00e9v\u00e9nements | Eltex Elektrostatik GmbH","isPartOf":{"@id":"https:\/\/www.eltex.de\/fr\/#website"},"datePublished":"2022-06-14T10:24:18+00:00","dateModified":"2022-07-04T08:07:20+00:00","breadcrumb":{"@id":"https:\/\/www.eltex.de\/fr\/eltex\/nouveautes\/salons-et-evenements\/#breadcrumb"},"inLanguage":"fr-FR","potentialAction":[{"@type":"ReadAction","target":["https:\/\/www.eltex.de\/fr\/eltex\/nouveautes\/salons-et-evenements\/"]}]},{"@type":"BreadcrumbList","@id":"https:\/\/www.eltex.de\/fr\/eltex\/nouveautes\/salons-et-evenements\/#breadcrumb","itemListElement":[{"@type":"ListItem","position":1,"name":"Eltex","item":"https:\/\/www.eltex.de\/fr\/"},{"@type":"ListItem","position":2,"name":"Eltex","item":"https:\/\/www.eltex.de\/fr\/eltex\/"},{"@type":"ListItem","position":3,"name":"Nouveaut\u00e9s","item":"https:\/\/www.eltex.de\/fr\/eltex\/nouveautes\/"},{"@type":"ListItem","position":4,"name":"Salons et \u00e9v\u00e9nements"}]},{"@type":"WebSite","@id":"https:\/\/www.eltex.de\/fr\/#website","url":"https:\/\/www.eltex.de\/fr\/","name":"Eltex Elektrostatik GmbH","description":"Die Eltex Elektrostatik GmbH als moderner Partner der Industrie zur Steigerung von Produktivit\u00e4t, Effizienz und Ertragskraft in vielen Branchen.","potentialAction":[{"@type":"SearchAction","target":{"@type":"EntryPoint","urlTemplate":"https:\/\/www.eltex.de\/fr\/?s={search_term_string}"},"query-input":{"@type":"PropertyValueSpecification","valueRequired":true,"valueName":"search_term_string"}}],"inLanguage":"fr-FR"}]}},"_links":{"self":[{"href":"https:\/\/www.eltex.de\/fr\/wp-json\/wp\/v2\/pages\/9232","targetHints":{"allow":["GET"]}}],"collection":[{"href":"https:\/\/www.eltex.de\/fr\/wp-json\/wp\/v2\/pages"}],"about":[{"href":"https:\/\/www.eltex.de\/fr\/wp-json\/wp\/v2\/types\/page"}],"author":[{"embeddable":true,"href":"https:\/\/www.eltex.de\/fr\/wp-json\/wp\/v2\/users\/25"}],"replies":[{"embeddable":true,"href":"https:\/\/www.eltex.de\/fr\/wp-json\/wp\/v2\/comments?post=9232"}],"version-history":[{"count":4,"href":"https:\/\/www.eltex.de\/fr\/wp-json\/wp\/v2\/pages\/9232\/revisions"}],"predecessor-version":[{"id":9268,"href":"https:\/\/www.eltex.de\/fr\/wp-json\/wp\/v2\/pages\/9232\/revisions\/9268"}],"up":[{"embeddable":true,"href":"https:\/\/www.eltex.de\/fr\/wp-json\/wp\/v2\/pages\/3809"}],"wp:attachment":[{"href":"https:\/\/www.eltex.de\/fr\/wp-json\/wp\/v2\/media?parent=9232"}],"wp:term":[{"taxonomy":"seitenfilter","embeddable":true,"href":"https:\/\/www.eltex.de\/fr\/wp-json\/wp\/v2\/seitenfilter?post=9232"}],"curies":[{"name":"wp","href":"https:\/\/api.w.org\/{rel}","templated":true}]}}