{"id":10220,"date":"2016-02-14T09:02:16","date_gmt":"2016-02-14T08:02:16","guid":{"rendered":"https:\/\/staging.eltex.de\/staging\/?post_type=product&#038;p=10220"},"modified":"2022-09-05T21:56:39","modified_gmt":"2022-09-05T19:56:39","slug":"r36-pr36-2","status":"publish","type":"product","link":"https:\/\/www.eltex.de\/fr\/produits\/static-control-fr\/decharge\/ionenblasduesen-fr\/r36-pr36-2\/","title":{"rendered":"Buses ionisantes soufflantes roundBLOW R36E"},"content":{"rendered":"<p><strong>roundBLOW &#8211; Buses ionisantes soufflante pour presque toutes les applications<\/strong><\/p>\n<p>Dans notre groupe de produits roundBLOW, on trouve toutes les buses \u00e0 jet rond Eltex. De la canule au diam\u00e8tre \u00d8 19mm. Le corps de base R36E existe en version droite ou coud\u00e9e.<\/p>\n","protected":false},"excerpt":{"rendered":"<p>Buses de soufflage avec jet d&rsquo;ions rond<\/p>\n","protected":false},"featured_media":10388,"template":"","meta":{"_acf_changed":false},"product_brand":[],"product_cat":[752],"product_tag":[],"class_list":{"0":"post-10220","1":"product","2":"type-product","3":"status-publish","4":"has-post-thumbnail","6":"product_cat-ionenblasduesen-fr","7":"pa_anwendungsbereiche-reinigung-von-flaechen-vor-dem-lackieren-fr","8":"pa_anwendungsbereiche-enroulement-et-emballage-fr","9":"pa_anwendungsbereiche-nettoyage-de-pieces-plastique","10":"pa_anwendungsbereiche-bogenoffset-fr","11":"pa_anwendungsbereiche-production-de-sacs-et-gaines","12":"pa_anwendungsbereiche-dosier-und-mischgeraete-fr","13":"pa_anwendungsbereiche-tiefziehautomaten-fr","14":"pa_anwendungsbereiche-decharge-de-formes-plastique","15":"pa_anwendungsbereiche-vereinzelung-von-kleinteilen-fr","16":"pa_anwendungsbereiche-entladung-von-kunststoffteilen-fr","17":"pa_anwendungsbereiche-verpackungs-illustrationstiefdruck-fr","18":"pa_anwendungsbereiche-formteilherstellung-fr","19":"pa_anwendungsbereiche-weiterverarbeitung-fr","20":"pa_anwendungsbereiche-heatset-rollenoffset-digitaldruck-fr","21":"pa_anwendungsbereiche-pelliculage-laminage-et-enduction","22":"pa_anwendungsbereiche-reinigen-und-ionisieren-fr","23":"pa_anwendungsbereiche-reinigung-von-flaechen-fr","24":"pa_industriebereiche-meuble","25":"pa_industriebereiche-emballage","26":"pa_industriebereiche-automation","27":"pa_industriebereiche-automobile","28":"pa_industriebereiche-converting","29":"pa_industriebereiche-plastique","31":"first","32":"instock","33":"shipping-taxable","34":"product-type-simple"},"acf":[],"yoast_head":"<!-- This site is optimized with the Yoast SEO plugin v27.3 - https:\/\/yoast.com\/product\/yoast-seo-wordpress\/ -->\n<title>Buses ionisantes soufflantes roundBLOW R36E | Eltex Elektrostatik GmbH<\/title>\n<meta name=\"robots\" content=\"index, follow, max-snippet:-1, max-image-preview:large, max-video-preview:-1\" \/>\n<link rel=\"canonical\" href=\"https:\/\/www.eltex.de\/fr\/produits\/static-control-fr\/decharge\/ionenblasduesen-fr\/r36-pr36-2\/\" \/>\n<meta property=\"og:locale\" content=\"fr_FR\" \/>\n<meta property=\"og:type\" content=\"article\" \/>\n<meta property=\"og:title\" content=\"Buses ionisantes soufflantes roundBLOW R36E | Eltex Elektrostatik GmbH\" \/>\n<meta property=\"og:description\" content=\"Buses de soufflage avec jet d&#039;ions rond\" \/>\n<meta property=\"og:url\" content=\"https:\/\/www.eltex.de\/fr\/produits\/static-control-fr\/decharge\/ionenblasduesen-fr\/r36-pr36-2\/\" \/>\n<meta property=\"og:site_name\" content=\"Eltex Elektrostatik GmbH\" \/>\n<meta property=\"article:modified_time\" content=\"2022-09-05T19:56:39+00:00\" \/>\n<meta property=\"og:image\" content=\"https:\/\/www.eltex.de\/wp-content\/uploads\/roundBLOW-vario-1-9.jpg\" \/>\n\t<meta property=\"og:image:width\" content=\"1365\" \/>\n\t<meta property=\"og:image:height\" content=\"640\" \/>\n\t<meta property=\"og:image:type\" content=\"image\/jpeg\" \/>\n<meta name=\"twitter:card\" content=\"summary_large_image\" \/>\n<script type=\"application\/ld+json\" class=\"yoast-schema-graph\">{\"@context\":\"https:\\\/\\\/schema.org\",\"@graph\":[{\"@type\":\"WebPage\",\"@id\":\"https:\\\/\\\/www.eltex.de\\\/fr\\\/produits\\\/static-control-fr\\\/decharge\\\/ionenblasduesen-fr\\\/r36-pr36-2\\\/\",\"url\":\"https:\\\/\\\/www.eltex.de\\\/fr\\\/produits\\\/static-control-fr\\\/decharge\\\/ionenblasduesen-fr\\\/r36-pr36-2\\\/\",\"name\":\"Buses ionisantes soufflantes roundBLOW R36E | Eltex Elektrostatik GmbH\",\"isPartOf\":{\"@id\":\"https:\\\/\\\/www.eltex.de\\\/fr\\\/#website\"},\"primaryImageOfPage\":{\"@id\":\"https:\\\/\\\/www.eltex.de\\\/fr\\\/produits\\\/static-control-fr\\\/decharge\\\/ionenblasduesen-fr\\\/r36-pr36-2\\\/#primaryimage\"},\"image\":{\"@id\":\"https:\\\/\\\/www.eltex.de\\\/fr\\\/produits\\\/static-control-fr\\\/decharge\\\/ionenblasduesen-fr\\\/r36-pr36-2\\\/#primaryimage\"},\"thumbnailUrl\":\"https:\\\/\\\/www.eltex.de\\\/wp-content\\\/uploads\\\/roundBLOW-vario-1-9.jpg\",\"datePublished\":\"2016-02-14T08:02:16+00:00\",\"dateModified\":\"2022-09-05T19:56:39+00:00\",\"breadcrumb\":{\"@id\":\"https:\\\/\\\/www.eltex.de\\\/fr\\\/produits\\\/static-control-fr\\\/decharge\\\/ionenblasduesen-fr\\\/r36-pr36-2\\\/#breadcrumb\"},\"inLanguage\":\"fr-FR\",\"potentialAction\":[{\"@type\":\"ReadAction\",\"target\":[\"https:\\\/\\\/www.eltex.de\\\/fr\\\/produits\\\/static-control-fr\\\/decharge\\\/ionenblasduesen-fr\\\/r36-pr36-2\\\/\"]}]},{\"@type\":\"ImageObject\",\"inLanguage\":\"fr-FR\",\"@id\":\"https:\\\/\\\/www.eltex.de\\\/fr\\\/produits\\\/static-control-fr\\\/decharge\\\/ionenblasduesen-fr\\\/r36-pr36-2\\\/#primaryimage\",\"url\":\"https:\\\/\\\/www.eltex.de\\\/wp-content\\\/uploads\\\/roundBLOW-vario-1-9.jpg\",\"contentUrl\":\"https:\\\/\\\/www.eltex.de\\\/wp-content\\\/uploads\\\/roundBLOW-vario-1-9.jpg\",\"width\":1365,\"height\":640},{\"@type\":\"BreadcrumbList\",\"@id\":\"https:\\\/\\\/www.eltex.de\\\/fr\\\/produits\\\/static-control-fr\\\/decharge\\\/ionenblasduesen-fr\\\/r36-pr36-2\\\/#breadcrumb\",\"itemListElement\":[{\"@type\":\"ListItem\",\"position\":1,\"name\":\"Eltex\",\"item\":\"https:\\\/\\\/www.eltex.de\\\/fr\\\/\"},{\"@type\":\"ListItem\",\"position\":2,\"name\":\"Produits\",\"item\":\"https:\\\/\\\/www.eltex.de\\\/fr\\\/produits\\\/\"},{\"@type\":\"ListItem\",\"position\":3,\"name\":\"Static Control\",\"item\":\"https:\\\/\\\/www.eltex.de\\\/fr\\\/cat\u00e9gorie-produit\\\/static-control-fr\\\/\"},{\"@type\":\"ListItem\",\"position\":4,\"name\":\"D\u00e9charge\",\"item\":\"https:\\\/\\\/www.eltex.de\\\/fr\\\/cat\u00e9gorie-produit\\\/static-control-fr\\\/decharge\\\/\"},{\"@type\":\"ListItem\",\"position\":5,\"name\":\"Buses ionisantes soufflantes\",\"item\":\"https:\\\/\\\/www.eltex.de\\\/fr\\\/cat\u00e9gorie-produit\\\/static-control-fr\\\/decharge\\\/ionenblasduesen-fr\\\/\"},{\"@type\":\"ListItem\",\"position\":6,\"name\":\"Buses ionisantes soufflantes roundBLOW R36E\"}]},{\"@type\":\"WebSite\",\"@id\":\"https:\\\/\\\/www.eltex.de\\\/fr\\\/#website\",\"url\":\"https:\\\/\\\/www.eltex.de\\\/fr\\\/\",\"name\":\"Eltex Elektrostatik GmbH\",\"description\":\"Die Eltex Elektrostatik GmbH als moderner Partner der Industrie zur Steigerung von Produktivit\u00e4t, Effizienz und Ertragskraft in vielen Branchen.\",\"potentialAction\":[{\"@type\":\"SearchAction\",\"target\":{\"@type\":\"EntryPoint\",\"urlTemplate\":\"https:\\\/\\\/www.eltex.de\\\/fr\\\/?s={search_term_string}\"},\"query-input\":{\"@type\":\"PropertyValueSpecification\",\"valueRequired\":true,\"valueName\":\"search_term_string\"}}],\"inLanguage\":\"fr-FR\"}]}<\/script>\n<!-- \/ Yoast SEO plugin. -->","yoast_head_json":{"title":"Buses ionisantes soufflantes roundBLOW R36E | Eltex Elektrostatik GmbH","robots":{"index":"index","follow":"follow","max-snippet":"max-snippet:-1","max-image-preview":"max-image-preview:large","max-video-preview":"max-video-preview:-1"},"canonical":"https:\/\/www.eltex.de\/fr\/produits\/static-control-fr\/decharge\/ionenblasduesen-fr\/r36-pr36-2\/","og_locale":"fr_FR","og_type":"article","og_title":"Buses ionisantes soufflantes roundBLOW R36E | Eltex Elektrostatik GmbH","og_description":"Buses de soufflage avec jet d'ions rond","og_url":"https:\/\/www.eltex.de\/fr\/produits\/static-control-fr\/decharge\/ionenblasduesen-fr\/r36-pr36-2\/","og_site_name":"Eltex Elektrostatik GmbH","article_modified_time":"2022-09-05T19:56:39+00:00","og_image":[{"width":1365,"height":640,"url":"https:\/\/www.eltex.de\/wp-content\/uploads\/roundBLOW-vario-1-9.jpg","type":"image\/jpeg"}],"twitter_card":"summary_large_image","schema":{"@context":"https:\/\/schema.org","@graph":[{"@type":"WebPage","@id":"https:\/\/www.eltex.de\/fr\/produits\/static-control-fr\/decharge\/ionenblasduesen-fr\/r36-pr36-2\/","url":"https:\/\/www.eltex.de\/fr\/produits\/static-control-fr\/decharge\/ionenblasduesen-fr\/r36-pr36-2\/","name":"Buses ionisantes soufflantes roundBLOW R36E | Eltex Elektrostatik GmbH","isPartOf":{"@id":"https:\/\/www.eltex.de\/fr\/#website"},"primaryImageOfPage":{"@id":"https:\/\/www.eltex.de\/fr\/produits\/static-control-fr\/decharge\/ionenblasduesen-fr\/r36-pr36-2\/#primaryimage"},"image":{"@id":"https:\/\/www.eltex.de\/fr\/produits\/static-control-fr\/decharge\/ionenblasduesen-fr\/r36-pr36-2\/#primaryimage"},"thumbnailUrl":"https:\/\/www.eltex.de\/wp-content\/uploads\/roundBLOW-vario-1-9.jpg","datePublished":"2016-02-14T08:02:16+00:00","dateModified":"2022-09-05T19:56:39+00:00","breadcrumb":{"@id":"https:\/\/www.eltex.de\/fr\/produits\/static-control-fr\/decharge\/ionenblasduesen-fr\/r36-pr36-2\/#breadcrumb"},"inLanguage":"fr-FR","potentialAction":[{"@type":"ReadAction","target":["https:\/\/www.eltex.de\/fr\/produits\/static-control-fr\/decharge\/ionenblasduesen-fr\/r36-pr36-2\/"]}]},{"@type":"ImageObject","inLanguage":"fr-FR","@id":"https:\/\/www.eltex.de\/fr\/produits\/static-control-fr\/decharge\/ionenblasduesen-fr\/r36-pr36-2\/#primaryimage","url":"https:\/\/www.eltex.de\/wp-content\/uploads\/roundBLOW-vario-1-9.jpg","contentUrl":"https:\/\/www.eltex.de\/wp-content\/uploads\/roundBLOW-vario-1-9.jpg","width":1365,"height":640},{"@type":"BreadcrumbList","@id":"https:\/\/www.eltex.de\/fr\/produits\/static-control-fr\/decharge\/ionenblasduesen-fr\/r36-pr36-2\/#breadcrumb","itemListElement":[{"@type":"ListItem","position":1,"name":"Eltex","item":"https:\/\/www.eltex.de\/fr\/"},{"@type":"ListItem","position":2,"name":"Produits","item":"https:\/\/www.eltex.de\/fr\/produits\/"},{"@type":"ListItem","position":3,"name":"Static Control","item":"https:\/\/www.eltex.de\/fr\/cat\u00e9gorie-produit\/static-control-fr\/"},{"@type":"ListItem","position":4,"name":"D\u00e9charge","item":"https:\/\/www.eltex.de\/fr\/cat\u00e9gorie-produit\/static-control-fr\/decharge\/"},{"@type":"ListItem","position":5,"name":"Buses ionisantes soufflantes","item":"https:\/\/www.eltex.de\/fr\/cat\u00e9gorie-produit\/static-control-fr\/decharge\/ionenblasduesen-fr\/"},{"@type":"ListItem","position":6,"name":"Buses ionisantes soufflantes roundBLOW R36E"}]},{"@type":"WebSite","@id":"https:\/\/www.eltex.de\/fr\/#website","url":"https:\/\/www.eltex.de\/fr\/","name":"Eltex Elektrostatik GmbH","description":"Die Eltex Elektrostatik GmbH als moderner Partner der Industrie zur Steigerung von Produktivit\u00e4t, Effizienz und Ertragskraft in vielen Branchen.","potentialAction":[{"@type":"SearchAction","target":{"@type":"EntryPoint","urlTemplate":"https:\/\/www.eltex.de\/fr\/?s={search_term_string}"},"query-input":{"@type":"PropertyValueSpecification","valueRequired":true,"valueName":"search_term_string"}}],"inLanguage":"fr-FR"}]}},"_links":{"self":[{"href":"https:\/\/www.eltex.de\/fr\/wp-json\/wp\/v2\/product\/10220","targetHints":{"allow":["GET"]}}],"collection":[{"href":"https:\/\/www.eltex.de\/fr\/wp-json\/wp\/v2\/product"}],"about":[{"href":"https:\/\/www.eltex.de\/fr\/wp-json\/wp\/v2\/types\/product"}],"wp:featuredmedia":[{"embeddable":true,"href":"https:\/\/www.eltex.de\/fr\/wp-json\/wp\/v2\/media\/10388"}],"wp:attachment":[{"href":"https:\/\/www.eltex.de\/fr\/wp-json\/wp\/v2\/media?parent=10220"}],"wp:term":[{"taxonomy":"product_brand","embeddable":true,"href":"https:\/\/www.eltex.de\/fr\/wp-json\/wp\/v2\/product_brand?post=10220"},{"taxonomy":"product_cat","embeddable":true,"href":"https:\/\/www.eltex.de\/fr\/wp-json\/wp\/v2\/product_cat?post=10220"},{"taxonomy":"product_tag","embeddable":true,"href":"https:\/\/www.eltex.de\/fr\/wp-json\/wp\/v2\/product_tag?post=10220"}],"curies":[{"name":"wp","href":"https:\/\/api.w.org\/{rel}","templated":true}]}}