{"id":10264,"date":"2018-02-14T14:34:17","date_gmt":"2018-02-14T13:34:17","guid":{"rendered":"https:\/\/staging.eltex.de\/staging\/?post_type=product&#038;p=10264"},"modified":"2022-09-05T14:39:42","modified_gmt":"2022-09-05T12:39:42","slug":"rg52-2","status":"publish","type":"product","link":"https:\/\/www.eltex.de\/fr\/produits\/static-control-fr\/decharge\/entladeelektroden-fr\/rg52-2\/","title":{"rendered":"passivBAR RG52"},"content":{"rendered":"<p><strong>D\u00e9charge passive de haut niveau<\/strong><br \/>\nL&rsquo;\u00e9lectrode de d\u00e9charge SINGLE passivBAR RG52 est disponible pour la d\u00e9charge passive de perturbations \u00e9lectrostatiques dans le processus de production. L&rsquo;\u00e9lectrode passivBAR RG52 convient pour la d\u00e9charge de surfaces en mouvement. La disposition g\u00e9om\u00e9trique optimale des pointes assure une d\u00e9charge passive efficace.<br \/>\nLa passivBAR RG52 est surtout utilis\u00e9e pour le traitement de substrats conducteurs ou \u00e0 rev\u00eatement conducteur tels que les feuilles m\u00e9talliques, les composites m\u00e9talliques ou les surfaces m\u00e9tallis\u00e9es.<\/p>\n","protected":false},"excerpt":{"rendered":"<p>Electrode de d\u00e9charge passive<\/p>\n","protected":false},"featured_media":2149,"template":"","meta":{"_acf_changed":false},"product_brand":[],"product_cat":[379],"product_tag":[],"class_list":{"0":"post-10264","1":"product","2":"type-product","3":"status-publish","4":"has-post-thumbnail","6":"product_cat-entladeelektroden-fr","7":"pa_anwendungsbereiche-films-d-emballage-fr","8":"pa_anwendungsbereiche-tiefziehautomaten-fr","9":"pa_anwendungsbereiche-formteilherstellung-fr","10":"pa_anwendungsbereiche-vereinzelung-von-kleinteilen-fr","11":"pa_anwendungsbereiche-pelliculage-laminage-et-enduction","12":"pa_anwendungsbereiche-pharmazie-fr","13":"pa_anwendungsbereiche-ampoules-corps-creux-fr","14":"pa_anwendungsbereiche-reinigen-und-ionisieren-fr","15":"pa_anwendungsbereiche-enroulement-et-emballage-fr","16":"pa_anwendungsbereiche-reinigung-von-flaechen-fr","17":"pa_anwendungsbereiche-bogenoffset-fr","18":"pa_anwendungsbereiche-reinigung-von-flaechen-vor-dem-lackieren-fr","19":"pa_anwendungsbereiche-dosier-und-mischgeraete-fr","20":"pa_anwendungsbereiche-nettoyage-de-pieces-plastique","21":"pa_anwendungsbereiche-elektrotechnik-fr","22":"pa_anwendungsbereiche-production-de-sacs-et-gaines","23":"pa_anwendungsbereiche-decharge-de-formes-plastique","24":"pa_anwendungsbereiche-schutzpapiere-fr","25":"pa_anwendungsbereiche-entladung-von-kunststoffteilen-fr","26":"pa_anwendungsbereiche-textilindustrie-fr","27":"pa_industriebereiche-textil-fr-2","28":"pa_industriebereiche-automation","29":"pa_industriebereiche-automobile","30":"pa_industriebereiche-chimie-pharmacie","31":"pa_industriebereiche-converting","32":"pa_industriebereiche-electronique","33":"pa_industriebereiche-plastique","34":"pa_industriebereiche-meuble","35":"pa_industriebereiche-emballage","37":"first","38":"instock","39":"shipping-taxable","40":"product-type-simple"},"acf":[],"yoast_head":"<!-- This site is optimized with the Yoast SEO plugin v27.3 - https:\/\/yoast.com\/product\/yoast-seo-wordpress\/ -->\n<title>passivBAR RG52 | Eltex Elektrostatik GmbH<\/title>\n<meta name=\"robots\" content=\"index, follow, max-snippet:-1, max-image-preview:large, max-video-preview:-1\" \/>\n<link rel=\"canonical\" href=\"https:\/\/www.eltex.de\/fr\/produits\/static-control-fr\/decharge\/entladeelektroden-fr\/rg52-2\/\" \/>\n<meta property=\"og:locale\" content=\"fr_FR\" \/>\n<meta property=\"og:type\" content=\"article\" \/>\n<meta property=\"og:title\" content=\"passivBAR RG52 | Eltex Elektrostatik GmbH\" \/>\n<meta property=\"og:description\" content=\"Electrode de d\u00e9charge passive\" \/>\n<meta property=\"og:url\" content=\"https:\/\/www.eltex.de\/fr\/produits\/static-control-fr\/decharge\/entladeelektroden-fr\/rg52-2\/\" \/>\n<meta property=\"og:site_name\" content=\"Eltex Elektrostatik GmbH\" \/>\n<meta property=\"article:modified_time\" content=\"2022-09-05T12:39:42+00:00\" \/>\n<meta property=\"og:image\" content=\"https:\/\/www.eltex.de\/wp-content\/uploads\/rg52.jpg\" \/>\n\t<meta property=\"og:image:width\" content=\"1024\" \/>\n\t<meta property=\"og:image:height\" content=\"480\" \/>\n\t<meta property=\"og:image:type\" content=\"image\/jpeg\" \/>\n<meta name=\"twitter:card\" content=\"summary_large_image\" \/>\n<script type=\"application\/ld+json\" class=\"yoast-schema-graph\">{\"@context\":\"https:\\\/\\\/schema.org\",\"@graph\":[{\"@type\":\"WebPage\",\"@id\":\"https:\\\/\\\/www.eltex.de\\\/fr\\\/produits\\\/static-control-fr\\\/decharge\\\/entladeelektroden-fr\\\/rg52-2\\\/\",\"url\":\"https:\\\/\\\/www.eltex.de\\\/fr\\\/produits\\\/static-control-fr\\\/decharge\\\/entladeelektroden-fr\\\/rg52-2\\\/\",\"name\":\"passivBAR RG52 | Eltex Elektrostatik GmbH\",\"isPartOf\":{\"@id\":\"https:\\\/\\\/www.eltex.de\\\/fr\\\/#website\"},\"primaryImageOfPage\":{\"@id\":\"https:\\\/\\\/www.eltex.de\\\/fr\\\/produits\\\/static-control-fr\\\/decharge\\\/entladeelektroden-fr\\\/rg52-2\\\/#primaryimage\"},\"image\":{\"@id\":\"https:\\\/\\\/www.eltex.de\\\/fr\\\/produits\\\/static-control-fr\\\/decharge\\\/entladeelektroden-fr\\\/rg52-2\\\/#primaryimage\"},\"thumbnailUrl\":\"https:\\\/\\\/www.eltex.de\\\/wp-content\\\/uploads\\\/rg52.jpg\",\"datePublished\":\"2018-02-14T13:34:17+00:00\",\"dateModified\":\"2022-09-05T12:39:42+00:00\",\"breadcrumb\":{\"@id\":\"https:\\\/\\\/www.eltex.de\\\/fr\\\/produits\\\/static-control-fr\\\/decharge\\\/entladeelektroden-fr\\\/rg52-2\\\/#breadcrumb\"},\"inLanguage\":\"fr-FR\",\"potentialAction\":[{\"@type\":\"ReadAction\",\"target\":[\"https:\\\/\\\/www.eltex.de\\\/fr\\\/produits\\\/static-control-fr\\\/decharge\\\/entladeelektroden-fr\\\/rg52-2\\\/\"]}]},{\"@type\":\"ImageObject\",\"inLanguage\":\"fr-FR\",\"@id\":\"https:\\\/\\\/www.eltex.de\\\/fr\\\/produits\\\/static-control-fr\\\/decharge\\\/entladeelektroden-fr\\\/rg52-2\\\/#primaryimage\",\"url\":\"https:\\\/\\\/www.eltex.de\\\/wp-content\\\/uploads\\\/rg52.jpg\",\"contentUrl\":\"https:\\\/\\\/www.eltex.de\\\/wp-content\\\/uploads\\\/rg52.jpg\",\"width\":1024,\"height\":480,\"caption\":\"Entladeelektrode Eltex RG52 zur passiven Entladung von Metallfolien und Verbundstoffen\"},{\"@type\":\"BreadcrumbList\",\"@id\":\"https:\\\/\\\/www.eltex.de\\\/fr\\\/produits\\\/static-control-fr\\\/decharge\\\/entladeelektroden-fr\\\/rg52-2\\\/#breadcrumb\",\"itemListElement\":[{\"@type\":\"ListItem\",\"position\":1,\"name\":\"Eltex\",\"item\":\"https:\\\/\\\/www.eltex.de\\\/fr\\\/\"},{\"@type\":\"ListItem\",\"position\":2,\"name\":\"Produits\",\"item\":\"https:\\\/\\\/www.eltex.de\\\/fr\\\/produits\\\/\"},{\"@type\":\"ListItem\",\"position\":3,\"name\":\"Static Control\",\"item\":\"https:\\\/\\\/www.eltex.de\\\/fr\\\/cat\u00e9gorie-produit\\\/static-control-fr\\\/\"},{\"@type\":\"ListItem\",\"position\":4,\"name\":\"D\u00e9charge\",\"item\":\"https:\\\/\\\/www.eltex.de\\\/fr\\\/cat\u00e9gorie-produit\\\/static-control-fr\\\/decharge\\\/\"},{\"@type\":\"ListItem\",\"position\":5,\"name\":\"Electrodes de d\u00e9charge\",\"item\":\"https:\\\/\\\/www.eltex.de\\\/fr\\\/cat\u00e9gorie-produit\\\/static-control-fr\\\/decharge\\\/entladeelektroden-fr\\\/\"},{\"@type\":\"ListItem\",\"position\":6,\"name\":\"passivBAR RG52\"}]},{\"@type\":\"WebSite\",\"@id\":\"https:\\\/\\\/www.eltex.de\\\/fr\\\/#website\",\"url\":\"https:\\\/\\\/www.eltex.de\\\/fr\\\/\",\"name\":\"Eltex Elektrostatik GmbH\",\"description\":\"Die Eltex Elektrostatik GmbH als moderner Partner der Industrie zur Steigerung von Produktivit\u00e4t, Effizienz und Ertragskraft in vielen Branchen.\",\"potentialAction\":[{\"@type\":\"SearchAction\",\"target\":{\"@type\":\"EntryPoint\",\"urlTemplate\":\"https:\\\/\\\/www.eltex.de\\\/fr\\\/?s={search_term_string}\"},\"query-input\":{\"@type\":\"PropertyValueSpecification\",\"valueRequired\":true,\"valueName\":\"search_term_string\"}}],\"inLanguage\":\"fr-FR\"}]}<\/script>\n<!-- \/ Yoast SEO plugin. -->","yoast_head_json":{"title":"passivBAR RG52 | Eltex Elektrostatik GmbH","robots":{"index":"index","follow":"follow","max-snippet":"max-snippet:-1","max-image-preview":"max-image-preview:large","max-video-preview":"max-video-preview:-1"},"canonical":"https:\/\/www.eltex.de\/fr\/produits\/static-control-fr\/decharge\/entladeelektroden-fr\/rg52-2\/","og_locale":"fr_FR","og_type":"article","og_title":"passivBAR RG52 | Eltex Elektrostatik GmbH","og_description":"Electrode de d\u00e9charge passive","og_url":"https:\/\/www.eltex.de\/fr\/produits\/static-control-fr\/decharge\/entladeelektroden-fr\/rg52-2\/","og_site_name":"Eltex Elektrostatik GmbH","article_modified_time":"2022-09-05T12:39:42+00:00","og_image":[{"width":1024,"height":480,"url":"https:\/\/www.eltex.de\/wp-content\/uploads\/rg52.jpg","type":"image\/jpeg"}],"twitter_card":"summary_large_image","schema":{"@context":"https:\/\/schema.org","@graph":[{"@type":"WebPage","@id":"https:\/\/www.eltex.de\/fr\/produits\/static-control-fr\/decharge\/entladeelektroden-fr\/rg52-2\/","url":"https:\/\/www.eltex.de\/fr\/produits\/static-control-fr\/decharge\/entladeelektroden-fr\/rg52-2\/","name":"passivBAR RG52 | Eltex Elektrostatik GmbH","isPartOf":{"@id":"https:\/\/www.eltex.de\/fr\/#website"},"primaryImageOfPage":{"@id":"https:\/\/www.eltex.de\/fr\/produits\/static-control-fr\/decharge\/entladeelektroden-fr\/rg52-2\/#primaryimage"},"image":{"@id":"https:\/\/www.eltex.de\/fr\/produits\/static-control-fr\/decharge\/entladeelektroden-fr\/rg52-2\/#primaryimage"},"thumbnailUrl":"https:\/\/www.eltex.de\/wp-content\/uploads\/rg52.jpg","datePublished":"2018-02-14T13:34:17+00:00","dateModified":"2022-09-05T12:39:42+00:00","breadcrumb":{"@id":"https:\/\/www.eltex.de\/fr\/produits\/static-control-fr\/decharge\/entladeelektroden-fr\/rg52-2\/#breadcrumb"},"inLanguage":"fr-FR","potentialAction":[{"@type":"ReadAction","target":["https:\/\/www.eltex.de\/fr\/produits\/static-control-fr\/decharge\/entladeelektroden-fr\/rg52-2\/"]}]},{"@type":"ImageObject","inLanguage":"fr-FR","@id":"https:\/\/www.eltex.de\/fr\/produits\/static-control-fr\/decharge\/entladeelektroden-fr\/rg52-2\/#primaryimage","url":"https:\/\/www.eltex.de\/wp-content\/uploads\/rg52.jpg","contentUrl":"https:\/\/www.eltex.de\/wp-content\/uploads\/rg52.jpg","width":1024,"height":480,"caption":"Entladeelektrode Eltex RG52 zur passiven Entladung von Metallfolien und Verbundstoffen"},{"@type":"BreadcrumbList","@id":"https:\/\/www.eltex.de\/fr\/produits\/static-control-fr\/decharge\/entladeelektroden-fr\/rg52-2\/#breadcrumb","itemListElement":[{"@type":"ListItem","position":1,"name":"Eltex","item":"https:\/\/www.eltex.de\/fr\/"},{"@type":"ListItem","position":2,"name":"Produits","item":"https:\/\/www.eltex.de\/fr\/produits\/"},{"@type":"ListItem","position":3,"name":"Static Control","item":"https:\/\/www.eltex.de\/fr\/cat\u00e9gorie-produit\/static-control-fr\/"},{"@type":"ListItem","position":4,"name":"D\u00e9charge","item":"https:\/\/www.eltex.de\/fr\/cat\u00e9gorie-produit\/static-control-fr\/decharge\/"},{"@type":"ListItem","position":5,"name":"Electrodes de d\u00e9charge","item":"https:\/\/www.eltex.de\/fr\/cat\u00e9gorie-produit\/static-control-fr\/decharge\/entladeelektroden-fr\/"},{"@type":"ListItem","position":6,"name":"passivBAR RG52"}]},{"@type":"WebSite","@id":"https:\/\/www.eltex.de\/fr\/#website","url":"https:\/\/www.eltex.de\/fr\/","name":"Eltex Elektrostatik GmbH","description":"Die Eltex Elektrostatik GmbH als moderner Partner der Industrie zur Steigerung von Produktivit\u00e4t, Effizienz und Ertragskraft in vielen Branchen.","potentialAction":[{"@type":"SearchAction","target":{"@type":"EntryPoint","urlTemplate":"https:\/\/www.eltex.de\/fr\/?s={search_term_string}"},"query-input":{"@type":"PropertyValueSpecification","valueRequired":true,"valueName":"search_term_string"}}],"inLanguage":"fr-FR"}]}},"_links":{"self":[{"href":"https:\/\/www.eltex.de\/fr\/wp-json\/wp\/v2\/product\/10264","targetHints":{"allow":["GET"]}}],"collection":[{"href":"https:\/\/www.eltex.de\/fr\/wp-json\/wp\/v2\/product"}],"about":[{"href":"https:\/\/www.eltex.de\/fr\/wp-json\/wp\/v2\/types\/product"}],"wp:featuredmedia":[{"embeddable":true,"href":"https:\/\/www.eltex.de\/fr\/wp-json\/wp\/v2\/media\/2149"}],"wp:attachment":[{"href":"https:\/\/www.eltex.de\/fr\/wp-json\/wp\/v2\/media?parent=10264"}],"wp:term":[{"taxonomy":"product_brand","embeddable":true,"href":"https:\/\/www.eltex.de\/fr\/wp-json\/wp\/v2\/product_brand?post=10264"},{"taxonomy":"product_cat","embeddable":true,"href":"https:\/\/www.eltex.de\/fr\/wp-json\/wp\/v2\/product_cat?post=10264"},{"taxonomy":"product_tag","embeddable":true,"href":"https:\/\/www.eltex.de\/fr\/wp-json\/wp\/v2\/product_tag?post=10264"}],"curies":[{"name":"wp","href":"https:\/\/api.w.org\/{rel}","templated":true}]}}