{"id":13815,"date":"2024-06-26T12:32:21","date_gmt":"2024-06-26T10:32:22","guid":{"rendered":"https:\/\/www.eltex.de\/?post_type=product&#038;p=13815"},"modified":"2024-10-01T10:08:38","modified_gmt":"2024-10-01T08:08:38","slug":"pro-ionizer-ex-es61-e","status":"publish","type":"product","link":"https:\/\/www.eltex.de\/fr\/produits\/static-control-fr\/decharge\/appareils-dalimentation\/pro-ionizer-ex-es61-e\/","title":{"rendered":"PRO IONIZER EX ES61\/E"},"content":{"rendered":"<p>Le bloc d&rsquo;alimentation PRO IONIZER EX ES61\/E assure une d\u00e9charge active des charges \u00e9lectrostatiques dans les zones \u00e0 risque d&rsquo;explosion. Gr\u00e2ce au nouveau syst\u00e8me Performance Control, la puissance et l&rsquo;\u00e9tat de chaque \u00e9lectrode de d\u00e9charge raccord\u00e9e peut \u00eatre contr\u00f4l\u00e9 s\u00e9par\u00e9ment. Le r\u00e9glage des param\u00e8tres du process et l&rsquo;int\u00e9gration du bus de terrain sont possibles sans probl\u00e8me.<\/p>\n<p>&nbsp;<\/p>\n<p><a href=\"https:\/\/www.eltex.de\/fr\/pro-ionizer-ex\/\">Cliquez ici pour obtenir plus d&rsquo;informations !<\/a><\/p>\n<p>&nbsp;<\/p>\n<p>Fichiers de description de protocole\/d&rsquo;appareil des interfaces de bus de terrain pour l&rsquo;int\u00e9gration dans la commande de la machine (disponibles uniquement en allemand et en anglais) : <strong><a href=\"https:\/\/www.eltex.de\/fr\/lp-interfaces-de-bus-de-terrain\/\">Informations sur l&rsquo;int\u00e9gration du bus de terrain<\/a><\/strong><\/p>\n","protected":false},"excerpt":{"rendered":"<p>D\u00e9charge haut de gamme avec contr\u00f4le des performances brevet\u00e9<\/p>\n","protected":false},"featured_media":13867,"template":"","meta":{"_acf_changed":false},"product_brand":[],"product_cat":[735],"product_tag":[],"class_list":{"0":"post-13815","1":"product","2":"type-product","3":"status-publish","4":"has-post-thumbnail","6":"product_cat-appareils-dalimentation","7":"pa_anwendungsbereiche-ampoules-corps-creux-fr","8":"pa_anwendungsbereiche-transport-von-granulaten-fr","9":"pa_anwendungsbereiche-pharmazie-fr","10":"pa_anwendungsbereiche-weiterverarbeitung-fr","11":"pa_anwendungsbereiche-enroulement-et-emballage-fr","12":"pa_anwendungsbereiche-reinigen-und-ionisieren-fr","13":"pa_anwendungsbereiche-bogenoffset-fr","14":"pa_anwendungsbereiche-reinigung-von-flaechen-fr","15":"pa_anwendungsbereiche-dosier-und-mischgeraete-fr","16":"pa_anwendungsbereiche-reinigung-von-flaechen-vor-dem-lackieren-fr","17":"pa_anwendungsbereiche-elektrotechnik-fr","18":"pa_anwendungsbereiche-nettoyage-de-pieces-plastique","19":"pa_anwendungsbereiche-decharge-de-formes-plastique","20":"pa_anwendungsbereiche-production-de-sacs-et-gaines","21":"pa_anwendungsbereiche-entladung-von-kunststoffteilen-fr","22":"pa_anwendungsbereiche-schutzpapiere-fr","23":"pa_anwendungsbereiche-films-d-emballage-fr","24":"pa_anwendungsbereiche-textilindustrie-fr","25":"pa_anwendungsbereiche-formteilherstellung-fr","26":"pa_anwendungsbereiche-tiefziehautomaten-fr","27":"pa_anwendungsbereiche-heatset-rollenoffset-digitaldruck-fr","28":"pa_anwendungsbereiche-vereinzelung-von-kleinteilen-fr","29":"pa_anwendungsbereiche-transport-von-folienresten-fr","30":"pa_anwendungsbereiche-pelliculage-laminage-et-enduction","31":"pa_anwendungsbereiche-verpackungs-illustrationstiefdruck-fr","32":"pa_industriebereiche-automation","33":"pa_industriebereiche-automobile","34":"pa_industriebereiche-textil-fr-2","35":"pa_industriebereiche-chimie-pharmacie","36":"pa_industriebereiche-converting","37":"pa_industriebereiche-electronique","38":"pa_industriebereiche-plastique","39":"pa_industriebereiche-meuble","40":"pa_industriebereiche-emballage","41":"pa_versorgungsspannung-90-264-v-ac-47-63-hz-ou-24-v-dc-15","43":"first","44":"instock","45":"shipping-taxable","46":"product-type-simple"},"acf":[],"yoast_head":"<!-- This site is optimized with the Yoast SEO plugin v27.3 - https:\/\/yoast.com\/product\/yoast-seo-wordpress\/ -->\n<title>PRO IONIZER EX ES61\/E | Eltex Elektrostatik GmbH<\/title>\n<meta name=\"robots\" content=\"index, follow, max-snippet:-1, max-image-preview:large, max-video-preview:-1\" \/>\n<link rel=\"canonical\" href=\"https:\/\/www.eltex.de\/fr\/produits\/static-control-fr\/decharge\/appareils-dalimentation\/pro-ionizer-ex-es61-e\/\" \/>\n<meta property=\"og:locale\" content=\"fr_FR\" \/>\n<meta property=\"og:type\" content=\"article\" \/>\n<meta property=\"og:title\" content=\"PRO IONIZER EX ES61\/E | Eltex Elektrostatik GmbH\" \/>\n<meta property=\"og:description\" content=\"D\u00e9charge haut de gamme avec contr\u00f4le des performances brevet\u00e9\" \/>\n<meta property=\"og:url\" content=\"https:\/\/www.eltex.de\/fr\/produits\/static-control-fr\/decharge\/appareils-dalimentation\/pro-ionizer-ex-es61-e\/\" \/>\n<meta property=\"og:site_name\" content=\"Eltex Elektrostatik GmbH\" \/>\n<meta property=\"article:modified_time\" content=\"2024-10-01T08:08:38+00:00\" \/>\n<meta property=\"og:image\" content=\"https:\/\/www.eltex.de\/wp-content\/uploads\/PRO-IONIZER-EX-Display.jpg\" \/>\n\t<meta property=\"og:image:width\" content=\"1365\" \/>\n\t<meta property=\"og:image:height\" content=\"640\" \/>\n\t<meta property=\"og:image:type\" content=\"image\/jpeg\" \/>\n<meta name=\"twitter:card\" content=\"summary_large_image\" \/>\n<meta name=\"twitter:label1\" content=\"Dur\u00e9e de lecture estim\u00e9e\" \/>\n\t<meta name=\"twitter:data1\" content=\"1 minute\" \/>\n<script type=\"application\/ld+json\" class=\"yoast-schema-graph\">{\"@context\":\"https:\\\/\\\/schema.org\",\"@graph\":[{\"@type\":\"WebPage\",\"@id\":\"https:\\\/\\\/www.eltex.de\\\/fr\\\/produits\\\/static-control-fr\\\/decharge\\\/appareils-dalimentation\\\/pro-ionizer-ex-es61-e\\\/\",\"url\":\"https:\\\/\\\/www.eltex.de\\\/fr\\\/produits\\\/static-control-fr\\\/decharge\\\/appareils-dalimentation\\\/pro-ionizer-ex-es61-e\\\/\",\"name\":\"PRO IONIZER EX ES61\\\/E | Eltex Elektrostatik GmbH\",\"isPartOf\":{\"@id\":\"https:\\\/\\\/www.eltex.de\\\/fr\\\/#website\"},\"primaryImageOfPage\":{\"@id\":\"https:\\\/\\\/www.eltex.de\\\/fr\\\/produits\\\/static-control-fr\\\/decharge\\\/appareils-dalimentation\\\/pro-ionizer-ex-es61-e\\\/#primaryimage\"},\"image\":{\"@id\":\"https:\\\/\\\/www.eltex.de\\\/fr\\\/produits\\\/static-control-fr\\\/decharge\\\/appareils-dalimentation\\\/pro-ionizer-ex-es61-e\\\/#primaryimage\"},\"thumbnailUrl\":\"https:\\\/\\\/www.eltex.de\\\/wp-content\\\/uploads\\\/PRO-IONIZER-EX-Display.jpg\",\"datePublished\":\"2024-06-26T10:32:22+00:00\",\"dateModified\":\"2024-10-01T08:08:38+00:00\",\"breadcrumb\":{\"@id\":\"https:\\\/\\\/www.eltex.de\\\/fr\\\/produits\\\/static-control-fr\\\/decharge\\\/appareils-dalimentation\\\/pro-ionizer-ex-es61-e\\\/#breadcrumb\"},\"inLanguage\":\"fr-FR\",\"potentialAction\":[{\"@type\":\"ReadAction\",\"target\":[\"https:\\\/\\\/www.eltex.de\\\/fr\\\/produits\\\/static-control-fr\\\/decharge\\\/appareils-dalimentation\\\/pro-ionizer-ex-es61-e\\\/\"]}]},{\"@type\":\"ImageObject\",\"inLanguage\":\"fr-FR\",\"@id\":\"https:\\\/\\\/www.eltex.de\\\/fr\\\/produits\\\/static-control-fr\\\/decharge\\\/appareils-dalimentation\\\/pro-ionizer-ex-es61-e\\\/#primaryimage\",\"url\":\"https:\\\/\\\/www.eltex.de\\\/wp-content\\\/uploads\\\/PRO-IONIZER-EX-Display.jpg\",\"contentUrl\":\"https:\\\/\\\/www.eltex.de\\\/wp-content\\\/uploads\\\/PRO-IONIZER-EX-Display.jpg\",\"width\":1365,\"height\":640},{\"@type\":\"BreadcrumbList\",\"@id\":\"https:\\\/\\\/www.eltex.de\\\/fr\\\/produits\\\/static-control-fr\\\/decharge\\\/appareils-dalimentation\\\/pro-ionizer-ex-es61-e\\\/#breadcrumb\",\"itemListElement\":[{\"@type\":\"ListItem\",\"position\":1,\"name\":\"Eltex\",\"item\":\"https:\\\/\\\/www.eltex.de\\\/fr\\\/\"},{\"@type\":\"ListItem\",\"position\":2,\"name\":\"Produits\",\"item\":\"https:\\\/\\\/www.eltex.de\\\/fr\\\/produits\\\/\"},{\"@type\":\"ListItem\",\"position\":3,\"name\":\"Static Control\",\"item\":\"https:\\\/\\\/www.eltex.de\\\/fr\\\/cat\u00e9gorie-produit\\\/static-control-fr\\\/\"},{\"@type\":\"ListItem\",\"position\":4,\"name\":\"D\u00e9charge\",\"item\":\"https:\\\/\\\/www.eltex.de\\\/fr\\\/cat\u00e9gorie-produit\\\/static-control-fr\\\/decharge\\\/\"},{\"@type\":\"ListItem\",\"position\":5,\"name\":\"Appareils d\u2019alimentation\",\"item\":\"https:\\\/\\\/www.eltex.de\\\/fr\\\/cat\u00e9gorie-produit\\\/static-control-fr\\\/decharge\\\/appareils-dalimentation\\\/\"},{\"@type\":\"ListItem\",\"position\":6,\"name\":\"PRO IONIZER EX ES61\\\/E\"}]},{\"@type\":\"WebSite\",\"@id\":\"https:\\\/\\\/www.eltex.de\\\/fr\\\/#website\",\"url\":\"https:\\\/\\\/www.eltex.de\\\/fr\\\/\",\"name\":\"Eltex Elektrostatik GmbH\",\"description\":\"Die Eltex Elektrostatik GmbH als moderner Partner der Industrie zur Steigerung von Produktivit\u00e4t, Effizienz und Ertragskraft in vielen Branchen.\",\"potentialAction\":[{\"@type\":\"SearchAction\",\"target\":{\"@type\":\"EntryPoint\",\"urlTemplate\":\"https:\\\/\\\/www.eltex.de\\\/fr\\\/?s={search_term_string}\"},\"query-input\":{\"@type\":\"PropertyValueSpecification\",\"valueRequired\":true,\"valueName\":\"search_term_string\"}}],\"inLanguage\":\"fr-FR\"}]}<\/script>\n<!-- \/ Yoast SEO plugin. -->","yoast_head_json":{"title":"PRO IONIZER EX ES61\/E | Eltex Elektrostatik GmbH","robots":{"index":"index","follow":"follow","max-snippet":"max-snippet:-1","max-image-preview":"max-image-preview:large","max-video-preview":"max-video-preview:-1"},"canonical":"https:\/\/www.eltex.de\/fr\/produits\/static-control-fr\/decharge\/appareils-dalimentation\/pro-ionizer-ex-es61-e\/","og_locale":"fr_FR","og_type":"article","og_title":"PRO IONIZER EX ES61\/E | Eltex Elektrostatik GmbH","og_description":"D\u00e9charge haut de gamme avec contr\u00f4le des performances brevet\u00e9","og_url":"https:\/\/www.eltex.de\/fr\/produits\/static-control-fr\/decharge\/appareils-dalimentation\/pro-ionizer-ex-es61-e\/","og_site_name":"Eltex Elektrostatik GmbH","article_modified_time":"2024-10-01T08:08:38+00:00","og_image":[{"width":1365,"height":640,"url":"https:\/\/www.eltex.de\/wp-content\/uploads\/PRO-IONIZER-EX-Display.jpg","type":"image\/jpeg"}],"twitter_card":"summary_large_image","twitter_misc":{"Dur\u00e9e de lecture estim\u00e9e":"1 minute"},"schema":{"@context":"https:\/\/schema.org","@graph":[{"@type":"WebPage","@id":"https:\/\/www.eltex.de\/fr\/produits\/static-control-fr\/decharge\/appareils-dalimentation\/pro-ionizer-ex-es61-e\/","url":"https:\/\/www.eltex.de\/fr\/produits\/static-control-fr\/decharge\/appareils-dalimentation\/pro-ionizer-ex-es61-e\/","name":"PRO IONIZER EX ES61\/E | Eltex Elektrostatik GmbH","isPartOf":{"@id":"https:\/\/www.eltex.de\/fr\/#website"},"primaryImageOfPage":{"@id":"https:\/\/www.eltex.de\/fr\/produits\/static-control-fr\/decharge\/appareils-dalimentation\/pro-ionizer-ex-es61-e\/#primaryimage"},"image":{"@id":"https:\/\/www.eltex.de\/fr\/produits\/static-control-fr\/decharge\/appareils-dalimentation\/pro-ionizer-ex-es61-e\/#primaryimage"},"thumbnailUrl":"https:\/\/www.eltex.de\/wp-content\/uploads\/PRO-IONIZER-EX-Display.jpg","datePublished":"2024-06-26T10:32:22+00:00","dateModified":"2024-10-01T08:08:38+00:00","breadcrumb":{"@id":"https:\/\/www.eltex.de\/fr\/produits\/static-control-fr\/decharge\/appareils-dalimentation\/pro-ionizer-ex-es61-e\/#breadcrumb"},"inLanguage":"fr-FR","potentialAction":[{"@type":"ReadAction","target":["https:\/\/www.eltex.de\/fr\/produits\/static-control-fr\/decharge\/appareils-dalimentation\/pro-ionizer-ex-es61-e\/"]}]},{"@type":"ImageObject","inLanguage":"fr-FR","@id":"https:\/\/www.eltex.de\/fr\/produits\/static-control-fr\/decharge\/appareils-dalimentation\/pro-ionizer-ex-es61-e\/#primaryimage","url":"https:\/\/www.eltex.de\/wp-content\/uploads\/PRO-IONIZER-EX-Display.jpg","contentUrl":"https:\/\/www.eltex.de\/wp-content\/uploads\/PRO-IONIZER-EX-Display.jpg","width":1365,"height":640},{"@type":"BreadcrumbList","@id":"https:\/\/www.eltex.de\/fr\/produits\/static-control-fr\/decharge\/appareils-dalimentation\/pro-ionizer-ex-es61-e\/#breadcrumb","itemListElement":[{"@type":"ListItem","position":1,"name":"Eltex","item":"https:\/\/www.eltex.de\/fr\/"},{"@type":"ListItem","position":2,"name":"Produits","item":"https:\/\/www.eltex.de\/fr\/produits\/"},{"@type":"ListItem","position":3,"name":"Static Control","item":"https:\/\/www.eltex.de\/fr\/cat\u00e9gorie-produit\/static-control-fr\/"},{"@type":"ListItem","position":4,"name":"D\u00e9charge","item":"https:\/\/www.eltex.de\/fr\/cat\u00e9gorie-produit\/static-control-fr\/decharge\/"},{"@type":"ListItem","position":5,"name":"Appareils d\u2019alimentation","item":"https:\/\/www.eltex.de\/fr\/cat\u00e9gorie-produit\/static-control-fr\/decharge\/appareils-dalimentation\/"},{"@type":"ListItem","position":6,"name":"PRO IONIZER EX ES61\/E"}]},{"@type":"WebSite","@id":"https:\/\/www.eltex.de\/fr\/#website","url":"https:\/\/www.eltex.de\/fr\/","name":"Eltex Elektrostatik GmbH","description":"Die Eltex Elektrostatik GmbH als moderner Partner der Industrie zur Steigerung von Produktivit\u00e4t, Effizienz und Ertragskraft in vielen Branchen.","potentialAction":[{"@type":"SearchAction","target":{"@type":"EntryPoint","urlTemplate":"https:\/\/www.eltex.de\/fr\/?s={search_term_string}"},"query-input":{"@type":"PropertyValueSpecification","valueRequired":true,"valueName":"search_term_string"}}],"inLanguage":"fr-FR"}]}},"_links":{"self":[{"href":"https:\/\/www.eltex.de\/fr\/wp-json\/wp\/v2\/product\/13815","targetHints":{"allow":["GET"]}}],"collection":[{"href":"https:\/\/www.eltex.de\/fr\/wp-json\/wp\/v2\/product"}],"about":[{"href":"https:\/\/www.eltex.de\/fr\/wp-json\/wp\/v2\/types\/product"}],"wp:featuredmedia":[{"embeddable":true,"href":"https:\/\/www.eltex.de\/fr\/wp-json\/wp\/v2\/media\/13867"}],"wp:attachment":[{"href":"https:\/\/www.eltex.de\/fr\/wp-json\/wp\/v2\/media?parent=13815"}],"wp:term":[{"taxonomy":"product_brand","embeddable":true,"href":"https:\/\/www.eltex.de\/fr\/wp-json\/wp\/v2\/product_brand?post=13815"},{"taxonomy":"product_cat","embeddable":true,"href":"https:\/\/www.eltex.de\/fr\/wp-json\/wp\/v2\/product_cat?post=13815"},{"taxonomy":"product_tag","embeddable":true,"href":"https:\/\/www.eltex.de\/fr\/wp-json\/wp\/v2\/product_tag?post=13815"}],"curies":[{"name":"wp","href":"https:\/\/api.w.org\/{rel}","templated":true}]}}