{"id":13920,"date":"2024-09-04T10:10:57","date_gmt":"2024-09-04T08:37:37","guid":{"rendered":"https:\/\/www.eltex.de\/?post_type=product&#038;p=13920"},"modified":"2024-09-04T10:37:37","modified_gmt":"2024-09-04T08:37:37","slug":"terratest","status":"publish","type":"product","link":"https:\/\/www.eltex.de\/fr\/produits\/erdung-fr\/accessoires-fr\/terratest\/","title":{"rendered":"TERRATEST"},"content":{"rendered":"<p>Le TERRATEST TERRA-TU permet de contr\u00f4ler les seuils de commutation capacitifs\/r\u00e9sistifs de tous les dispositifs de mise \u00e0 la terre Eltex actif. Le contr\u00f4le des seuils de commutation capacitifs\/r\u00e9sistifs de tous les dispositifs de mise \u00e0 la terre Eltex peut \u00eatre effectu\u00e9 rapidement et facilement en combinaison avec les pinces de mise \u00e0 la terre Eltex utilis\u00e9es.<\/p>\n","protected":false},"excerpt":{"rendered":"<p>Le TERRATEST TERRA-TU permet de contr\u00f4ler les seuils de commutation capacitifs\/r\u00e9sistifs de tous les dispositifs de mise \u00e0 la terre Eltex actif. Le contr\u00f4le des seuils de commutation capacitifs\/r\u00e9sistifs de tous les dispositifs de mise \u00e0 la terre Eltex peut \u00eatre effectu\u00e9 rapidement et facilement en combinaison avec les pinces de mise \u00e0 la terre [&hellip;]<\/p>\n","protected":false},"featured_media":13917,"template":"","meta":{"_acf_changed":false},"product_brand":[],"product_cat":[961,503],"product_tag":[],"class_list":{"0":"post-13920","1":"product","2":"type-product","3":"status-publish","4":"has-post-thumbnail","6":"product_cat-accessoires-fr","7":"product_cat-erdung-fr","9":"first","10":"instock","11":"shipping-taxable","12":"product-type-simple"},"acf":[],"yoast_head":"<!-- This site is optimized with the Yoast SEO plugin v27.3 - https:\/\/yoast.com\/product\/yoast-seo-wordpress\/ -->\n<title>TERRATEST | Eltex Elektrostatik GmbH<\/title>\n<meta name=\"robots\" content=\"index, follow, max-snippet:-1, max-image-preview:large, max-video-preview:-1\" \/>\n<link rel=\"canonical\" href=\"https:\/\/www.eltex.de\/fr\/produits\/erdung-fr\/accessoires-fr\/terratest\/\" \/>\n<meta property=\"og:locale\" content=\"fr_FR\" \/>\n<meta property=\"og:type\" content=\"article\" \/>\n<meta property=\"og:title\" content=\"TERRATEST | Eltex Elektrostatik GmbH\" \/>\n<meta property=\"og:description\" content=\"Le TERRATEST TERRA-TU permet de contr\u00f4ler les seuils de commutation capacitifs\/r\u00e9sistifs de tous les dispositifs de mise \u00e0 la terre Eltex actif. Le contr\u00f4le des seuils de commutation capacitifs\/r\u00e9sistifs de tous les dispositifs de mise \u00e0 la terre Eltex peut \u00eatre effectu\u00e9 rapidement et facilement en combinaison avec les pinces de mise \u00e0 la terre [&hellip;]\" \/>\n<meta property=\"og:url\" content=\"https:\/\/www.eltex.de\/fr\/produits\/erdung-fr\/accessoires-fr\/terratest\/\" \/>\n<meta property=\"og:site_name\" content=\"Eltex Elektrostatik GmbH\" \/>\n<meta property=\"og:image\" content=\"https:\/\/www.eltex.de\/wp-content\/uploads\/TERRA-TU-1.jpg\" \/>\n\t<meta property=\"og:image:width\" content=\"2200\" \/>\n\t<meta property=\"og:image:height\" content=\"1724\" \/>\n\t<meta property=\"og:image:type\" content=\"image\/jpeg\" \/>\n<meta name=\"twitter:card\" content=\"summary_large_image\" \/>\n<script type=\"application\/ld+json\" class=\"yoast-schema-graph\">{\"@context\":\"https:\\\/\\\/schema.org\",\"@graph\":[{\"@type\":\"WebPage\",\"@id\":\"https:\\\/\\\/www.eltex.de\\\/fr\\\/produits\\\/erdung-fr\\\/accessoires-fr\\\/terratest\\\/\",\"url\":\"https:\\\/\\\/www.eltex.de\\\/fr\\\/produits\\\/erdung-fr\\\/accessoires-fr\\\/terratest\\\/\",\"name\":\"TERRATEST | Eltex Elektrostatik GmbH\",\"isPartOf\":{\"@id\":\"https:\\\/\\\/www.eltex.de\\\/fr\\\/#website\"},\"primaryImageOfPage\":{\"@id\":\"https:\\\/\\\/www.eltex.de\\\/fr\\\/produits\\\/erdung-fr\\\/accessoires-fr\\\/terratest\\\/#primaryimage\"},\"image\":{\"@id\":\"https:\\\/\\\/www.eltex.de\\\/fr\\\/produits\\\/erdung-fr\\\/accessoires-fr\\\/terratest\\\/#primaryimage\"},\"thumbnailUrl\":\"https:\\\/\\\/www.eltex.de\\\/wp-content\\\/uploads\\\/TERRA-TU-1.jpg\",\"datePublished\":\"2024-09-04T08:37:37+00:00\",\"breadcrumb\":{\"@id\":\"https:\\\/\\\/www.eltex.de\\\/fr\\\/produits\\\/erdung-fr\\\/accessoires-fr\\\/terratest\\\/#breadcrumb\"},\"inLanguage\":\"fr-FR\",\"potentialAction\":[{\"@type\":\"ReadAction\",\"target\":[\"https:\\\/\\\/www.eltex.de\\\/fr\\\/produits\\\/erdung-fr\\\/accessoires-fr\\\/terratest\\\/\"]}]},{\"@type\":\"ImageObject\",\"inLanguage\":\"fr-FR\",\"@id\":\"https:\\\/\\\/www.eltex.de\\\/fr\\\/produits\\\/erdung-fr\\\/accessoires-fr\\\/terratest\\\/#primaryimage\",\"url\":\"https:\\\/\\\/www.eltex.de\\\/wp-content\\\/uploads\\\/TERRA-TU-1.jpg\",\"contentUrl\":\"https:\\\/\\\/www.eltex.de\\\/wp-content\\\/uploads\\\/TERRA-TU-1.jpg\",\"width\":2200,\"height\":1724},{\"@type\":\"BreadcrumbList\",\"@id\":\"https:\\\/\\\/www.eltex.de\\\/fr\\\/produits\\\/erdung-fr\\\/accessoires-fr\\\/terratest\\\/#breadcrumb\",\"itemListElement\":[{\"@type\":\"ListItem\",\"position\":1,\"name\":\"Eltex\",\"item\":\"https:\\\/\\\/www.eltex.de\\\/fr\\\/\"},{\"@type\":\"ListItem\",\"position\":2,\"name\":\"Produits\",\"item\":\"https:\\\/\\\/www.eltex.de\\\/fr\\\/produits\\\/\"},{\"@type\":\"ListItem\",\"position\":3,\"name\":\"Mise \u00e0 la terre\",\"item\":\"https:\\\/\\\/www.eltex.de\\\/fr\\\/cat\u00e9gorie-produit\\\/erdung-fr\\\/\"},{\"@type\":\"ListItem\",\"position\":4,\"name\":\"Accessoires\",\"item\":\"https:\\\/\\\/www.eltex.de\\\/fr\\\/cat\u00e9gorie-produit\\\/erdung-fr\\\/accessoires-fr\\\/\"},{\"@type\":\"ListItem\",\"position\":5,\"name\":\"TERRATEST\"}]},{\"@type\":\"WebSite\",\"@id\":\"https:\\\/\\\/www.eltex.de\\\/fr\\\/#website\",\"url\":\"https:\\\/\\\/www.eltex.de\\\/fr\\\/\",\"name\":\"Eltex Elektrostatik GmbH\",\"description\":\"Die Eltex Elektrostatik GmbH als moderner Partner der Industrie zur Steigerung von Produktivit\u00e4t, Effizienz und Ertragskraft in vielen Branchen.\",\"potentialAction\":[{\"@type\":\"SearchAction\",\"target\":{\"@type\":\"EntryPoint\",\"urlTemplate\":\"https:\\\/\\\/www.eltex.de\\\/fr\\\/?s={search_term_string}\"},\"query-input\":{\"@type\":\"PropertyValueSpecification\",\"valueRequired\":true,\"valueName\":\"search_term_string\"}}],\"inLanguage\":\"fr-FR\"}]}<\/script>\n<!-- \/ Yoast SEO plugin. -->","yoast_head_json":{"title":"TERRATEST | Eltex Elektrostatik GmbH","robots":{"index":"index","follow":"follow","max-snippet":"max-snippet:-1","max-image-preview":"max-image-preview:large","max-video-preview":"max-video-preview:-1"},"canonical":"https:\/\/www.eltex.de\/fr\/produits\/erdung-fr\/accessoires-fr\/terratest\/","og_locale":"fr_FR","og_type":"article","og_title":"TERRATEST | Eltex Elektrostatik GmbH","og_description":"Le TERRATEST TERRA-TU permet de contr\u00f4ler les seuils de commutation capacitifs\/r\u00e9sistifs de tous les dispositifs de mise \u00e0 la terre Eltex actif. Le contr\u00f4le des seuils de commutation capacitifs\/r\u00e9sistifs de tous les dispositifs de mise \u00e0 la terre Eltex peut \u00eatre effectu\u00e9 rapidement et facilement en combinaison avec les pinces de mise \u00e0 la terre [&hellip;]","og_url":"https:\/\/www.eltex.de\/fr\/produits\/erdung-fr\/accessoires-fr\/terratest\/","og_site_name":"Eltex Elektrostatik GmbH","og_image":[{"width":2200,"height":1724,"url":"https:\/\/www.eltex.de\/wp-content\/uploads\/TERRA-TU-1.jpg","type":"image\/jpeg"}],"twitter_card":"summary_large_image","schema":{"@context":"https:\/\/schema.org","@graph":[{"@type":"WebPage","@id":"https:\/\/www.eltex.de\/fr\/produits\/erdung-fr\/accessoires-fr\/terratest\/","url":"https:\/\/www.eltex.de\/fr\/produits\/erdung-fr\/accessoires-fr\/terratest\/","name":"TERRATEST | Eltex Elektrostatik GmbH","isPartOf":{"@id":"https:\/\/www.eltex.de\/fr\/#website"},"primaryImageOfPage":{"@id":"https:\/\/www.eltex.de\/fr\/produits\/erdung-fr\/accessoires-fr\/terratest\/#primaryimage"},"image":{"@id":"https:\/\/www.eltex.de\/fr\/produits\/erdung-fr\/accessoires-fr\/terratest\/#primaryimage"},"thumbnailUrl":"https:\/\/www.eltex.de\/wp-content\/uploads\/TERRA-TU-1.jpg","datePublished":"2024-09-04T08:37:37+00:00","breadcrumb":{"@id":"https:\/\/www.eltex.de\/fr\/produits\/erdung-fr\/accessoires-fr\/terratest\/#breadcrumb"},"inLanguage":"fr-FR","potentialAction":[{"@type":"ReadAction","target":["https:\/\/www.eltex.de\/fr\/produits\/erdung-fr\/accessoires-fr\/terratest\/"]}]},{"@type":"ImageObject","inLanguage":"fr-FR","@id":"https:\/\/www.eltex.de\/fr\/produits\/erdung-fr\/accessoires-fr\/terratest\/#primaryimage","url":"https:\/\/www.eltex.de\/wp-content\/uploads\/TERRA-TU-1.jpg","contentUrl":"https:\/\/www.eltex.de\/wp-content\/uploads\/TERRA-TU-1.jpg","width":2200,"height":1724},{"@type":"BreadcrumbList","@id":"https:\/\/www.eltex.de\/fr\/produits\/erdung-fr\/accessoires-fr\/terratest\/#breadcrumb","itemListElement":[{"@type":"ListItem","position":1,"name":"Eltex","item":"https:\/\/www.eltex.de\/fr\/"},{"@type":"ListItem","position":2,"name":"Produits","item":"https:\/\/www.eltex.de\/fr\/produits\/"},{"@type":"ListItem","position":3,"name":"Mise \u00e0 la terre","item":"https:\/\/www.eltex.de\/fr\/cat\u00e9gorie-produit\/erdung-fr\/"},{"@type":"ListItem","position":4,"name":"Accessoires","item":"https:\/\/www.eltex.de\/fr\/cat\u00e9gorie-produit\/erdung-fr\/accessoires-fr\/"},{"@type":"ListItem","position":5,"name":"TERRATEST"}]},{"@type":"WebSite","@id":"https:\/\/www.eltex.de\/fr\/#website","url":"https:\/\/www.eltex.de\/fr\/","name":"Eltex Elektrostatik GmbH","description":"Die Eltex Elektrostatik GmbH als moderner Partner der Industrie zur Steigerung von Produktivit\u00e4t, Effizienz und Ertragskraft in vielen Branchen.","potentialAction":[{"@type":"SearchAction","target":{"@type":"EntryPoint","urlTemplate":"https:\/\/www.eltex.de\/fr\/?s={search_term_string}"},"query-input":{"@type":"PropertyValueSpecification","valueRequired":true,"valueName":"search_term_string"}}],"inLanguage":"fr-FR"}]}},"_links":{"self":[{"href":"https:\/\/www.eltex.de\/fr\/wp-json\/wp\/v2\/product\/13920","targetHints":{"allow":["GET"]}}],"collection":[{"href":"https:\/\/www.eltex.de\/fr\/wp-json\/wp\/v2\/product"}],"about":[{"href":"https:\/\/www.eltex.de\/fr\/wp-json\/wp\/v2\/types\/product"}],"wp:featuredmedia":[{"embeddable":true,"href":"https:\/\/www.eltex.de\/fr\/wp-json\/wp\/v2\/media\/13917"}],"wp:attachment":[{"href":"https:\/\/www.eltex.de\/fr\/wp-json\/wp\/v2\/media?parent=13920"}],"wp:term":[{"taxonomy":"product_brand","embeddable":true,"href":"https:\/\/www.eltex.de\/fr\/wp-json\/wp\/v2\/product_brand?post=13920"},{"taxonomy":"product_cat","embeddable":true,"href":"https:\/\/www.eltex.de\/fr\/wp-json\/wp\/v2\/product_cat?post=13920"},{"taxonomy":"product_tag","embeddable":true,"href":"https:\/\/www.eltex.de\/fr\/wp-json\/wp\/v2\/product_tag?post=13920"}],"curies":[{"name":"wp","href":"https:\/\/api.w.org\/{rel}","templated":true}]}}