{"id":14257,"date":"2025-08-29T12:15:22","date_gmt":"2025-08-29T10:15:22","guid":{"rendered":"https:\/\/www.eltex.de\/?post_type=product&#038;p=14257"},"modified":"2025-09-04T09:28:45","modified_gmt":"2025-09-04T07:28:45","slug":"sensor-box-sb","status":"publish","type":"product","link":"https:\/\/www.eltex.de\/fr\/produits\/extras\/sensor-box-sb\/","title":{"rendered":"Sensorbox SB"},"content":{"rendered":"<p>Module d&rsquo;extension pour l&rsquo;entr\u00e9e des capteurs sur le g\u00e9n\u00e9rateur PRO IONIZER ES61<\/p>\n","protected":false},"excerpt":{"rendered":"<p>Bo\u00eetier pour capteure<\/p>\n","protected":false},"featured_media":14261,"template":"","meta":{"_acf_changed":false},"product_brand":[],"product_cat":[742],"product_tag":[],"class_list":{"0":"post-14257","1":"product","2":"type-product","3":"status-publish","4":"has-post-thumbnail","6":"product_cat-extras","8":"first","9":"instock","10":"shipping-taxable","11":"product-type-simple"},"acf":[],"yoast_head":"<!-- This site is optimized with the Yoast SEO plugin v27.0 - https:\/\/yoast.com\/product\/yoast-seo-wordpress\/ -->\n<title>Sensorbox SB | Eltex Elektrostatik GmbH<\/title>\n<meta name=\"robots\" content=\"index, follow, max-snippet:-1, max-image-preview:large, max-video-preview:-1\" \/>\n<link rel=\"canonical\" href=\"https:\/\/www.eltex.de\/fr\/produits\/extras\/sensor-box-sb\/\" \/>\n<meta property=\"og:locale\" content=\"fr_FR\" \/>\n<meta property=\"og:type\" content=\"article\" \/>\n<meta property=\"og:title\" content=\"Sensorbox SB | Eltex Elektrostatik GmbH\" \/>\n<meta property=\"og:description\" content=\"Bo\u00eetier pour capteure\" \/>\n<meta property=\"og:url\" content=\"https:\/\/www.eltex.de\/fr\/produits\/extras\/sensor-box-sb\/\" \/>\n<meta property=\"og:site_name\" content=\"Eltex Elektrostatik GmbH\" \/>\n<meta property=\"article:modified_time\" content=\"2025-09-04T07:28:45+00:00\" \/>\n<meta property=\"og:image\" content=\"https:\/\/www.eltex.de\/wp-content\/uploads\/SBA2D6-Sensorbox.jpg\" \/>\n\t<meta property=\"og:image:width\" content=\"2126\" \/>\n\t<meta property=\"og:image:height\" content=\"1636\" \/>\n\t<meta property=\"og:image:type\" content=\"image\/jpeg\" \/>\n<meta name=\"twitter:card\" content=\"summary_large_image\" \/>\n<script type=\"application\/ld+json\" class=\"yoast-schema-graph\">{\"@context\":\"https:\/\/schema.org\",\"@graph\":[{\"@type\":\"WebPage\",\"@id\":\"https:\/\/www.eltex.de\/fr\/produits\/extras\/sensor-box-sb\/\",\"url\":\"https:\/\/www.eltex.de\/fr\/produits\/extras\/sensor-box-sb\/\",\"name\":\"Sensorbox SB | Eltex Elektrostatik GmbH\",\"isPartOf\":{\"@id\":\"https:\/\/www.eltex.de\/fr\/#website\"},\"primaryImageOfPage\":{\"@id\":\"https:\/\/www.eltex.de\/fr\/produits\/extras\/sensor-box-sb\/#primaryimage\"},\"image\":{\"@id\":\"https:\/\/www.eltex.de\/fr\/produits\/extras\/sensor-box-sb\/#primaryimage\"},\"thumbnailUrl\":\"https:\/\/www.eltex.de\/wp-content\/uploads\/Sensorbox.jpg\",\"datePublished\":\"2025-08-29T10:15:22+00:00\",\"dateModified\":\"2025-09-04T07:28:45+00:00\",\"breadcrumb\":{\"@id\":\"https:\/\/www.eltex.de\/fr\/produits\/extras\/sensor-box-sb\/#breadcrumb\"},\"inLanguage\":\"fr-FR\",\"potentialAction\":[{\"@type\":\"ReadAction\",\"target\":[\"https:\/\/www.eltex.de\/fr\/produits\/extras\/sensor-box-sb\/\"]}]},{\"@type\":\"ImageObject\",\"inLanguage\":\"fr-FR\",\"@id\":\"https:\/\/www.eltex.de\/fr\/produits\/extras\/sensor-box-sb\/#primaryimage\",\"url\":\"https:\/\/www.eltex.de\/wp-content\/uploads\/Sensorbox.jpg\",\"contentUrl\":\"https:\/\/www.eltex.de\/wp-content\/uploads\/Sensorbox.jpg\",\"width\":1365,\"height\":640},{\"@type\":\"BreadcrumbList\",\"@id\":\"https:\/\/www.eltex.de\/fr\/produits\/extras\/sensor-box-sb\/#breadcrumb\",\"itemListElement\":[{\"@type\":\"ListItem\",\"position\":1,\"name\":\"Eltex\",\"item\":\"https:\/\/www.eltex.de\/fr\/\"},{\"@type\":\"ListItem\",\"position\":2,\"name\":\"Produits\",\"item\":\"https:\/\/www.eltex.de\/fr\/produits\/\"},{\"@type\":\"ListItem\",\"position\":3,\"name\":\"Extras\",\"item\":\"https:\/\/www.eltex.de\/fr\/cat\u00e9gorie-produit\/extras\/\"},{\"@type\":\"ListItem\",\"position\":4,\"name\":\"Sensorbox SB\"}]},{\"@type\":\"WebSite\",\"@id\":\"https:\/\/www.eltex.de\/fr\/#website\",\"url\":\"https:\/\/www.eltex.de\/fr\/\",\"name\":\"Eltex Elektrostatik GmbH\",\"description\":\"Die Eltex Elektrostatik GmbH als moderner Partner der Industrie zur Steigerung von Produktivit\u00e4t, Effizienz und Ertragskraft in vielen Branchen.\",\"potentialAction\":[{\"@type\":\"SearchAction\",\"target\":{\"@type\":\"EntryPoint\",\"urlTemplate\":\"https:\/\/www.eltex.de\/fr\/?s={search_term_string}\"},\"query-input\":{\"@type\":\"PropertyValueSpecification\",\"valueRequired\":true,\"valueName\":\"search_term_string\"}}],\"inLanguage\":\"fr-FR\"}]}<\/script>\n<!-- \/ Yoast SEO plugin. -->","yoast_head_json":{"title":"Sensorbox SB | Eltex Elektrostatik GmbH","robots":{"index":"index","follow":"follow","max-snippet":"max-snippet:-1","max-image-preview":"max-image-preview:large","max-video-preview":"max-video-preview:-1"},"canonical":"https:\/\/www.eltex.de\/fr\/produits\/extras\/sensor-box-sb\/","og_locale":"fr_FR","og_type":"article","og_title":"Sensorbox SB | Eltex Elektrostatik GmbH","og_description":"Bo\u00eetier pour capteure","og_url":"https:\/\/www.eltex.de\/fr\/produits\/extras\/sensor-box-sb\/","og_site_name":"Eltex Elektrostatik GmbH","article_modified_time":"2025-09-04T07:28:45+00:00","og_image":[{"width":2126,"height":1636,"url":"https:\/\/www.eltex.de\/wp-content\/uploads\/SBA2D6-Sensorbox.jpg","type":"image\/jpeg"}],"twitter_card":"summary_large_image","schema":{"@context":"https:\/\/schema.org","@graph":[{"@type":"WebPage","@id":"https:\/\/www.eltex.de\/fr\/produits\/extras\/sensor-box-sb\/","url":"https:\/\/www.eltex.de\/fr\/produits\/extras\/sensor-box-sb\/","name":"Sensorbox SB | Eltex Elektrostatik GmbH","isPartOf":{"@id":"https:\/\/www.eltex.de\/fr\/#website"},"primaryImageOfPage":{"@id":"https:\/\/www.eltex.de\/fr\/produits\/extras\/sensor-box-sb\/#primaryimage"},"image":{"@id":"https:\/\/www.eltex.de\/fr\/produits\/extras\/sensor-box-sb\/#primaryimage"},"thumbnailUrl":"https:\/\/www.eltex.de\/wp-content\/uploads\/Sensorbox.jpg","datePublished":"2025-08-29T10:15:22+00:00","dateModified":"2025-09-04T07:28:45+00:00","breadcrumb":{"@id":"https:\/\/www.eltex.de\/fr\/produits\/extras\/sensor-box-sb\/#breadcrumb"},"inLanguage":"fr-FR","potentialAction":[{"@type":"ReadAction","target":["https:\/\/www.eltex.de\/fr\/produits\/extras\/sensor-box-sb\/"]}]},{"@type":"ImageObject","inLanguage":"fr-FR","@id":"https:\/\/www.eltex.de\/fr\/produits\/extras\/sensor-box-sb\/#primaryimage","url":"https:\/\/www.eltex.de\/wp-content\/uploads\/Sensorbox.jpg","contentUrl":"https:\/\/www.eltex.de\/wp-content\/uploads\/Sensorbox.jpg","width":1365,"height":640},{"@type":"BreadcrumbList","@id":"https:\/\/www.eltex.de\/fr\/produits\/extras\/sensor-box-sb\/#breadcrumb","itemListElement":[{"@type":"ListItem","position":1,"name":"Eltex","item":"https:\/\/www.eltex.de\/fr\/"},{"@type":"ListItem","position":2,"name":"Produits","item":"https:\/\/www.eltex.de\/fr\/produits\/"},{"@type":"ListItem","position":3,"name":"Extras","item":"https:\/\/www.eltex.de\/fr\/cat\u00e9gorie-produit\/extras\/"},{"@type":"ListItem","position":4,"name":"Sensorbox SB"}]},{"@type":"WebSite","@id":"https:\/\/www.eltex.de\/fr\/#website","url":"https:\/\/www.eltex.de\/fr\/","name":"Eltex Elektrostatik GmbH","description":"Die Eltex Elektrostatik GmbH als moderner Partner der Industrie zur Steigerung von Produktivit\u00e4t, Effizienz und Ertragskraft in vielen Branchen.","potentialAction":[{"@type":"SearchAction","target":{"@type":"EntryPoint","urlTemplate":"https:\/\/www.eltex.de\/fr\/?s={search_term_string}"},"query-input":{"@type":"PropertyValueSpecification","valueRequired":true,"valueName":"search_term_string"}}],"inLanguage":"fr-FR"}]}},"_links":{"self":[{"href":"https:\/\/www.eltex.de\/fr\/wp-json\/wp\/v2\/product\/14257","targetHints":{"allow":["GET"]}}],"collection":[{"href":"https:\/\/www.eltex.de\/fr\/wp-json\/wp\/v2\/product"}],"about":[{"href":"https:\/\/www.eltex.de\/fr\/wp-json\/wp\/v2\/types\/product"}],"wp:featuredmedia":[{"embeddable":true,"href":"https:\/\/www.eltex.de\/fr\/wp-json\/wp\/v2\/media\/14261"}],"wp:attachment":[{"href":"https:\/\/www.eltex.de\/fr\/wp-json\/wp\/v2\/media?parent=14257"}],"wp:term":[{"taxonomy":"product_brand","embeddable":true,"href":"https:\/\/www.eltex.de\/fr\/wp-json\/wp\/v2\/product_brand?post=14257"},{"taxonomy":"product_cat","embeddable":true,"href":"https:\/\/www.eltex.de\/fr\/wp-json\/wp\/v2\/product_cat?post=14257"},{"taxonomy":"product_tag","embeddable":true,"href":"https:\/\/www.eltex.de\/fr\/wp-json\/wp\/v2\/product_tag?post=14257"}],"curies":[{"name":"wp","href":"https:\/\/api.w.org\/{rel}","templated":true}]}}