{"id":3861,"date":"2018-04-09T16:35:29","date_gmt":"2018-04-09T14:35:29","guid":{"rendered":"https:\/\/eltex.de\/produkte\/non%20class\u00e9\/sichere-kontrolle-der-erdverbindungen\/"},"modified":"2022-09-05T14:36:15","modified_gmt":"2022-09-05T12:36:15","slug":"sichere-kontrolle-der-erdverbindungen","status":"publish","type":"product","link":"https:\/\/www.eltex.de\/fr\/produits\/erdung-fr\/mise-a-la-terre-passive\/sichere-kontrolle-der-erdverbindungen\/","title":{"rendered":"Pinces de mise \u00e0 la terre passive"},"content":{"rendered":"<p>Les pinces de mise \u00e0 la terre passive Eltex s\u00e9rie <strong>TERRA<\/strong>CLAMP et 70 sont con\u00e7ues pour une connexion \u00e0 la terre facile.\u00a0Les pinces sont utilis\u00e9es lors du transfert ou du remplissage de substances explosives.\u00a0Les charges \u00e9lectrostatiques \u00e9mergentes sont efficacement dissip\u00e9es.<\/p>\n<p>&nbsp;<\/p>\n<p>Les pinces de mise \u00e0 la terre passive\u00a0TERRA-C\/P, 70SG, 70PG, 70OK et 70PK\u00a0sont dot\u00e9es de mors extr\u00eamement durs et pointus pouvant p\u00e9n\u00e9trer dans les\u00a0rev\u00eatements existants en\u00a0toute s\u00e9curit\u00e9.\u00a0A cet effet, les pinces ont une force de fermeture \u00e9lev\u00e9e garantissant une connexion \u00e9quipotentielle s\u00fbre et durable.<\/p>\n<p>&nbsp;<\/p>\n<p>De plus, les\u00a0pinces de mise \u00e0 la terre TERRA-C\/POS, 70SG et 70PK\u00a0ont une connexion par fiche pour une connexion tr\u00e8s facile aux c\u00e2bles de mise \u00e0 la terre passifs, aux c\u00e2bles spiral\u00e9s et aux enrouleurs de c\u00e2ble \u00e9galement disponibles.<\/p>\n","protected":false},"excerpt":{"rendered":"<p>Pinces de mise \u00e0 la terre TERRA-C\/P,\u00a0 70OK, 70PK<\/p>\n","protected":false},"featured_media":9918,"template":"","meta":{"_acf_changed":false},"product_brand":[],"product_cat":[501],"product_tag":[],"class_list":{"0":"post-3861","1":"product","2":"type-product","3":"status-publish","4":"has-post-thumbnail","6":"product_cat-mise-a-la-terre-passive","7":"pa_produktmerkmale-einsatz-in-ex-bereich-zone-1-2-21-22-fr","8":"pa_produktmerkmale-unterschiedliche-ausfuehrungen-und-groessen-fr","10":"first","11":"instock","12":"shipping-taxable","13":"product-type-simple"},"acf":[],"yoast_head":"<!-- This site is optimized with the Yoast SEO plugin v27.5 - https:\/\/yoast.com\/product\/yoast-seo-wordpress\/ -->\n<title>Pinces de mise \u00e0 la terre passive | Eltex Elektrostatik GmbH<\/title>\n<meta name=\"robots\" content=\"index, follow, max-snippet:-1, max-image-preview:large, max-video-preview:-1\" \/>\n<link rel=\"canonical\" href=\"https:\/\/www.eltex.de\/fr\/produits\/erdung-fr\/mise-a-la-terre-passive\/sichere-kontrolle-der-erdverbindungen\/\" \/>\n<meta property=\"og:locale\" content=\"fr_FR\" \/>\n<meta property=\"og:type\" content=\"article\" \/>\n<meta property=\"og:title\" content=\"Pinces de mise \u00e0 la terre passive | Eltex Elektrostatik GmbH\" \/>\n<meta property=\"og:description\" content=\"Pinces de mise \u00e0 la terre TERRA-C\/P,\u00a0 70OK, 70PK\" \/>\n<meta property=\"og:url\" content=\"https:\/\/www.eltex.de\/fr\/produits\/erdung-fr\/mise-a-la-terre-passive\/sichere-kontrolle-der-erdverbindungen\/\" \/>\n<meta property=\"og:site_name\" content=\"Eltex Elektrostatik GmbH\" \/>\n<meta property=\"article:modified_time\" content=\"2022-09-05T12:36:15+00:00\" \/>\n<meta property=\"og:image\" content=\"https:\/\/www.eltex.de\/wp-content\/uploads\/TERRA-C_P-6-8.png\" \/>\n\t<meta property=\"og:image:width\" content=\"838\" \/>\n\t<meta property=\"og:image:height\" content=\"381\" \/>\n\t<meta property=\"og:image:type\" content=\"image\/png\" \/>\n<meta name=\"twitter:card\" content=\"summary_large_image\" \/>\n<meta name=\"twitter:label1\" content=\"Dur\u00e9e de lecture estim\u00e9e\" \/>\n\t<meta name=\"twitter:data1\" content=\"1 minute\" \/>\n<script type=\"application\/ld+json\" class=\"yoast-schema-graph\">{\"@context\":\"https:\\\/\\\/schema.org\",\"@graph\":[{\"@type\":\"WebPage\",\"@id\":\"https:\\\/\\\/www.eltex.de\\\/fr\\\/produits\\\/erdung-fr\\\/mise-a-la-terre-passive\\\/sichere-kontrolle-der-erdverbindungen\\\/\",\"url\":\"https:\\\/\\\/www.eltex.de\\\/fr\\\/produits\\\/erdung-fr\\\/mise-a-la-terre-passive\\\/sichere-kontrolle-der-erdverbindungen\\\/\",\"name\":\"Pinces de mise \u00e0 la terre passive | Eltex Elektrostatik GmbH\",\"isPartOf\":{\"@id\":\"https:\\\/\\\/www.eltex.de\\\/fr\\\/#website\"},\"primaryImageOfPage\":{\"@id\":\"https:\\\/\\\/www.eltex.de\\\/fr\\\/produits\\\/erdung-fr\\\/mise-a-la-terre-passive\\\/sichere-kontrolle-der-erdverbindungen\\\/#primaryimage\"},\"image\":{\"@id\":\"https:\\\/\\\/www.eltex.de\\\/fr\\\/produits\\\/erdung-fr\\\/mise-a-la-terre-passive\\\/sichere-kontrolle-der-erdverbindungen\\\/#primaryimage\"},\"thumbnailUrl\":\"https:\\\/\\\/www.eltex.de\\\/wp-content\\\/uploads\\\/TERRA-C_P-6-4.png\",\"datePublished\":\"2018-04-09T14:35:29+00:00\",\"dateModified\":\"2022-09-05T12:36:15+00:00\",\"breadcrumb\":{\"@id\":\"https:\\\/\\\/www.eltex.de\\\/fr\\\/produits\\\/erdung-fr\\\/mise-a-la-terre-passive\\\/sichere-kontrolle-der-erdverbindungen\\\/#breadcrumb\"},\"inLanguage\":\"fr-FR\",\"potentialAction\":[{\"@type\":\"ReadAction\",\"target\":[\"https:\\\/\\\/www.eltex.de\\\/fr\\\/produits\\\/erdung-fr\\\/mise-a-la-terre-passive\\\/sichere-kontrolle-der-erdverbindungen\\\/\"]}]},{\"@type\":\"ImageObject\",\"inLanguage\":\"fr-FR\",\"@id\":\"https:\\\/\\\/www.eltex.de\\\/fr\\\/produits\\\/erdung-fr\\\/mise-a-la-terre-passive\\\/sichere-kontrolle-der-erdverbindungen\\\/#primaryimage\",\"url\":\"https:\\\/\\\/www.eltex.de\\\/wp-content\\\/uploads\\\/TERRA-C_P-6-4.png\",\"contentUrl\":\"https:\\\/\\\/www.eltex.de\\\/wp-content\\\/uploads\\\/TERRA-C_P-6-4.png\",\"width\":838,\"height\":381},{\"@type\":\"BreadcrumbList\",\"@id\":\"https:\\\/\\\/www.eltex.de\\\/fr\\\/produits\\\/erdung-fr\\\/mise-a-la-terre-passive\\\/sichere-kontrolle-der-erdverbindungen\\\/#breadcrumb\",\"itemListElement\":[{\"@type\":\"ListItem\",\"position\":1,\"name\":\"Eltex\",\"item\":\"https:\\\/\\\/www.eltex.de\\\/fr\\\/\"},{\"@type\":\"ListItem\",\"position\":2,\"name\":\"Produits\",\"item\":\"https:\\\/\\\/www.eltex.de\\\/fr\\\/produits\\\/\"},{\"@type\":\"ListItem\",\"position\":3,\"name\":\"Mise \u00e0 la terre\",\"item\":\"https:\\\/\\\/www.eltex.de\\\/fr\\\/cat\u00e9gorie-produit\\\/erdung-fr\\\/\"},{\"@type\":\"ListItem\",\"position\":4,\"name\":\"Mise \u00e0 la terre active avec autorisation de processus (TERRABOX)\",\"item\":\"https:\\\/\\\/www.eltex.de\\\/fr\\\/cat\u00e9gorie-produit\\\/erdung-fr\\\/systemes-de-mise-a-la-terre-active-avec-controle-des-processus\\\/\"},{\"@type\":\"ListItem\",\"position\":5,\"name\":\"Pinces de mise \u00e0 la terre passive\"}]},{\"@type\":\"WebSite\",\"@id\":\"https:\\\/\\\/www.eltex.de\\\/fr\\\/#website\",\"url\":\"https:\\\/\\\/www.eltex.de\\\/fr\\\/\",\"name\":\"Eltex Elektrostatik GmbH\",\"description\":\"Die Eltex Elektrostatik GmbH als moderner Partner der Industrie zur Steigerung von Produktivit\u00e4t, Effizienz und Ertragskraft in vielen Branchen.\",\"potentialAction\":[{\"@type\":\"SearchAction\",\"target\":{\"@type\":\"EntryPoint\",\"urlTemplate\":\"https:\\\/\\\/www.eltex.de\\\/fr\\\/?s={search_term_string}\"},\"query-input\":{\"@type\":\"PropertyValueSpecification\",\"valueRequired\":true,\"valueName\":\"search_term_string\"}}],\"inLanguage\":\"fr-FR\"}]}<\/script>\n<!-- \/ Yoast SEO plugin. -->","yoast_head_json":{"title":"Pinces de mise \u00e0 la terre passive | Eltex Elektrostatik GmbH","robots":{"index":"index","follow":"follow","max-snippet":"max-snippet:-1","max-image-preview":"max-image-preview:large","max-video-preview":"max-video-preview:-1"},"canonical":"https:\/\/www.eltex.de\/fr\/produits\/erdung-fr\/mise-a-la-terre-passive\/sichere-kontrolle-der-erdverbindungen\/","og_locale":"fr_FR","og_type":"article","og_title":"Pinces de mise \u00e0 la terre passive | Eltex Elektrostatik GmbH","og_description":"Pinces de mise \u00e0 la terre TERRA-C\/P,\u00a0 70OK, 70PK","og_url":"https:\/\/www.eltex.de\/fr\/produits\/erdung-fr\/mise-a-la-terre-passive\/sichere-kontrolle-der-erdverbindungen\/","og_site_name":"Eltex Elektrostatik GmbH","article_modified_time":"2022-09-05T12:36:15+00:00","og_image":[{"width":838,"height":381,"url":"https:\/\/www.eltex.de\/wp-content\/uploads\/TERRA-C_P-6-8.png","type":"image\/png"}],"twitter_card":"summary_large_image","twitter_misc":{"Dur\u00e9e de lecture estim\u00e9e":"1 minute"},"schema":{"@context":"https:\/\/schema.org","@graph":[{"@type":"WebPage","@id":"https:\/\/www.eltex.de\/fr\/produits\/erdung-fr\/mise-a-la-terre-passive\/sichere-kontrolle-der-erdverbindungen\/","url":"https:\/\/www.eltex.de\/fr\/produits\/erdung-fr\/mise-a-la-terre-passive\/sichere-kontrolle-der-erdverbindungen\/","name":"Pinces de mise \u00e0 la terre passive | Eltex Elektrostatik GmbH","isPartOf":{"@id":"https:\/\/www.eltex.de\/fr\/#website"},"primaryImageOfPage":{"@id":"https:\/\/www.eltex.de\/fr\/produits\/erdung-fr\/mise-a-la-terre-passive\/sichere-kontrolle-der-erdverbindungen\/#primaryimage"},"image":{"@id":"https:\/\/www.eltex.de\/fr\/produits\/erdung-fr\/mise-a-la-terre-passive\/sichere-kontrolle-der-erdverbindungen\/#primaryimage"},"thumbnailUrl":"https:\/\/www.eltex.de\/wp-content\/uploads\/TERRA-C_P-6-4.png","datePublished":"2018-04-09T14:35:29+00:00","dateModified":"2022-09-05T12:36:15+00:00","breadcrumb":{"@id":"https:\/\/www.eltex.de\/fr\/produits\/erdung-fr\/mise-a-la-terre-passive\/sichere-kontrolle-der-erdverbindungen\/#breadcrumb"},"inLanguage":"fr-FR","potentialAction":[{"@type":"ReadAction","target":["https:\/\/www.eltex.de\/fr\/produits\/erdung-fr\/mise-a-la-terre-passive\/sichere-kontrolle-der-erdverbindungen\/"]}]},{"@type":"ImageObject","inLanguage":"fr-FR","@id":"https:\/\/www.eltex.de\/fr\/produits\/erdung-fr\/mise-a-la-terre-passive\/sichere-kontrolle-der-erdverbindungen\/#primaryimage","url":"https:\/\/www.eltex.de\/wp-content\/uploads\/TERRA-C_P-6-4.png","contentUrl":"https:\/\/www.eltex.de\/wp-content\/uploads\/TERRA-C_P-6-4.png","width":838,"height":381},{"@type":"BreadcrumbList","@id":"https:\/\/www.eltex.de\/fr\/produits\/erdung-fr\/mise-a-la-terre-passive\/sichere-kontrolle-der-erdverbindungen\/#breadcrumb","itemListElement":[{"@type":"ListItem","position":1,"name":"Eltex","item":"https:\/\/www.eltex.de\/fr\/"},{"@type":"ListItem","position":2,"name":"Produits","item":"https:\/\/www.eltex.de\/fr\/produits\/"},{"@type":"ListItem","position":3,"name":"Mise \u00e0 la terre","item":"https:\/\/www.eltex.de\/fr\/cat\u00e9gorie-produit\/erdung-fr\/"},{"@type":"ListItem","position":4,"name":"Mise \u00e0 la terre active avec autorisation de processus (TERRABOX)","item":"https:\/\/www.eltex.de\/fr\/cat\u00e9gorie-produit\/erdung-fr\/systemes-de-mise-a-la-terre-active-avec-controle-des-processus\/"},{"@type":"ListItem","position":5,"name":"Pinces de mise \u00e0 la terre passive"}]},{"@type":"WebSite","@id":"https:\/\/www.eltex.de\/fr\/#website","url":"https:\/\/www.eltex.de\/fr\/","name":"Eltex Elektrostatik GmbH","description":"Die Eltex Elektrostatik GmbH als moderner Partner der Industrie zur Steigerung von Produktivit\u00e4t, Effizienz und Ertragskraft in vielen Branchen.","potentialAction":[{"@type":"SearchAction","target":{"@type":"EntryPoint","urlTemplate":"https:\/\/www.eltex.de\/fr\/?s={search_term_string}"},"query-input":{"@type":"PropertyValueSpecification","valueRequired":true,"valueName":"search_term_string"}}],"inLanguage":"fr-FR"}]}},"_links":{"self":[{"href":"https:\/\/www.eltex.de\/fr\/wp-json\/wp\/v2\/product\/3861","targetHints":{"allow":["GET"]}}],"collection":[{"href":"https:\/\/www.eltex.de\/fr\/wp-json\/wp\/v2\/product"}],"about":[{"href":"https:\/\/www.eltex.de\/fr\/wp-json\/wp\/v2\/types\/product"}],"wp:featuredmedia":[{"embeddable":true,"href":"https:\/\/www.eltex.de\/fr\/wp-json\/wp\/v2\/media\/9918"}],"wp:attachment":[{"href":"https:\/\/www.eltex.de\/fr\/wp-json\/wp\/v2\/media?parent=3861"}],"wp:term":[{"taxonomy":"product_brand","embeddable":true,"href":"https:\/\/www.eltex.de\/fr\/wp-json\/wp\/v2\/product_brand?post=3861"},{"taxonomy":"product_cat","embeddable":true,"href":"https:\/\/www.eltex.de\/fr\/wp-json\/wp\/v2\/product_cat?post=3861"},{"taxonomy":"product_tag","embeddable":true,"href":"https:\/\/www.eltex.de\/fr\/wp-json\/wp\/v2\/product_tag?post=3861"}],"curies":[{"name":"wp","href":"https:\/\/api.w.org\/{rel}","templated":true}]}}