{"id":3862,"date":"2018-01-22T08:44:15","date_gmt":"2018-01-22T07:44:15","guid":{"rendered":"https:\/\/eltex.de\/produkte\/non%20class\u00e9\/exr5c\/"},"modified":"2022-09-05T14:36:20","modified_gmt":"2022-09-05T12:36:20","slug":"exr5c","status":"publish","type":"product","link":"https:\/\/www.eltex.de\/fr\/produits\/static-control-fr\/decharge\/entladeelektroden-fr\/exr5c\/","title":{"rendered":"exBAR EXR5C"},"content":{"rendered":"<p>D\u00e9chargement s\u00fbr, m\u00eame en zone EX<\/p>\n<p>L&rsquo;exBAR EXR5C est aliment\u00e9 par une tension alternative de 5 kV \u00e0 50&#8230;60 Hz et est autoris\u00e9 \u00e0 \u00eatre utilis\u00e9 dans des atmosph\u00e8res explosives des groupes IIG et IID. Il correspond \u00e0 la cat\u00e9gorie d&rsquo;appareils 2 (mat\u00e9riel de la zone 1).<\/p>\n","protected":false},"excerpt":{"rendered":"<p>Electrode de d\u00e9charge pour zone Ex<\/p>\n","protected":false},"featured_media":11753,"template":"","meta":{"_acf_changed":false},"product_brand":[],"product_cat":[379],"product_tag":[],"class_list":{"0":"post-3862","1":"product","2":"type-product","3":"status-publish","4":"has-post-thumbnail","6":"product_cat-entladeelektroden-fr","7":"pa_anwendungsbereiche-heatset-rollenoffset-digitaldruck-fr","8":"pa_anwendungsbereiche-vereinzelung-von-kleinteilen-fr","9":"pa_anwendungsbereiche-pelliculage-laminage-et-enduction","10":"pa_anwendungsbereiche-verpackungs-illustrationstiefdruck-fr","11":"pa_anwendungsbereiche-ampoules-corps-creux-fr","12":"pa_anwendungsbereiche-pharmazie-fr","13":"pa_anwendungsbereiche-weiterverarbeitung-fr","14":"pa_anwendungsbereiche-enroulement-et-emballage-fr","15":"pa_anwendungsbereiche-reinigen-und-ionisieren-fr","16":"pa_anwendungsbereiche-bogenoffset-fr","17":"pa_anwendungsbereiche-reinigung-von-flaechen-fr","18":"pa_anwendungsbereiche-dosier-und-mischgeraete-fr","19":"pa_anwendungsbereiche-reinigung-von-flaechen-vor-dem-lackieren-fr","20":"pa_anwendungsbereiche-elektrotechnik-fr","21":"pa_anwendungsbereiche-nettoyage-de-pieces-plastique","22":"pa_anwendungsbereiche-decharge-de-formes-plastique","23":"pa_anwendungsbereiche-production-de-sacs-et-gaines","24":"pa_anwendungsbereiche-entladung-von-kunststoffteilen-fr","25":"pa_anwendungsbereiche-schutzpapiere-fr","26":"pa_anwendungsbereiche-films-d-emballage-fr","27":"pa_anwendungsbereiche-textilindustrie-fr","28":"pa_anwendungsbereiche-formteilherstellung-fr","29":"pa_anwendungsbereiche-tiefziehautomaten-fr","30":"pa_industriebereiche-textil-fr-2","31":"pa_industriebereiche-automation","32":"pa_industriebereiche-automobile","33":"pa_industriebereiche-chimie-pharmacie","34":"pa_industriebereiche-converting","35":"pa_industriebereiche-electronique","36":"pa_industriebereiche-plastique","37":"pa_industriebereiche-meuble","39":"first","40":"instock","41":"shipping-taxable","42":"product-type-simple"},"acf":[],"yoast_head":"<!-- This site is optimized with the Yoast SEO plugin v27.3 - https:\/\/yoast.com\/product\/yoast-seo-wordpress\/ -->\n<title>exBAR EXR5C | Eltex Elektrostatik GmbH<\/title>\n<meta name=\"robots\" content=\"index, follow, max-snippet:-1, max-image-preview:large, max-video-preview:-1\" \/>\n<link rel=\"canonical\" href=\"https:\/\/www.eltex.de\/fr\/produits\/static-control-fr\/decharge\/entladeelektroden-fr\/exr5c\/\" \/>\n<meta property=\"og:locale\" content=\"fr_FR\" \/>\n<meta property=\"og:type\" content=\"article\" \/>\n<meta property=\"og:title\" content=\"exBAR EXR5C | Eltex Elektrostatik GmbH\" \/>\n<meta property=\"og:description\" content=\"Electrode de d\u00e9charge pour zone Ex\" \/>\n<meta property=\"og:url\" content=\"https:\/\/www.eltex.de\/fr\/produits\/static-control-fr\/decharge\/entladeelektroden-fr\/exr5c\/\" \/>\n<meta property=\"og:site_name\" content=\"Eltex Elektrostatik GmbH\" \/>\n<meta property=\"article:modified_time\" content=\"2022-09-05T12:36:20+00:00\" \/>\n<meta property=\"og:image\" content=\"https:\/\/www.eltex.de\/wp-content\/uploads\/exBAR-EXR5C-ex-7.jpg\" \/>\n\t<meta property=\"og:image:width\" content=\"1365\" \/>\n\t<meta property=\"og:image:height\" content=\"640\" \/>\n\t<meta property=\"og:image:type\" content=\"image\/jpeg\" \/>\n<meta name=\"twitter:card\" content=\"summary_large_image\" \/>\n<script type=\"application\/ld+json\" class=\"yoast-schema-graph\">{\"@context\":\"https:\\\/\\\/schema.org\",\"@graph\":[{\"@type\":\"WebPage\",\"@id\":\"https:\\\/\\\/www.eltex.de\\\/fr\\\/produits\\\/static-control-fr\\\/decharge\\\/entladeelektroden-fr\\\/exr5c\\\/\",\"url\":\"https:\\\/\\\/www.eltex.de\\\/fr\\\/produits\\\/static-control-fr\\\/decharge\\\/entladeelektroden-fr\\\/exr5c\\\/\",\"name\":\"exBAR EXR5C | Eltex Elektrostatik GmbH\",\"isPartOf\":{\"@id\":\"https:\\\/\\\/www.eltex.de\\\/fr\\\/#website\"},\"primaryImageOfPage\":{\"@id\":\"https:\\\/\\\/www.eltex.de\\\/fr\\\/produits\\\/static-control-fr\\\/decharge\\\/entladeelektroden-fr\\\/exr5c\\\/#primaryimage\"},\"image\":{\"@id\":\"https:\\\/\\\/www.eltex.de\\\/fr\\\/produits\\\/static-control-fr\\\/decharge\\\/entladeelektroden-fr\\\/exr5c\\\/#primaryimage\"},\"thumbnailUrl\":\"https:\\\/\\\/www.eltex.de\\\/wp-content\\\/uploads\\\/exBAR_Kabel-ex.jpg\",\"datePublished\":\"2018-01-22T07:44:15+00:00\",\"dateModified\":\"2022-09-05T12:36:20+00:00\",\"breadcrumb\":{\"@id\":\"https:\\\/\\\/www.eltex.de\\\/fr\\\/produits\\\/static-control-fr\\\/decharge\\\/entladeelektroden-fr\\\/exr5c\\\/#breadcrumb\"},\"inLanguage\":\"fr-FR\",\"potentialAction\":[{\"@type\":\"ReadAction\",\"target\":[\"https:\\\/\\\/www.eltex.de\\\/fr\\\/produits\\\/static-control-fr\\\/decharge\\\/entladeelektroden-fr\\\/exr5c\\\/\"]}]},{\"@type\":\"ImageObject\",\"inLanguage\":\"fr-FR\",\"@id\":\"https:\\\/\\\/www.eltex.de\\\/fr\\\/produits\\\/static-control-fr\\\/decharge\\\/entladeelektroden-fr\\\/exr5c\\\/#primaryimage\",\"url\":\"https:\\\/\\\/www.eltex.de\\\/wp-content\\\/uploads\\\/exBAR_Kabel-ex.jpg\",\"contentUrl\":\"https:\\\/\\\/www.eltex.de\\\/wp-content\\\/uploads\\\/exBAR_Kabel-ex.jpg\",\"width\":1365,\"height\":640,\"caption\":\"exBAR_Kabel-ex\"},{\"@type\":\"BreadcrumbList\",\"@id\":\"https:\\\/\\\/www.eltex.de\\\/fr\\\/produits\\\/static-control-fr\\\/decharge\\\/entladeelektroden-fr\\\/exr5c\\\/#breadcrumb\",\"itemListElement\":[{\"@type\":\"ListItem\",\"position\":1,\"name\":\"Eltex\",\"item\":\"https:\\\/\\\/www.eltex.de\\\/fr\\\/\"},{\"@type\":\"ListItem\",\"position\":2,\"name\":\"Produits\",\"item\":\"https:\\\/\\\/www.eltex.de\\\/fr\\\/produits\\\/\"},{\"@type\":\"ListItem\",\"position\":3,\"name\":\"Static Control\",\"item\":\"https:\\\/\\\/www.eltex.de\\\/fr\\\/cat\u00e9gorie-produit\\\/static-control-fr\\\/\"},{\"@type\":\"ListItem\",\"position\":4,\"name\":\"D\u00e9charge\",\"item\":\"https:\\\/\\\/www.eltex.de\\\/fr\\\/cat\u00e9gorie-produit\\\/static-control-fr\\\/decharge\\\/\"},{\"@type\":\"ListItem\",\"position\":5,\"name\":\"Electrodes de d\u00e9charge\",\"item\":\"https:\\\/\\\/www.eltex.de\\\/fr\\\/cat\u00e9gorie-produit\\\/static-control-fr\\\/decharge\\\/entladeelektroden-fr\\\/\"},{\"@type\":\"ListItem\",\"position\":6,\"name\":\"exBAR EXR5C\"}]},{\"@type\":\"WebSite\",\"@id\":\"https:\\\/\\\/www.eltex.de\\\/fr\\\/#website\",\"url\":\"https:\\\/\\\/www.eltex.de\\\/fr\\\/\",\"name\":\"Eltex Elektrostatik GmbH\",\"description\":\"Die Eltex Elektrostatik GmbH als moderner Partner der Industrie zur Steigerung von Produktivit\u00e4t, Effizienz und Ertragskraft in vielen Branchen.\",\"potentialAction\":[{\"@type\":\"SearchAction\",\"target\":{\"@type\":\"EntryPoint\",\"urlTemplate\":\"https:\\\/\\\/www.eltex.de\\\/fr\\\/?s={search_term_string}\"},\"query-input\":{\"@type\":\"PropertyValueSpecification\",\"valueRequired\":true,\"valueName\":\"search_term_string\"}}],\"inLanguage\":\"fr-FR\"}]}<\/script>\n<!-- \/ Yoast SEO plugin. -->","yoast_head_json":{"title":"exBAR EXR5C | Eltex Elektrostatik GmbH","robots":{"index":"index","follow":"follow","max-snippet":"max-snippet:-1","max-image-preview":"max-image-preview:large","max-video-preview":"max-video-preview:-1"},"canonical":"https:\/\/www.eltex.de\/fr\/produits\/static-control-fr\/decharge\/entladeelektroden-fr\/exr5c\/","og_locale":"fr_FR","og_type":"article","og_title":"exBAR EXR5C | Eltex Elektrostatik GmbH","og_description":"Electrode de d\u00e9charge pour zone Ex","og_url":"https:\/\/www.eltex.de\/fr\/produits\/static-control-fr\/decharge\/entladeelektroden-fr\/exr5c\/","og_site_name":"Eltex Elektrostatik GmbH","article_modified_time":"2022-09-05T12:36:20+00:00","og_image":[{"width":1365,"height":640,"url":"https:\/\/www.eltex.de\/wp-content\/uploads\/exBAR-EXR5C-ex-7.jpg","type":"image\/jpeg"}],"twitter_card":"summary_large_image","schema":{"@context":"https:\/\/schema.org","@graph":[{"@type":"WebPage","@id":"https:\/\/www.eltex.de\/fr\/produits\/static-control-fr\/decharge\/entladeelektroden-fr\/exr5c\/","url":"https:\/\/www.eltex.de\/fr\/produits\/static-control-fr\/decharge\/entladeelektroden-fr\/exr5c\/","name":"exBAR EXR5C | Eltex Elektrostatik GmbH","isPartOf":{"@id":"https:\/\/www.eltex.de\/fr\/#website"},"primaryImageOfPage":{"@id":"https:\/\/www.eltex.de\/fr\/produits\/static-control-fr\/decharge\/entladeelektroden-fr\/exr5c\/#primaryimage"},"image":{"@id":"https:\/\/www.eltex.de\/fr\/produits\/static-control-fr\/decharge\/entladeelektroden-fr\/exr5c\/#primaryimage"},"thumbnailUrl":"https:\/\/www.eltex.de\/wp-content\/uploads\/exBAR_Kabel-ex.jpg","datePublished":"2018-01-22T07:44:15+00:00","dateModified":"2022-09-05T12:36:20+00:00","breadcrumb":{"@id":"https:\/\/www.eltex.de\/fr\/produits\/static-control-fr\/decharge\/entladeelektroden-fr\/exr5c\/#breadcrumb"},"inLanguage":"fr-FR","potentialAction":[{"@type":"ReadAction","target":["https:\/\/www.eltex.de\/fr\/produits\/static-control-fr\/decharge\/entladeelektroden-fr\/exr5c\/"]}]},{"@type":"ImageObject","inLanguage":"fr-FR","@id":"https:\/\/www.eltex.de\/fr\/produits\/static-control-fr\/decharge\/entladeelektroden-fr\/exr5c\/#primaryimage","url":"https:\/\/www.eltex.de\/wp-content\/uploads\/exBAR_Kabel-ex.jpg","contentUrl":"https:\/\/www.eltex.de\/wp-content\/uploads\/exBAR_Kabel-ex.jpg","width":1365,"height":640,"caption":"exBAR_Kabel-ex"},{"@type":"BreadcrumbList","@id":"https:\/\/www.eltex.de\/fr\/produits\/static-control-fr\/decharge\/entladeelektroden-fr\/exr5c\/#breadcrumb","itemListElement":[{"@type":"ListItem","position":1,"name":"Eltex","item":"https:\/\/www.eltex.de\/fr\/"},{"@type":"ListItem","position":2,"name":"Produits","item":"https:\/\/www.eltex.de\/fr\/produits\/"},{"@type":"ListItem","position":3,"name":"Static Control","item":"https:\/\/www.eltex.de\/fr\/cat\u00e9gorie-produit\/static-control-fr\/"},{"@type":"ListItem","position":4,"name":"D\u00e9charge","item":"https:\/\/www.eltex.de\/fr\/cat\u00e9gorie-produit\/static-control-fr\/decharge\/"},{"@type":"ListItem","position":5,"name":"Electrodes de d\u00e9charge","item":"https:\/\/www.eltex.de\/fr\/cat\u00e9gorie-produit\/static-control-fr\/decharge\/entladeelektroden-fr\/"},{"@type":"ListItem","position":6,"name":"exBAR EXR5C"}]},{"@type":"WebSite","@id":"https:\/\/www.eltex.de\/fr\/#website","url":"https:\/\/www.eltex.de\/fr\/","name":"Eltex Elektrostatik GmbH","description":"Die Eltex Elektrostatik GmbH als moderner Partner der Industrie zur Steigerung von Produktivit\u00e4t, Effizienz und Ertragskraft in vielen Branchen.","potentialAction":[{"@type":"SearchAction","target":{"@type":"EntryPoint","urlTemplate":"https:\/\/www.eltex.de\/fr\/?s={search_term_string}"},"query-input":{"@type":"PropertyValueSpecification","valueRequired":true,"valueName":"search_term_string"}}],"inLanguage":"fr-FR"}]}},"_links":{"self":[{"href":"https:\/\/www.eltex.de\/fr\/wp-json\/wp\/v2\/product\/3862","targetHints":{"allow":["GET"]}}],"collection":[{"href":"https:\/\/www.eltex.de\/fr\/wp-json\/wp\/v2\/product"}],"about":[{"href":"https:\/\/www.eltex.de\/fr\/wp-json\/wp\/v2\/types\/product"}],"wp:featuredmedia":[{"embeddable":true,"href":"https:\/\/www.eltex.de\/fr\/wp-json\/wp\/v2\/media\/11753"}],"wp:attachment":[{"href":"https:\/\/www.eltex.de\/fr\/wp-json\/wp\/v2\/media?parent=3862"}],"wp:term":[{"taxonomy":"product_brand","embeddable":true,"href":"https:\/\/www.eltex.de\/fr\/wp-json\/wp\/v2\/product_brand?post=3862"},{"taxonomy":"product_cat","embeddable":true,"href":"https:\/\/www.eltex.de\/fr\/wp-json\/wp\/v2\/product_cat?post=3862"},{"taxonomy":"product_tag","embeddable":true,"href":"https:\/\/www.eltex.de\/fr\/wp-json\/wp\/v2\/product_tag?post=3862"}],"curies":[{"name":"wp","href":"https:\/\/api.w.org\/{rel}","templated":true}]}}