{"id":3865,"date":"2018-01-23T08:58:30","date_gmt":"2018-01-23T07:58:30","guid":{"rendered":"https:\/\/eltex.de\/produkte\/non%20class\u00e9\/flexion-r60\/"},"modified":"2022-09-05T14:36:26","modified_gmt":"2022-09-05T12:36:26","slug":"flexion-r60","status":"publish","type":"product","link":"https:\/\/www.eltex.de\/fr\/produits\/static-control-fr\/decharge\/entladeelektroden-fr\/flexion-r60\/","title":{"rendered":"flexBAR R60L"},"content":{"rendered":"<p><strong>D\u00e9charge HIGH-END pour une puissance de d\u00e9charge maximale<\/strong><\/p>\n<p>L&rsquo;\u00e9lectrode de d\u00e9charge VARIO flexBAR R60L, avec ses pointes de ressort libres et soutenues par de l&rsquo;air, a un effet de d\u00e9charge passive tr\u00e8s \u00e9lev\u00e9, ce qui permet un fonctionnement actif m\u00eame en cas de haute tension AC faible. Pour augmenter la port\u00e9e, la pointe creuse du ressort est travers\u00e9e en option par une faible quantit\u00e9 d&rsquo;air. Le flux d&rsquo;air sert en outre \u00e0 nettoyer en continu la pointe d&rsquo;\u00e9mission.<\/p>\n<p>&nbsp;<\/p>\n<p>&nbsp;<\/p>\n","protected":false},"excerpt":{"rendered":"<p>Electrode de d\u00e9charge pour les exigences les plus \u00e9lev\u00e9es<\/p>\n","protected":false},"featured_media":14240,"template":"","meta":{"_acf_changed":false},"product_brand":[],"product_cat":[379],"product_tag":[],"class_list":{"0":"post-3865","1":"product","2":"type-product","3":"status-publish","4":"has-post-thumbnail","6":"product_cat-entladeelektroden-fr","7":"pa_industriebereiche-automation","8":"pa_industriebereiche-textil-fr-2","9":"pa_industriebereiche-automobile","10":"pa_industriebereiche-chimie-pharmacie","11":"pa_industriebereiche-converting","12":"pa_industriebereiche-electronique","13":"pa_industriebereiche-plastique","14":"pa_industriebereiche-meuble","15":"pa_industriebereiche-emballage","16":"pa_ueberwachung-en-option-fr","18":"first","19":"instock","20":"shipping-taxable","21":"product-type-simple"},"acf":[],"yoast_head":"<!-- This site is optimized with the Yoast SEO plugin v27.3 - https:\/\/yoast.com\/product\/yoast-seo-wordpress\/ -->\n<title>flexBAR R60L | Eltex Elektrostatik GmbH<\/title>\n<meta name=\"robots\" content=\"index, follow, max-snippet:-1, max-image-preview:large, max-video-preview:-1\" \/>\n<link rel=\"canonical\" href=\"https:\/\/www.eltex.de\/fr\/produits\/static-control-fr\/decharge\/entladeelektroden-fr\/flexion-r60\/\" \/>\n<meta property=\"og:locale\" content=\"fr_FR\" \/>\n<meta property=\"og:type\" content=\"article\" \/>\n<meta property=\"og:title\" content=\"flexBAR R60L | Eltex Elektrostatik GmbH\" \/>\n<meta property=\"og:description\" content=\"Electrode de d\u00e9charge pour les exigences les plus \u00e9lev\u00e9es\" \/>\n<meta property=\"og:url\" content=\"https:\/\/www.eltex.de\/fr\/produits\/static-control-fr\/decharge\/entladeelektroden-fr\/flexion-r60\/\" \/>\n<meta property=\"og:site_name\" content=\"Eltex Elektrostatik GmbH\" \/>\n<meta property=\"article:modified_time\" content=\"2022-09-05T12:36:26+00:00\" \/>\n<meta property=\"og:image\" content=\"https:\/\/www.eltex.de\/wp-content\/uploads\/flexBAR-R60L-vario1-7.jpg\" \/>\n\t<meta property=\"og:image:width\" content=\"1365\" \/>\n\t<meta property=\"og:image:height\" content=\"640\" \/>\n\t<meta property=\"og:image:type\" content=\"image\/jpeg\" \/>\n<meta name=\"twitter:card\" content=\"summary_large_image\" \/>\n<script type=\"application\/ld+json\" class=\"yoast-schema-graph\">{\"@context\":\"https:\\\/\\\/schema.org\",\"@graph\":[{\"@type\":\"WebPage\",\"@id\":\"https:\\\/\\\/www.eltex.de\\\/fr\\\/produits\\\/static-control-fr\\\/decharge\\\/entladeelektroden-fr\\\/flexion-r60\\\/\",\"url\":\"https:\\\/\\\/www.eltex.de\\\/fr\\\/produits\\\/static-control-fr\\\/decharge\\\/entladeelektroden-fr\\\/flexion-r60\\\/\",\"name\":\"flexBAR R60L | Eltex Elektrostatik GmbH\",\"isPartOf\":{\"@id\":\"https:\\\/\\\/www.eltex.de\\\/fr\\\/#website\"},\"primaryImageOfPage\":{\"@id\":\"https:\\\/\\\/www.eltex.de\\\/fr\\\/produits\\\/static-control-fr\\\/decharge\\\/entladeelektroden-fr\\\/flexion-r60\\\/#primaryimage\"},\"image\":{\"@id\":\"https:\\\/\\\/www.eltex.de\\\/fr\\\/produits\\\/static-control-fr\\\/decharge\\\/entladeelektroden-fr\\\/flexion-r60\\\/#primaryimage\"},\"thumbnailUrl\":\"https:\\\/\\\/www.eltex.de\\\/wp-content\\\/uploads\\\/Produktabbildungen-R60L-LED.jpg\",\"datePublished\":\"2018-01-23T07:58:30+00:00\",\"dateModified\":\"2022-09-05T12:36:26+00:00\",\"breadcrumb\":{\"@id\":\"https:\\\/\\\/www.eltex.de\\\/fr\\\/produits\\\/static-control-fr\\\/decharge\\\/entladeelektroden-fr\\\/flexion-r60\\\/#breadcrumb\"},\"inLanguage\":\"fr-FR\",\"potentialAction\":[{\"@type\":\"ReadAction\",\"target\":[\"https:\\\/\\\/www.eltex.de\\\/fr\\\/produits\\\/static-control-fr\\\/decharge\\\/entladeelektroden-fr\\\/flexion-r60\\\/\"]}]},{\"@type\":\"ImageObject\",\"inLanguage\":\"fr-FR\",\"@id\":\"https:\\\/\\\/www.eltex.de\\\/fr\\\/produits\\\/static-control-fr\\\/decharge\\\/entladeelektroden-fr\\\/flexion-r60\\\/#primaryimage\",\"url\":\"https:\\\/\\\/www.eltex.de\\\/wp-content\\\/uploads\\\/Produktabbildungen-R60L-LED.jpg\",\"contentUrl\":\"https:\\\/\\\/www.eltex.de\\\/wp-content\\\/uploads\\\/Produktabbildungen-R60L-LED.jpg\",\"width\":1365,\"height\":640},{\"@type\":\"BreadcrumbList\",\"@id\":\"https:\\\/\\\/www.eltex.de\\\/fr\\\/produits\\\/static-control-fr\\\/decharge\\\/entladeelektroden-fr\\\/flexion-r60\\\/#breadcrumb\",\"itemListElement\":[{\"@type\":\"ListItem\",\"position\":1,\"name\":\"Eltex\",\"item\":\"https:\\\/\\\/www.eltex.de\\\/fr\\\/\"},{\"@type\":\"ListItem\",\"position\":2,\"name\":\"Produits\",\"item\":\"https:\\\/\\\/www.eltex.de\\\/fr\\\/produits\\\/\"},{\"@type\":\"ListItem\",\"position\":3,\"name\":\"Static Control\",\"item\":\"https:\\\/\\\/www.eltex.de\\\/fr\\\/cat\u00e9gorie-produit\\\/static-control-fr\\\/\"},{\"@type\":\"ListItem\",\"position\":4,\"name\":\"D\u00e9charge\",\"item\":\"https:\\\/\\\/www.eltex.de\\\/fr\\\/cat\u00e9gorie-produit\\\/static-control-fr\\\/decharge\\\/\"},{\"@type\":\"ListItem\",\"position\":5,\"name\":\"Electrodes de d\u00e9charge\",\"item\":\"https:\\\/\\\/www.eltex.de\\\/fr\\\/cat\u00e9gorie-produit\\\/static-control-fr\\\/decharge\\\/entladeelektroden-fr\\\/\"},{\"@type\":\"ListItem\",\"position\":6,\"name\":\"flexBAR R60L\"}]},{\"@type\":\"WebSite\",\"@id\":\"https:\\\/\\\/www.eltex.de\\\/fr\\\/#website\",\"url\":\"https:\\\/\\\/www.eltex.de\\\/fr\\\/\",\"name\":\"Eltex Elektrostatik GmbH\",\"description\":\"Die Eltex Elektrostatik GmbH als moderner Partner der Industrie zur Steigerung von Produktivit\u00e4t, Effizienz und Ertragskraft in vielen Branchen.\",\"potentialAction\":[{\"@type\":\"SearchAction\",\"target\":{\"@type\":\"EntryPoint\",\"urlTemplate\":\"https:\\\/\\\/www.eltex.de\\\/fr\\\/?s={search_term_string}\"},\"query-input\":{\"@type\":\"PropertyValueSpecification\",\"valueRequired\":true,\"valueName\":\"search_term_string\"}}],\"inLanguage\":\"fr-FR\"}]}<\/script>\n<!-- \/ Yoast SEO plugin. -->","yoast_head_json":{"title":"flexBAR R60L | Eltex Elektrostatik GmbH","robots":{"index":"index","follow":"follow","max-snippet":"max-snippet:-1","max-image-preview":"max-image-preview:large","max-video-preview":"max-video-preview:-1"},"canonical":"https:\/\/www.eltex.de\/fr\/produits\/static-control-fr\/decharge\/entladeelektroden-fr\/flexion-r60\/","og_locale":"fr_FR","og_type":"article","og_title":"flexBAR R60L | Eltex Elektrostatik GmbH","og_description":"Electrode de d\u00e9charge pour les exigences les plus \u00e9lev\u00e9es","og_url":"https:\/\/www.eltex.de\/fr\/produits\/static-control-fr\/decharge\/entladeelektroden-fr\/flexion-r60\/","og_site_name":"Eltex Elektrostatik GmbH","article_modified_time":"2022-09-05T12:36:26+00:00","og_image":[{"width":1365,"height":640,"url":"https:\/\/www.eltex.de\/wp-content\/uploads\/flexBAR-R60L-vario1-7.jpg","type":"image\/jpeg"}],"twitter_card":"summary_large_image","schema":{"@context":"https:\/\/schema.org","@graph":[{"@type":"WebPage","@id":"https:\/\/www.eltex.de\/fr\/produits\/static-control-fr\/decharge\/entladeelektroden-fr\/flexion-r60\/","url":"https:\/\/www.eltex.de\/fr\/produits\/static-control-fr\/decharge\/entladeelektroden-fr\/flexion-r60\/","name":"flexBAR R60L | Eltex Elektrostatik GmbH","isPartOf":{"@id":"https:\/\/www.eltex.de\/fr\/#website"},"primaryImageOfPage":{"@id":"https:\/\/www.eltex.de\/fr\/produits\/static-control-fr\/decharge\/entladeelektroden-fr\/flexion-r60\/#primaryimage"},"image":{"@id":"https:\/\/www.eltex.de\/fr\/produits\/static-control-fr\/decharge\/entladeelektroden-fr\/flexion-r60\/#primaryimage"},"thumbnailUrl":"https:\/\/www.eltex.de\/wp-content\/uploads\/Produktabbildungen-R60L-LED.jpg","datePublished":"2018-01-23T07:58:30+00:00","dateModified":"2022-09-05T12:36:26+00:00","breadcrumb":{"@id":"https:\/\/www.eltex.de\/fr\/produits\/static-control-fr\/decharge\/entladeelektroden-fr\/flexion-r60\/#breadcrumb"},"inLanguage":"fr-FR","potentialAction":[{"@type":"ReadAction","target":["https:\/\/www.eltex.de\/fr\/produits\/static-control-fr\/decharge\/entladeelektroden-fr\/flexion-r60\/"]}]},{"@type":"ImageObject","inLanguage":"fr-FR","@id":"https:\/\/www.eltex.de\/fr\/produits\/static-control-fr\/decharge\/entladeelektroden-fr\/flexion-r60\/#primaryimage","url":"https:\/\/www.eltex.de\/wp-content\/uploads\/Produktabbildungen-R60L-LED.jpg","contentUrl":"https:\/\/www.eltex.de\/wp-content\/uploads\/Produktabbildungen-R60L-LED.jpg","width":1365,"height":640},{"@type":"BreadcrumbList","@id":"https:\/\/www.eltex.de\/fr\/produits\/static-control-fr\/decharge\/entladeelektroden-fr\/flexion-r60\/#breadcrumb","itemListElement":[{"@type":"ListItem","position":1,"name":"Eltex","item":"https:\/\/www.eltex.de\/fr\/"},{"@type":"ListItem","position":2,"name":"Produits","item":"https:\/\/www.eltex.de\/fr\/produits\/"},{"@type":"ListItem","position":3,"name":"Static Control","item":"https:\/\/www.eltex.de\/fr\/cat\u00e9gorie-produit\/static-control-fr\/"},{"@type":"ListItem","position":4,"name":"D\u00e9charge","item":"https:\/\/www.eltex.de\/fr\/cat\u00e9gorie-produit\/static-control-fr\/decharge\/"},{"@type":"ListItem","position":5,"name":"Electrodes de d\u00e9charge","item":"https:\/\/www.eltex.de\/fr\/cat\u00e9gorie-produit\/static-control-fr\/decharge\/entladeelektroden-fr\/"},{"@type":"ListItem","position":6,"name":"flexBAR R60L"}]},{"@type":"WebSite","@id":"https:\/\/www.eltex.de\/fr\/#website","url":"https:\/\/www.eltex.de\/fr\/","name":"Eltex Elektrostatik GmbH","description":"Die Eltex Elektrostatik GmbH als moderner Partner der Industrie zur Steigerung von Produktivit\u00e4t, Effizienz und Ertragskraft in vielen Branchen.","potentialAction":[{"@type":"SearchAction","target":{"@type":"EntryPoint","urlTemplate":"https:\/\/www.eltex.de\/fr\/?s={search_term_string}"},"query-input":{"@type":"PropertyValueSpecification","valueRequired":true,"valueName":"search_term_string"}}],"inLanguage":"fr-FR"}]}},"_links":{"self":[{"href":"https:\/\/www.eltex.de\/fr\/wp-json\/wp\/v2\/product\/3865","targetHints":{"allow":["GET"]}}],"collection":[{"href":"https:\/\/www.eltex.de\/fr\/wp-json\/wp\/v2\/product"}],"about":[{"href":"https:\/\/www.eltex.de\/fr\/wp-json\/wp\/v2\/types\/product"}],"wp:featuredmedia":[{"embeddable":true,"href":"https:\/\/www.eltex.de\/fr\/wp-json\/wp\/v2\/media\/14240"}],"wp:attachment":[{"href":"https:\/\/www.eltex.de\/fr\/wp-json\/wp\/v2\/media?parent=3865"}],"wp:term":[{"taxonomy":"product_brand","embeddable":true,"href":"https:\/\/www.eltex.de\/fr\/wp-json\/wp\/v2\/product_brand?post=3865"},{"taxonomy":"product_cat","embeddable":true,"href":"https:\/\/www.eltex.de\/fr\/wp-json\/wp\/v2\/product_cat?post=3865"},{"taxonomy":"product_tag","embeddable":true,"href":"https:\/\/www.eltex.de\/fr\/wp-json\/wp\/v2\/product_tag?post=3865"}],"curies":[{"name":"wp","href":"https:\/\/api.w.org\/{rel}","templated":true}]}}