{"id":3867,"date":"2018-01-23T09:14:03","date_gmt":"2018-01-23T08:14:03","guid":{"rendered":"https:\/\/eltex.de\/produkte\/non%20class\u00e9\/smart-discharging-system-sds\/"},"modified":"2023-03-06T10:29:30","modified_gmt":"2023-03-06T09:29:30","slug":"smart-discharging-system-sds","status":"publish","type":"product","link":"https:\/\/www.eltex.de\/fr\/produits\/static-control-fr\/decharge\/entladeelektroden-fr\/smart-discharging-system-sds\/","title":{"rendered":"Smart Discharging System SDS"},"content":{"rendered":"<p><strong>\u00c9lectrode intelligente avec g\u00e9n\u00e9ration de haute tension int\u00e9gr\u00e9e<\/strong><\/p>\n<p>Avec le syst\u00e8me SINGLE Smart Discharging, les composants tels que le bloc d&rsquo;alimentation, l&rsquo;\u00e9tage final et la technique de mesure sont enti\u00e8rement int\u00e9gr\u00e9s dans le profil mince de l&rsquo;\u00e9lectrode. Il convient parfaitement \u00e0 la d\u00e9charge \u00e0 moyenne distance et \u00e0 moyenne vitesse. Le syst\u00e8me Smart Discharging convainc par son montage simple et son nettoyage facile. L&rsquo;utilisation du syst\u00e8me, qui peut \u00e9galement \u00eatre int\u00e9gr\u00e9 dans la gestion de la qualit\u00e9, s&rsquo;effectue via un module de commande central.<\/p>\n<p>&nbsp;<\/p>\n<p>Fichiers de description de protocole\/d&rsquo;appareil des interfaces de bus de terrain pour l&rsquo;int\u00e9gration dans la commande de la machine (disponibles uniquement en allemand et en anglais) :<\/p>\n<p><strong><a href=\"https:\/\/www.eltex.de\/fr\/lp-interfaces-de-bus-de-terrain\/\">Information sur l&rsquo;int\u00e9gration du bus de terrain<\/a><\/strong><\/p>\n","protected":false},"excerpt":{"rendered":"<p>Electrode de d\u00e9charge avec appareil d&rsquo;alimentation int\u00e9gr\u00e9<\/p>\n","protected":false},"featured_media":9839,"template":"","meta":{"_acf_changed":false},"product_brand":[],"product_cat":[379],"product_tag":[],"class_list":{"0":"post-3867","1":"product","2":"type-product","3":"status-publish","4":"has-post-thumbnail","6":"product_cat-entladeelektroden-fr","7":"pa_anwendungsbereiche-heatset-rollenoffset-digitaldruck-fr","8":"pa_anwendungsbereiche-verpackungs-illustrationstiefdruck-fr","9":"pa_anwendungsbereiche-weiterverarbeitung-fr","10":"pa_industriebereiche-plastique","12":"first","13":"instock","14":"shipping-taxable","15":"product-type-simple"},"acf":[],"yoast_head":"<!-- This site is optimized with the Yoast SEO plugin v27.3 - https:\/\/yoast.com\/product\/yoast-seo-wordpress\/ -->\n<title>Smart Discharging System SDS | Eltex Elektrostatik GmbH<\/title>\n<meta name=\"robots\" content=\"index, follow, max-snippet:-1, max-image-preview:large, max-video-preview:-1\" \/>\n<link rel=\"canonical\" href=\"https:\/\/www.eltex.de\/fr\/produits\/static-control-fr\/decharge\/entladeelektroden-fr\/smart-discharging-system-sds\/\" \/>\n<meta property=\"og:locale\" content=\"fr_FR\" \/>\n<meta property=\"og:type\" content=\"article\" \/>\n<meta property=\"og:title\" content=\"Smart Discharging System SDS | Eltex Elektrostatik GmbH\" \/>\n<meta property=\"og:description\" content=\"Electrode de d\u00e9charge avec appareil d&#039;alimentation int\u00e9gr\u00e9\" \/>\n<meta property=\"og:url\" content=\"https:\/\/www.eltex.de\/fr\/produits\/static-control-fr\/decharge\/entladeelektroden-fr\/smart-discharging-system-sds\/\" \/>\n<meta property=\"og:site_name\" content=\"Eltex Elektrostatik GmbH\" \/>\n<meta property=\"article:modified_time\" content=\"2023-03-06T09:29:30+00:00\" \/>\n<meta name=\"twitter:card\" content=\"summary_large_image\" \/>\n<meta name=\"twitter:label1\" content=\"Dur\u00e9e de lecture estim\u00e9e\" \/>\n\t<meta name=\"twitter:data1\" content=\"1 minute\" \/>\n<script type=\"application\/ld+json\" class=\"yoast-schema-graph\">{\"@context\":\"https:\\\/\\\/schema.org\",\"@graph\":[{\"@type\":\"WebPage\",\"@id\":\"https:\\\/\\\/www.eltex.de\\\/fr\\\/produits\\\/static-control-fr\\\/decharge\\\/entladeelektroden-fr\\\/smart-discharging-system-sds\\\/\",\"url\":\"https:\\\/\\\/www.eltex.de\\\/fr\\\/produits\\\/static-control-fr\\\/decharge\\\/entladeelektroden-fr\\\/smart-discharging-system-sds\\\/\",\"name\":\"Smart Discharging System SDS | Eltex Elektrostatik GmbH\",\"isPartOf\":{\"@id\":\"https:\\\/\\\/www.eltex.de\\\/fr\\\/#website\"},\"primaryImageOfPage\":{\"@id\":\"https:\\\/\\\/www.eltex.de\\\/fr\\\/produits\\\/static-control-fr\\\/decharge\\\/entladeelektroden-fr\\\/smart-discharging-system-sds\\\/#primaryimage\"},\"image\":{\"@id\":\"https:\\\/\\\/www.eltex.de\\\/fr\\\/produits\\\/static-control-fr\\\/decharge\\\/entladeelektroden-fr\\\/smart-discharging-system-sds\\\/#primaryimage\"},\"thumbnailUrl\":\"https:\\\/\\\/www.eltex.de\\\/wp-content\\\/uploads\\\/SDS-single-3.jpg\",\"datePublished\":\"2018-01-23T08:14:03+00:00\",\"dateModified\":\"2023-03-06T09:29:30+00:00\",\"breadcrumb\":{\"@id\":\"https:\\\/\\\/www.eltex.de\\\/fr\\\/produits\\\/static-control-fr\\\/decharge\\\/entladeelektroden-fr\\\/smart-discharging-system-sds\\\/#breadcrumb\"},\"inLanguage\":\"fr-FR\",\"potentialAction\":[{\"@type\":\"ReadAction\",\"target\":[\"https:\\\/\\\/www.eltex.de\\\/fr\\\/produits\\\/static-control-fr\\\/decharge\\\/entladeelektroden-fr\\\/smart-discharging-system-sds\\\/\"]}]},{\"@type\":\"ImageObject\",\"inLanguage\":\"fr-FR\",\"@id\":\"https:\\\/\\\/www.eltex.de\\\/fr\\\/produits\\\/static-control-fr\\\/decharge\\\/entladeelektroden-fr\\\/smart-discharging-system-sds\\\/#primaryimage\",\"url\":\"https:\\\/\\\/www.eltex.de\\\/wp-content\\\/uploads\\\/SDS-single-3.jpg\",\"contentUrl\":\"https:\\\/\\\/www.eltex.de\\\/wp-content\\\/uploads\\\/SDS-single-3.jpg\",\"width\":1365,\"height\":640},{\"@type\":\"BreadcrumbList\",\"@id\":\"https:\\\/\\\/www.eltex.de\\\/fr\\\/produits\\\/static-control-fr\\\/decharge\\\/entladeelektroden-fr\\\/smart-discharging-system-sds\\\/#breadcrumb\",\"itemListElement\":[{\"@type\":\"ListItem\",\"position\":1,\"name\":\"Eltex\",\"item\":\"https:\\\/\\\/www.eltex.de\\\/fr\\\/\"},{\"@type\":\"ListItem\",\"position\":2,\"name\":\"Produits\",\"item\":\"https:\\\/\\\/www.eltex.de\\\/fr\\\/produits\\\/\"},{\"@type\":\"ListItem\",\"position\":3,\"name\":\"Static Control\",\"item\":\"https:\\\/\\\/www.eltex.de\\\/fr\\\/cat\u00e9gorie-produit\\\/static-control-fr\\\/\"},{\"@type\":\"ListItem\",\"position\":4,\"name\":\"D\u00e9charge\",\"item\":\"https:\\\/\\\/www.eltex.de\\\/fr\\\/cat\u00e9gorie-produit\\\/static-control-fr\\\/decharge\\\/\"},{\"@type\":\"ListItem\",\"position\":5,\"name\":\"Electrodes de d\u00e9charge\",\"item\":\"https:\\\/\\\/www.eltex.de\\\/fr\\\/cat\u00e9gorie-produit\\\/static-control-fr\\\/decharge\\\/entladeelektroden-fr\\\/\"},{\"@type\":\"ListItem\",\"position\":6,\"name\":\"Smart Discharging System SDS\"}]},{\"@type\":\"WebSite\",\"@id\":\"https:\\\/\\\/www.eltex.de\\\/fr\\\/#website\",\"url\":\"https:\\\/\\\/www.eltex.de\\\/fr\\\/\",\"name\":\"Eltex Elektrostatik GmbH\",\"description\":\"Die Eltex Elektrostatik GmbH als moderner Partner der Industrie zur Steigerung von Produktivit\u00e4t, Effizienz und Ertragskraft in vielen Branchen.\",\"potentialAction\":[{\"@type\":\"SearchAction\",\"target\":{\"@type\":\"EntryPoint\",\"urlTemplate\":\"https:\\\/\\\/www.eltex.de\\\/fr\\\/?s={search_term_string}\"},\"query-input\":{\"@type\":\"PropertyValueSpecification\",\"valueRequired\":true,\"valueName\":\"search_term_string\"}}],\"inLanguage\":\"fr-FR\"}]}<\/script>\n<!-- \/ Yoast SEO plugin. -->","yoast_head_json":{"title":"Smart Discharging System SDS | Eltex Elektrostatik GmbH","robots":{"index":"index","follow":"follow","max-snippet":"max-snippet:-1","max-image-preview":"max-image-preview:large","max-video-preview":"max-video-preview:-1"},"canonical":"https:\/\/www.eltex.de\/fr\/produits\/static-control-fr\/decharge\/entladeelektroden-fr\/smart-discharging-system-sds\/","og_locale":"fr_FR","og_type":"article","og_title":"Smart Discharging System SDS | Eltex Elektrostatik GmbH","og_description":"Electrode de d\u00e9charge avec appareil d'alimentation int\u00e9gr\u00e9","og_url":"https:\/\/www.eltex.de\/fr\/produits\/static-control-fr\/decharge\/entladeelektroden-fr\/smart-discharging-system-sds\/","og_site_name":"Eltex Elektrostatik GmbH","article_modified_time":"2023-03-06T09:29:30+00:00","twitter_card":"summary_large_image","twitter_misc":{"Dur\u00e9e de lecture estim\u00e9e":"1 minute"},"schema":{"@context":"https:\/\/schema.org","@graph":[{"@type":"WebPage","@id":"https:\/\/www.eltex.de\/fr\/produits\/static-control-fr\/decharge\/entladeelektroden-fr\/smart-discharging-system-sds\/","url":"https:\/\/www.eltex.de\/fr\/produits\/static-control-fr\/decharge\/entladeelektroden-fr\/smart-discharging-system-sds\/","name":"Smart Discharging System SDS | Eltex Elektrostatik GmbH","isPartOf":{"@id":"https:\/\/www.eltex.de\/fr\/#website"},"primaryImageOfPage":{"@id":"https:\/\/www.eltex.de\/fr\/produits\/static-control-fr\/decharge\/entladeelektroden-fr\/smart-discharging-system-sds\/#primaryimage"},"image":{"@id":"https:\/\/www.eltex.de\/fr\/produits\/static-control-fr\/decharge\/entladeelektroden-fr\/smart-discharging-system-sds\/#primaryimage"},"thumbnailUrl":"https:\/\/www.eltex.de\/wp-content\/uploads\/SDS-single-3.jpg","datePublished":"2018-01-23T08:14:03+00:00","dateModified":"2023-03-06T09:29:30+00:00","breadcrumb":{"@id":"https:\/\/www.eltex.de\/fr\/produits\/static-control-fr\/decharge\/entladeelektroden-fr\/smart-discharging-system-sds\/#breadcrumb"},"inLanguage":"fr-FR","potentialAction":[{"@type":"ReadAction","target":["https:\/\/www.eltex.de\/fr\/produits\/static-control-fr\/decharge\/entladeelektroden-fr\/smart-discharging-system-sds\/"]}]},{"@type":"ImageObject","inLanguage":"fr-FR","@id":"https:\/\/www.eltex.de\/fr\/produits\/static-control-fr\/decharge\/entladeelektroden-fr\/smart-discharging-system-sds\/#primaryimage","url":"https:\/\/www.eltex.de\/wp-content\/uploads\/SDS-single-3.jpg","contentUrl":"https:\/\/www.eltex.de\/wp-content\/uploads\/SDS-single-3.jpg","width":1365,"height":640},{"@type":"BreadcrumbList","@id":"https:\/\/www.eltex.de\/fr\/produits\/static-control-fr\/decharge\/entladeelektroden-fr\/smart-discharging-system-sds\/#breadcrumb","itemListElement":[{"@type":"ListItem","position":1,"name":"Eltex","item":"https:\/\/www.eltex.de\/fr\/"},{"@type":"ListItem","position":2,"name":"Produits","item":"https:\/\/www.eltex.de\/fr\/produits\/"},{"@type":"ListItem","position":3,"name":"Static Control","item":"https:\/\/www.eltex.de\/fr\/cat\u00e9gorie-produit\/static-control-fr\/"},{"@type":"ListItem","position":4,"name":"D\u00e9charge","item":"https:\/\/www.eltex.de\/fr\/cat\u00e9gorie-produit\/static-control-fr\/decharge\/"},{"@type":"ListItem","position":5,"name":"Electrodes de d\u00e9charge","item":"https:\/\/www.eltex.de\/fr\/cat\u00e9gorie-produit\/static-control-fr\/decharge\/entladeelektroden-fr\/"},{"@type":"ListItem","position":6,"name":"Smart Discharging System SDS"}]},{"@type":"WebSite","@id":"https:\/\/www.eltex.de\/fr\/#website","url":"https:\/\/www.eltex.de\/fr\/","name":"Eltex Elektrostatik GmbH","description":"Die Eltex Elektrostatik GmbH als moderner Partner der Industrie zur Steigerung von Produktivit\u00e4t, Effizienz und Ertragskraft in vielen Branchen.","potentialAction":[{"@type":"SearchAction","target":{"@type":"EntryPoint","urlTemplate":"https:\/\/www.eltex.de\/fr\/?s={search_term_string}"},"query-input":{"@type":"PropertyValueSpecification","valueRequired":true,"valueName":"search_term_string"}}],"inLanguage":"fr-FR"}]}},"_links":{"self":[{"href":"https:\/\/www.eltex.de\/fr\/wp-json\/wp\/v2\/product\/3867","targetHints":{"allow":["GET"]}}],"collection":[{"href":"https:\/\/www.eltex.de\/fr\/wp-json\/wp\/v2\/product"}],"about":[{"href":"https:\/\/www.eltex.de\/fr\/wp-json\/wp\/v2\/types\/product"}],"wp:featuredmedia":[{"embeddable":true,"href":"https:\/\/www.eltex.de\/fr\/wp-json\/wp\/v2\/media\/9839"}],"wp:attachment":[{"href":"https:\/\/www.eltex.de\/fr\/wp-json\/wp\/v2\/media?parent=3867"}],"wp:term":[{"taxonomy":"product_brand","embeddable":true,"href":"https:\/\/www.eltex.de\/fr\/wp-json\/wp\/v2\/product_brand?post=3867"},{"taxonomy":"product_cat","embeddable":true,"href":"https:\/\/www.eltex.de\/fr\/wp-json\/wp\/v2\/product_cat?post=3867"},{"taxonomy":"product_tag","embeddable":true,"href":"https:\/\/www.eltex.de\/fr\/wp-json\/wp\/v2\/product_tag?post=3867"}],"curies":[{"name":"wp","href":"https:\/\/api.w.org\/{rel}","templated":true}]}}