{"id":3870,"date":"2018-01-23T09:37:20","date_gmt":"2018-01-23T08:37:20","guid":{"rendered":"https:\/\/eltex.de\/produkte\/non%20class\u00e9\/compact-power-es24\/"},"modified":"2022-09-09T14:24:52","modified_gmt":"2022-09-09T12:24:52","slug":"compact-power-es24","status":"publish","type":"product","link":"https:\/\/www.eltex.de\/fr\/produits\/static-control-fr\/decharge\/appareils-dalimentation\/compact-power-es24\/","title":{"rendered":"COMPACT IONIZER ES24"},"content":{"rendered":"<p><strong>Le meilleur de deux mondes en un seul appareil<\/strong><\/p>\n<p>Appareil d&rsquo;alimentation COMPACT IONIZER est petit et dispose de 2 connexions haute tension. Il combine une d\u00e9charge AC \u00e0 haute puissance et une alimentation DC \u00e0 basse tension. C&rsquo;est un appareil d&rsquo;alimentation id\u00e9al pour les petites puissances connect\u00e9es et partout o\u00f9 l&rsquo;espace est limit\u00e9. Gr\u00e2ce \u00e0 l&rsquo;homologation UL et \u00e0 la tension d&rsquo;alimentation DC, cet appareil est particuli\u00e8rement adapt\u00e9 aux constructeurs de machines et d&rsquo;installations dont la client\u00e8le est mondiale.<\/p>\n","protected":false},"excerpt":{"rendered":"<p>Alimentation compacte de d\u00e9charge<\/p>\n","protected":false},"featured_media":10795,"template":"","meta":{"_acf_changed":false},"product_brand":[],"product_cat":[735],"product_tag":[],"class_list":{"0":"post-3870","1":"product","2":"type-product","3":"status-publish","4":"has-post-thumbnail","6":"product_cat-appareils-dalimentation","7":"pa_anwendungsbereiche-reinigung-von-flaechen-vor-dem-lackieren-fr","8":"pa_anwendungsbereiche-elektrotechnik-fr","9":"pa_anwendungsbereiche-nettoyage-de-pieces-plastique","10":"pa_anwendungsbereiche-decharge-de-formes-plastique","11":"pa_anwendungsbereiche-production-de-sacs-et-gaines","12":"pa_anwendungsbereiche-entladung-von-kunststoffteilen-fr","13":"pa_anwendungsbereiche-schutzpapiere-fr","14":"pa_anwendungsbereiche-films-d-emballage-fr","15":"pa_anwendungsbereiche-textilindustrie-fr","16":"pa_anwendungsbereiche-formteilherstellung-fr","17":"pa_anwendungsbereiche-tiefziehautomaten-fr","18":"pa_anwendungsbereiche-heatset-rollenoffset-digitaldruck-fr","19":"pa_anwendungsbereiche-vereinzelung-von-kleinteilen-fr","20":"pa_anwendungsbereiche-pelliculage-laminage-et-enduction","21":"pa_anwendungsbereiche-verpackungs-illustrationstiefdruck-fr","22":"pa_anwendungsbereiche-ampoules-corps-creux-fr","23":"pa_anwendungsbereiche-transport-von-folienresten-fr","24":"pa_anwendungsbereiche-pharmazie-fr","25":"pa_anwendungsbereiche-weiterverarbeitung-fr","26":"pa_anwendungsbereiche-enroulement-et-emballage-fr","27":"pa_anwendungsbereiche-transport-von-granulaten-fr","28":"pa_anwendungsbereiche-reinigen-und-ionisieren-fr","29":"pa_anwendungsbereiche-bogenoffset-fr","30":"pa_anwendungsbereiche-reinigung-von-flaechen-fr","31":"pa_anwendungsbereiche-dosier-und-mischgeraete-fr","32":"pa_industriebereiche-chimie-pharmacie","33":"pa_industriebereiche-converting","34":"pa_industriebereiche-electronique","35":"pa_industriebereiche-textil-fr-2","36":"pa_industriebereiche-plastique","37":"pa_industriebereiche-meuble","38":"pa_industriebereiche-emballage","39":"pa_industriebereiche-automation","40":"pa_industriebereiche-automobile","41":"pa_versorgungsspannung-24v-dc-fr","43":"first","44":"instock","45":"shipping-taxable","46":"product-type-simple"},"acf":[],"yoast_head":"<!-- This site is optimized with the Yoast SEO plugin v27.3 - https:\/\/yoast.com\/product\/yoast-seo-wordpress\/ -->\n<title>COMPACT IONIZER ES24 | Eltex Elektrostatik GmbH<\/title>\n<meta name=\"robots\" content=\"index, follow, max-snippet:-1, max-image-preview:large, max-video-preview:-1\" \/>\n<link rel=\"canonical\" href=\"https:\/\/www.eltex.de\/fr\/produits\/static-control-fr\/decharge\/appareils-dalimentation\/compact-power-es24\/\" \/>\n<meta property=\"og:locale\" content=\"fr_FR\" \/>\n<meta property=\"og:type\" content=\"article\" \/>\n<meta property=\"og:title\" content=\"COMPACT IONIZER ES24 | Eltex Elektrostatik GmbH\" \/>\n<meta property=\"og:description\" content=\"Alimentation compacte de d\u00e9charge\" \/>\n<meta property=\"og:url\" content=\"https:\/\/www.eltex.de\/fr\/produits\/static-control-fr\/decharge\/appareils-dalimentation\/compact-power-es24\/\" \/>\n<meta property=\"og:site_name\" content=\"Eltex Elektrostatik GmbH\" \/>\n<meta property=\"article:modified_time\" content=\"2022-09-09T12:24:52+00:00\" \/>\n<meta property=\"og:image\" content=\"https:\/\/www.eltex.de\/wp-content\/uploads\/COMPACT-IONIZER-ES24-vario-2.jpg\" \/>\n\t<meta property=\"og:image:width\" content=\"986\" \/>\n\t<meta property=\"og:image:height\" content=\"628\" \/>\n\t<meta property=\"og:image:type\" content=\"image\/jpeg\" \/>\n<meta name=\"twitter:card\" content=\"summary_large_image\" \/>\n<script type=\"application\/ld+json\" class=\"yoast-schema-graph\">{\"@context\":\"https:\\\/\\\/schema.org\",\"@graph\":[{\"@type\":\"WebPage\",\"@id\":\"https:\\\/\\\/www.eltex.de\\\/fr\\\/produits\\\/static-control-fr\\\/decharge\\\/appareils-dalimentation\\\/compact-power-es24\\\/\",\"url\":\"https:\\\/\\\/www.eltex.de\\\/fr\\\/produits\\\/static-control-fr\\\/decharge\\\/appareils-dalimentation\\\/compact-power-es24\\\/\",\"name\":\"COMPACT IONIZER ES24 | Eltex Elektrostatik GmbH\",\"isPartOf\":{\"@id\":\"https:\\\/\\\/www.eltex.de\\\/fr\\\/#website\"},\"primaryImageOfPage\":{\"@id\":\"https:\\\/\\\/www.eltex.de\\\/fr\\\/produits\\\/static-control-fr\\\/decharge\\\/appareils-dalimentation\\\/compact-power-es24\\\/#primaryimage\"},\"image\":{\"@id\":\"https:\\\/\\\/www.eltex.de\\\/fr\\\/produits\\\/static-control-fr\\\/decharge\\\/appareils-dalimentation\\\/compact-power-es24\\\/#primaryimage\"},\"thumbnailUrl\":\"https:\\\/\\\/www.eltex.de\\\/wp-content\\\/uploads\\\/COMPACT-IONIZER-ES24-vario_neu3.jpg\",\"datePublished\":\"2018-01-23T08:37:20+00:00\",\"dateModified\":\"2022-09-09T12:24:52+00:00\",\"breadcrumb\":{\"@id\":\"https:\\\/\\\/www.eltex.de\\\/fr\\\/produits\\\/static-control-fr\\\/decharge\\\/appareils-dalimentation\\\/compact-power-es24\\\/#breadcrumb\"},\"inLanguage\":\"fr-FR\",\"potentialAction\":[{\"@type\":\"ReadAction\",\"target\":[\"https:\\\/\\\/www.eltex.de\\\/fr\\\/produits\\\/static-control-fr\\\/decharge\\\/appareils-dalimentation\\\/compact-power-es24\\\/\"]}]},{\"@type\":\"ImageObject\",\"inLanguage\":\"fr-FR\",\"@id\":\"https:\\\/\\\/www.eltex.de\\\/fr\\\/produits\\\/static-control-fr\\\/decharge\\\/appareils-dalimentation\\\/compact-power-es24\\\/#primaryimage\",\"url\":\"https:\\\/\\\/www.eltex.de\\\/wp-content\\\/uploads\\\/COMPACT-IONIZER-ES24-vario_neu3.jpg\",\"contentUrl\":\"https:\\\/\\\/www.eltex.de\\\/wp-content\\\/uploads\\\/COMPACT-IONIZER-ES24-vario_neu3.jpg\",\"width\":1365,\"height\":640},{\"@type\":\"BreadcrumbList\",\"@id\":\"https:\\\/\\\/www.eltex.de\\\/fr\\\/produits\\\/static-control-fr\\\/decharge\\\/appareils-dalimentation\\\/compact-power-es24\\\/#breadcrumb\",\"itemListElement\":[{\"@type\":\"ListItem\",\"position\":1,\"name\":\"Eltex\",\"item\":\"https:\\\/\\\/www.eltex.de\\\/fr\\\/\"},{\"@type\":\"ListItem\",\"position\":2,\"name\":\"Produits\",\"item\":\"https:\\\/\\\/www.eltex.de\\\/fr\\\/produits\\\/\"},{\"@type\":\"ListItem\",\"position\":3,\"name\":\"Static Control\",\"item\":\"https:\\\/\\\/www.eltex.de\\\/fr\\\/cat\u00e9gorie-produit\\\/static-control-fr\\\/\"},{\"@type\":\"ListItem\",\"position\":4,\"name\":\"D\u00e9charge\",\"item\":\"https:\\\/\\\/www.eltex.de\\\/fr\\\/cat\u00e9gorie-produit\\\/static-control-fr\\\/decharge\\\/\"},{\"@type\":\"ListItem\",\"position\":5,\"name\":\"Appareils d\u2019alimentation\",\"item\":\"https:\\\/\\\/www.eltex.de\\\/fr\\\/cat\u00e9gorie-produit\\\/static-control-fr\\\/decharge\\\/appareils-dalimentation\\\/\"},{\"@type\":\"ListItem\",\"position\":6,\"name\":\"COMPACT IONIZER ES24\"}]},{\"@type\":\"WebSite\",\"@id\":\"https:\\\/\\\/www.eltex.de\\\/fr\\\/#website\",\"url\":\"https:\\\/\\\/www.eltex.de\\\/fr\\\/\",\"name\":\"Eltex Elektrostatik GmbH\",\"description\":\"Die Eltex Elektrostatik GmbH als moderner Partner der Industrie zur Steigerung von Produktivit\u00e4t, Effizienz und Ertragskraft in vielen Branchen.\",\"potentialAction\":[{\"@type\":\"SearchAction\",\"target\":{\"@type\":\"EntryPoint\",\"urlTemplate\":\"https:\\\/\\\/www.eltex.de\\\/fr\\\/?s={search_term_string}\"},\"query-input\":{\"@type\":\"PropertyValueSpecification\",\"valueRequired\":true,\"valueName\":\"search_term_string\"}}],\"inLanguage\":\"fr-FR\"}]}<\/script>\n<!-- \/ Yoast SEO plugin. -->","yoast_head_json":{"title":"COMPACT IONIZER ES24 | Eltex Elektrostatik GmbH","robots":{"index":"index","follow":"follow","max-snippet":"max-snippet:-1","max-image-preview":"max-image-preview:large","max-video-preview":"max-video-preview:-1"},"canonical":"https:\/\/www.eltex.de\/fr\/produits\/static-control-fr\/decharge\/appareils-dalimentation\/compact-power-es24\/","og_locale":"fr_FR","og_type":"article","og_title":"COMPACT IONIZER ES24 | Eltex Elektrostatik GmbH","og_description":"Alimentation compacte de d\u00e9charge","og_url":"https:\/\/www.eltex.de\/fr\/produits\/static-control-fr\/decharge\/appareils-dalimentation\/compact-power-es24\/","og_site_name":"Eltex Elektrostatik GmbH","article_modified_time":"2022-09-09T12:24:52+00:00","og_image":[{"width":986,"height":628,"url":"https:\/\/www.eltex.de\/wp-content\/uploads\/COMPACT-IONIZER-ES24-vario-2.jpg","type":"image\/jpeg"}],"twitter_card":"summary_large_image","schema":{"@context":"https:\/\/schema.org","@graph":[{"@type":"WebPage","@id":"https:\/\/www.eltex.de\/fr\/produits\/static-control-fr\/decharge\/appareils-dalimentation\/compact-power-es24\/","url":"https:\/\/www.eltex.de\/fr\/produits\/static-control-fr\/decharge\/appareils-dalimentation\/compact-power-es24\/","name":"COMPACT IONIZER ES24 | Eltex Elektrostatik GmbH","isPartOf":{"@id":"https:\/\/www.eltex.de\/fr\/#website"},"primaryImageOfPage":{"@id":"https:\/\/www.eltex.de\/fr\/produits\/static-control-fr\/decharge\/appareils-dalimentation\/compact-power-es24\/#primaryimage"},"image":{"@id":"https:\/\/www.eltex.de\/fr\/produits\/static-control-fr\/decharge\/appareils-dalimentation\/compact-power-es24\/#primaryimage"},"thumbnailUrl":"https:\/\/www.eltex.de\/wp-content\/uploads\/COMPACT-IONIZER-ES24-vario_neu3.jpg","datePublished":"2018-01-23T08:37:20+00:00","dateModified":"2022-09-09T12:24:52+00:00","breadcrumb":{"@id":"https:\/\/www.eltex.de\/fr\/produits\/static-control-fr\/decharge\/appareils-dalimentation\/compact-power-es24\/#breadcrumb"},"inLanguage":"fr-FR","potentialAction":[{"@type":"ReadAction","target":["https:\/\/www.eltex.de\/fr\/produits\/static-control-fr\/decharge\/appareils-dalimentation\/compact-power-es24\/"]}]},{"@type":"ImageObject","inLanguage":"fr-FR","@id":"https:\/\/www.eltex.de\/fr\/produits\/static-control-fr\/decharge\/appareils-dalimentation\/compact-power-es24\/#primaryimage","url":"https:\/\/www.eltex.de\/wp-content\/uploads\/COMPACT-IONIZER-ES24-vario_neu3.jpg","contentUrl":"https:\/\/www.eltex.de\/wp-content\/uploads\/COMPACT-IONIZER-ES24-vario_neu3.jpg","width":1365,"height":640},{"@type":"BreadcrumbList","@id":"https:\/\/www.eltex.de\/fr\/produits\/static-control-fr\/decharge\/appareils-dalimentation\/compact-power-es24\/#breadcrumb","itemListElement":[{"@type":"ListItem","position":1,"name":"Eltex","item":"https:\/\/www.eltex.de\/fr\/"},{"@type":"ListItem","position":2,"name":"Produits","item":"https:\/\/www.eltex.de\/fr\/produits\/"},{"@type":"ListItem","position":3,"name":"Static Control","item":"https:\/\/www.eltex.de\/fr\/cat\u00e9gorie-produit\/static-control-fr\/"},{"@type":"ListItem","position":4,"name":"D\u00e9charge","item":"https:\/\/www.eltex.de\/fr\/cat\u00e9gorie-produit\/static-control-fr\/decharge\/"},{"@type":"ListItem","position":5,"name":"Appareils d\u2019alimentation","item":"https:\/\/www.eltex.de\/fr\/cat\u00e9gorie-produit\/static-control-fr\/decharge\/appareils-dalimentation\/"},{"@type":"ListItem","position":6,"name":"COMPACT IONIZER ES24"}]},{"@type":"WebSite","@id":"https:\/\/www.eltex.de\/fr\/#website","url":"https:\/\/www.eltex.de\/fr\/","name":"Eltex Elektrostatik GmbH","description":"Die Eltex Elektrostatik GmbH als moderner Partner der Industrie zur Steigerung von Produktivit\u00e4t, Effizienz und Ertragskraft in vielen Branchen.","potentialAction":[{"@type":"SearchAction","target":{"@type":"EntryPoint","urlTemplate":"https:\/\/www.eltex.de\/fr\/?s={search_term_string}"},"query-input":{"@type":"PropertyValueSpecification","valueRequired":true,"valueName":"search_term_string"}}],"inLanguage":"fr-FR"}]}},"_links":{"self":[{"href":"https:\/\/www.eltex.de\/fr\/wp-json\/wp\/v2\/product\/3870","targetHints":{"allow":["GET"]}}],"collection":[{"href":"https:\/\/www.eltex.de\/fr\/wp-json\/wp\/v2\/product"}],"about":[{"href":"https:\/\/www.eltex.de\/fr\/wp-json\/wp\/v2\/types\/product"}],"wp:featuredmedia":[{"embeddable":true,"href":"https:\/\/www.eltex.de\/fr\/wp-json\/wp\/v2\/media\/10795"}],"wp:attachment":[{"href":"https:\/\/www.eltex.de\/fr\/wp-json\/wp\/v2\/media?parent=3870"}],"wp:term":[{"taxonomy":"product_brand","embeddable":true,"href":"https:\/\/www.eltex.de\/fr\/wp-json\/wp\/v2\/product_brand?post=3870"},{"taxonomy":"product_cat","embeddable":true,"href":"https:\/\/www.eltex.de\/fr\/wp-json\/wp\/v2\/product_cat?post=3870"},{"taxonomy":"product_tag","embeddable":true,"href":"https:\/\/www.eltex.de\/fr\/wp-json\/wp\/v2\/product_tag?post=3870"}],"curies":[{"name":"wp","href":"https:\/\/api.w.org\/{rel}","templated":true}]}}