{"id":3873,"date":"2018-02-14T09:01:01","date_gmt":"2018-02-14T08:01:01","guid":{"rendered":"https:\/\/staging.eltex.de\/staging\/fr\/?post_type=product&#038;p=3873"},"modified":"2022-09-05T14:36:56","modified_gmt":"2022-09-05T12:36:56","slug":"r44ls","status":"publish","type":"product","link":"https:\/\/www.eltex.de\/fr\/produits\/non class\u00e9\/r44ls\/","title":{"rendered":"R44LS"},"content":{"rendered":"<p><span>Les \u00e9lectrodes de d\u00e9charge de la s\u00e9rie R44LS pour la d\u00e9charge active des perturbations \u00e9lectrostatiques dans le processus de production.\u00a0Les \u00e9lectrodes fonctionnent avec une tension alternative de 4,8 &#8230; 5,5 kV \u00e0\u00a0<\/span><span>50 &#8230; 60 Hz et conviennent pour d\u00e9charger des surfaces \u00e0 des vitesses lentes et moyennes.\u00a0<\/span><br \/>\n<span>Les \u00e9lectrodes de d\u00e9charge R44LS sont assist\u00e9es par de l&rsquo;air\u00a0 et assurent une d\u00e9charge suffisante m\u00eame sur de longues distances.\u00a0Il en r\u00e9sulte une s\u00e9paration en \u00e9caille am\u00e9lior\u00e9e des piles, un flux plus r\u00e9gulier lors de renvois \u00e0 90\u00b0 ainsi que des empilages parfaits.\u00a0<\/span><\/p>\n","protected":false},"excerpt":{"rendered":"<p>Electrode de d\u00e9charge avec canal d&rsquo;air int\u00e9gr\u00e9<\/p>\n","protected":false},"featured_media":0,"template":"","meta":{"_acf_changed":false},"product_brand":[],"product_cat":[],"product_tag":[],"class_list":{"0":"post-3873","1":"product","2":"type-product","3":"status-publish","5":"pa_anwendungsbereiche-bogenoffset-fr","6":"pa_anwendungsbereiche-reinigung-von-flaechen-vor-dem-lackieren-fr","7":"pa_anwendungsbereiche-elektrotechnik-fr","8":"pa_anwendungsbereiche-nettoyage-de-pieces-plastique","9":"pa_anwendungsbereiche-decharge-de-formes-plastique","10":"pa_anwendungsbereiche-production-de-sacs-et-gaines","11":"pa_anwendungsbereiche-entladung-von-kunststoffteilen-fr","12":"pa_anwendungsbereiche-schutzpapiere-fr","13":"pa_anwendungsbereiche-films-d-emballage-fr","14":"pa_anwendungsbereiche-textilindustrie-fr","15":"pa_anwendungsbereiche-formteilherstellung-fr","16":"pa_anwendungsbereiche-tiefziehautomaten-fr","17":"pa_anwendungsbereiche-heatset-rollenoffset-digitaldruck-fr","18":"pa_anwendungsbereiche-vereinzelung-von-kleinteilen-fr","19":"pa_anwendungsbereiche-pelliculage-laminage-et-enduction","20":"pa_anwendungsbereiche-verpackungs-illustrationstiefdruck-fr","21":"pa_anwendungsbereiche-pharmazie-fr","22":"pa_anwendungsbereiche-weiterverarbeitung-fr","23":"pa_anwendungsbereiche-ampoules-corps-creux-fr","24":"pa_anwendungsbereiche-reinigen-und-ionisieren-fr","25":"pa_anwendungsbereiche-enroulement-et-emballage-fr","26":"pa_anwendungsbereiche-reinigung-von-flaechen-fr","27":"pa_hochspannungserzeugung-separates-netzteil-fr","28":"pa_industriebereiche-emballage","29":"pa_industriebereiche-automobile","30":"pa_industriebereiche-chimie-pharmacie","31":"pa_industriebereiche-converting","32":"pa_industriebereiche-electronique","33":"pa_industriebereiche-plastique","34":"pa_industriebereiche-meuble","35":"pa_industriebereiche-textil-fr-2","36":"pa_industriebereiche-automation","37":"pa_produktmerkmale-integrierter-luftkanal-fr","38":"pa_produktmerkmale-max-aktive-laenge-3-000-mm-fr","39":"pa_produktmerkmale-15-mm-spitzenraster-fr","40":"pa_ueberwachung-ueberwachung-moeglich-fr","41":"pa_umgebungsatmosphaere-nicht-ex-fr","42":"pa_versorgungsspannung-24v-dc-fr","43":"pa_versorgungsspannung-115v-fr","44":"pa_versorgungsspannung-230v-fr","46":"first","47":"instock","48":"shipping-taxable","49":"product-type-simple"},"acf":[],"yoast_head":"<!-- This site is optimized with the Yoast SEO plugin v27.3 - https:\/\/yoast.com\/product\/yoast-seo-wordpress\/ -->\n<title>R44LS | Eltex Elektrostatik GmbH<\/title>\n<meta name=\"robots\" content=\"index, follow, max-snippet:-1, max-image-preview:large, max-video-preview:-1\" \/>\n<link rel=\"canonical\" href=\"https:\/\/www.eltex.de\/fr\/produits\/non%20class\u00e9\/r44ls\/\" \/>\n<meta property=\"og:locale\" content=\"fr_FR\" \/>\n<meta property=\"og:type\" content=\"article\" \/>\n<meta property=\"og:title\" content=\"R44LS | Eltex Elektrostatik GmbH\" \/>\n<meta property=\"og:description\" content=\"Electrode de d\u00e9charge avec canal d&#039;air int\u00e9gr\u00e9\" \/>\n<meta property=\"og:url\" content=\"https:\/\/www.eltex.de\/fr\/produits\/non class\u00e9\/r44ls\/\" \/>\n<meta property=\"og:site_name\" content=\"Eltex Elektrostatik GmbH\" \/>\n<meta property=\"article:modified_time\" content=\"2022-09-05T12:36:56+00:00\" \/>\n<meta property=\"og:image\" content=\"https:\/\/www.eltex.de\/wp-content\/uploads\/r44ls_new-8.jpg\" \/>\n\t<meta property=\"og:image:width\" content=\"1024\" \/>\n\t<meta property=\"og:image:height\" content=\"480\" \/>\n\t<meta property=\"og:image:type\" content=\"image\/jpeg\" \/>\n<meta name=\"twitter:card\" content=\"summary_large_image\" \/>\n<script type=\"application\/ld+json\" class=\"yoast-schema-graph\">{\"@context\":\"https:\\\/\\\/schema.org\",\"@graph\":[{\"@type\":\"WebPage\",\"@id\":\"https:\\\/\\\/www.eltex.de\\\/fr\\\/produits\\\/non class\u00e9\\\/r44ls\\\/\",\"url\":\"https:\\\/\\\/www.eltex.de\\\/fr\\\/produits\\\/non class\u00e9\\\/r44ls\\\/\",\"name\":\"R44LS | Eltex Elektrostatik GmbH\",\"isPartOf\":{\"@id\":\"https:\\\/\\\/www.eltex.de\\\/fr\\\/#website\"},\"datePublished\":\"2018-02-14T08:01:01+00:00\",\"dateModified\":\"2022-09-05T12:36:56+00:00\",\"breadcrumb\":{\"@id\":\"https:\\\/\\\/www.eltex.de\\\/fr\\\/produits\\\/non class\u00e9\\\/r44ls\\\/#breadcrumb\"},\"inLanguage\":\"fr-FR\",\"potentialAction\":[{\"@type\":\"ReadAction\",\"target\":[\"https:\\\/\\\/www.eltex.de\\\/fr\\\/produits\\\/non class\u00e9\\\/r44ls\\\/\"]}]},{\"@type\":\"BreadcrumbList\",\"@id\":\"https:\\\/\\\/www.eltex.de\\\/fr\\\/produits\\\/non class\u00e9\\\/r44ls\\\/#breadcrumb\",\"itemListElement\":[{\"@type\":\"ListItem\",\"position\":1,\"name\":\"Eltex\",\"item\":\"https:\\\/\\\/www.eltex.de\\\/fr\\\/\"},{\"@type\":\"ListItem\",\"position\":2,\"name\":\"Produits\",\"item\":\"https:\\\/\\\/www.eltex.de\\\/fr\\\/produits\\\/\"},{\"@type\":\"ListItem\",\"position\":3,\"name\":\"RX11\",\"item\":\"https:\\\/\\\/www.eltex.de\\\/fr\\\/cat\u00e9gorie-produit\\\/rx11\\\/\"},{\"@type\":\"ListItem\",\"position\":4,\"name\":\"R44LS\"}]},{\"@type\":\"WebSite\",\"@id\":\"https:\\\/\\\/www.eltex.de\\\/fr\\\/#website\",\"url\":\"https:\\\/\\\/www.eltex.de\\\/fr\\\/\",\"name\":\"Eltex Elektrostatik GmbH\",\"description\":\"Die Eltex Elektrostatik GmbH als moderner Partner der Industrie zur Steigerung von Produktivit\u00e4t, Effizienz und Ertragskraft in vielen Branchen.\",\"potentialAction\":[{\"@type\":\"SearchAction\",\"target\":{\"@type\":\"EntryPoint\",\"urlTemplate\":\"https:\\\/\\\/www.eltex.de\\\/fr\\\/?s={search_term_string}\"},\"query-input\":{\"@type\":\"PropertyValueSpecification\",\"valueRequired\":true,\"valueName\":\"search_term_string\"}}],\"inLanguage\":\"fr-FR\"}]}<\/script>\n<!-- \/ Yoast SEO plugin. -->","yoast_head_json":{"title":"R44LS | Eltex Elektrostatik GmbH","robots":{"index":"index","follow":"follow","max-snippet":"max-snippet:-1","max-image-preview":"max-image-preview:large","max-video-preview":"max-video-preview:-1"},"canonical":"https:\/\/www.eltex.de\/fr\/produits\/non class\u00e9\/r44ls\/","og_locale":"fr_FR","og_type":"article","og_title":"R44LS | Eltex Elektrostatik GmbH","og_description":"Electrode de d\u00e9charge avec canal d'air int\u00e9gr\u00e9","og_url":"https:\/\/www.eltex.de\/fr\/produits\/non class\u00e9\/r44ls\/","og_site_name":"Eltex Elektrostatik GmbH","article_modified_time":"2022-09-05T12:36:56+00:00","og_image":[{"width":1024,"height":480,"url":"https:\/\/www.eltex.de\/wp-content\/uploads\/r44ls_new-8.jpg","type":"image\/jpeg"}],"twitter_card":"summary_large_image","schema":{"@context":"https:\/\/schema.org","@graph":[{"@type":"WebPage","@id":"https:\/\/www.eltex.de\/fr\/produits\/non class\u00e9\/r44ls\/","url":"https:\/\/www.eltex.de\/fr\/produits\/non class\u00e9\/r44ls\/","name":"R44LS | Eltex Elektrostatik GmbH","isPartOf":{"@id":"https:\/\/www.eltex.de\/fr\/#website"},"datePublished":"2018-02-14T08:01:01+00:00","dateModified":"2022-09-05T12:36:56+00:00","breadcrumb":{"@id":"https:\/\/www.eltex.de\/fr\/produits\/non class\u00e9\/r44ls\/#breadcrumb"},"inLanguage":"fr-FR","potentialAction":[{"@type":"ReadAction","target":["https:\/\/www.eltex.de\/fr\/produits\/non class\u00e9\/r44ls\/"]}]},{"@type":"BreadcrumbList","@id":"https:\/\/www.eltex.de\/fr\/produits\/non class\u00e9\/r44ls\/#breadcrumb","itemListElement":[{"@type":"ListItem","position":1,"name":"Eltex","item":"https:\/\/www.eltex.de\/fr\/"},{"@type":"ListItem","position":2,"name":"Produits","item":"https:\/\/www.eltex.de\/fr\/produits\/"},{"@type":"ListItem","position":3,"name":"RX11","item":"https:\/\/www.eltex.de\/fr\/cat\u00e9gorie-produit\/rx11\/"},{"@type":"ListItem","position":4,"name":"R44LS"}]},{"@type":"WebSite","@id":"https:\/\/www.eltex.de\/fr\/#website","url":"https:\/\/www.eltex.de\/fr\/","name":"Eltex Elektrostatik GmbH","description":"Die Eltex Elektrostatik GmbH als moderner Partner der Industrie zur Steigerung von Produktivit\u00e4t, Effizienz und Ertragskraft in vielen Branchen.","potentialAction":[{"@type":"SearchAction","target":{"@type":"EntryPoint","urlTemplate":"https:\/\/www.eltex.de\/fr\/?s={search_term_string}"},"query-input":{"@type":"PropertyValueSpecification","valueRequired":true,"valueName":"search_term_string"}}],"inLanguage":"fr-FR"}]}},"_links":{"self":[{"href":"https:\/\/www.eltex.de\/fr\/wp-json\/wp\/v2\/product\/3873","targetHints":{"allow":["GET"]}}],"collection":[{"href":"https:\/\/www.eltex.de\/fr\/wp-json\/wp\/v2\/product"}],"about":[{"href":"https:\/\/www.eltex.de\/fr\/wp-json\/wp\/v2\/types\/product"}],"wp:attachment":[{"href":"https:\/\/www.eltex.de\/fr\/wp-json\/wp\/v2\/media?parent=3873"}],"wp:term":[{"taxonomy":"product_brand","embeddable":true,"href":"https:\/\/www.eltex.de\/fr\/wp-json\/wp\/v2\/product_brand?post=3873"},{"taxonomy":"product_cat","embeddable":true,"href":"https:\/\/www.eltex.de\/fr\/wp-json\/wp\/v2\/product_cat?post=3873"},{"taxonomy":"product_tag","embeddable":true,"href":"https:\/\/www.eltex.de\/fr\/wp-json\/wp\/v2\/product_tag?post=3873"}],"curies":[{"name":"wp","href":"https:\/\/api.w.org\/{rel}","templated":true}]}}