{"id":3877,"date":"2018-02-14T09:08:51","date_gmt":"2018-02-14T08:08:51","guid":{"rendered":"https:\/\/eltex.de\/produkte\/non%20class\u00e9\/basix-r47\/"},"modified":"2022-09-05T14:37:48","modified_gmt":"2022-09-05T12:37:48","slug":"r47","status":"publish","type":"product","link":"https:\/\/www.eltex.de\/fr\/produits\/static-control-fr\/decharge\/entladeelektroden-fr\/r47\/","title":{"rendered":"slimBAR R47"},"content":{"rendered":"<p><strong>Structure compacte pour le mod\u00e8le d&rsquo;entr\u00e9e de gamme<\/strong><\/p>\n<p>Particuli\u00e8rement petite et \u00e9conomique, la slimBAR R47 allie le savoir-faire \u00e9prouv\u00e9 d&rsquo;Eltex \u00e0 un prix avantageux. Gr\u00e2ce \u00e0 ses dimensions compactes, la slimBAR R47 convient \u00e0 une multitude d&rsquo;applications.<\/p>\n","protected":false},"excerpt":{"rendered":"<p>Electrode de d\u00e9charge compacte<\/p>\n","protected":false},"featured_media":10500,"template":"","meta":{"_acf_changed":false},"product_brand":[],"product_cat":[379],"product_tag":[],"class_list":{"0":"post-3877","1":"product","2":"type-product","3":"status-publish","4":"has-post-thumbnail","6":"product_cat-entladeelektroden-fr","7":"pa_anwendungsbereiche-textilindustrie-fr","8":"pa_anwendungsbereiche-films-d-emballage-fr","9":"pa_anwendungsbereiche-tiefziehautomaten-fr","10":"pa_anwendungsbereiche-formteilherstellung-fr","11":"pa_anwendungsbereiche-vereinzelung-von-kleinteilen-fr","12":"pa_anwendungsbereiche-transport-von-folienresten-fr","13":"pa_anwendungsbereiche-heatset-rollenoffset-digitaldruck-fr","14":"pa_anwendungsbereiche-verpackungs-illustrationstiefdruck-fr","15":"pa_anwendungsbereiche-transport-von-granulaten-fr","16":"pa_anwendungsbereiche-pelliculage-laminage-et-enduction","17":"pa_anwendungsbereiche-weiterverarbeitung-fr","18":"pa_anwendungsbereiche-ampoules-corps-creux-fr","19":"pa_anwendungsbereiche-pharmazie-fr","20":"pa_anwendungsbereiche-enroulement-et-emballage-fr","21":"pa_anwendungsbereiche-reinigen-und-ionisieren-fr","22":"pa_anwendungsbereiche-bogenoffset-fr","23":"pa_anwendungsbereiche-reinigung-von-flaechen-fr","24":"pa_anwendungsbereiche-dosier-und-mischgeraete-fr","25":"pa_anwendungsbereiche-reinigung-von-flaechen-vor-dem-lackieren-fr","26":"pa_anwendungsbereiche-elektrotechnik-fr","27":"pa_anwendungsbereiche-nettoyage-de-pieces-plastique","28":"pa_anwendungsbereiche-decharge-de-formes-plastique","29":"pa_anwendungsbereiche-production-de-sacs-et-gaines","30":"pa_anwendungsbereiche-entladung-von-kunststoffteilen-fr","31":"pa_industriebereiche-meuble","32":"pa_industriebereiche-emballage","33":"pa_industriebereiche-automation","34":"pa_industriebereiche-automobile","35":"pa_industriebereiche-chimie-pharmacie","36":"pa_industriebereiche-textil-fr-2","37":"pa_industriebereiche-converting","38":"pa_industriebereiche-electronique","39":"pa_industriebereiche-plastique","41":"first","42":"instock","43":"shipping-taxable","44":"product-type-simple"},"acf":[],"yoast_head":"<!-- This site is optimized with the Yoast SEO plugin v27.3 - https:\/\/yoast.com\/product\/yoast-seo-wordpress\/ -->\n<title>slimBAR R47 | Eltex Elektrostatik GmbH<\/title>\n<meta name=\"robots\" content=\"index, follow, max-snippet:-1, max-image-preview:large, max-video-preview:-1\" \/>\n<link rel=\"canonical\" href=\"https:\/\/www.eltex.de\/fr\/produits\/static-control-fr\/decharge\/entladeelektroden-fr\/r47\/\" \/>\n<meta property=\"og:locale\" content=\"fr_FR\" \/>\n<meta property=\"og:type\" content=\"article\" \/>\n<meta property=\"og:title\" content=\"slimBAR R47 | Eltex Elektrostatik GmbH\" \/>\n<meta property=\"og:description\" content=\"Electrode de d\u00e9charge compacte\" \/>\n<meta property=\"og:url\" content=\"https:\/\/www.eltex.de\/fr\/produits\/static-control-fr\/decharge\/entladeelektroden-fr\/r47\/\" \/>\n<meta property=\"og:site_name\" content=\"Eltex Elektrostatik GmbH\" \/>\n<meta property=\"article:modified_time\" content=\"2022-09-05T12:37:48+00:00\" \/>\n<meta property=\"og:image\" content=\"https:\/\/www.eltex.de\/wp-content\/uploads\/slimBAR-R47-vario-3.jpg\" \/>\n\t<meta property=\"og:image:width\" content=\"1365\" \/>\n\t<meta property=\"og:image:height\" content=\"640\" \/>\n\t<meta property=\"og:image:type\" content=\"image\/jpeg\" \/>\n<meta name=\"twitter:card\" content=\"summary_large_image\" \/>\n<script type=\"application\/ld+json\" class=\"yoast-schema-graph\">{\"@context\":\"https:\\\/\\\/schema.org\",\"@graph\":[{\"@type\":\"WebPage\",\"@id\":\"https:\\\/\\\/www.eltex.de\\\/fr\\\/produits\\\/static-control-fr\\\/decharge\\\/entladeelektroden-fr\\\/r47\\\/\",\"url\":\"https:\\\/\\\/www.eltex.de\\\/fr\\\/produits\\\/static-control-fr\\\/decharge\\\/entladeelektroden-fr\\\/r47\\\/\",\"name\":\"slimBAR R47 | Eltex Elektrostatik GmbH\",\"isPartOf\":{\"@id\":\"https:\\\/\\\/www.eltex.de\\\/fr\\\/#website\"},\"primaryImageOfPage\":{\"@id\":\"https:\\\/\\\/www.eltex.de\\\/fr\\\/produits\\\/static-control-fr\\\/decharge\\\/entladeelektroden-fr\\\/r47\\\/#primaryimage\"},\"image\":{\"@id\":\"https:\\\/\\\/www.eltex.de\\\/fr\\\/produits\\\/static-control-fr\\\/decharge\\\/entladeelektroden-fr\\\/r47\\\/#primaryimage\"},\"thumbnailUrl\":\"https:\\\/\\\/www.eltex.de\\\/wp-content\\\/uploads\\\/slimBAR-R47-vario-1-2.jpg\",\"datePublished\":\"2018-02-14T08:08:51+00:00\",\"dateModified\":\"2022-09-05T12:37:48+00:00\",\"breadcrumb\":{\"@id\":\"https:\\\/\\\/www.eltex.de\\\/fr\\\/produits\\\/static-control-fr\\\/decharge\\\/entladeelektroden-fr\\\/r47\\\/#breadcrumb\"},\"inLanguage\":\"fr-FR\",\"potentialAction\":[{\"@type\":\"ReadAction\",\"target\":[\"https:\\\/\\\/www.eltex.de\\\/fr\\\/produits\\\/static-control-fr\\\/decharge\\\/entladeelektroden-fr\\\/r47\\\/\"]}]},{\"@type\":\"ImageObject\",\"inLanguage\":\"fr-FR\",\"@id\":\"https:\\\/\\\/www.eltex.de\\\/fr\\\/produits\\\/static-control-fr\\\/decharge\\\/entladeelektroden-fr\\\/r47\\\/#primaryimage\",\"url\":\"https:\\\/\\\/www.eltex.de\\\/wp-content\\\/uploads\\\/slimBAR-R47-vario-1-2.jpg\",\"contentUrl\":\"https:\\\/\\\/www.eltex.de\\\/wp-content\\\/uploads\\\/slimBAR-R47-vario-1-2.jpg\",\"width\":1365,\"height\":640},{\"@type\":\"BreadcrumbList\",\"@id\":\"https:\\\/\\\/www.eltex.de\\\/fr\\\/produits\\\/static-control-fr\\\/decharge\\\/entladeelektroden-fr\\\/r47\\\/#breadcrumb\",\"itemListElement\":[{\"@type\":\"ListItem\",\"position\":1,\"name\":\"Eltex\",\"item\":\"https:\\\/\\\/www.eltex.de\\\/fr\\\/\"},{\"@type\":\"ListItem\",\"position\":2,\"name\":\"Produits\",\"item\":\"https:\\\/\\\/www.eltex.de\\\/fr\\\/produits\\\/\"},{\"@type\":\"ListItem\",\"position\":3,\"name\":\"Static Control\",\"item\":\"https:\\\/\\\/www.eltex.de\\\/fr\\\/cat\u00e9gorie-produit\\\/static-control-fr\\\/\"},{\"@type\":\"ListItem\",\"position\":4,\"name\":\"D\u00e9charge\",\"item\":\"https:\\\/\\\/www.eltex.de\\\/fr\\\/cat\u00e9gorie-produit\\\/static-control-fr\\\/decharge\\\/\"},{\"@type\":\"ListItem\",\"position\":5,\"name\":\"Electrodes de d\u00e9charge\",\"item\":\"https:\\\/\\\/www.eltex.de\\\/fr\\\/cat\u00e9gorie-produit\\\/static-control-fr\\\/decharge\\\/entladeelektroden-fr\\\/\"},{\"@type\":\"ListItem\",\"position\":6,\"name\":\"slimBAR R47\"}]},{\"@type\":\"WebSite\",\"@id\":\"https:\\\/\\\/www.eltex.de\\\/fr\\\/#website\",\"url\":\"https:\\\/\\\/www.eltex.de\\\/fr\\\/\",\"name\":\"Eltex Elektrostatik GmbH\",\"description\":\"Die Eltex Elektrostatik GmbH als moderner Partner der Industrie zur Steigerung von Produktivit\u00e4t, Effizienz und Ertragskraft in vielen Branchen.\",\"potentialAction\":[{\"@type\":\"SearchAction\",\"target\":{\"@type\":\"EntryPoint\",\"urlTemplate\":\"https:\\\/\\\/www.eltex.de\\\/fr\\\/?s={search_term_string}\"},\"query-input\":{\"@type\":\"PropertyValueSpecification\",\"valueRequired\":true,\"valueName\":\"search_term_string\"}}],\"inLanguage\":\"fr-FR\"}]}<\/script>\n<!-- \/ Yoast SEO plugin. -->","yoast_head_json":{"title":"slimBAR R47 | Eltex Elektrostatik GmbH","robots":{"index":"index","follow":"follow","max-snippet":"max-snippet:-1","max-image-preview":"max-image-preview:large","max-video-preview":"max-video-preview:-1"},"canonical":"https:\/\/www.eltex.de\/fr\/produits\/static-control-fr\/decharge\/entladeelektroden-fr\/r47\/","og_locale":"fr_FR","og_type":"article","og_title":"slimBAR R47 | Eltex Elektrostatik GmbH","og_description":"Electrode de d\u00e9charge compacte","og_url":"https:\/\/www.eltex.de\/fr\/produits\/static-control-fr\/decharge\/entladeelektroden-fr\/r47\/","og_site_name":"Eltex Elektrostatik GmbH","article_modified_time":"2022-09-05T12:37:48+00:00","og_image":[{"width":1365,"height":640,"url":"https:\/\/www.eltex.de\/wp-content\/uploads\/slimBAR-R47-vario-3.jpg","type":"image\/jpeg"}],"twitter_card":"summary_large_image","schema":{"@context":"https:\/\/schema.org","@graph":[{"@type":"WebPage","@id":"https:\/\/www.eltex.de\/fr\/produits\/static-control-fr\/decharge\/entladeelektroden-fr\/r47\/","url":"https:\/\/www.eltex.de\/fr\/produits\/static-control-fr\/decharge\/entladeelektroden-fr\/r47\/","name":"slimBAR R47 | Eltex Elektrostatik GmbH","isPartOf":{"@id":"https:\/\/www.eltex.de\/fr\/#website"},"primaryImageOfPage":{"@id":"https:\/\/www.eltex.de\/fr\/produits\/static-control-fr\/decharge\/entladeelektroden-fr\/r47\/#primaryimage"},"image":{"@id":"https:\/\/www.eltex.de\/fr\/produits\/static-control-fr\/decharge\/entladeelektroden-fr\/r47\/#primaryimage"},"thumbnailUrl":"https:\/\/www.eltex.de\/wp-content\/uploads\/slimBAR-R47-vario-1-2.jpg","datePublished":"2018-02-14T08:08:51+00:00","dateModified":"2022-09-05T12:37:48+00:00","breadcrumb":{"@id":"https:\/\/www.eltex.de\/fr\/produits\/static-control-fr\/decharge\/entladeelektroden-fr\/r47\/#breadcrumb"},"inLanguage":"fr-FR","potentialAction":[{"@type":"ReadAction","target":["https:\/\/www.eltex.de\/fr\/produits\/static-control-fr\/decharge\/entladeelektroden-fr\/r47\/"]}]},{"@type":"ImageObject","inLanguage":"fr-FR","@id":"https:\/\/www.eltex.de\/fr\/produits\/static-control-fr\/decharge\/entladeelektroden-fr\/r47\/#primaryimage","url":"https:\/\/www.eltex.de\/wp-content\/uploads\/slimBAR-R47-vario-1-2.jpg","contentUrl":"https:\/\/www.eltex.de\/wp-content\/uploads\/slimBAR-R47-vario-1-2.jpg","width":1365,"height":640},{"@type":"BreadcrumbList","@id":"https:\/\/www.eltex.de\/fr\/produits\/static-control-fr\/decharge\/entladeelektroden-fr\/r47\/#breadcrumb","itemListElement":[{"@type":"ListItem","position":1,"name":"Eltex","item":"https:\/\/www.eltex.de\/fr\/"},{"@type":"ListItem","position":2,"name":"Produits","item":"https:\/\/www.eltex.de\/fr\/produits\/"},{"@type":"ListItem","position":3,"name":"Static Control","item":"https:\/\/www.eltex.de\/fr\/cat\u00e9gorie-produit\/static-control-fr\/"},{"@type":"ListItem","position":4,"name":"D\u00e9charge","item":"https:\/\/www.eltex.de\/fr\/cat\u00e9gorie-produit\/static-control-fr\/decharge\/"},{"@type":"ListItem","position":5,"name":"Electrodes de d\u00e9charge","item":"https:\/\/www.eltex.de\/fr\/cat\u00e9gorie-produit\/static-control-fr\/decharge\/entladeelektroden-fr\/"},{"@type":"ListItem","position":6,"name":"slimBAR R47"}]},{"@type":"WebSite","@id":"https:\/\/www.eltex.de\/fr\/#website","url":"https:\/\/www.eltex.de\/fr\/","name":"Eltex Elektrostatik GmbH","description":"Die Eltex Elektrostatik GmbH als moderner Partner der Industrie zur Steigerung von Produktivit\u00e4t, Effizienz und Ertragskraft in vielen Branchen.","potentialAction":[{"@type":"SearchAction","target":{"@type":"EntryPoint","urlTemplate":"https:\/\/www.eltex.de\/fr\/?s={search_term_string}"},"query-input":{"@type":"PropertyValueSpecification","valueRequired":true,"valueName":"search_term_string"}}],"inLanguage":"fr-FR"}]}},"_links":{"self":[{"href":"https:\/\/www.eltex.de\/fr\/wp-json\/wp\/v2\/product\/3877","targetHints":{"allow":["GET"]}}],"collection":[{"href":"https:\/\/www.eltex.de\/fr\/wp-json\/wp\/v2\/product"}],"about":[{"href":"https:\/\/www.eltex.de\/fr\/wp-json\/wp\/v2\/types\/product"}],"wp:featuredmedia":[{"embeddable":true,"href":"https:\/\/www.eltex.de\/fr\/wp-json\/wp\/v2\/media\/10500"}],"wp:attachment":[{"href":"https:\/\/www.eltex.de\/fr\/wp-json\/wp\/v2\/media?parent=3877"}],"wp:term":[{"taxonomy":"product_brand","embeddable":true,"href":"https:\/\/www.eltex.de\/fr\/wp-json\/wp\/v2\/product_brand?post=3877"},{"taxonomy":"product_cat","embeddable":true,"href":"https:\/\/www.eltex.de\/fr\/wp-json\/wp\/v2\/product_cat?post=3877"},{"taxonomy":"product_tag","embeddable":true,"href":"https:\/\/www.eltex.de\/fr\/wp-json\/wp\/v2\/product_tag?post=3877"}],"curies":[{"name":"wp","href":"https:\/\/api.w.org\/{rel}","templated":true}]}}