{"id":3880,"date":"2018-02-14T09:56:10","date_gmt":"2018-02-14T08:56:10","guid":{"rendered":"https:\/\/eltex.de\/produkte\/non%20class\u00e9\/r130\/"},"modified":"2022-09-05T14:37:52","modified_gmt":"2022-09-05T12:37:52","slug":"r130","status":"publish","type":"product","link":"https:\/\/www.eltex.de\/fr\/produits\/static-control-fr\/charge-fr\/electrodes-de-charge-fr\/r130\/","title":{"rendered":"R130"},"content":{"rendered":"<p><span>Electrode robuste et pr\u00e9cise pour les alimentations jusqu&rsquo;\u00e0 60 kV.<\/span><\/p>\n<p><span>La distribution de la charge et du champ a \u00e9t\u00e9 significativement am\u00e9lior\u00e9e par l&rsquo;agencement optimis\u00e9 des pointes individuelles.\u00a0Des pointes s\u00e9par\u00e9es \u00e0 courant limit\u00e9 emp\u00eachent l&rsquo;augmentation de l&rsquo;ionisation de l&rsquo;air et des d\u00e9charges en aigrette \u00e0 haute \u00e9nergie.<\/span><\/p>\n","protected":false},"excerpt":{"rendered":"<p>Electrode de charge haute performance \u00e9prouv\u00e9e<\/p>\n","protected":false},"featured_media":14267,"template":"","meta":{"_acf_changed":false},"product_brand":[],"product_cat":[455],"product_tag":[],"class_list":{"0":"post-3880","1":"product","2":"type-product","3":"status-publish","4":"has-post-thumbnail","6":"product_cat-electrodes-de-charge-fr","7":"pa_anwendungsbereiche-auftragung-von-schutzfolien-fr","8":"pa_anwendungsbereiche-production-de-film-plat","9":"pa_anwendungsbereiche-enroulement-et-emballage-fr","10":"pa_anwendungsbereiche-pelliculage-laminage-et-enduction","11":"pa_anwendungsbereiche-schutzpapiere-fr","12":"pa_anwendungsbereiche-weiterverarbeitung-fr","13":"pa_industriebereiche-automobile","14":"pa_industriebereiche-converting","15":"pa_industriebereiche-plastique","16":"pa_industriebereiche-meuble","17":"pa_industriebereiche-emballage","18":"pa_produktmerkmale-30kv-und-60kv-ausfuehrung-fr","19":"pa_produktmerkmale-5-mm-spitzenraster-fr","20":"pa_produktmerkmale-max-laenge-3-985-mm-fr","22":"first","23":"instock","24":"shipping-taxable","25":"product-type-simple"},"acf":[],"yoast_head":"<!-- This site is optimized with the Yoast SEO plugin v27.3 - https:\/\/yoast.com\/product\/yoast-seo-wordpress\/ -->\n<title>R130 | Eltex Elektrostatik GmbH<\/title>\n<meta name=\"robots\" content=\"index, follow, max-snippet:-1, max-image-preview:large, max-video-preview:-1\" \/>\n<link rel=\"canonical\" href=\"https:\/\/www.eltex.de\/fr\/produits\/static-control-fr\/charge-fr\/electrodes-de-charge-fr\/r130\/\" \/>\n<meta property=\"og:locale\" content=\"fr_FR\" \/>\n<meta property=\"og:type\" content=\"article\" \/>\n<meta property=\"og:title\" content=\"R130 | Eltex Elektrostatik GmbH\" \/>\n<meta property=\"og:description\" content=\"Electrode de charge haute performance \u00e9prouv\u00e9e\" \/>\n<meta property=\"og:url\" content=\"https:\/\/www.eltex.de\/fr\/produits\/static-control-fr\/charge-fr\/electrodes-de-charge-fr\/r130\/\" \/>\n<meta property=\"og:site_name\" content=\"Eltex Elektrostatik GmbH\" \/>\n<meta property=\"article:modified_time\" content=\"2022-09-05T12:37:52+00:00\" \/>\n<meta property=\"og:image\" content=\"https:\/\/www.eltex.de\/wp-content\/uploads\/rs130-8.jpg\" \/>\n\t<meta property=\"og:image:width\" content=\"1024\" \/>\n\t<meta property=\"og:image:height\" content=\"480\" \/>\n\t<meta property=\"og:image:type\" content=\"image\/jpeg\" \/>\n<meta name=\"twitter:card\" content=\"summary_large_image\" \/>\n<script type=\"application\/ld+json\" class=\"yoast-schema-graph\">{\"@context\":\"https:\\\/\\\/schema.org\",\"@graph\":[{\"@type\":\"WebPage\",\"@id\":\"https:\\\/\\\/www.eltex.de\\\/fr\\\/produits\\\/static-control-fr\\\/charge-fr\\\/electrodes-de-charge-fr\\\/r130\\\/\",\"url\":\"https:\\\/\\\/www.eltex.de\\\/fr\\\/produits\\\/static-control-fr\\\/charge-fr\\\/electrodes-de-charge-fr\\\/r130\\\/\",\"name\":\"R130 | Eltex Elektrostatik GmbH\",\"isPartOf\":{\"@id\":\"https:\\\/\\\/www.eltex.de\\\/fr\\\/#website\"},\"primaryImageOfPage\":{\"@id\":\"https:\\\/\\\/www.eltex.de\\\/fr\\\/produits\\\/static-control-fr\\\/charge-fr\\\/electrodes-de-charge-fr\\\/r130\\\/#primaryimage\"},\"image\":{\"@id\":\"https:\\\/\\\/www.eltex.de\\\/fr\\\/produits\\\/static-control-fr\\\/charge-fr\\\/electrodes-de-charge-fr\\\/r130\\\/#primaryimage\"},\"thumbnailUrl\":\"https:\\\/\\\/www.eltex.de\\\/wp-content\\\/uploads\\\/R130-1.jpg\",\"datePublished\":\"2018-02-14T08:56:10+00:00\",\"dateModified\":\"2022-09-05T12:37:52+00:00\",\"breadcrumb\":{\"@id\":\"https:\\\/\\\/www.eltex.de\\\/fr\\\/produits\\\/static-control-fr\\\/charge-fr\\\/electrodes-de-charge-fr\\\/r130\\\/#breadcrumb\"},\"inLanguage\":\"fr-FR\",\"potentialAction\":[{\"@type\":\"ReadAction\",\"target\":[\"https:\\\/\\\/www.eltex.de\\\/fr\\\/produits\\\/static-control-fr\\\/charge-fr\\\/electrodes-de-charge-fr\\\/r130\\\/\"]}]},{\"@type\":\"ImageObject\",\"inLanguage\":\"fr-FR\",\"@id\":\"https:\\\/\\\/www.eltex.de\\\/fr\\\/produits\\\/static-control-fr\\\/charge-fr\\\/electrodes-de-charge-fr\\\/r130\\\/#primaryimage\",\"url\":\"https:\\\/\\\/www.eltex.de\\\/wp-content\\\/uploads\\\/R130-1.jpg\",\"contentUrl\":\"https:\\\/\\\/www.eltex.de\\\/wp-content\\\/uploads\\\/R130-1.jpg\",\"width\":1365,\"height\":640},{\"@type\":\"BreadcrumbList\",\"@id\":\"https:\\\/\\\/www.eltex.de\\\/fr\\\/produits\\\/static-control-fr\\\/charge-fr\\\/electrodes-de-charge-fr\\\/r130\\\/#breadcrumb\",\"itemListElement\":[{\"@type\":\"ListItem\",\"position\":1,\"name\":\"Eltex\",\"item\":\"https:\\\/\\\/www.eltex.de\\\/fr\\\/\"},{\"@type\":\"ListItem\",\"position\":2,\"name\":\"Produits\",\"item\":\"https:\\\/\\\/www.eltex.de\\\/fr\\\/produits\\\/\"},{\"@type\":\"ListItem\",\"position\":3,\"name\":\"Static Control\",\"item\":\"https:\\\/\\\/www.eltex.de\\\/fr\\\/cat\u00e9gorie-produit\\\/static-control-fr\\\/\"},{\"@type\":\"ListItem\",\"position\":4,\"name\":\"Charge\",\"item\":\"https:\\\/\\\/www.eltex.de\\\/fr\\\/cat\u00e9gorie-produit\\\/static-control-fr\\\/charge-fr\\\/\"},{\"@type\":\"ListItem\",\"position\":5,\"name\":\"Electrodes de charge\",\"item\":\"https:\\\/\\\/www.eltex.de\\\/fr\\\/cat\u00e9gorie-produit\\\/static-control-fr\\\/charge-fr\\\/electrodes-de-charge-fr\\\/\"},{\"@type\":\"ListItem\",\"position\":6,\"name\":\"R130\"}]},{\"@type\":\"WebSite\",\"@id\":\"https:\\\/\\\/www.eltex.de\\\/fr\\\/#website\",\"url\":\"https:\\\/\\\/www.eltex.de\\\/fr\\\/\",\"name\":\"Eltex Elektrostatik GmbH\",\"description\":\"Die Eltex Elektrostatik GmbH als moderner Partner der Industrie zur Steigerung von Produktivit\u00e4t, Effizienz und Ertragskraft in vielen Branchen.\",\"potentialAction\":[{\"@type\":\"SearchAction\",\"target\":{\"@type\":\"EntryPoint\",\"urlTemplate\":\"https:\\\/\\\/www.eltex.de\\\/fr\\\/?s={search_term_string}\"},\"query-input\":{\"@type\":\"PropertyValueSpecification\",\"valueRequired\":true,\"valueName\":\"search_term_string\"}}],\"inLanguage\":\"fr-FR\"}]}<\/script>\n<!-- \/ Yoast SEO plugin. -->","yoast_head_json":{"title":"R130 | Eltex Elektrostatik GmbH","robots":{"index":"index","follow":"follow","max-snippet":"max-snippet:-1","max-image-preview":"max-image-preview:large","max-video-preview":"max-video-preview:-1"},"canonical":"https:\/\/www.eltex.de\/fr\/produits\/static-control-fr\/charge-fr\/electrodes-de-charge-fr\/r130\/","og_locale":"fr_FR","og_type":"article","og_title":"R130 | Eltex Elektrostatik GmbH","og_description":"Electrode de charge haute performance \u00e9prouv\u00e9e","og_url":"https:\/\/www.eltex.de\/fr\/produits\/static-control-fr\/charge-fr\/electrodes-de-charge-fr\/r130\/","og_site_name":"Eltex Elektrostatik GmbH","article_modified_time":"2022-09-05T12:37:52+00:00","og_image":[{"width":1024,"height":480,"url":"https:\/\/www.eltex.de\/wp-content\/uploads\/rs130-8.jpg","type":"image\/jpeg"}],"twitter_card":"summary_large_image","schema":{"@context":"https:\/\/schema.org","@graph":[{"@type":"WebPage","@id":"https:\/\/www.eltex.de\/fr\/produits\/static-control-fr\/charge-fr\/electrodes-de-charge-fr\/r130\/","url":"https:\/\/www.eltex.de\/fr\/produits\/static-control-fr\/charge-fr\/electrodes-de-charge-fr\/r130\/","name":"R130 | Eltex Elektrostatik GmbH","isPartOf":{"@id":"https:\/\/www.eltex.de\/fr\/#website"},"primaryImageOfPage":{"@id":"https:\/\/www.eltex.de\/fr\/produits\/static-control-fr\/charge-fr\/electrodes-de-charge-fr\/r130\/#primaryimage"},"image":{"@id":"https:\/\/www.eltex.de\/fr\/produits\/static-control-fr\/charge-fr\/electrodes-de-charge-fr\/r130\/#primaryimage"},"thumbnailUrl":"https:\/\/www.eltex.de\/wp-content\/uploads\/R130-1.jpg","datePublished":"2018-02-14T08:56:10+00:00","dateModified":"2022-09-05T12:37:52+00:00","breadcrumb":{"@id":"https:\/\/www.eltex.de\/fr\/produits\/static-control-fr\/charge-fr\/electrodes-de-charge-fr\/r130\/#breadcrumb"},"inLanguage":"fr-FR","potentialAction":[{"@type":"ReadAction","target":["https:\/\/www.eltex.de\/fr\/produits\/static-control-fr\/charge-fr\/electrodes-de-charge-fr\/r130\/"]}]},{"@type":"ImageObject","inLanguage":"fr-FR","@id":"https:\/\/www.eltex.de\/fr\/produits\/static-control-fr\/charge-fr\/electrodes-de-charge-fr\/r130\/#primaryimage","url":"https:\/\/www.eltex.de\/wp-content\/uploads\/R130-1.jpg","contentUrl":"https:\/\/www.eltex.de\/wp-content\/uploads\/R130-1.jpg","width":1365,"height":640},{"@type":"BreadcrumbList","@id":"https:\/\/www.eltex.de\/fr\/produits\/static-control-fr\/charge-fr\/electrodes-de-charge-fr\/r130\/#breadcrumb","itemListElement":[{"@type":"ListItem","position":1,"name":"Eltex","item":"https:\/\/www.eltex.de\/fr\/"},{"@type":"ListItem","position":2,"name":"Produits","item":"https:\/\/www.eltex.de\/fr\/produits\/"},{"@type":"ListItem","position":3,"name":"Static Control","item":"https:\/\/www.eltex.de\/fr\/cat\u00e9gorie-produit\/static-control-fr\/"},{"@type":"ListItem","position":4,"name":"Charge","item":"https:\/\/www.eltex.de\/fr\/cat\u00e9gorie-produit\/static-control-fr\/charge-fr\/"},{"@type":"ListItem","position":5,"name":"Electrodes de charge","item":"https:\/\/www.eltex.de\/fr\/cat\u00e9gorie-produit\/static-control-fr\/charge-fr\/electrodes-de-charge-fr\/"},{"@type":"ListItem","position":6,"name":"R130"}]},{"@type":"WebSite","@id":"https:\/\/www.eltex.de\/fr\/#website","url":"https:\/\/www.eltex.de\/fr\/","name":"Eltex Elektrostatik GmbH","description":"Die Eltex Elektrostatik GmbH als moderner Partner der Industrie zur Steigerung von Produktivit\u00e4t, Effizienz und Ertragskraft in vielen Branchen.","potentialAction":[{"@type":"SearchAction","target":{"@type":"EntryPoint","urlTemplate":"https:\/\/www.eltex.de\/fr\/?s={search_term_string}"},"query-input":{"@type":"PropertyValueSpecification","valueRequired":true,"valueName":"search_term_string"}}],"inLanguage":"fr-FR"}]}},"_links":{"self":[{"href":"https:\/\/www.eltex.de\/fr\/wp-json\/wp\/v2\/product\/3880","targetHints":{"allow":["GET"]}}],"collection":[{"href":"https:\/\/www.eltex.de\/fr\/wp-json\/wp\/v2\/product"}],"about":[{"href":"https:\/\/www.eltex.de\/fr\/wp-json\/wp\/v2\/types\/product"}],"wp:featuredmedia":[{"embeddable":true,"href":"https:\/\/www.eltex.de\/fr\/wp-json\/wp\/v2\/media\/14267"}],"wp:attachment":[{"href":"https:\/\/www.eltex.de\/fr\/wp-json\/wp\/v2\/media?parent=3880"}],"wp:term":[{"taxonomy":"product_brand","embeddable":true,"href":"https:\/\/www.eltex.de\/fr\/wp-json\/wp\/v2\/product_brand?post=3880"},{"taxonomy":"product_cat","embeddable":true,"href":"https:\/\/www.eltex.de\/fr\/wp-json\/wp\/v2\/product_cat?post=3880"},{"taxonomy":"product_tag","embeddable":true,"href":"https:\/\/www.eltex.de\/fr\/wp-json\/wp\/v2\/product_tag?post=3880"}],"curies":[{"name":"wp","href":"https:\/\/api.w.org\/{rel}","templated":true}]}}