{"id":3886,"date":"2018-02-14T10:33:41","date_gmt":"2018-02-14T09:33:41","guid":{"rendered":"https:\/\/eltex.de\/produkte\/non%20class\u00e9\/static-multi-monitoring\/"},"modified":"2022-09-05T14:38:16","modified_gmt":"2022-09-05T12:38:16","slug":"static-multi-monitoring","status":"publish","type":"product","link":"https:\/\/www.eltex.de\/fr\/produits\/messung-fr\/e-feldmeter-fr\/static-multi-monitoring\/","title":{"rendered":"Static Multi Monitoring EM200"},"content":{"rendered":"<p><span>Syst\u00e8me de mesure graphique des charges \u00e9lectrostatiques pour le contr\u00f4le permanent de la qualit\u00e9 pendant la production.\u00a0La mesure et l&rsquo;enregistrement des champs \u00e9lectrostatiques permettent un contr\u00f4le sur de grandes largeurs de bande.\u00a0Jusqu&rsquo;\u00e0 trois capteurs peuvent \u00eatre positionn\u00e9s n&rsquo;importe o\u00f9 au-dessus de la bande.\u00a0Les donn\u00e9es sont enregistr\u00e9es sur des cartes flash compactes courantes, ce qui garantit une \u00e9valuation sans probl\u00e8me sur le PC.<\/span><\/p>\n<p><span>Les donn\u00e9es mesur\u00e9es peuvent \u00eatre stock\u00e9es de plusieurs jours \u00e0 plus d&rsquo;un an, en fonction des\u00a0<\/span><br \/>\n<span>intervalles d&rsquo;\u00a0enregistrement choisis et de la capacit\u00e9 de la carte m\u00e9moire.\u00a0L&rsquo;enregistrement peut \u00eatre activ\u00e9 avec l&rsquo;entr\u00e9e de commande optionnelle.\u00a0Un relais signale optiquement ou acoustiquement les d\u00e9passements des valeurs limites r\u00e9gl\u00e9es.\u00a0<\/span><\/p>\n<h3>Possibilit\u00e9s d&rsquo;insatllation<\/h3>\n<ul>\n<li>D\u00e9tection des charges \u00e9lectrostatiques en tant que facteurs de r\u00e9duction de la qualit\u00e9.<\/li>\n<li>Surveillance et documentation de l&rsquo;efficacit\u00e9 des syst\u00e8mes de d\u00e9charge install\u00e9s<\/li>\n<\/ul>\n","protected":false},"excerpt":{"rendered":"<p>Static Multi Monitoring<\/p>\n","protected":false},"featured_media":10233,"template":"","meta":{"_acf_changed":false},"product_brand":[],"product_cat":[462,129],"product_tag":[],"class_list":{"0":"post-3886","1":"product","2":"type-product","3":"status-publish","4":"has-post-thumbnail","6":"product_cat-e-feldmeter-fr","7":"product_cat-rx11","9":"first","10":"instock","11":"shipping-taxable","12":"product-type-simple"},"acf":[],"yoast_head":"<!-- This site is optimized with the Yoast SEO plugin v27.0 - https:\/\/yoast.com\/product\/yoast-seo-wordpress\/ -->\n<title>Static Multi Monitoring EM200 | Eltex Elektrostatik GmbH<\/title>\n<meta name=\"robots\" content=\"index, follow, max-snippet:-1, max-image-preview:large, max-video-preview:-1\" \/>\n<link rel=\"canonical\" href=\"https:\/\/www.eltex.de\/fr\/produits\/messung-fr\/e-feldmeter-fr\/static-multi-monitoring\/\" \/>\n<meta property=\"og:locale\" content=\"fr_FR\" \/>\n<meta property=\"og:type\" content=\"article\" \/>\n<meta property=\"og:title\" content=\"Static Multi Monitoring EM200 | Eltex Elektrostatik GmbH\" \/>\n<meta property=\"og:description\" content=\"Static Multi Monitoring\" \/>\n<meta property=\"og:url\" content=\"https:\/\/www.eltex.de\/fr\/produits\/messung-fr\/e-feldmeter-fr\/static-multi-monitoring\/\" \/>\n<meta property=\"og:site_name\" content=\"Eltex Elektrostatik GmbH\" \/>\n<meta property=\"article:modified_time\" content=\"2022-09-05T12:38:16+00:00\" \/>\n<meta property=\"og:image\" content=\"https:\/\/www.eltex.de\/wp-content\/uploads\/static_multi_monitoring-8.jpg\" \/>\n\t<meta property=\"og:image:width\" content=\"1024\" \/>\n\t<meta property=\"og:image:height\" content=\"480\" \/>\n\t<meta property=\"og:image:type\" content=\"image\/jpeg\" \/>\n<meta name=\"twitter:card\" content=\"summary_large_image\" \/>\n<meta name=\"twitter:label1\" content=\"Dur\u00e9e de lecture estim\u00e9e\" \/>\n\t<meta name=\"twitter:data1\" content=\"1 minute\" \/>\n<script type=\"application\/ld+json\" class=\"yoast-schema-graph\">{\"@context\":\"https:\/\/schema.org\",\"@graph\":[{\"@type\":\"WebPage\",\"@id\":\"https:\/\/www.eltex.de\/fr\/produits\/messung-fr\/e-feldmeter-fr\/static-multi-monitoring\/\",\"url\":\"https:\/\/www.eltex.de\/fr\/produits\/messung-fr\/e-feldmeter-fr\/static-multi-monitoring\/\",\"name\":\"Static Multi Monitoring EM200 | Eltex Elektrostatik GmbH\",\"isPartOf\":{\"@id\":\"https:\/\/www.eltex.de\/fr\/#website\"},\"primaryImageOfPage\":{\"@id\":\"https:\/\/www.eltex.de\/fr\/produits\/messung-fr\/e-feldmeter-fr\/static-multi-monitoring\/#primaryimage\"},\"image\":{\"@id\":\"https:\/\/www.eltex.de\/fr\/produits\/messung-fr\/e-feldmeter-fr\/static-multi-monitoring\/#primaryimage\"},\"thumbnailUrl\":\"https:\/\/www.eltex.de\/wp-content\/uploads\/static_multi_monitoring-8.jpg\",\"datePublished\":\"2018-02-14T09:33:41+00:00\",\"dateModified\":\"2022-09-05T12:38:16+00:00\",\"breadcrumb\":{\"@id\":\"https:\/\/www.eltex.de\/fr\/produits\/messung-fr\/e-feldmeter-fr\/static-multi-monitoring\/#breadcrumb\"},\"inLanguage\":\"fr-FR\",\"potentialAction\":[{\"@type\":\"ReadAction\",\"target\":[\"https:\/\/www.eltex.de\/fr\/produits\/messung-fr\/e-feldmeter-fr\/static-multi-monitoring\/\"]}]},{\"@type\":\"ImageObject\",\"inLanguage\":\"fr-FR\",\"@id\":\"https:\/\/www.eltex.de\/fr\/produits\/messung-fr\/e-feldmeter-fr\/static-multi-monitoring\/#primaryimage\",\"url\":\"https:\/\/www.eltex.de\/wp-content\/uploads\/static_multi_monitoring-8.jpg\",\"contentUrl\":\"https:\/\/www.eltex.de\/wp-content\/uploads\/static_multi_monitoring-8.jpg\",\"width\":1024,\"height\":480},{\"@type\":\"BreadcrumbList\",\"@id\":\"https:\/\/www.eltex.de\/fr\/produits\/messung-fr\/e-feldmeter-fr\/static-multi-monitoring\/#breadcrumb\",\"itemListElement\":[{\"@type\":\"ListItem\",\"position\":1,\"name\":\"Eltex\",\"item\":\"https:\/\/www.eltex.de\/fr\/\"},{\"@type\":\"ListItem\",\"position\":2,\"name\":\"Produits\",\"item\":\"https:\/\/www.eltex.de\/fr\/produits\/\"},{\"@type\":\"ListItem\",\"position\":3,\"name\":\"Mesure\",\"item\":\"https:\/\/www.eltex.de\/fr\/cat\u00e9gorie-produit\/messung-fr\/\"},{\"@type\":\"ListItem\",\"position\":4,\"name\":\"Mesureurs de champs \u00e9lectrostatiques\",\"item\":\"https:\/\/www.eltex.de\/fr\/cat\u00e9gorie-produit\/messung-fr\/e-feldmeter-fr\/\"},{\"@type\":\"ListItem\",\"position\":5,\"name\":\"Static Multi Monitoring EM200\"}]},{\"@type\":\"WebSite\",\"@id\":\"https:\/\/www.eltex.de\/fr\/#website\",\"url\":\"https:\/\/www.eltex.de\/fr\/\",\"name\":\"Eltex Elektrostatik GmbH\",\"description\":\"Die Eltex Elektrostatik GmbH als moderner Partner der Industrie zur Steigerung von Produktivit\u00e4t, Effizienz und Ertragskraft in vielen Branchen.\",\"potentialAction\":[{\"@type\":\"SearchAction\",\"target\":{\"@type\":\"EntryPoint\",\"urlTemplate\":\"https:\/\/www.eltex.de\/fr\/?s={search_term_string}\"},\"query-input\":{\"@type\":\"PropertyValueSpecification\",\"valueRequired\":true,\"valueName\":\"search_term_string\"}}],\"inLanguage\":\"fr-FR\"}]}<\/script>\n<!-- \/ Yoast SEO plugin. -->","yoast_head_json":{"title":"Static Multi Monitoring EM200 | Eltex Elektrostatik GmbH","robots":{"index":"index","follow":"follow","max-snippet":"max-snippet:-1","max-image-preview":"max-image-preview:large","max-video-preview":"max-video-preview:-1"},"canonical":"https:\/\/www.eltex.de\/fr\/produits\/messung-fr\/e-feldmeter-fr\/static-multi-monitoring\/","og_locale":"fr_FR","og_type":"article","og_title":"Static Multi Monitoring EM200 | Eltex Elektrostatik GmbH","og_description":"Static Multi Monitoring","og_url":"https:\/\/www.eltex.de\/fr\/produits\/messung-fr\/e-feldmeter-fr\/static-multi-monitoring\/","og_site_name":"Eltex Elektrostatik GmbH","article_modified_time":"2022-09-05T12:38:16+00:00","og_image":[{"width":1024,"height":480,"url":"https:\/\/www.eltex.de\/wp-content\/uploads\/static_multi_monitoring-8.jpg","type":"image\/jpeg"}],"twitter_card":"summary_large_image","twitter_misc":{"Dur\u00e9e de lecture estim\u00e9e":"1 minute"},"schema":{"@context":"https:\/\/schema.org","@graph":[{"@type":"WebPage","@id":"https:\/\/www.eltex.de\/fr\/produits\/messung-fr\/e-feldmeter-fr\/static-multi-monitoring\/","url":"https:\/\/www.eltex.de\/fr\/produits\/messung-fr\/e-feldmeter-fr\/static-multi-monitoring\/","name":"Static Multi Monitoring EM200 | Eltex Elektrostatik GmbH","isPartOf":{"@id":"https:\/\/www.eltex.de\/fr\/#website"},"primaryImageOfPage":{"@id":"https:\/\/www.eltex.de\/fr\/produits\/messung-fr\/e-feldmeter-fr\/static-multi-monitoring\/#primaryimage"},"image":{"@id":"https:\/\/www.eltex.de\/fr\/produits\/messung-fr\/e-feldmeter-fr\/static-multi-monitoring\/#primaryimage"},"thumbnailUrl":"https:\/\/www.eltex.de\/wp-content\/uploads\/static_multi_monitoring-8.jpg","datePublished":"2018-02-14T09:33:41+00:00","dateModified":"2022-09-05T12:38:16+00:00","breadcrumb":{"@id":"https:\/\/www.eltex.de\/fr\/produits\/messung-fr\/e-feldmeter-fr\/static-multi-monitoring\/#breadcrumb"},"inLanguage":"fr-FR","potentialAction":[{"@type":"ReadAction","target":["https:\/\/www.eltex.de\/fr\/produits\/messung-fr\/e-feldmeter-fr\/static-multi-monitoring\/"]}]},{"@type":"ImageObject","inLanguage":"fr-FR","@id":"https:\/\/www.eltex.de\/fr\/produits\/messung-fr\/e-feldmeter-fr\/static-multi-monitoring\/#primaryimage","url":"https:\/\/www.eltex.de\/wp-content\/uploads\/static_multi_monitoring-8.jpg","contentUrl":"https:\/\/www.eltex.de\/wp-content\/uploads\/static_multi_monitoring-8.jpg","width":1024,"height":480},{"@type":"BreadcrumbList","@id":"https:\/\/www.eltex.de\/fr\/produits\/messung-fr\/e-feldmeter-fr\/static-multi-monitoring\/#breadcrumb","itemListElement":[{"@type":"ListItem","position":1,"name":"Eltex","item":"https:\/\/www.eltex.de\/fr\/"},{"@type":"ListItem","position":2,"name":"Produits","item":"https:\/\/www.eltex.de\/fr\/produits\/"},{"@type":"ListItem","position":3,"name":"Mesure","item":"https:\/\/www.eltex.de\/fr\/cat\u00e9gorie-produit\/messung-fr\/"},{"@type":"ListItem","position":4,"name":"Mesureurs de champs \u00e9lectrostatiques","item":"https:\/\/www.eltex.de\/fr\/cat\u00e9gorie-produit\/messung-fr\/e-feldmeter-fr\/"},{"@type":"ListItem","position":5,"name":"Static Multi Monitoring EM200"}]},{"@type":"WebSite","@id":"https:\/\/www.eltex.de\/fr\/#website","url":"https:\/\/www.eltex.de\/fr\/","name":"Eltex Elektrostatik GmbH","description":"Die Eltex Elektrostatik GmbH als moderner Partner der Industrie zur Steigerung von Produktivit\u00e4t, Effizienz und Ertragskraft in vielen Branchen.","potentialAction":[{"@type":"SearchAction","target":{"@type":"EntryPoint","urlTemplate":"https:\/\/www.eltex.de\/fr\/?s={search_term_string}"},"query-input":{"@type":"PropertyValueSpecification","valueRequired":true,"valueName":"search_term_string"}}],"inLanguage":"fr-FR"}]}},"_links":{"self":[{"href":"https:\/\/www.eltex.de\/fr\/wp-json\/wp\/v2\/product\/3886","targetHints":{"allow":["GET"]}}],"collection":[{"href":"https:\/\/www.eltex.de\/fr\/wp-json\/wp\/v2\/product"}],"about":[{"href":"https:\/\/www.eltex.de\/fr\/wp-json\/wp\/v2\/types\/product"}],"wp:featuredmedia":[{"embeddable":true,"href":"https:\/\/www.eltex.de\/fr\/wp-json\/wp\/v2\/media\/10233"}],"wp:attachment":[{"href":"https:\/\/www.eltex.de\/fr\/wp-json\/wp\/v2\/media?parent=3886"}],"wp:term":[{"taxonomy":"product_brand","embeddable":true,"href":"https:\/\/www.eltex.de\/fr\/wp-json\/wp\/v2\/product_brand?post=3886"},{"taxonomy":"product_cat","embeddable":true,"href":"https:\/\/www.eltex.de\/fr\/wp-json\/wp\/v2\/product_cat?post=3886"},{"taxonomy":"product_tag","embeddable":true,"href":"https:\/\/www.eltex.de\/fr\/wp-json\/wp\/v2\/product_tag?post=3886"}],"curies":[{"name":"wp","href":"https:\/\/api.w.org\/{rel}","templated":true}]}}