{"id":3889,"date":"2018-02-14T10:36:59","date_gmt":"2018-02-14T09:36:59","guid":{"rendered":"https:\/\/eltex.de\/produkte\/non%20class\u00e9\/pgt120\/"},"modified":"2023-04-11T11:17:25","modified_gmt":"2023-04-11T09:17:25","slug":"pgt120","status":"publish","type":"product","link":"https:\/\/www.eltex.de\/fr\/produits\/messung-fr\/personentester-fr\/pgt120\/","title":{"rendered":"EXTRA &#8211; PGT120"},"content":{"rendered":"<p>Dispositif de test \u00e9lectronique pour le contr\u00f4le des syst\u00e8mes de mise \u00e0 la terre des personnes tels que les bracelets de dissipation \u00e9lectrostatique \u00e0 dissipation et les chaussures conductrices. L&rsquo;appareil est \u00e9quip\u00e9 de 2 circuits de mesure distincts, qui permettent de tester le bracelet et les chaussures individuellement ou en parall\u00e8le.\u00a0Le r\u00e9sultat du test est rapport\u00e9 optiquement, acoustiquement (en cas d&rsquo;erreur) et \u00e9galement via des contacts.<\/p>\n","protected":false},"excerpt":{"rendered":"<p>PGT 120 \u2013 Appareil de test \u00e9lectronique pour le contr\u00f4le des syst\u00e8mes de mise \u00e0 la terre des personnes<\/p>\n","protected":false},"featured_media":9862,"template":"","meta":{"_acf_changed":false},"product_brand":[],"product_cat":[466,742],"product_tag":[],"class_list":{"0":"post-3889","1":"product","2":"type-product","3":"status-publish","4":"has-post-thumbnail","6":"product_cat-personentester-fr","7":"product_cat-extras","8":"pa_anwendungsbereiche-dosier-und-mischgeraete-fr","9":"pa_anwendungsbereiche-big-bags-fr","10":"pa_anwendungsbereiche-kraftstoffe-chemikalien-fr","11":"pa_industriebereiche-chimie-pharmacie","13":"first","14":"instock","15":"shipping-taxable","16":"product-type-simple"},"acf":[],"yoast_head":"<!-- This site is optimized with the Yoast SEO plugin v27.3 - https:\/\/yoast.com\/product\/yoast-seo-wordpress\/ -->\n<title>EXTRA - PGT120 | Eltex Elektrostatik GmbH<\/title>\n<meta name=\"robots\" content=\"index, follow, max-snippet:-1, max-image-preview:large, max-video-preview:-1\" \/>\n<link rel=\"canonical\" href=\"https:\/\/www.eltex.de\/fr\/produits\/messung-fr\/personentester-fr\/pgt120\/\" \/>\n<meta property=\"og:locale\" content=\"fr_FR\" \/>\n<meta property=\"og:type\" content=\"article\" \/>\n<meta property=\"og:title\" content=\"EXTRA - PGT120 | Eltex Elektrostatik GmbH\" \/>\n<meta property=\"og:description\" content=\"PGT 120 \u2013 Appareil de test \u00e9lectronique pour le contr\u00f4le des syst\u00e8mes de mise \u00e0 la terre des personnes\" \/>\n<meta property=\"og:url\" content=\"https:\/\/www.eltex.de\/fr\/produits\/messung-fr\/personentester-fr\/pgt120\/\" \/>\n<meta property=\"og:site_name\" content=\"Eltex Elektrostatik GmbH\" \/>\n<meta property=\"article:modified_time\" content=\"2023-04-11T09:17:25+00:00\" \/>\n<meta name=\"twitter:card\" content=\"summary_large_image\" \/>\n<script type=\"application\/ld+json\" class=\"yoast-schema-graph\">{\"@context\":\"https:\\\/\\\/schema.org\",\"@graph\":[{\"@type\":\"WebPage\",\"@id\":\"https:\\\/\\\/www.eltex.de\\\/fr\\\/produits\\\/messung-fr\\\/personentester-fr\\\/pgt120\\\/\",\"url\":\"https:\\\/\\\/www.eltex.de\\\/fr\\\/produits\\\/messung-fr\\\/personentester-fr\\\/pgt120\\\/\",\"name\":\"EXTRA - PGT120 | Eltex Elektrostatik GmbH\",\"isPartOf\":{\"@id\":\"https:\\\/\\\/www.eltex.de\\\/fr\\\/#website\"},\"primaryImageOfPage\":{\"@id\":\"https:\\\/\\\/www.eltex.de\\\/fr\\\/produits\\\/messung-fr\\\/personentester-fr\\\/pgt120\\\/#primaryimage\"},\"image\":{\"@id\":\"https:\\\/\\\/www.eltex.de\\\/fr\\\/produits\\\/messung-fr\\\/personentester-fr\\\/pgt120\\\/#primaryimage\"},\"thumbnailUrl\":\"https:\\\/\\\/www.eltex.de\\\/wp-content\\\/uploads\\\/7100_pgt120-4.jpg\",\"datePublished\":\"2018-02-14T09:36:59+00:00\",\"dateModified\":\"2023-04-11T09:17:25+00:00\",\"breadcrumb\":{\"@id\":\"https:\\\/\\\/www.eltex.de\\\/fr\\\/produits\\\/messung-fr\\\/personentester-fr\\\/pgt120\\\/#breadcrumb\"},\"inLanguage\":\"fr-FR\",\"potentialAction\":[{\"@type\":\"ReadAction\",\"target\":[\"https:\\\/\\\/www.eltex.de\\\/fr\\\/produits\\\/messung-fr\\\/personentester-fr\\\/pgt120\\\/\"]}]},{\"@type\":\"ImageObject\",\"inLanguage\":\"fr-FR\",\"@id\":\"https:\\\/\\\/www.eltex.de\\\/fr\\\/produits\\\/messung-fr\\\/personentester-fr\\\/pgt120\\\/#primaryimage\",\"url\":\"https:\\\/\\\/www.eltex.de\\\/wp-content\\\/uploads\\\/7100_pgt120-4.jpg\",\"contentUrl\":\"https:\\\/\\\/www.eltex.de\\\/wp-content\\\/uploads\\\/7100_pgt120-4.jpg\",\"width\":2200,\"height\":1482,\"caption\":\"Elektronisches Pr\u00fcfger\u00e4t zur Kontrolle von Personenerdungssystemen wie elektrostatisch ableitenden Handgelenkb\u00e4ndern und ableitf\u00e4higes Schuhwerk.\"},{\"@type\":\"BreadcrumbList\",\"@id\":\"https:\\\/\\\/www.eltex.de\\\/fr\\\/produits\\\/messung-fr\\\/personentester-fr\\\/pgt120\\\/#breadcrumb\",\"itemListElement\":[{\"@type\":\"ListItem\",\"position\":1,\"name\":\"Eltex\",\"item\":\"https:\\\/\\\/www.eltex.de\\\/fr\\\/\"},{\"@type\":\"ListItem\",\"position\":2,\"name\":\"Produits\",\"item\":\"https:\\\/\\\/www.eltex.de\\\/fr\\\/produits\\\/\"},{\"@type\":\"ListItem\",\"position\":3,\"name\":\"Mesure\",\"item\":\"https:\\\/\\\/www.eltex.de\\\/fr\\\/cat\u00e9gorie-produit\\\/messung-fr\\\/\"},{\"@type\":\"ListItem\",\"position\":4,\"name\":\"Testeur de personnes\",\"item\":\"https:\\\/\\\/www.eltex.de\\\/fr\\\/cat\u00e9gorie-produit\\\/messung-fr\\\/personentester-fr\\\/\"},{\"@type\":\"ListItem\",\"position\":5,\"name\":\"EXTRA &#8211; PGT120\"}]},{\"@type\":\"WebSite\",\"@id\":\"https:\\\/\\\/www.eltex.de\\\/fr\\\/#website\",\"url\":\"https:\\\/\\\/www.eltex.de\\\/fr\\\/\",\"name\":\"Eltex Elektrostatik GmbH\",\"description\":\"Die Eltex Elektrostatik GmbH als moderner Partner der Industrie zur Steigerung von Produktivit\u00e4t, Effizienz und Ertragskraft in vielen Branchen.\",\"potentialAction\":[{\"@type\":\"SearchAction\",\"target\":{\"@type\":\"EntryPoint\",\"urlTemplate\":\"https:\\\/\\\/www.eltex.de\\\/fr\\\/?s={search_term_string}\"},\"query-input\":{\"@type\":\"PropertyValueSpecification\",\"valueRequired\":true,\"valueName\":\"search_term_string\"}}],\"inLanguage\":\"fr-FR\"}]}<\/script>\n<!-- \/ Yoast SEO plugin. -->","yoast_head_json":{"title":"EXTRA - PGT120 | Eltex Elektrostatik GmbH","robots":{"index":"index","follow":"follow","max-snippet":"max-snippet:-1","max-image-preview":"max-image-preview:large","max-video-preview":"max-video-preview:-1"},"canonical":"https:\/\/www.eltex.de\/fr\/produits\/messung-fr\/personentester-fr\/pgt120\/","og_locale":"fr_FR","og_type":"article","og_title":"EXTRA - PGT120 | Eltex Elektrostatik GmbH","og_description":"PGT 120 \u2013 Appareil de test \u00e9lectronique pour le contr\u00f4le des syst\u00e8mes de mise \u00e0 la terre des personnes","og_url":"https:\/\/www.eltex.de\/fr\/produits\/messung-fr\/personentester-fr\/pgt120\/","og_site_name":"Eltex Elektrostatik GmbH","article_modified_time":"2023-04-11T09:17:25+00:00","twitter_card":"summary_large_image","schema":{"@context":"https:\/\/schema.org","@graph":[{"@type":"WebPage","@id":"https:\/\/www.eltex.de\/fr\/produits\/messung-fr\/personentester-fr\/pgt120\/","url":"https:\/\/www.eltex.de\/fr\/produits\/messung-fr\/personentester-fr\/pgt120\/","name":"EXTRA - PGT120 | Eltex Elektrostatik GmbH","isPartOf":{"@id":"https:\/\/www.eltex.de\/fr\/#website"},"primaryImageOfPage":{"@id":"https:\/\/www.eltex.de\/fr\/produits\/messung-fr\/personentester-fr\/pgt120\/#primaryimage"},"image":{"@id":"https:\/\/www.eltex.de\/fr\/produits\/messung-fr\/personentester-fr\/pgt120\/#primaryimage"},"thumbnailUrl":"https:\/\/www.eltex.de\/wp-content\/uploads\/7100_pgt120-4.jpg","datePublished":"2018-02-14T09:36:59+00:00","dateModified":"2023-04-11T09:17:25+00:00","breadcrumb":{"@id":"https:\/\/www.eltex.de\/fr\/produits\/messung-fr\/personentester-fr\/pgt120\/#breadcrumb"},"inLanguage":"fr-FR","potentialAction":[{"@type":"ReadAction","target":["https:\/\/www.eltex.de\/fr\/produits\/messung-fr\/personentester-fr\/pgt120\/"]}]},{"@type":"ImageObject","inLanguage":"fr-FR","@id":"https:\/\/www.eltex.de\/fr\/produits\/messung-fr\/personentester-fr\/pgt120\/#primaryimage","url":"https:\/\/www.eltex.de\/wp-content\/uploads\/7100_pgt120-4.jpg","contentUrl":"https:\/\/www.eltex.de\/wp-content\/uploads\/7100_pgt120-4.jpg","width":2200,"height":1482,"caption":"Elektronisches Pr\u00fcfger\u00e4t zur Kontrolle von Personenerdungssystemen wie elektrostatisch ableitenden Handgelenkb\u00e4ndern und ableitf\u00e4higes Schuhwerk."},{"@type":"BreadcrumbList","@id":"https:\/\/www.eltex.de\/fr\/produits\/messung-fr\/personentester-fr\/pgt120\/#breadcrumb","itemListElement":[{"@type":"ListItem","position":1,"name":"Eltex","item":"https:\/\/www.eltex.de\/fr\/"},{"@type":"ListItem","position":2,"name":"Produits","item":"https:\/\/www.eltex.de\/fr\/produits\/"},{"@type":"ListItem","position":3,"name":"Mesure","item":"https:\/\/www.eltex.de\/fr\/cat\u00e9gorie-produit\/messung-fr\/"},{"@type":"ListItem","position":4,"name":"Testeur de personnes","item":"https:\/\/www.eltex.de\/fr\/cat\u00e9gorie-produit\/messung-fr\/personentester-fr\/"},{"@type":"ListItem","position":5,"name":"EXTRA &#8211; PGT120"}]},{"@type":"WebSite","@id":"https:\/\/www.eltex.de\/fr\/#website","url":"https:\/\/www.eltex.de\/fr\/","name":"Eltex Elektrostatik GmbH","description":"Die Eltex Elektrostatik GmbH als moderner Partner der Industrie zur Steigerung von Produktivit\u00e4t, Effizienz und Ertragskraft in vielen Branchen.","potentialAction":[{"@type":"SearchAction","target":{"@type":"EntryPoint","urlTemplate":"https:\/\/www.eltex.de\/fr\/?s={search_term_string}"},"query-input":{"@type":"PropertyValueSpecification","valueRequired":true,"valueName":"search_term_string"}}],"inLanguage":"fr-FR"}]}},"_links":{"self":[{"href":"https:\/\/www.eltex.de\/fr\/wp-json\/wp\/v2\/product\/3889","targetHints":{"allow":["GET"]}}],"collection":[{"href":"https:\/\/www.eltex.de\/fr\/wp-json\/wp\/v2\/product"}],"about":[{"href":"https:\/\/www.eltex.de\/fr\/wp-json\/wp\/v2\/types\/product"}],"wp:featuredmedia":[{"embeddable":true,"href":"https:\/\/www.eltex.de\/fr\/wp-json\/wp\/v2\/media\/9862"}],"wp:attachment":[{"href":"https:\/\/www.eltex.de\/fr\/wp-json\/wp\/v2\/media?parent=3889"}],"wp:term":[{"taxonomy":"product_brand","embeddable":true,"href":"https:\/\/www.eltex.de\/fr\/wp-json\/wp\/v2\/product_brand?post=3889"},{"taxonomy":"product_cat","embeddable":true,"href":"https:\/\/www.eltex.de\/fr\/wp-json\/wp\/v2\/product_cat?post=3889"},{"taxonomy":"product_tag","embeddable":true,"href":"https:\/\/www.eltex.de\/fr\/wp-json\/wp\/v2\/product_tag?post=3889"}],"curies":[{"name":"wp","href":"https:\/\/api.w.org\/{rel}","templated":true}]}}