{"id":3891,"date":"2018-02-14T10:38:20","date_gmt":"2018-02-14T09:38:20","guid":{"rendered":"https:\/\/eltex.de\/produkte\/non%20class\u00e9\/tcb030\/"},"modified":"2022-09-05T14:38:43","modified_gmt":"2022-09-05T12:38:43","slug":"tcb030","status":"publish","type":"product","link":"https:\/\/www.eltex.de\/fr\/produits\/erdung-fr\/systemes-de-mise-a-la-terre-active-avec-controle-des-processus\/tcb030\/","title":{"rendered":"TCB030"},"content":{"rendered":"<p><span>Le Terrabox TCB030 est pr\u00e9vu pour un montage direct dans des atmosph\u00e8res \u00e0 danger d&rsquo;explosion et pour le raccordement d&rsquo;un contacteur de mise \u00e0 la terre.\u00a0<\/span><span>(Pour la mise \u00e0 la terre de BIG-BAG, 2 contacteurs de terre peuvent \u00eatre connect\u00e9s).\u00a0<\/span><span>La mise \u00e0 la terre correcte est indiqu\u00e9e par un voyant lumineux bicolore.\u00a0<\/span><span>Via les contacts int\u00e9gr\u00e9s, une activation du processus peut \u00eatre r\u00e9alis\u00e9e.<\/span><\/p>\n","protected":false},"excerpt":{"rendered":"<p>Syst\u00e8me de mise \u00e0 la terre TERRABOX<\/p>\n","protected":false},"featured_media":10241,"template":"","meta":{"_acf_changed":false},"product_brand":[],"product_cat":[376,129],"product_tag":[],"class_list":{"0":"post-3891","1":"product","2":"type-product","3":"status-publish","4":"has-post-thumbnail","6":"product_cat-systemes-de-mise-a-la-terre-active-avec-controle-des-processus","7":"product_cat-rx11","8":"pa_anwendungsbereiche-big-bags","9":"pa_anwendungsbereiche-dosier-und-mischgeraete-fr","10":"pa_anwendungsbereiche-pharmazie-fr","11":"pa_anwendungsbereiche-kraftstoffe-chemikalien-fr","12":"pa_industriebereiche-chimie-pharmacie","13":"pa_produktmerkmale-resitives-erdueberwachungsgeraet-fr","14":"pa_produktmerkmale-montage-in-ex-bereich-zone-1-2-21-22-fr","16":"first","17":"instock","18":"shipping-taxable","19":"product-type-simple"},"acf":[],"yoast_head":"<!-- This site is optimized with the Yoast SEO plugin v27.3 - https:\/\/yoast.com\/product\/yoast-seo-wordpress\/ -->\n<title>TCB030 | Eltex Elektrostatik GmbH<\/title>\n<meta name=\"robots\" content=\"index, follow, max-snippet:-1, max-image-preview:large, max-video-preview:-1\" \/>\n<link rel=\"canonical\" href=\"https:\/\/www.eltex.de\/fr\/produits\/erdung-fr\/systemes-de-mise-a-la-terre-active-avec-controle-des-processus\/tcb030\/\" \/>\n<meta property=\"og:locale\" content=\"fr_FR\" \/>\n<meta property=\"og:type\" content=\"article\" \/>\n<meta property=\"og:title\" content=\"TCB030 | Eltex Elektrostatik GmbH\" \/>\n<meta property=\"og:description\" content=\"Syst\u00e8me de mise \u00e0 la terre TERRABOX\" \/>\n<meta property=\"og:url\" content=\"https:\/\/www.eltex.de\/fr\/produits\/erdung-fr\/systemes-de-mise-a-la-terre-active-avec-controle-des-processus\/tcb030\/\" \/>\n<meta property=\"og:site_name\" content=\"Eltex Elektrostatik GmbH\" \/>\n<meta property=\"article:modified_time\" content=\"2022-09-05T12:38:43+00:00\" \/>\n<meta property=\"og:image\" content=\"https:\/\/www.eltex.de\/wp-content\/uploads\/terrabox_tcb030-8.jpg\" \/>\n\t<meta property=\"og:image:width\" content=\"1024\" \/>\n\t<meta property=\"og:image:height\" content=\"480\" \/>\n\t<meta property=\"og:image:type\" content=\"image\/jpeg\" \/>\n<meta name=\"twitter:card\" content=\"summary_large_image\" \/>\n<script type=\"application\/ld+json\" class=\"yoast-schema-graph\">{\"@context\":\"https:\\\/\\\/schema.org\",\"@graph\":[{\"@type\":\"WebPage\",\"@id\":\"https:\\\/\\\/www.eltex.de\\\/fr\\\/produits\\\/erdung-fr\\\/systemes-de-mise-a-la-terre-active-avec-controle-des-processus\\\/tcb030\\\/\",\"url\":\"https:\\\/\\\/www.eltex.de\\\/fr\\\/produits\\\/erdung-fr\\\/systemes-de-mise-a-la-terre-active-avec-controle-des-processus\\\/tcb030\\\/\",\"name\":\"TCB030 | Eltex Elektrostatik GmbH\",\"isPartOf\":{\"@id\":\"https:\\\/\\\/www.eltex.de\\\/fr\\\/#website\"},\"primaryImageOfPage\":{\"@id\":\"https:\\\/\\\/www.eltex.de\\\/fr\\\/produits\\\/erdung-fr\\\/systemes-de-mise-a-la-terre-active-avec-controle-des-processus\\\/tcb030\\\/#primaryimage\"},\"image\":{\"@id\":\"https:\\\/\\\/www.eltex.de\\\/fr\\\/produits\\\/erdung-fr\\\/systemes-de-mise-a-la-terre-active-avec-controle-des-processus\\\/tcb030\\\/#primaryimage\"},\"thumbnailUrl\":\"https:\\\/\\\/www.eltex.de\\\/wp-content\\\/uploads\\\/terrabox_tcb030-8.jpg\",\"datePublished\":\"2018-02-14T09:38:20+00:00\",\"dateModified\":\"2022-09-05T12:38:43+00:00\",\"breadcrumb\":{\"@id\":\"https:\\\/\\\/www.eltex.de\\\/fr\\\/produits\\\/erdung-fr\\\/systemes-de-mise-a-la-terre-active-avec-controle-des-processus\\\/tcb030\\\/#breadcrumb\"},\"inLanguage\":\"fr-FR\",\"potentialAction\":[{\"@type\":\"ReadAction\",\"target\":[\"https:\\\/\\\/www.eltex.de\\\/fr\\\/produits\\\/erdung-fr\\\/systemes-de-mise-a-la-terre-active-avec-controle-des-processus\\\/tcb030\\\/\"]}]},{\"@type\":\"ImageObject\",\"inLanguage\":\"fr-FR\",\"@id\":\"https:\\\/\\\/www.eltex.de\\\/fr\\\/produits\\\/erdung-fr\\\/systemes-de-mise-a-la-terre-active-avec-controle-des-processus\\\/tcb030\\\/#primaryimage\",\"url\":\"https:\\\/\\\/www.eltex.de\\\/wp-content\\\/uploads\\\/terrabox_tcb030-8.jpg\",\"contentUrl\":\"https:\\\/\\\/www.eltex.de\\\/wp-content\\\/uploads\\\/terrabox_tcb030-8.jpg\",\"width\":1024,\"height\":480},{\"@type\":\"BreadcrumbList\",\"@id\":\"https:\\\/\\\/www.eltex.de\\\/fr\\\/produits\\\/erdung-fr\\\/systemes-de-mise-a-la-terre-active-avec-controle-des-processus\\\/tcb030\\\/#breadcrumb\",\"itemListElement\":[{\"@type\":\"ListItem\",\"position\":1,\"name\":\"Eltex\",\"item\":\"https:\\\/\\\/www.eltex.de\\\/fr\\\/\"},{\"@type\":\"ListItem\",\"position\":2,\"name\":\"Produits\",\"item\":\"https:\\\/\\\/www.eltex.de\\\/fr\\\/produits\\\/\"},{\"@type\":\"ListItem\",\"position\":3,\"name\":\"Mise \u00e0 la terre\",\"item\":\"https:\\\/\\\/www.eltex.de\\\/fr\\\/cat\u00e9gorie-produit\\\/erdung-fr\\\/\"},{\"@type\":\"ListItem\",\"position\":4,\"name\":\"Syst\u00e8mes de mise \u00e0 la terre active (TERRALIGHT)\",\"item\":\"https:\\\/\\\/www.eltex.de\\\/fr\\\/cat\u00e9gorie-produit\\\/erdung-fr\\\/systemes-de-mise-a-la-terre-active\\\/\"},{\"@type\":\"ListItem\",\"position\":5,\"name\":\"TCB030\"}]},{\"@type\":\"WebSite\",\"@id\":\"https:\\\/\\\/www.eltex.de\\\/fr\\\/#website\",\"url\":\"https:\\\/\\\/www.eltex.de\\\/fr\\\/\",\"name\":\"Eltex Elektrostatik GmbH\",\"description\":\"Die Eltex Elektrostatik GmbH als moderner Partner der Industrie zur Steigerung von Produktivit\u00e4t, Effizienz und Ertragskraft in vielen Branchen.\",\"potentialAction\":[{\"@type\":\"SearchAction\",\"target\":{\"@type\":\"EntryPoint\",\"urlTemplate\":\"https:\\\/\\\/www.eltex.de\\\/fr\\\/?s={search_term_string}\"},\"query-input\":{\"@type\":\"PropertyValueSpecification\",\"valueRequired\":true,\"valueName\":\"search_term_string\"}}],\"inLanguage\":\"fr-FR\"}]}<\/script>\n<!-- \/ Yoast SEO plugin. -->","yoast_head_json":{"title":"TCB030 | Eltex Elektrostatik GmbH","robots":{"index":"index","follow":"follow","max-snippet":"max-snippet:-1","max-image-preview":"max-image-preview:large","max-video-preview":"max-video-preview:-1"},"canonical":"https:\/\/www.eltex.de\/fr\/produits\/erdung-fr\/systemes-de-mise-a-la-terre-active-avec-controle-des-processus\/tcb030\/","og_locale":"fr_FR","og_type":"article","og_title":"TCB030 | Eltex Elektrostatik GmbH","og_description":"Syst\u00e8me de mise \u00e0 la terre TERRABOX","og_url":"https:\/\/www.eltex.de\/fr\/produits\/erdung-fr\/systemes-de-mise-a-la-terre-active-avec-controle-des-processus\/tcb030\/","og_site_name":"Eltex Elektrostatik GmbH","article_modified_time":"2022-09-05T12:38:43+00:00","og_image":[{"width":1024,"height":480,"url":"https:\/\/www.eltex.de\/wp-content\/uploads\/terrabox_tcb030-8.jpg","type":"image\/jpeg"}],"twitter_card":"summary_large_image","schema":{"@context":"https:\/\/schema.org","@graph":[{"@type":"WebPage","@id":"https:\/\/www.eltex.de\/fr\/produits\/erdung-fr\/systemes-de-mise-a-la-terre-active-avec-controle-des-processus\/tcb030\/","url":"https:\/\/www.eltex.de\/fr\/produits\/erdung-fr\/systemes-de-mise-a-la-terre-active-avec-controle-des-processus\/tcb030\/","name":"TCB030 | Eltex Elektrostatik GmbH","isPartOf":{"@id":"https:\/\/www.eltex.de\/fr\/#website"},"primaryImageOfPage":{"@id":"https:\/\/www.eltex.de\/fr\/produits\/erdung-fr\/systemes-de-mise-a-la-terre-active-avec-controle-des-processus\/tcb030\/#primaryimage"},"image":{"@id":"https:\/\/www.eltex.de\/fr\/produits\/erdung-fr\/systemes-de-mise-a-la-terre-active-avec-controle-des-processus\/tcb030\/#primaryimage"},"thumbnailUrl":"https:\/\/www.eltex.de\/wp-content\/uploads\/terrabox_tcb030-8.jpg","datePublished":"2018-02-14T09:38:20+00:00","dateModified":"2022-09-05T12:38:43+00:00","breadcrumb":{"@id":"https:\/\/www.eltex.de\/fr\/produits\/erdung-fr\/systemes-de-mise-a-la-terre-active-avec-controle-des-processus\/tcb030\/#breadcrumb"},"inLanguage":"fr-FR","potentialAction":[{"@type":"ReadAction","target":["https:\/\/www.eltex.de\/fr\/produits\/erdung-fr\/systemes-de-mise-a-la-terre-active-avec-controle-des-processus\/tcb030\/"]}]},{"@type":"ImageObject","inLanguage":"fr-FR","@id":"https:\/\/www.eltex.de\/fr\/produits\/erdung-fr\/systemes-de-mise-a-la-terre-active-avec-controle-des-processus\/tcb030\/#primaryimage","url":"https:\/\/www.eltex.de\/wp-content\/uploads\/terrabox_tcb030-8.jpg","contentUrl":"https:\/\/www.eltex.de\/wp-content\/uploads\/terrabox_tcb030-8.jpg","width":1024,"height":480},{"@type":"BreadcrumbList","@id":"https:\/\/www.eltex.de\/fr\/produits\/erdung-fr\/systemes-de-mise-a-la-terre-active-avec-controle-des-processus\/tcb030\/#breadcrumb","itemListElement":[{"@type":"ListItem","position":1,"name":"Eltex","item":"https:\/\/www.eltex.de\/fr\/"},{"@type":"ListItem","position":2,"name":"Produits","item":"https:\/\/www.eltex.de\/fr\/produits\/"},{"@type":"ListItem","position":3,"name":"Mise \u00e0 la terre","item":"https:\/\/www.eltex.de\/fr\/cat\u00e9gorie-produit\/erdung-fr\/"},{"@type":"ListItem","position":4,"name":"Syst\u00e8mes de mise \u00e0 la terre active (TERRALIGHT)","item":"https:\/\/www.eltex.de\/fr\/cat\u00e9gorie-produit\/erdung-fr\/systemes-de-mise-a-la-terre-active\/"},{"@type":"ListItem","position":5,"name":"TCB030"}]},{"@type":"WebSite","@id":"https:\/\/www.eltex.de\/fr\/#website","url":"https:\/\/www.eltex.de\/fr\/","name":"Eltex Elektrostatik GmbH","description":"Die Eltex Elektrostatik GmbH als moderner Partner der Industrie zur Steigerung von Produktivit\u00e4t, Effizienz und Ertragskraft in vielen Branchen.","potentialAction":[{"@type":"SearchAction","target":{"@type":"EntryPoint","urlTemplate":"https:\/\/www.eltex.de\/fr\/?s={search_term_string}"},"query-input":{"@type":"PropertyValueSpecification","valueRequired":true,"valueName":"search_term_string"}}],"inLanguage":"fr-FR"}]}},"_links":{"self":[{"href":"https:\/\/www.eltex.de\/fr\/wp-json\/wp\/v2\/product\/3891","targetHints":{"allow":["GET"]}}],"collection":[{"href":"https:\/\/www.eltex.de\/fr\/wp-json\/wp\/v2\/product"}],"about":[{"href":"https:\/\/www.eltex.de\/fr\/wp-json\/wp\/v2\/types\/product"}],"wp:featuredmedia":[{"embeddable":true,"href":"https:\/\/www.eltex.de\/fr\/wp-json\/wp\/v2\/media\/10241"}],"wp:attachment":[{"href":"https:\/\/www.eltex.de\/fr\/wp-json\/wp\/v2\/media?parent=3891"}],"wp:term":[{"taxonomy":"product_brand","embeddable":true,"href":"https:\/\/www.eltex.de\/fr\/wp-json\/wp\/v2\/product_brand?post=3891"},{"taxonomy":"product_cat","embeddable":true,"href":"https:\/\/www.eltex.de\/fr\/wp-json\/wp\/v2\/product_cat?post=3891"},{"taxonomy":"product_tag","embeddable":true,"href":"https:\/\/www.eltex.de\/fr\/wp-json\/wp\/v2\/product_tag?post=3891"}],"curies":[{"name":"wp","href":"https:\/\/api.w.org\/{rel}","templated":true}]}}