{"id":3892,"date":"2018-02-14T10:38:55","date_gmt":"2018-02-14T09:38:55","guid":{"rendered":"https:\/\/eltex.de\/produkte\/non%20class\u00e9\/tcb040\/"},"modified":"2022-09-05T14:38:49","modified_gmt":"2022-09-05T12:38:49","slug":"tcb040","status":"publish","type":"product","link":"https:\/\/www.eltex.de\/fr\/produits\/erdung-fr\/systemes-de-mise-a-la-terre-active-avec-controle-des-processus\/tcb040\/","title":{"rendered":"TERRACAP TCB040-V2"},"content":{"rendered":"<p>Le syst\u00e8me capacitif de contr\u00f4le de la mise \u00e0 la terre <strong>TERRA<\/strong>CAP TCB040-V2 d\u00e9tecte une liaison \u00e0 faible imp\u00e9dance \u00e0 la terre par l\u2019interm\u00e9diaire de la pince de terre connect\u00e9e. En cas de d\u00e9tection d\u2019une telle liaison, l\u2019appareil neutralise efficacement les charges \u00e9lectrostatiques au moyen d\u2019une r\u00e9sistance et emp\u00eache ainsi la g\u00e9n\u00e9ration de d\u00e9charges \u00e0 \u00e9tincelles. L\u2019unit\u00e9 de commande contr\u00f4le ensuite la capacit\u00e9 mesur\u00e9e par la pince. Si cette capacit\u00e9 est correcte pour le camion-citerne, un t\u00e9moin vert s\u2019allume et le relais de verrouillage autorise le chargement des produits. Par la suite, l\u2019appareil \u00e9tablit une liaison \u00e0 faible imp\u00e9dance \u00e0 la terre et \u00e9vite ainsi que des charges \u00e9lectrostatiques n\u2019apparaissent.<\/p>\n<p>&nbsp;<\/p>\n<p>La liaison est contr\u00f4l\u00e9e en permanence pendant le transport des produits par l\u2019interm\u00e9diaire de la pince de terre connect\u00e9e. En cas d\u2019interruption de la liaison, l\u2019appareil se met en mode ROUGE \u00ab pas de liaison \u00bb et le relais de verrouillage arr\u00eate imm\u00e9diatement le transport des produits<\/p>\n","protected":false},"excerpt":{"rendered":"<p>Syst\u00e8me de mise \u00e0 la terre TERRACAP<\/p>\n","protected":false},"featured_media":9865,"template":"","meta":{"_acf_changed":false},"product_brand":[],"product_cat":[376],"product_tag":[],"class_list":{"0":"post-3892","1":"product","2":"type-product","3":"status-publish","4":"has-post-thumbnail","6":"product_cat-systemes-de-mise-a-la-terre-active-avec-controle-des-processus","7":"pa_anwendungsbereiche-pharmazie-fr","8":"pa_anwendungsbereiche-big-bags-fr","9":"pa_anwendungsbereiche-kraftstoffe-chemikalien-fr","10":"pa_anwendungsbereiche-dosier-und-mischgeraete-fr","11":"pa_industriebereiche-chimie-pharmacie","12":"pa_produktmerkmale-montage-in-ex-bereich-zone-1-2-21-22-fr","13":"pa_produktmerkmale-kapazitives-erdueberwachungsgeraet-fr","14":"pa_produktmerkmale-conforme-aux-exigences-selon-sil2-fr-fr","16":"first","17":"instock","18":"shipping-taxable","19":"product-type-simple"},"acf":[],"yoast_head":"<!-- This site is optimized with the Yoast SEO plugin v27.3 - https:\/\/yoast.com\/product\/yoast-seo-wordpress\/ -->\n<title>TERRACAP TCB040-V2 | Eltex Elektrostatik GmbH<\/title>\n<meta name=\"robots\" content=\"index, follow, max-snippet:-1, max-image-preview:large, max-video-preview:-1\" \/>\n<link rel=\"canonical\" href=\"https:\/\/www.eltex.de\/fr\/produits\/erdung-fr\/systemes-de-mise-a-la-terre-active-avec-controle-des-processus\/tcb040\/\" \/>\n<meta property=\"og:locale\" content=\"fr_FR\" \/>\n<meta property=\"og:type\" content=\"article\" \/>\n<meta property=\"og:title\" content=\"TERRACAP TCB040-V2 | Eltex Elektrostatik GmbH\" \/>\n<meta property=\"og:description\" content=\"Syst\u00e8me de mise \u00e0 la terre TERRACAP\" \/>\n<meta property=\"og:url\" content=\"https:\/\/www.eltex.de\/fr\/produits\/erdung-fr\/systemes-de-mise-a-la-terre-active-avec-controle-des-processus\/tcb040\/\" \/>\n<meta property=\"og:site_name\" content=\"Eltex Elektrostatik GmbH\" \/>\n<meta property=\"article:modified_time\" content=\"2022-09-05T12:38:49+00:00\" \/>\n<meta property=\"og:image\" content=\"https:\/\/www.eltex.de\/wp-content\/uploads\/terracap_tcb040-8.jpg\" \/>\n\t<meta property=\"og:image:width\" content=\"1024\" \/>\n\t<meta property=\"og:image:height\" content=\"480\" \/>\n\t<meta property=\"og:image:type\" content=\"image\/jpeg\" \/>\n<meta name=\"twitter:card\" content=\"summary_large_image\" \/>\n<meta name=\"twitter:label1\" content=\"Dur\u00e9e de lecture estim\u00e9e\" \/>\n\t<meta name=\"twitter:data1\" content=\"1 minute\" \/>\n<script type=\"application\/ld+json\" class=\"yoast-schema-graph\">{\"@context\":\"https:\\\/\\\/schema.org\",\"@graph\":[{\"@type\":\"WebPage\",\"@id\":\"https:\\\/\\\/www.eltex.de\\\/fr\\\/produits\\\/erdung-fr\\\/systemes-de-mise-a-la-terre-active-avec-controle-des-processus\\\/tcb040\\\/\",\"url\":\"https:\\\/\\\/www.eltex.de\\\/fr\\\/produits\\\/erdung-fr\\\/systemes-de-mise-a-la-terre-active-avec-controle-des-processus\\\/tcb040\\\/\",\"name\":\"TERRACAP TCB040-V2 | Eltex Elektrostatik GmbH\",\"isPartOf\":{\"@id\":\"https:\\\/\\\/www.eltex.de\\\/fr\\\/#website\"},\"primaryImageOfPage\":{\"@id\":\"https:\\\/\\\/www.eltex.de\\\/fr\\\/produits\\\/erdung-fr\\\/systemes-de-mise-a-la-terre-active-avec-controle-des-processus\\\/tcb040\\\/#primaryimage\"},\"image\":{\"@id\":\"https:\\\/\\\/www.eltex.de\\\/fr\\\/produits\\\/erdung-fr\\\/systemes-de-mise-a-la-terre-active-avec-controle-des-processus\\\/tcb040\\\/#primaryimage\"},\"thumbnailUrl\":\"https:\\\/\\\/www.eltex.de\\\/wp-content\\\/uploads\\\/terracap_tcb040-4.jpg\",\"datePublished\":\"2018-02-14T09:38:55+00:00\",\"dateModified\":\"2022-09-05T12:38:49+00:00\",\"breadcrumb\":{\"@id\":\"https:\\\/\\\/www.eltex.de\\\/fr\\\/produits\\\/erdung-fr\\\/systemes-de-mise-a-la-terre-active-avec-controle-des-processus\\\/tcb040\\\/#breadcrumb\"},\"inLanguage\":\"fr-FR\",\"potentialAction\":[{\"@type\":\"ReadAction\",\"target\":[\"https:\\\/\\\/www.eltex.de\\\/fr\\\/produits\\\/erdung-fr\\\/systemes-de-mise-a-la-terre-active-avec-controle-des-processus\\\/tcb040\\\/\"]}]},{\"@type\":\"ImageObject\",\"inLanguage\":\"fr-FR\",\"@id\":\"https:\\\/\\\/www.eltex.de\\\/fr\\\/produits\\\/erdung-fr\\\/systemes-de-mise-a-la-terre-active-avec-controle-des-processus\\\/tcb040\\\/#primaryimage\",\"url\":\"https:\\\/\\\/www.eltex.de\\\/wp-content\\\/uploads\\\/terracap_tcb040-4.jpg\",\"contentUrl\":\"https:\\\/\\\/www.eltex.de\\\/wp-content\\\/uploads\\\/terracap_tcb040-4.jpg\",\"width\":1024,\"height\":480},{\"@type\":\"BreadcrumbList\",\"@id\":\"https:\\\/\\\/www.eltex.de\\\/fr\\\/produits\\\/erdung-fr\\\/systemes-de-mise-a-la-terre-active-avec-controle-des-processus\\\/tcb040\\\/#breadcrumb\",\"itemListElement\":[{\"@type\":\"ListItem\",\"position\":1,\"name\":\"Eltex\",\"item\":\"https:\\\/\\\/www.eltex.de\\\/fr\\\/\"},{\"@type\":\"ListItem\",\"position\":2,\"name\":\"Produits\",\"item\":\"https:\\\/\\\/www.eltex.de\\\/fr\\\/produits\\\/\"},{\"@type\":\"ListItem\",\"position\":3,\"name\":\"Mise \u00e0 la terre\",\"item\":\"https:\\\/\\\/www.eltex.de\\\/fr\\\/cat\u00e9gorie-produit\\\/erdung-fr\\\/\"},{\"@type\":\"ListItem\",\"position\":4,\"name\":\"Syst\u00e8mes de mise \u00e0 la terre active (TERRALIGHT)\",\"item\":\"https:\\\/\\\/www.eltex.de\\\/fr\\\/cat\u00e9gorie-produit\\\/erdung-fr\\\/systemes-de-mise-a-la-terre-active\\\/\"},{\"@type\":\"ListItem\",\"position\":5,\"name\":\"TERRACAP TCB040-V2\"}]},{\"@type\":\"WebSite\",\"@id\":\"https:\\\/\\\/www.eltex.de\\\/fr\\\/#website\",\"url\":\"https:\\\/\\\/www.eltex.de\\\/fr\\\/\",\"name\":\"Eltex Elektrostatik GmbH\",\"description\":\"Die Eltex Elektrostatik GmbH als moderner Partner der Industrie zur Steigerung von Produktivit\u00e4t, Effizienz und Ertragskraft in vielen Branchen.\",\"potentialAction\":[{\"@type\":\"SearchAction\",\"target\":{\"@type\":\"EntryPoint\",\"urlTemplate\":\"https:\\\/\\\/www.eltex.de\\\/fr\\\/?s={search_term_string}\"},\"query-input\":{\"@type\":\"PropertyValueSpecification\",\"valueRequired\":true,\"valueName\":\"search_term_string\"}}],\"inLanguage\":\"fr-FR\"}]}<\/script>\n<!-- \/ Yoast SEO plugin. -->","yoast_head_json":{"title":"TERRACAP TCB040-V2 | Eltex Elektrostatik GmbH","robots":{"index":"index","follow":"follow","max-snippet":"max-snippet:-1","max-image-preview":"max-image-preview:large","max-video-preview":"max-video-preview:-1"},"canonical":"https:\/\/www.eltex.de\/fr\/produits\/erdung-fr\/systemes-de-mise-a-la-terre-active-avec-controle-des-processus\/tcb040\/","og_locale":"fr_FR","og_type":"article","og_title":"TERRACAP TCB040-V2 | Eltex Elektrostatik GmbH","og_description":"Syst\u00e8me de mise \u00e0 la terre TERRACAP","og_url":"https:\/\/www.eltex.de\/fr\/produits\/erdung-fr\/systemes-de-mise-a-la-terre-active-avec-controle-des-processus\/tcb040\/","og_site_name":"Eltex Elektrostatik GmbH","article_modified_time":"2022-09-05T12:38:49+00:00","og_image":[{"width":1024,"height":480,"url":"https:\/\/www.eltex.de\/wp-content\/uploads\/terracap_tcb040-8.jpg","type":"image\/jpeg"}],"twitter_card":"summary_large_image","twitter_misc":{"Dur\u00e9e de lecture estim\u00e9e":"1 minute"},"schema":{"@context":"https:\/\/schema.org","@graph":[{"@type":"WebPage","@id":"https:\/\/www.eltex.de\/fr\/produits\/erdung-fr\/systemes-de-mise-a-la-terre-active-avec-controle-des-processus\/tcb040\/","url":"https:\/\/www.eltex.de\/fr\/produits\/erdung-fr\/systemes-de-mise-a-la-terre-active-avec-controle-des-processus\/tcb040\/","name":"TERRACAP TCB040-V2 | Eltex Elektrostatik GmbH","isPartOf":{"@id":"https:\/\/www.eltex.de\/fr\/#website"},"primaryImageOfPage":{"@id":"https:\/\/www.eltex.de\/fr\/produits\/erdung-fr\/systemes-de-mise-a-la-terre-active-avec-controle-des-processus\/tcb040\/#primaryimage"},"image":{"@id":"https:\/\/www.eltex.de\/fr\/produits\/erdung-fr\/systemes-de-mise-a-la-terre-active-avec-controle-des-processus\/tcb040\/#primaryimage"},"thumbnailUrl":"https:\/\/www.eltex.de\/wp-content\/uploads\/terracap_tcb040-4.jpg","datePublished":"2018-02-14T09:38:55+00:00","dateModified":"2022-09-05T12:38:49+00:00","breadcrumb":{"@id":"https:\/\/www.eltex.de\/fr\/produits\/erdung-fr\/systemes-de-mise-a-la-terre-active-avec-controle-des-processus\/tcb040\/#breadcrumb"},"inLanguage":"fr-FR","potentialAction":[{"@type":"ReadAction","target":["https:\/\/www.eltex.de\/fr\/produits\/erdung-fr\/systemes-de-mise-a-la-terre-active-avec-controle-des-processus\/tcb040\/"]}]},{"@type":"ImageObject","inLanguage":"fr-FR","@id":"https:\/\/www.eltex.de\/fr\/produits\/erdung-fr\/systemes-de-mise-a-la-terre-active-avec-controle-des-processus\/tcb040\/#primaryimage","url":"https:\/\/www.eltex.de\/wp-content\/uploads\/terracap_tcb040-4.jpg","contentUrl":"https:\/\/www.eltex.de\/wp-content\/uploads\/terracap_tcb040-4.jpg","width":1024,"height":480},{"@type":"BreadcrumbList","@id":"https:\/\/www.eltex.de\/fr\/produits\/erdung-fr\/systemes-de-mise-a-la-terre-active-avec-controle-des-processus\/tcb040\/#breadcrumb","itemListElement":[{"@type":"ListItem","position":1,"name":"Eltex","item":"https:\/\/www.eltex.de\/fr\/"},{"@type":"ListItem","position":2,"name":"Produits","item":"https:\/\/www.eltex.de\/fr\/produits\/"},{"@type":"ListItem","position":3,"name":"Mise \u00e0 la terre","item":"https:\/\/www.eltex.de\/fr\/cat\u00e9gorie-produit\/erdung-fr\/"},{"@type":"ListItem","position":4,"name":"Syst\u00e8mes de mise \u00e0 la terre active (TERRALIGHT)","item":"https:\/\/www.eltex.de\/fr\/cat\u00e9gorie-produit\/erdung-fr\/systemes-de-mise-a-la-terre-active\/"},{"@type":"ListItem","position":5,"name":"TERRACAP TCB040-V2"}]},{"@type":"WebSite","@id":"https:\/\/www.eltex.de\/fr\/#website","url":"https:\/\/www.eltex.de\/fr\/","name":"Eltex Elektrostatik GmbH","description":"Die Eltex Elektrostatik GmbH als moderner Partner der Industrie zur Steigerung von Produktivit\u00e4t, Effizienz und Ertragskraft in vielen Branchen.","potentialAction":[{"@type":"SearchAction","target":{"@type":"EntryPoint","urlTemplate":"https:\/\/www.eltex.de\/fr\/?s={search_term_string}"},"query-input":{"@type":"PropertyValueSpecification","valueRequired":true,"valueName":"search_term_string"}}],"inLanguage":"fr-FR"}]}},"_links":{"self":[{"href":"https:\/\/www.eltex.de\/fr\/wp-json\/wp\/v2\/product\/3892","targetHints":{"allow":["GET"]}}],"collection":[{"href":"https:\/\/www.eltex.de\/fr\/wp-json\/wp\/v2\/product"}],"about":[{"href":"https:\/\/www.eltex.de\/fr\/wp-json\/wp\/v2\/types\/product"}],"wp:featuredmedia":[{"embeddable":true,"href":"https:\/\/www.eltex.de\/fr\/wp-json\/wp\/v2\/media\/9865"}],"wp:attachment":[{"href":"https:\/\/www.eltex.de\/fr\/wp-json\/wp\/v2\/media?parent=3892"}],"wp:term":[{"taxonomy":"product_brand","embeddable":true,"href":"https:\/\/www.eltex.de\/fr\/wp-json\/wp\/v2\/product_brand?post=3892"},{"taxonomy":"product_cat","embeddable":true,"href":"https:\/\/www.eltex.de\/fr\/wp-json\/wp\/v2\/product_cat?post=3892"},{"taxonomy":"product_tag","embeddable":true,"href":"https:\/\/www.eltex.de\/fr\/wp-json\/wp\/v2\/product_tag?post=3892"}],"curies":[{"name":"wp","href":"https:\/\/api.w.org\/{rel}","templated":true}]}}