{"id":3893,"date":"2018-02-14T10:39:35","date_gmt":"2018-02-14T09:39:35","guid":{"rendered":"https:\/\/eltex.de\/produkte\/non%20class\u00e9\/terrapharm\/"},"modified":"2022-09-05T14:38:53","modified_gmt":"2022-09-05T12:38:53","slug":"terrapharm","status":"publish","type":"product","link":"https:\/\/www.eltex.de\/fr\/produits\/erdung-fr\/systemes-de-mise-a-la-terre-active-avec-controle-des-processus\/terrapharm\/","title":{"rendered":"TERRAPHARM"},"content":{"rendered":"<p>Le dispositif de mise \u00e0 la terre TERRAPHARM associe la technologie \u00e9prouv\u00e9e TERRABOX aux sp\u00e9cifications particuli\u00e8res des mat\u00e9riaux de l&rsquo;industrie pharmaceutique.<\/p>\n","protected":false},"excerpt":{"rendered":"<p>Syst\u00e8me de mise \u00e0 la terre<\/p>\n","protected":false},"featured_media":9867,"template":"","meta":{"_acf_changed":false},"product_brand":[],"product_cat":[376],"product_tag":[],"class_list":{"0":"post-3893","1":"product","2":"type-product","3":"status-publish","4":"has-post-thumbnail","6":"product_cat-systemes-de-mise-a-la-terre-active-avec-controle-des-processus","7":"pa_anwendungsbereiche-big-bags-fr","8":"pa_anwendungsbereiche-kraftstoffe-chemikalien-fr","9":"pa_anwendungsbereiche-dosier-und-mischgeraete-fr","10":"pa_anwendungsbereiche-pharmazie-fr","11":"pa_industriebereiche-chimie-pharmacie","12":"pa_produktmerkmale-montage-in-ex-bereich-zone-1-2-21-22-fr","13":"pa_produktmerkmale-appareil-de-surveillance-de-terre-resistif-en-boitier-inox","15":"first","16":"instock","17":"shipping-taxable","18":"product-type-simple"},"acf":[],"yoast_head":"<!-- This site is optimized with the Yoast SEO plugin v27.3 - https:\/\/yoast.com\/product\/yoast-seo-wordpress\/ -->\n<title>TERRAPHARM | Eltex Elektrostatik GmbH<\/title>\n<meta name=\"robots\" content=\"index, follow, max-snippet:-1, max-image-preview:large, max-video-preview:-1\" \/>\n<link rel=\"canonical\" href=\"https:\/\/www.eltex.de\/fr\/produits\/erdung-fr\/systemes-de-mise-a-la-terre-active-avec-controle-des-processus\/terrapharm\/\" \/>\n<meta property=\"og:locale\" content=\"fr_FR\" \/>\n<meta property=\"og:type\" content=\"article\" \/>\n<meta property=\"og:title\" content=\"TERRAPHARM | Eltex Elektrostatik GmbH\" \/>\n<meta property=\"og:description\" content=\"Syst\u00e8me de mise \u00e0 la terre\" \/>\n<meta property=\"og:url\" content=\"https:\/\/www.eltex.de\/fr\/produits\/erdung-fr\/systemes-de-mise-a-la-terre-active-avec-controle-des-processus\/terrapharm\/\" \/>\n<meta property=\"og:site_name\" content=\"Eltex Elektrostatik GmbH\" \/>\n<meta property=\"article:modified_time\" content=\"2022-09-05T12:38:53+00:00\" \/>\n<meta property=\"og:image\" content=\"https:\/\/www.eltex.de\/wp-content\/uploads\/terrabox_pharma-8.jpg\" \/>\n\t<meta property=\"og:image:width\" content=\"1024\" \/>\n\t<meta property=\"og:image:height\" content=\"480\" \/>\n\t<meta property=\"og:image:type\" content=\"image\/jpeg\" \/>\n<meta name=\"twitter:card\" content=\"summary_large_image\" \/>\n<script type=\"application\/ld+json\" class=\"yoast-schema-graph\">{\"@context\":\"https:\\\/\\\/schema.org\",\"@graph\":[{\"@type\":\"WebPage\",\"@id\":\"https:\\\/\\\/www.eltex.de\\\/fr\\\/produits\\\/erdung-fr\\\/systemes-de-mise-a-la-terre-active-avec-controle-des-processus\\\/terrapharm\\\/\",\"url\":\"https:\\\/\\\/www.eltex.de\\\/fr\\\/produits\\\/erdung-fr\\\/systemes-de-mise-a-la-terre-active-avec-controle-des-processus\\\/terrapharm\\\/\",\"name\":\"TERRAPHARM | Eltex Elektrostatik GmbH\",\"isPartOf\":{\"@id\":\"https:\\\/\\\/www.eltex.de\\\/fr\\\/#website\"},\"primaryImageOfPage\":{\"@id\":\"https:\\\/\\\/www.eltex.de\\\/fr\\\/produits\\\/erdung-fr\\\/systemes-de-mise-a-la-terre-active-avec-controle-des-processus\\\/terrapharm\\\/#primaryimage\"},\"image\":{\"@id\":\"https:\\\/\\\/www.eltex.de\\\/fr\\\/produits\\\/erdung-fr\\\/systemes-de-mise-a-la-terre-active-avec-controle-des-processus\\\/terrapharm\\\/#primaryimage\"},\"thumbnailUrl\":\"https:\\\/\\\/www.eltex.de\\\/wp-content\\\/uploads\\\/terrabox_pharma-4.jpg\",\"datePublished\":\"2018-02-14T09:39:35+00:00\",\"dateModified\":\"2022-09-05T12:38:53+00:00\",\"breadcrumb\":{\"@id\":\"https:\\\/\\\/www.eltex.de\\\/fr\\\/produits\\\/erdung-fr\\\/systemes-de-mise-a-la-terre-active-avec-controle-des-processus\\\/terrapharm\\\/#breadcrumb\"},\"inLanguage\":\"fr-FR\",\"potentialAction\":[{\"@type\":\"ReadAction\",\"target\":[\"https:\\\/\\\/www.eltex.de\\\/fr\\\/produits\\\/erdung-fr\\\/systemes-de-mise-a-la-terre-active-avec-controle-des-processus\\\/terrapharm\\\/\"]}]},{\"@type\":\"ImageObject\",\"inLanguage\":\"fr-FR\",\"@id\":\"https:\\\/\\\/www.eltex.de\\\/fr\\\/produits\\\/erdung-fr\\\/systemes-de-mise-a-la-terre-active-avec-controle-des-processus\\\/terrapharm\\\/#primaryimage\",\"url\":\"https:\\\/\\\/www.eltex.de\\\/wp-content\\\/uploads\\\/terrabox_pharma-4.jpg\",\"contentUrl\":\"https:\\\/\\\/www.eltex.de\\\/wp-content\\\/uploads\\\/terrabox_pharma-4.jpg\",\"width\":1024,\"height\":480},{\"@type\":\"BreadcrumbList\",\"@id\":\"https:\\\/\\\/www.eltex.de\\\/fr\\\/produits\\\/erdung-fr\\\/systemes-de-mise-a-la-terre-active-avec-controle-des-processus\\\/terrapharm\\\/#breadcrumb\",\"itemListElement\":[{\"@type\":\"ListItem\",\"position\":1,\"name\":\"Eltex\",\"item\":\"https:\\\/\\\/www.eltex.de\\\/fr\\\/\"},{\"@type\":\"ListItem\",\"position\":2,\"name\":\"Produits\",\"item\":\"https:\\\/\\\/www.eltex.de\\\/fr\\\/produits\\\/\"},{\"@type\":\"ListItem\",\"position\":3,\"name\":\"Mise \u00e0 la terre\",\"item\":\"https:\\\/\\\/www.eltex.de\\\/fr\\\/cat\u00e9gorie-produit\\\/erdung-fr\\\/\"},{\"@type\":\"ListItem\",\"position\":4,\"name\":\"Syst\u00e8mes de mise \u00e0 la terre active (TERRALIGHT)\",\"item\":\"https:\\\/\\\/www.eltex.de\\\/fr\\\/cat\u00e9gorie-produit\\\/erdung-fr\\\/systemes-de-mise-a-la-terre-active\\\/\"},{\"@type\":\"ListItem\",\"position\":5,\"name\":\"TERRAPHARM\"}]},{\"@type\":\"WebSite\",\"@id\":\"https:\\\/\\\/www.eltex.de\\\/fr\\\/#website\",\"url\":\"https:\\\/\\\/www.eltex.de\\\/fr\\\/\",\"name\":\"Eltex Elektrostatik GmbH\",\"description\":\"Die Eltex Elektrostatik GmbH als moderner Partner der Industrie zur Steigerung von Produktivit\u00e4t, Effizienz und Ertragskraft in vielen Branchen.\",\"potentialAction\":[{\"@type\":\"SearchAction\",\"target\":{\"@type\":\"EntryPoint\",\"urlTemplate\":\"https:\\\/\\\/www.eltex.de\\\/fr\\\/?s={search_term_string}\"},\"query-input\":{\"@type\":\"PropertyValueSpecification\",\"valueRequired\":true,\"valueName\":\"search_term_string\"}}],\"inLanguage\":\"fr-FR\"}]}<\/script>\n<!-- \/ Yoast SEO plugin. -->","yoast_head_json":{"title":"TERRAPHARM | Eltex Elektrostatik GmbH","robots":{"index":"index","follow":"follow","max-snippet":"max-snippet:-1","max-image-preview":"max-image-preview:large","max-video-preview":"max-video-preview:-1"},"canonical":"https:\/\/www.eltex.de\/fr\/produits\/erdung-fr\/systemes-de-mise-a-la-terre-active-avec-controle-des-processus\/terrapharm\/","og_locale":"fr_FR","og_type":"article","og_title":"TERRAPHARM | Eltex Elektrostatik GmbH","og_description":"Syst\u00e8me de mise \u00e0 la terre","og_url":"https:\/\/www.eltex.de\/fr\/produits\/erdung-fr\/systemes-de-mise-a-la-terre-active-avec-controle-des-processus\/terrapharm\/","og_site_name":"Eltex Elektrostatik GmbH","article_modified_time":"2022-09-05T12:38:53+00:00","og_image":[{"width":1024,"height":480,"url":"https:\/\/www.eltex.de\/wp-content\/uploads\/terrabox_pharma-8.jpg","type":"image\/jpeg"}],"twitter_card":"summary_large_image","schema":{"@context":"https:\/\/schema.org","@graph":[{"@type":"WebPage","@id":"https:\/\/www.eltex.de\/fr\/produits\/erdung-fr\/systemes-de-mise-a-la-terre-active-avec-controle-des-processus\/terrapharm\/","url":"https:\/\/www.eltex.de\/fr\/produits\/erdung-fr\/systemes-de-mise-a-la-terre-active-avec-controle-des-processus\/terrapharm\/","name":"TERRAPHARM | Eltex Elektrostatik GmbH","isPartOf":{"@id":"https:\/\/www.eltex.de\/fr\/#website"},"primaryImageOfPage":{"@id":"https:\/\/www.eltex.de\/fr\/produits\/erdung-fr\/systemes-de-mise-a-la-terre-active-avec-controle-des-processus\/terrapharm\/#primaryimage"},"image":{"@id":"https:\/\/www.eltex.de\/fr\/produits\/erdung-fr\/systemes-de-mise-a-la-terre-active-avec-controle-des-processus\/terrapharm\/#primaryimage"},"thumbnailUrl":"https:\/\/www.eltex.de\/wp-content\/uploads\/terrabox_pharma-4.jpg","datePublished":"2018-02-14T09:39:35+00:00","dateModified":"2022-09-05T12:38:53+00:00","breadcrumb":{"@id":"https:\/\/www.eltex.de\/fr\/produits\/erdung-fr\/systemes-de-mise-a-la-terre-active-avec-controle-des-processus\/terrapharm\/#breadcrumb"},"inLanguage":"fr-FR","potentialAction":[{"@type":"ReadAction","target":["https:\/\/www.eltex.de\/fr\/produits\/erdung-fr\/systemes-de-mise-a-la-terre-active-avec-controle-des-processus\/terrapharm\/"]}]},{"@type":"ImageObject","inLanguage":"fr-FR","@id":"https:\/\/www.eltex.de\/fr\/produits\/erdung-fr\/systemes-de-mise-a-la-terre-active-avec-controle-des-processus\/terrapharm\/#primaryimage","url":"https:\/\/www.eltex.de\/wp-content\/uploads\/terrabox_pharma-4.jpg","contentUrl":"https:\/\/www.eltex.de\/wp-content\/uploads\/terrabox_pharma-4.jpg","width":1024,"height":480},{"@type":"BreadcrumbList","@id":"https:\/\/www.eltex.de\/fr\/produits\/erdung-fr\/systemes-de-mise-a-la-terre-active-avec-controle-des-processus\/terrapharm\/#breadcrumb","itemListElement":[{"@type":"ListItem","position":1,"name":"Eltex","item":"https:\/\/www.eltex.de\/fr\/"},{"@type":"ListItem","position":2,"name":"Produits","item":"https:\/\/www.eltex.de\/fr\/produits\/"},{"@type":"ListItem","position":3,"name":"Mise \u00e0 la terre","item":"https:\/\/www.eltex.de\/fr\/cat\u00e9gorie-produit\/erdung-fr\/"},{"@type":"ListItem","position":4,"name":"Syst\u00e8mes de mise \u00e0 la terre active (TERRALIGHT)","item":"https:\/\/www.eltex.de\/fr\/cat\u00e9gorie-produit\/erdung-fr\/systemes-de-mise-a-la-terre-active\/"},{"@type":"ListItem","position":5,"name":"TERRAPHARM"}]},{"@type":"WebSite","@id":"https:\/\/www.eltex.de\/fr\/#website","url":"https:\/\/www.eltex.de\/fr\/","name":"Eltex Elektrostatik GmbH","description":"Die Eltex Elektrostatik GmbH als moderner Partner der Industrie zur Steigerung von Produktivit\u00e4t, Effizienz und Ertragskraft in vielen Branchen.","potentialAction":[{"@type":"SearchAction","target":{"@type":"EntryPoint","urlTemplate":"https:\/\/www.eltex.de\/fr\/?s={search_term_string}"},"query-input":{"@type":"PropertyValueSpecification","valueRequired":true,"valueName":"search_term_string"}}],"inLanguage":"fr-FR"}]}},"_links":{"self":[{"href":"https:\/\/www.eltex.de\/fr\/wp-json\/wp\/v2\/product\/3893","targetHints":{"allow":["GET"]}}],"collection":[{"href":"https:\/\/www.eltex.de\/fr\/wp-json\/wp\/v2\/product"}],"about":[{"href":"https:\/\/www.eltex.de\/fr\/wp-json\/wp\/v2\/types\/product"}],"wp:featuredmedia":[{"embeddable":true,"href":"https:\/\/www.eltex.de\/fr\/wp-json\/wp\/v2\/media\/9867"}],"wp:attachment":[{"href":"https:\/\/www.eltex.de\/fr\/wp-json\/wp\/v2\/media?parent=3893"}],"wp:term":[{"taxonomy":"product_brand","embeddable":true,"href":"https:\/\/www.eltex.de\/fr\/wp-json\/wp\/v2\/product_brand?post=3893"},{"taxonomy":"product_cat","embeddable":true,"href":"https:\/\/www.eltex.de\/fr\/wp-json\/wp\/v2\/product_cat?post=3893"},{"taxonomy":"product_tag","embeddable":true,"href":"https:\/\/www.eltex.de\/fr\/wp-json\/wp\/v2\/product_tag?post=3893"}],"curies":[{"name":"wp","href":"https:\/\/api.w.org\/{rel}","templated":true}]}}