{"id":3894,"date":"2018-02-14T10:40:27","date_gmt":"2018-02-14T09:40:27","guid":{"rendered":"https:\/\/eltex.de\/produkte\/non%20class\u00e9\/gnh61\/"},"modified":"2022-09-05T14:38:57","modified_gmt":"2022-09-05T12:38:57","slug":"gnh61","status":"publish","type":"product","link":"https:\/\/www.eltex.de\/fr\/produits\/static-control-fr\/esa-fr\/gnh61\/","title":{"rendered":"POWER TOP GNH63"},"content":{"rendered":"<p>Le syst\u00e8me ESA Top Loading de la derni\u00e8re g\u00e9n\u00e9ration &#8211; POWER TOP GNH63<\/p>\n<p>&nbsp;<\/p>\n<p>La bande de papier ou de film entrante est d\u00e9charg\u00e9e par l&rsquo;\u00e9lectrode de d\u00e9charge de mani\u00e8re \u00e0 \u00e9liminer les charges \u00e9lectrostatiques existantes. L&rsquo;\u00e9lectrode de charge transf\u00e8re la charge dans la couche conductrice du presseur et apporte la tension n\u00e9cessaire entre le presseur et le cylindre grav\u00e9. La tension (300 &#8230; 900 V DC) garantit que l&rsquo;encre soit enti\u00e8rement transf\u00e9r\u00e9e des alv\u00e9oles vers le substrat avec une grande pr\u00e9cision et sans avoir recours \u00e0 une pression m\u00e9canique \u00e9lev\u00e9e. L&rsquo;\u00e9lectrode de d\u00e9charge en sortie de groupe \u00e9limine toute charge r\u00e9siduelle sur la surface du papier ou du film. Pour les syst\u00e8me ESA POWER TOP GNH63 un presseur \u00e0 deux couches est utilis\u00e9.<\/p>\n<p>&nbsp;<\/p>\n<p><span style=\"font-size: 12pt;\">Le syst\u00e8me Eltex POWER TOP GNH63 peut \u00eatre utilis\u00e9 dans les zones \u00e0 danger d\u2019explosion des groupes de gaz IIA et IIB et dans l&rsquo;impression h\u00e9lio sans solvant.<\/span><\/p>\n<p>&nbsp;<\/p>\n<p><span style=\"font-size: 12pt;\">Avec le g\u00e9n\u00e9rateur POWER TOP PCTL, le syst\u00e8me ESA d&rsquo;assistance \u00e0 l\u2019impression GNH63 atteint le niveau de performance d. Un param\u00e8tre important pour la fiabilit\u00e9 des fonctions de s\u00e9curit\u00e9 conform\u00e9ment \u00e0 la norme de s\u00e9curit\u00e9 EN 13849.<\/span><\/p>\n","protected":false},"excerpt":{"rendered":"<p>Le nouveau syst\u00e8me ESA POWER TOP GNH63<\/p>\n","protected":false},"featured_media":10245,"template":"","meta":{"_acf_changed":false},"product_brand":[],"product_cat":[475,129],"product_tag":[],"class_list":{"0":"post-3894","1":"product","2":"type-product","3":"status-publish","4":"has-post-thumbnail","6":"product_cat-esa-fr","7":"product_cat-rx11","8":"pa_anwendungsbereiche-verpackungs-illustrationstiefdruck-fr","9":"pa_industriebereiche-imprimerie","11":"first","12":"instock","13":"shipping-taxable","14":"product-type-simple"},"acf":[],"yoast_head":"<!-- This site is optimized with the Yoast SEO plugin v27.3 - https:\/\/yoast.com\/product\/yoast-seo-wordpress\/ -->\n<title>POWER TOP GNH63 | Eltex Elektrostatik GmbH<\/title>\n<meta name=\"robots\" content=\"index, follow, max-snippet:-1, max-image-preview:large, max-video-preview:-1\" \/>\n<link rel=\"canonical\" href=\"https:\/\/www.eltex.de\/fr\/produits\/static-control-fr\/esa-fr\/gnh61\/\" \/>\n<meta property=\"og:locale\" content=\"fr_FR\" \/>\n<meta property=\"og:type\" content=\"article\" \/>\n<meta property=\"og:title\" content=\"POWER TOP GNH63 | Eltex Elektrostatik GmbH\" \/>\n<meta property=\"og:description\" content=\"Le nouveau syst\u00e8me ESA POWER TOP GNH63\" \/>\n<meta property=\"og:url\" content=\"https:\/\/www.eltex.de\/fr\/produits\/static-control-fr\/esa-fr\/gnh61\/\" \/>\n<meta property=\"og:site_name\" content=\"Eltex Elektrostatik GmbH\" \/>\n<meta property=\"article:modified_time\" content=\"2022-09-05T12:38:57+00:00\" \/>\n<meta property=\"og:image\" content=\"https:\/\/www.eltex.de\/wp-content\/uploads\/Titelbild-Web-GNH63-8.jpg\" \/>\n\t<meta property=\"og:image:width\" content=\"550\" \/>\n\t<meta property=\"og:image:height\" content=\"607\" \/>\n\t<meta property=\"og:image:type\" content=\"image\/jpeg\" \/>\n<meta name=\"twitter:card\" content=\"summary_large_image\" \/>\n<meta name=\"twitter:label1\" content=\"Dur\u00e9e de lecture estim\u00e9e\" \/>\n\t<meta name=\"twitter:data1\" content=\"1 minute\" \/>\n<script type=\"application\/ld+json\" class=\"yoast-schema-graph\">{\"@context\":\"https:\\\/\\\/schema.org\",\"@graph\":[{\"@type\":\"WebPage\",\"@id\":\"https:\\\/\\\/www.eltex.de\\\/fr\\\/produits\\\/static-control-fr\\\/esa-fr\\\/gnh61\\\/\",\"url\":\"https:\\\/\\\/www.eltex.de\\\/fr\\\/produits\\\/static-control-fr\\\/esa-fr\\\/gnh61\\\/\",\"name\":\"POWER TOP GNH63 | Eltex Elektrostatik GmbH\",\"isPartOf\":{\"@id\":\"https:\\\/\\\/www.eltex.de\\\/fr\\\/#website\"},\"primaryImageOfPage\":{\"@id\":\"https:\\\/\\\/www.eltex.de\\\/fr\\\/produits\\\/static-control-fr\\\/esa-fr\\\/gnh61\\\/#primaryimage\"},\"image\":{\"@id\":\"https:\\\/\\\/www.eltex.de\\\/fr\\\/produits\\\/static-control-fr\\\/esa-fr\\\/gnh61\\\/#primaryimage\"},\"thumbnailUrl\":\"https:\\\/\\\/www.eltex.de\\\/wp-content\\\/uploads\\\/Titelbild-Web-GNH63-8.jpg\",\"datePublished\":\"2018-02-14T09:40:27+00:00\",\"dateModified\":\"2022-09-05T12:38:57+00:00\",\"breadcrumb\":{\"@id\":\"https:\\\/\\\/www.eltex.de\\\/fr\\\/produits\\\/static-control-fr\\\/esa-fr\\\/gnh61\\\/#breadcrumb\"},\"inLanguage\":\"fr-FR\",\"potentialAction\":[{\"@type\":\"ReadAction\",\"target\":[\"https:\\\/\\\/www.eltex.de\\\/fr\\\/produits\\\/static-control-fr\\\/esa-fr\\\/gnh61\\\/\"]}]},{\"@type\":\"ImageObject\",\"inLanguage\":\"fr-FR\",\"@id\":\"https:\\\/\\\/www.eltex.de\\\/fr\\\/produits\\\/static-control-fr\\\/esa-fr\\\/gnh61\\\/#primaryimage\",\"url\":\"https:\\\/\\\/www.eltex.de\\\/wp-content\\\/uploads\\\/Titelbild-Web-GNH63-8.jpg\",\"contentUrl\":\"https:\\\/\\\/www.eltex.de\\\/wp-content\\\/uploads\\\/Titelbild-Web-GNH63-8.jpg\",\"width\":550,\"height\":607},{\"@type\":\"BreadcrumbList\",\"@id\":\"https:\\\/\\\/www.eltex.de\\\/fr\\\/produits\\\/static-control-fr\\\/esa-fr\\\/gnh61\\\/#breadcrumb\",\"itemListElement\":[{\"@type\":\"ListItem\",\"position\":1,\"name\":\"Eltex\",\"item\":\"https:\\\/\\\/www.eltex.de\\\/fr\\\/\"},{\"@type\":\"ListItem\",\"position\":2,\"name\":\"Produits\",\"item\":\"https:\\\/\\\/www.eltex.de\\\/fr\\\/produits\\\/\"},{\"@type\":\"ListItem\",\"position\":3,\"name\":\"Static Control\",\"item\":\"https:\\\/\\\/www.eltex.de\\\/fr\\\/cat\u00e9gorie-produit\\\/static-control-fr\\\/\"},{\"@type\":\"ListItem\",\"position\":4,\"name\":\"ESA\",\"item\":\"https:\\\/\\\/www.eltex.de\\\/fr\\\/cat\u00e9gorie-produit\\\/static-control-fr\\\/esa-fr\\\/\"},{\"@type\":\"ListItem\",\"position\":5,\"name\":\"POWER TOP GNH63\"}]},{\"@type\":\"WebSite\",\"@id\":\"https:\\\/\\\/www.eltex.de\\\/fr\\\/#website\",\"url\":\"https:\\\/\\\/www.eltex.de\\\/fr\\\/\",\"name\":\"Eltex Elektrostatik GmbH\",\"description\":\"Die Eltex Elektrostatik GmbH als moderner Partner der Industrie zur Steigerung von Produktivit\u00e4t, Effizienz und Ertragskraft in vielen Branchen.\",\"potentialAction\":[{\"@type\":\"SearchAction\",\"target\":{\"@type\":\"EntryPoint\",\"urlTemplate\":\"https:\\\/\\\/www.eltex.de\\\/fr\\\/?s={search_term_string}\"},\"query-input\":{\"@type\":\"PropertyValueSpecification\",\"valueRequired\":true,\"valueName\":\"search_term_string\"}}],\"inLanguage\":\"fr-FR\"}]}<\/script>\n<!-- \/ Yoast SEO plugin. -->","yoast_head_json":{"title":"POWER TOP GNH63 | Eltex Elektrostatik GmbH","robots":{"index":"index","follow":"follow","max-snippet":"max-snippet:-1","max-image-preview":"max-image-preview:large","max-video-preview":"max-video-preview:-1"},"canonical":"https:\/\/www.eltex.de\/fr\/produits\/static-control-fr\/esa-fr\/gnh61\/","og_locale":"fr_FR","og_type":"article","og_title":"POWER TOP GNH63 | Eltex Elektrostatik GmbH","og_description":"Le nouveau syst\u00e8me ESA POWER TOP GNH63","og_url":"https:\/\/www.eltex.de\/fr\/produits\/static-control-fr\/esa-fr\/gnh61\/","og_site_name":"Eltex Elektrostatik GmbH","article_modified_time":"2022-09-05T12:38:57+00:00","og_image":[{"width":550,"height":607,"url":"https:\/\/www.eltex.de\/wp-content\/uploads\/Titelbild-Web-GNH63-8.jpg","type":"image\/jpeg"}],"twitter_card":"summary_large_image","twitter_misc":{"Dur\u00e9e de lecture estim\u00e9e":"1 minute"},"schema":{"@context":"https:\/\/schema.org","@graph":[{"@type":"WebPage","@id":"https:\/\/www.eltex.de\/fr\/produits\/static-control-fr\/esa-fr\/gnh61\/","url":"https:\/\/www.eltex.de\/fr\/produits\/static-control-fr\/esa-fr\/gnh61\/","name":"POWER TOP GNH63 | Eltex Elektrostatik GmbH","isPartOf":{"@id":"https:\/\/www.eltex.de\/fr\/#website"},"primaryImageOfPage":{"@id":"https:\/\/www.eltex.de\/fr\/produits\/static-control-fr\/esa-fr\/gnh61\/#primaryimage"},"image":{"@id":"https:\/\/www.eltex.de\/fr\/produits\/static-control-fr\/esa-fr\/gnh61\/#primaryimage"},"thumbnailUrl":"https:\/\/www.eltex.de\/wp-content\/uploads\/Titelbild-Web-GNH63-8.jpg","datePublished":"2018-02-14T09:40:27+00:00","dateModified":"2022-09-05T12:38:57+00:00","breadcrumb":{"@id":"https:\/\/www.eltex.de\/fr\/produits\/static-control-fr\/esa-fr\/gnh61\/#breadcrumb"},"inLanguage":"fr-FR","potentialAction":[{"@type":"ReadAction","target":["https:\/\/www.eltex.de\/fr\/produits\/static-control-fr\/esa-fr\/gnh61\/"]}]},{"@type":"ImageObject","inLanguage":"fr-FR","@id":"https:\/\/www.eltex.de\/fr\/produits\/static-control-fr\/esa-fr\/gnh61\/#primaryimage","url":"https:\/\/www.eltex.de\/wp-content\/uploads\/Titelbild-Web-GNH63-8.jpg","contentUrl":"https:\/\/www.eltex.de\/wp-content\/uploads\/Titelbild-Web-GNH63-8.jpg","width":550,"height":607},{"@type":"BreadcrumbList","@id":"https:\/\/www.eltex.de\/fr\/produits\/static-control-fr\/esa-fr\/gnh61\/#breadcrumb","itemListElement":[{"@type":"ListItem","position":1,"name":"Eltex","item":"https:\/\/www.eltex.de\/fr\/"},{"@type":"ListItem","position":2,"name":"Produits","item":"https:\/\/www.eltex.de\/fr\/produits\/"},{"@type":"ListItem","position":3,"name":"Static Control","item":"https:\/\/www.eltex.de\/fr\/cat\u00e9gorie-produit\/static-control-fr\/"},{"@type":"ListItem","position":4,"name":"ESA","item":"https:\/\/www.eltex.de\/fr\/cat\u00e9gorie-produit\/static-control-fr\/esa-fr\/"},{"@type":"ListItem","position":5,"name":"POWER TOP GNH63"}]},{"@type":"WebSite","@id":"https:\/\/www.eltex.de\/fr\/#website","url":"https:\/\/www.eltex.de\/fr\/","name":"Eltex Elektrostatik GmbH","description":"Die Eltex Elektrostatik GmbH als moderner Partner der Industrie zur Steigerung von Produktivit\u00e4t, Effizienz und Ertragskraft in vielen Branchen.","potentialAction":[{"@type":"SearchAction","target":{"@type":"EntryPoint","urlTemplate":"https:\/\/www.eltex.de\/fr\/?s={search_term_string}"},"query-input":{"@type":"PropertyValueSpecification","valueRequired":true,"valueName":"search_term_string"}}],"inLanguage":"fr-FR"}]}},"_links":{"self":[{"href":"https:\/\/www.eltex.de\/fr\/wp-json\/wp\/v2\/product\/3894","targetHints":{"allow":["GET"]}}],"collection":[{"href":"https:\/\/www.eltex.de\/fr\/wp-json\/wp\/v2\/product"}],"about":[{"href":"https:\/\/www.eltex.de\/fr\/wp-json\/wp\/v2\/types\/product"}],"wp:featuredmedia":[{"embeddable":true,"href":"https:\/\/www.eltex.de\/fr\/wp-json\/wp\/v2\/media\/10245"}],"wp:attachment":[{"href":"https:\/\/www.eltex.de\/fr\/wp-json\/wp\/v2\/media?parent=3894"}],"wp:term":[{"taxonomy":"product_brand","embeddable":true,"href":"https:\/\/www.eltex.de\/fr\/wp-json\/wp\/v2\/product_brand?post=3894"},{"taxonomy":"product_cat","embeddable":true,"href":"https:\/\/www.eltex.de\/fr\/wp-json\/wp\/v2\/product_cat?post=3894"},{"taxonomy":"product_tag","embeddable":true,"href":"https:\/\/www.eltex.de\/fr\/wp-json\/wp\/v2\/product_tag?post=3894"}],"curies":[{"name":"wp","href":"https:\/\/api.w.org\/{rel}","templated":true}]}}