{"id":3897,"date":"2018-02-14T10:45:06","date_gmt":"2018-02-14T09:45:06","guid":{"rendered":"https:\/\/eltex.de\/produkte\/non%20class\u00e9\/ghh36\/"},"modified":"2022-09-05T14:39:10","modified_gmt":"2022-09-05T12:39:10","slug":"powertack","status":"publish","type":"product","link":"https:\/\/www.eltex.de\/fr\/produits\/static-control-fr\/stranghaftung-fr\/powertack\/","title":{"rendered":"Adh\u00e9sion de bandes POWER TACK"},"content":{"rendered":"<p>L&rsquo;adh\u00e9sion \u00e9lectrostatique des bandes de papier POWER TACK est utilis\u00e9e dans les plieuses en offset heatset rotatif et en h\u00e9liogravure de magazines. Les bandes de papier entrantes sont bloqu\u00e9es \u00e9lectrostatiquement afin d&rsquo;\u00e9viter les feuilles corn\u00e9es. De s\u00e9rie sur les nouvelles machines mais peut \u00e9galement \u00eatre install\u00e9 sur toutes les machines heatset courantes dans le monde.<br \/>\nDeux g\u00e9n\u00e9rateurs haute tension g\u00e9n\u00e8rent une haute tension positive et une n\u00e9gative, qui sont appliqu\u00e9es aux \u00e9lectrodes de charge install\u00e9es dans la plieuse. Les \u00e9lectrodes positives et n\u00e9gatives sont dispos\u00e9es face \u00e0 face. Les bandes de papier passent entre les \u00e9lectrodes. La force r\u00e9sultant du champ \u00e9lectrostatique provoque l&rsquo;attraction des bandes de papier et leur blocage. Il est ainsi possible d&rsquo;obtenir une pr\u00e9cision de pliage \u00e0 des vitesses \u00e9lev\u00e9es.<\/p>\n","protected":false},"excerpt":{"rendered":"<p>Adh\u00e9sion de bandes de papier<\/p>\n","protected":false},"featured_media":10246,"template":"","meta":{"_acf_changed":false},"product_brand":[],"product_cat":[477,129],"product_tag":[],"class_list":{"0":"post-3897","1":"product","2":"type-product","3":"status-publish","4":"has-post-thumbnail","6":"product_cat-stranghaftung-fr","7":"product_cat-rx11","8":"pa_anwendungsbereiche-weiterverarbeitung-fr","9":"pa_industriebereiche-imprimerie","11":"first","12":"instock","13":"shipping-taxable","14":"product-type-simple"},"acf":[],"yoast_head":"<!-- This site is optimized with the Yoast SEO plugin v27.3 - https:\/\/yoast.com\/product\/yoast-seo-wordpress\/ -->\n<title>Adh\u00e9sion de bandes POWER TACK | Eltex Elektrostatik GmbH<\/title>\n<meta name=\"robots\" content=\"index, follow, max-snippet:-1, max-image-preview:large, max-video-preview:-1\" \/>\n<link rel=\"canonical\" href=\"https:\/\/www.eltex.de\/fr\/produits\/static-control-fr\/stranghaftung-fr\/powertack\/\" \/>\n<meta property=\"og:locale\" content=\"fr_FR\" \/>\n<meta property=\"og:type\" content=\"article\" \/>\n<meta property=\"og:title\" content=\"Adh\u00e9sion de bandes POWER TACK | Eltex Elektrostatik GmbH\" \/>\n<meta property=\"og:description\" content=\"Adh\u00e9sion de bandes de papier\" \/>\n<meta property=\"og:url\" content=\"https:\/\/www.eltex.de\/fr\/produits\/static-control-fr\/stranghaftung-fr\/powertack\/\" \/>\n<meta property=\"og:site_name\" content=\"Eltex Elektrostatik GmbH\" \/>\n<meta property=\"article:modified_time\" content=\"2022-09-05T12:39:10+00:00\" \/>\n<meta property=\"og:image\" content=\"https:\/\/www.eltex.de\/wp-content\/uploads\/Schema-Stranghaftung-Web1-8.jpg\" \/>\n\t<meta property=\"og:image:width\" content=\"2011\" \/>\n\t<meta property=\"og:image:height\" content=\"1053\" \/>\n\t<meta property=\"og:image:type\" content=\"image\/jpeg\" \/>\n<meta name=\"twitter:card\" content=\"summary_large_image\" \/>\n<meta name=\"twitter:label1\" content=\"Dur\u00e9e de lecture estim\u00e9e\" \/>\n\t<meta name=\"twitter:data1\" content=\"1 minute\" \/>\n<script type=\"application\/ld+json\" class=\"yoast-schema-graph\">{\"@context\":\"https:\\\/\\\/schema.org\",\"@graph\":[{\"@type\":\"WebPage\",\"@id\":\"https:\\\/\\\/www.eltex.de\\\/fr\\\/produits\\\/static-control-fr\\\/stranghaftung-fr\\\/powertack\\\/\",\"url\":\"https:\\\/\\\/www.eltex.de\\\/fr\\\/produits\\\/static-control-fr\\\/stranghaftung-fr\\\/powertack\\\/\",\"name\":\"Adh\u00e9sion de bandes POWER TACK | Eltex Elektrostatik GmbH\",\"isPartOf\":{\"@id\":\"https:\\\/\\\/www.eltex.de\\\/fr\\\/#website\"},\"primaryImageOfPage\":{\"@id\":\"https:\\\/\\\/www.eltex.de\\\/fr\\\/produits\\\/static-control-fr\\\/stranghaftung-fr\\\/powertack\\\/#primaryimage\"},\"image\":{\"@id\":\"https:\\\/\\\/www.eltex.de\\\/fr\\\/produits\\\/static-control-fr\\\/stranghaftung-fr\\\/powertack\\\/#primaryimage\"},\"thumbnailUrl\":\"https:\\\/\\\/www.eltex.de\\\/wp-content\\\/uploads\\\/Schema-Stranghaftung-Web1-8.jpg\",\"datePublished\":\"2018-02-14T09:45:06+00:00\",\"dateModified\":\"2022-09-05T12:39:10+00:00\",\"breadcrumb\":{\"@id\":\"https:\\\/\\\/www.eltex.de\\\/fr\\\/produits\\\/static-control-fr\\\/stranghaftung-fr\\\/powertack\\\/#breadcrumb\"},\"inLanguage\":\"fr-FR\",\"potentialAction\":[{\"@type\":\"ReadAction\",\"target\":[\"https:\\\/\\\/www.eltex.de\\\/fr\\\/produits\\\/static-control-fr\\\/stranghaftung-fr\\\/powertack\\\/\"]}]},{\"@type\":\"ImageObject\",\"inLanguage\":\"fr-FR\",\"@id\":\"https:\\\/\\\/www.eltex.de\\\/fr\\\/produits\\\/static-control-fr\\\/stranghaftung-fr\\\/powertack\\\/#primaryimage\",\"url\":\"https:\\\/\\\/www.eltex.de\\\/wp-content\\\/uploads\\\/Schema-Stranghaftung-Web1-8.jpg\",\"contentUrl\":\"https:\\\/\\\/www.eltex.de\\\/wp-content\\\/uploads\\\/Schema-Stranghaftung-Web1-8.jpg\",\"width\":2011,\"height\":1053},{\"@type\":\"BreadcrumbList\",\"@id\":\"https:\\\/\\\/www.eltex.de\\\/fr\\\/produits\\\/static-control-fr\\\/stranghaftung-fr\\\/powertack\\\/#breadcrumb\",\"itemListElement\":[{\"@type\":\"ListItem\",\"position\":1,\"name\":\"Eltex\",\"item\":\"https:\\\/\\\/www.eltex.de\\\/fr\\\/\"},{\"@type\":\"ListItem\",\"position\":2,\"name\":\"Produits\",\"item\":\"https:\\\/\\\/www.eltex.de\\\/fr\\\/produits\\\/\"},{\"@type\":\"ListItem\",\"position\":3,\"name\":\"Static Control\",\"item\":\"https:\\\/\\\/www.eltex.de\\\/fr\\\/cat\u00e9gorie-produit\\\/static-control-fr\\\/\"},{\"@type\":\"ListItem\",\"position\":4,\"name\":\"Adh\u00e9sion de bandes\",\"item\":\"https:\\\/\\\/www.eltex.de\\\/fr\\\/cat\u00e9gorie-produit\\\/static-control-fr\\\/stranghaftung-fr\\\/\"},{\"@type\":\"ListItem\",\"position\":5,\"name\":\"Adh\u00e9sion de bandes POWER TACK\"}]},{\"@type\":\"WebSite\",\"@id\":\"https:\\\/\\\/www.eltex.de\\\/fr\\\/#website\",\"url\":\"https:\\\/\\\/www.eltex.de\\\/fr\\\/\",\"name\":\"Eltex Elektrostatik GmbH\",\"description\":\"Die Eltex Elektrostatik GmbH als moderner Partner der Industrie zur Steigerung von Produktivit\u00e4t, Effizienz und Ertragskraft in vielen Branchen.\",\"potentialAction\":[{\"@type\":\"SearchAction\",\"target\":{\"@type\":\"EntryPoint\",\"urlTemplate\":\"https:\\\/\\\/www.eltex.de\\\/fr\\\/?s={search_term_string}\"},\"query-input\":{\"@type\":\"PropertyValueSpecification\",\"valueRequired\":true,\"valueName\":\"search_term_string\"}}],\"inLanguage\":\"fr-FR\"}]}<\/script>\n<!-- \/ Yoast SEO plugin. -->","yoast_head_json":{"title":"Adh\u00e9sion de bandes POWER TACK | Eltex Elektrostatik GmbH","robots":{"index":"index","follow":"follow","max-snippet":"max-snippet:-1","max-image-preview":"max-image-preview:large","max-video-preview":"max-video-preview:-1"},"canonical":"https:\/\/www.eltex.de\/fr\/produits\/static-control-fr\/stranghaftung-fr\/powertack\/","og_locale":"fr_FR","og_type":"article","og_title":"Adh\u00e9sion de bandes POWER TACK | Eltex Elektrostatik GmbH","og_description":"Adh\u00e9sion de bandes de papier","og_url":"https:\/\/www.eltex.de\/fr\/produits\/static-control-fr\/stranghaftung-fr\/powertack\/","og_site_name":"Eltex Elektrostatik GmbH","article_modified_time":"2022-09-05T12:39:10+00:00","og_image":[{"width":2011,"height":1053,"url":"https:\/\/www.eltex.de\/wp-content\/uploads\/Schema-Stranghaftung-Web1-8.jpg","type":"image\/jpeg"}],"twitter_card":"summary_large_image","twitter_misc":{"Dur\u00e9e de lecture estim\u00e9e":"1 minute"},"schema":{"@context":"https:\/\/schema.org","@graph":[{"@type":"WebPage","@id":"https:\/\/www.eltex.de\/fr\/produits\/static-control-fr\/stranghaftung-fr\/powertack\/","url":"https:\/\/www.eltex.de\/fr\/produits\/static-control-fr\/stranghaftung-fr\/powertack\/","name":"Adh\u00e9sion de bandes POWER TACK | Eltex Elektrostatik GmbH","isPartOf":{"@id":"https:\/\/www.eltex.de\/fr\/#website"},"primaryImageOfPage":{"@id":"https:\/\/www.eltex.de\/fr\/produits\/static-control-fr\/stranghaftung-fr\/powertack\/#primaryimage"},"image":{"@id":"https:\/\/www.eltex.de\/fr\/produits\/static-control-fr\/stranghaftung-fr\/powertack\/#primaryimage"},"thumbnailUrl":"https:\/\/www.eltex.de\/wp-content\/uploads\/Schema-Stranghaftung-Web1-8.jpg","datePublished":"2018-02-14T09:45:06+00:00","dateModified":"2022-09-05T12:39:10+00:00","breadcrumb":{"@id":"https:\/\/www.eltex.de\/fr\/produits\/static-control-fr\/stranghaftung-fr\/powertack\/#breadcrumb"},"inLanguage":"fr-FR","potentialAction":[{"@type":"ReadAction","target":["https:\/\/www.eltex.de\/fr\/produits\/static-control-fr\/stranghaftung-fr\/powertack\/"]}]},{"@type":"ImageObject","inLanguage":"fr-FR","@id":"https:\/\/www.eltex.de\/fr\/produits\/static-control-fr\/stranghaftung-fr\/powertack\/#primaryimage","url":"https:\/\/www.eltex.de\/wp-content\/uploads\/Schema-Stranghaftung-Web1-8.jpg","contentUrl":"https:\/\/www.eltex.de\/wp-content\/uploads\/Schema-Stranghaftung-Web1-8.jpg","width":2011,"height":1053},{"@type":"BreadcrumbList","@id":"https:\/\/www.eltex.de\/fr\/produits\/static-control-fr\/stranghaftung-fr\/powertack\/#breadcrumb","itemListElement":[{"@type":"ListItem","position":1,"name":"Eltex","item":"https:\/\/www.eltex.de\/fr\/"},{"@type":"ListItem","position":2,"name":"Produits","item":"https:\/\/www.eltex.de\/fr\/produits\/"},{"@type":"ListItem","position":3,"name":"Static Control","item":"https:\/\/www.eltex.de\/fr\/cat\u00e9gorie-produit\/static-control-fr\/"},{"@type":"ListItem","position":4,"name":"Adh\u00e9sion de bandes","item":"https:\/\/www.eltex.de\/fr\/cat\u00e9gorie-produit\/static-control-fr\/stranghaftung-fr\/"},{"@type":"ListItem","position":5,"name":"Adh\u00e9sion de bandes POWER TACK"}]},{"@type":"WebSite","@id":"https:\/\/www.eltex.de\/fr\/#website","url":"https:\/\/www.eltex.de\/fr\/","name":"Eltex Elektrostatik GmbH","description":"Die Eltex Elektrostatik GmbH als moderner Partner der Industrie zur Steigerung von Produktivit\u00e4t, Effizienz und Ertragskraft in vielen Branchen.","potentialAction":[{"@type":"SearchAction","target":{"@type":"EntryPoint","urlTemplate":"https:\/\/www.eltex.de\/fr\/?s={search_term_string}"},"query-input":{"@type":"PropertyValueSpecification","valueRequired":true,"valueName":"search_term_string"}}],"inLanguage":"fr-FR"}]}},"_links":{"self":[{"href":"https:\/\/www.eltex.de\/fr\/wp-json\/wp\/v2\/product\/3897","targetHints":{"allow":["GET"]}}],"collection":[{"href":"https:\/\/www.eltex.de\/fr\/wp-json\/wp\/v2\/product"}],"about":[{"href":"https:\/\/www.eltex.de\/fr\/wp-json\/wp\/v2\/types\/product"}],"wp:featuredmedia":[{"embeddable":true,"href":"https:\/\/www.eltex.de\/fr\/wp-json\/wp\/v2\/media\/10246"}],"wp:attachment":[{"href":"https:\/\/www.eltex.de\/fr\/wp-json\/wp\/v2\/media?parent=3897"}],"wp:term":[{"taxonomy":"product_brand","embeddable":true,"href":"https:\/\/www.eltex.de\/fr\/wp-json\/wp\/v2\/product_brand?post=3897"},{"taxonomy":"product_cat","embeddable":true,"href":"https:\/\/www.eltex.de\/fr\/wp-json\/wp\/v2\/product_cat?post=3897"},{"taxonomy":"product_tag","embeddable":true,"href":"https:\/\/www.eltex.de\/fr\/wp-json\/wp\/v2\/product_tag?post=3897"}],"curies":[{"name":"wp","href":"https:\/\/api.w.org\/{rel}","templated":true}]}}