{"id":3901,"date":"2018-02-14T14:36:38","date_gmt":"2018-02-14T13:36:38","guid":{"rendered":"https:\/\/eltex.de\/produkte\/non%20class\u00e9\/statictube-rx11\/"},"modified":"2023-04-11T11:16:21","modified_gmt":"2023-04-11T09:16:21","slug":"statictube-rx11","status":"publish","type":"product","link":"https:\/\/www.eltex.de\/fr\/produits\/rx11\/statictube-rx11\/","title":{"rendered":"EXTRA &#8211; STATICTUBE RX11"},"content":{"rendered":"<p>Le tube d&rsquo;ionisation Eltex STATICTUBE RX11 pour une utilisation dans les syst\u00e8mes de transport pneumatique \u00e9limine compl\u00e8tement et efficacement les charges statiques qui se produisent pendant le transport sur le mat\u00e9riau transport\u00e9. Le syst\u00e8me est notamment utilis\u00e9 dans les syst\u00e8mes d&rsquo;extraction des lisi\u00e8res de papier et de plastique.<\/p>\n","protected":false},"excerpt":{"rendered":"<p>Tube d&rsquo;ionisation active pour syst\u00e8me de convoyage<\/p>\n","protected":false},"featured_media":9889,"template":"","meta":{"_acf_changed":false},"product_brand":[],"product_cat":[742,129],"product_tag":[],"class_list":{"0":"post-3901","1":"product","2":"type-product","3":"status-publish","4":"has-post-thumbnail","6":"product_cat-extras","7":"product_cat-rx11","9":"first","10":"instock","11":"shipping-taxable","12":"product-type-simple"},"acf":[],"yoast_head":"<!-- This site is optimized with the Yoast SEO plugin v27.3 - https:\/\/yoast.com\/product\/yoast-seo-wordpress\/ -->\n<title>EXTRA - STATICTUBE RX11 | Eltex Elektrostatik GmbH<\/title>\n<meta name=\"robots\" content=\"index, follow, max-snippet:-1, max-image-preview:large, max-video-preview:-1\" \/>\n<link rel=\"canonical\" href=\"https:\/\/www.eltex.de\/fr\/produits\/rx11\/statictube-rx11\/\" \/>\n<meta property=\"og:locale\" content=\"fr_FR\" \/>\n<meta property=\"og:type\" content=\"article\" \/>\n<meta property=\"og:title\" content=\"EXTRA - STATICTUBE RX11 | Eltex Elektrostatik GmbH\" \/>\n<meta property=\"og:description\" content=\"Tube d&#039;ionisation active pour syst\u00e8me de convoyage\" \/>\n<meta property=\"og:url\" content=\"https:\/\/www.eltex.de\/fr\/produits\/rx11\/statictube-rx11\/\" \/>\n<meta property=\"og:site_name\" content=\"Eltex Elektrostatik GmbH\" \/>\n<meta property=\"article:modified_time\" content=\"2023-04-11T09:16:21+00:00\" \/>\n<meta name=\"twitter:card\" content=\"summary_large_image\" \/>\n<script type=\"application\/ld+json\" class=\"yoast-schema-graph\">{\"@context\":\"https:\\\/\\\/schema.org\",\"@graph\":[{\"@type\":\"WebPage\",\"@id\":\"https:\\\/\\\/www.eltex.de\\\/fr\\\/produits\\\/rx11\\\/statictube-rx11\\\/\",\"url\":\"https:\\\/\\\/www.eltex.de\\\/fr\\\/produits\\\/rx11\\\/statictube-rx11\\\/\",\"name\":\"EXTRA - STATICTUBE RX11 | Eltex Elektrostatik GmbH\",\"isPartOf\":{\"@id\":\"https:\\\/\\\/www.eltex.de\\\/fr\\\/#website\"},\"primaryImageOfPage\":{\"@id\":\"https:\\\/\\\/www.eltex.de\\\/fr\\\/produits\\\/rx11\\\/statictube-rx11\\\/#primaryimage\"},\"image\":{\"@id\":\"https:\\\/\\\/www.eltex.de\\\/fr\\\/produits\\\/rx11\\\/statictube-rx11\\\/#primaryimage\"},\"thumbnailUrl\":\"https:\\\/\\\/www.eltex.de\\\/wp-content\\\/uploads\\\/static_tube_rx11-4.jpg\",\"datePublished\":\"2018-02-14T13:36:38+00:00\",\"dateModified\":\"2023-04-11T09:16:21+00:00\",\"breadcrumb\":{\"@id\":\"https:\\\/\\\/www.eltex.de\\\/fr\\\/produits\\\/rx11\\\/statictube-rx11\\\/#breadcrumb\"},\"inLanguage\":\"fr-FR\",\"potentialAction\":[{\"@type\":\"ReadAction\",\"target\":[\"https:\\\/\\\/www.eltex.de\\\/fr\\\/produits\\\/rx11\\\/statictube-rx11\\\/\"]}]},{\"@type\":\"ImageObject\",\"inLanguage\":\"fr-FR\",\"@id\":\"https:\\\/\\\/www.eltex.de\\\/fr\\\/produits\\\/rx11\\\/statictube-rx11\\\/#primaryimage\",\"url\":\"https:\\\/\\\/www.eltex.de\\\/wp-content\\\/uploads\\\/static_tube_rx11-4.jpg\",\"contentUrl\":\"https:\\\/\\\/www.eltex.de\\\/wp-content\\\/uploads\\\/static_tube_rx11-4.jpg\",\"width\":1024,\"height\":480},{\"@type\":\"BreadcrumbList\",\"@id\":\"https:\\\/\\\/www.eltex.de\\\/fr\\\/produits\\\/rx11\\\/statictube-rx11\\\/#breadcrumb\",\"itemListElement\":[{\"@type\":\"ListItem\",\"position\":1,\"name\":\"Eltex\",\"item\":\"https:\\\/\\\/www.eltex.de\\\/fr\\\/\"},{\"@type\":\"ListItem\",\"position\":2,\"name\":\"Produits\",\"item\":\"https:\\\/\\\/www.eltex.de\\\/fr\\\/produits\\\/\"},{\"@type\":\"ListItem\",\"position\":3,\"name\":\"Extras\",\"item\":\"https:\\\/\\\/www.eltex.de\\\/fr\\\/cat\u00e9gorie-produit\\\/extras\\\/\"},{\"@type\":\"ListItem\",\"position\":4,\"name\":\"EXTRA &#8211; STATICTUBE RX11\"}]},{\"@type\":\"WebSite\",\"@id\":\"https:\\\/\\\/www.eltex.de\\\/fr\\\/#website\",\"url\":\"https:\\\/\\\/www.eltex.de\\\/fr\\\/\",\"name\":\"Eltex Elektrostatik GmbH\",\"description\":\"Die Eltex Elektrostatik GmbH als moderner Partner der Industrie zur Steigerung von Produktivit\u00e4t, Effizienz und Ertragskraft in vielen Branchen.\",\"potentialAction\":[{\"@type\":\"SearchAction\",\"target\":{\"@type\":\"EntryPoint\",\"urlTemplate\":\"https:\\\/\\\/www.eltex.de\\\/fr\\\/?s={search_term_string}\"},\"query-input\":{\"@type\":\"PropertyValueSpecification\",\"valueRequired\":true,\"valueName\":\"search_term_string\"}}],\"inLanguage\":\"fr-FR\"}]}<\/script>\n<!-- \/ Yoast SEO plugin. -->","yoast_head_json":{"title":"EXTRA - STATICTUBE RX11 | Eltex Elektrostatik GmbH","robots":{"index":"index","follow":"follow","max-snippet":"max-snippet:-1","max-image-preview":"max-image-preview:large","max-video-preview":"max-video-preview:-1"},"canonical":"https:\/\/www.eltex.de\/fr\/produits\/rx11\/statictube-rx11\/","og_locale":"fr_FR","og_type":"article","og_title":"EXTRA - STATICTUBE RX11 | Eltex Elektrostatik GmbH","og_description":"Tube d'ionisation active pour syst\u00e8me de convoyage","og_url":"https:\/\/www.eltex.de\/fr\/produits\/rx11\/statictube-rx11\/","og_site_name":"Eltex Elektrostatik GmbH","article_modified_time":"2023-04-11T09:16:21+00:00","twitter_card":"summary_large_image","schema":{"@context":"https:\/\/schema.org","@graph":[{"@type":"WebPage","@id":"https:\/\/www.eltex.de\/fr\/produits\/rx11\/statictube-rx11\/","url":"https:\/\/www.eltex.de\/fr\/produits\/rx11\/statictube-rx11\/","name":"EXTRA - STATICTUBE RX11 | Eltex Elektrostatik GmbH","isPartOf":{"@id":"https:\/\/www.eltex.de\/fr\/#website"},"primaryImageOfPage":{"@id":"https:\/\/www.eltex.de\/fr\/produits\/rx11\/statictube-rx11\/#primaryimage"},"image":{"@id":"https:\/\/www.eltex.de\/fr\/produits\/rx11\/statictube-rx11\/#primaryimage"},"thumbnailUrl":"https:\/\/www.eltex.de\/wp-content\/uploads\/static_tube_rx11-4.jpg","datePublished":"2018-02-14T13:36:38+00:00","dateModified":"2023-04-11T09:16:21+00:00","breadcrumb":{"@id":"https:\/\/www.eltex.de\/fr\/produits\/rx11\/statictube-rx11\/#breadcrumb"},"inLanguage":"fr-FR","potentialAction":[{"@type":"ReadAction","target":["https:\/\/www.eltex.de\/fr\/produits\/rx11\/statictube-rx11\/"]}]},{"@type":"ImageObject","inLanguage":"fr-FR","@id":"https:\/\/www.eltex.de\/fr\/produits\/rx11\/statictube-rx11\/#primaryimage","url":"https:\/\/www.eltex.de\/wp-content\/uploads\/static_tube_rx11-4.jpg","contentUrl":"https:\/\/www.eltex.de\/wp-content\/uploads\/static_tube_rx11-4.jpg","width":1024,"height":480},{"@type":"BreadcrumbList","@id":"https:\/\/www.eltex.de\/fr\/produits\/rx11\/statictube-rx11\/#breadcrumb","itemListElement":[{"@type":"ListItem","position":1,"name":"Eltex","item":"https:\/\/www.eltex.de\/fr\/"},{"@type":"ListItem","position":2,"name":"Produits","item":"https:\/\/www.eltex.de\/fr\/produits\/"},{"@type":"ListItem","position":3,"name":"Extras","item":"https:\/\/www.eltex.de\/fr\/cat\u00e9gorie-produit\/extras\/"},{"@type":"ListItem","position":4,"name":"EXTRA &#8211; STATICTUBE RX11"}]},{"@type":"WebSite","@id":"https:\/\/www.eltex.de\/fr\/#website","url":"https:\/\/www.eltex.de\/fr\/","name":"Eltex Elektrostatik GmbH","description":"Die Eltex Elektrostatik GmbH als moderner Partner der Industrie zur Steigerung von Produktivit\u00e4t, Effizienz und Ertragskraft in vielen Branchen.","potentialAction":[{"@type":"SearchAction","target":{"@type":"EntryPoint","urlTemplate":"https:\/\/www.eltex.de\/fr\/?s={search_term_string}"},"query-input":{"@type":"PropertyValueSpecification","valueRequired":true,"valueName":"search_term_string"}}],"inLanguage":"fr-FR"}]}},"_links":{"self":[{"href":"https:\/\/www.eltex.de\/fr\/wp-json\/wp\/v2\/product\/3901","targetHints":{"allow":["GET"]}}],"collection":[{"href":"https:\/\/www.eltex.de\/fr\/wp-json\/wp\/v2\/product"}],"about":[{"href":"https:\/\/www.eltex.de\/fr\/wp-json\/wp\/v2\/types\/product"}],"wp:featuredmedia":[{"embeddable":true,"href":"https:\/\/www.eltex.de\/fr\/wp-json\/wp\/v2\/media\/9889"}],"wp:attachment":[{"href":"https:\/\/www.eltex.de\/fr\/wp-json\/wp\/v2\/media?parent=3901"}],"wp:term":[{"taxonomy":"product_brand","embeddable":true,"href":"https:\/\/www.eltex.de\/fr\/wp-json\/wp\/v2\/product_brand?post=3901"},{"taxonomy":"product_cat","embeddable":true,"href":"https:\/\/www.eltex.de\/fr\/wp-json\/wp\/v2\/product_cat?post=3901"},{"taxonomy":"product_tag","embeddable":true,"href":"https:\/\/www.eltex.de\/fr\/wp-json\/wp\/v2\/product_tag?post=3901"}],"curies":[{"name":"wp","href":"https:\/\/api.w.org\/{rel}","templated":true}]}}