{"id":3902,"date":"2018-02-14T14:37:10","date_gmt":"2018-02-14T13:37:10","guid":{"rendered":"https:\/\/eltex.de\/produkte\/non%20class\u00e9\/combiblow-cb160-cb161\/"},"modified":"2023-04-11T11:14:44","modified_gmt":"2023-04-11T09:14:44","slug":"combiblow-cb161","status":"publish","type":"product","link":"https:\/\/www.eltex.de\/fr\/produits\/extras\/combiblow-cb161\/","title":{"rendered":"EXTRA &#8211; CombiBlow  CB161"},"content":{"rendered":"<p>Le CombiBlow Eltex CB161 offre la meilleure performance d&rsquo;ionisation gr\u00e2ce \u00e0 la combinaison de l&rsquo;ionisation et de l&rsquo;air souffl\u00e9 jusqu&rsquo;\u00e0 une distance de 1 m. Le CombiBlow est aliment\u00e9 par le ventilateur int\u00e9gr\u00e9 \u00e0 deux \u00e9tages sans raccordement d&rsquo;air comprim\u00e9 externe. Le CB16x est particuli\u00e8rement utilis\u00e9 sur les enrouleurs de film et dans la zone de moulage par injection.<\/p>\n","protected":false},"excerpt":{"rendered":"<p>D\u00e9charge de pi\u00e8ces et d&rsquo;outils<\/p>\n","protected":false},"featured_media":9890,"template":"","meta":{"_acf_changed":false},"product_brand":[],"product_cat":[742],"product_tag":[],"class_list":{"0":"post-3902","1":"product","2":"type-product","3":"status-publish","4":"has-post-thumbnail","6":"product_cat-extras","8":"first","9":"instock","10":"shipping-taxable","11":"product-type-simple"},"acf":[],"yoast_head":"<!-- This site is optimized with the Yoast SEO plugin v27.3 - https:\/\/yoast.com\/product\/yoast-seo-wordpress\/ -->\n<title>EXTRA - CombiBlow CB161 | Eltex Elektrostatik GmbH<\/title>\n<meta name=\"robots\" content=\"index, follow, max-snippet:-1, max-image-preview:large, max-video-preview:-1\" \/>\n<link rel=\"canonical\" href=\"https:\/\/www.eltex.de\/fr\/produits\/extras\/combiblow-cb161\/\" \/>\n<meta property=\"og:locale\" content=\"fr_FR\" \/>\n<meta property=\"og:type\" content=\"article\" \/>\n<meta property=\"og:title\" content=\"EXTRA - CombiBlow CB161 | Eltex Elektrostatik GmbH\" \/>\n<meta property=\"og:description\" content=\"D\u00e9charge de pi\u00e8ces et d&#039;outils\" \/>\n<meta property=\"og:url\" content=\"https:\/\/www.eltex.de\/fr\/produits\/extras\/combiblow-cb161\/\" \/>\n<meta property=\"og:site_name\" content=\"Eltex Elektrostatik GmbH\" \/>\n<meta property=\"article:modified_time\" content=\"2023-04-11T09:14:44+00:00\" \/>\n<meta name=\"twitter:card\" content=\"summary_large_image\" \/>\n<script type=\"application\/ld+json\" class=\"yoast-schema-graph\">{\"@context\":\"https:\\\/\\\/schema.org\",\"@graph\":[{\"@type\":\"WebPage\",\"@id\":\"https:\\\/\\\/www.eltex.de\\\/fr\\\/produits\\\/extras\\\/combiblow-cb161\\\/\",\"url\":\"https:\\\/\\\/www.eltex.de\\\/fr\\\/produits\\\/extras\\\/combiblow-cb161\\\/\",\"name\":\"EXTRA - CombiBlow CB161 | Eltex Elektrostatik GmbH\",\"isPartOf\":{\"@id\":\"https:\\\/\\\/www.eltex.de\\\/fr\\\/#website\"},\"primaryImageOfPage\":{\"@id\":\"https:\\\/\\\/www.eltex.de\\\/fr\\\/produits\\\/extras\\\/combiblow-cb161\\\/#primaryimage\"},\"image\":{\"@id\":\"https:\\\/\\\/www.eltex.de\\\/fr\\\/produits\\\/extras\\\/combiblow-cb161\\\/#primaryimage\"},\"thumbnailUrl\":\"https:\\\/\\\/www.eltex.de\\\/wp-content\\\/uploads\\\/combiblow-4.jpg\",\"datePublished\":\"2018-02-14T13:37:10+00:00\",\"dateModified\":\"2023-04-11T09:14:44+00:00\",\"breadcrumb\":{\"@id\":\"https:\\\/\\\/www.eltex.de\\\/fr\\\/produits\\\/extras\\\/combiblow-cb161\\\/#breadcrumb\"},\"inLanguage\":\"fr-FR\",\"potentialAction\":[{\"@type\":\"ReadAction\",\"target\":[\"https:\\\/\\\/www.eltex.de\\\/fr\\\/produits\\\/extras\\\/combiblow-cb161\\\/\"]}]},{\"@type\":\"ImageObject\",\"inLanguage\":\"fr-FR\",\"@id\":\"https:\\\/\\\/www.eltex.de\\\/fr\\\/produits\\\/extras\\\/combiblow-cb161\\\/#primaryimage\",\"url\":\"https:\\\/\\\/www.eltex.de\\\/wp-content\\\/uploads\\\/combiblow-4.jpg\",\"contentUrl\":\"https:\\\/\\\/www.eltex.de\\\/wp-content\\\/uploads\\\/combiblow-4.jpg\",\"width\":1024,\"height\":480,\"caption\":\"CombiBlow von Eltex zur Entladung von Werkst\u00fccken und Werkzeugen\"},{\"@type\":\"BreadcrumbList\",\"@id\":\"https:\\\/\\\/www.eltex.de\\\/fr\\\/produits\\\/extras\\\/combiblow-cb161\\\/#breadcrumb\",\"itemListElement\":[{\"@type\":\"ListItem\",\"position\":1,\"name\":\"Eltex\",\"item\":\"https:\\\/\\\/www.eltex.de\\\/fr\\\/\"},{\"@type\":\"ListItem\",\"position\":2,\"name\":\"Produits\",\"item\":\"https:\\\/\\\/www.eltex.de\\\/fr\\\/produits\\\/\"},{\"@type\":\"ListItem\",\"position\":3,\"name\":\"Extras\",\"item\":\"https:\\\/\\\/www.eltex.de\\\/fr\\\/cat\u00e9gorie-produit\\\/extras\\\/\"},{\"@type\":\"ListItem\",\"position\":4,\"name\":\"EXTRA &#8211; CombiBlow CB161\"}]},{\"@type\":\"WebSite\",\"@id\":\"https:\\\/\\\/www.eltex.de\\\/fr\\\/#website\",\"url\":\"https:\\\/\\\/www.eltex.de\\\/fr\\\/\",\"name\":\"Eltex Elektrostatik GmbH\",\"description\":\"Die Eltex Elektrostatik GmbH als moderner Partner der Industrie zur Steigerung von Produktivit\u00e4t, Effizienz und Ertragskraft in vielen Branchen.\",\"potentialAction\":[{\"@type\":\"SearchAction\",\"target\":{\"@type\":\"EntryPoint\",\"urlTemplate\":\"https:\\\/\\\/www.eltex.de\\\/fr\\\/?s={search_term_string}\"},\"query-input\":{\"@type\":\"PropertyValueSpecification\",\"valueRequired\":true,\"valueName\":\"search_term_string\"}}],\"inLanguage\":\"fr-FR\"}]}<\/script>\n<!-- \/ Yoast SEO plugin. -->","yoast_head_json":{"title":"EXTRA - CombiBlow CB161 | Eltex Elektrostatik GmbH","robots":{"index":"index","follow":"follow","max-snippet":"max-snippet:-1","max-image-preview":"max-image-preview:large","max-video-preview":"max-video-preview:-1"},"canonical":"https:\/\/www.eltex.de\/fr\/produits\/extras\/combiblow-cb161\/","og_locale":"fr_FR","og_type":"article","og_title":"EXTRA - CombiBlow CB161 | Eltex Elektrostatik GmbH","og_description":"D\u00e9charge de pi\u00e8ces et d'outils","og_url":"https:\/\/www.eltex.de\/fr\/produits\/extras\/combiblow-cb161\/","og_site_name":"Eltex Elektrostatik GmbH","article_modified_time":"2023-04-11T09:14:44+00:00","twitter_card":"summary_large_image","schema":{"@context":"https:\/\/schema.org","@graph":[{"@type":"WebPage","@id":"https:\/\/www.eltex.de\/fr\/produits\/extras\/combiblow-cb161\/","url":"https:\/\/www.eltex.de\/fr\/produits\/extras\/combiblow-cb161\/","name":"EXTRA - CombiBlow CB161 | Eltex Elektrostatik GmbH","isPartOf":{"@id":"https:\/\/www.eltex.de\/fr\/#website"},"primaryImageOfPage":{"@id":"https:\/\/www.eltex.de\/fr\/produits\/extras\/combiblow-cb161\/#primaryimage"},"image":{"@id":"https:\/\/www.eltex.de\/fr\/produits\/extras\/combiblow-cb161\/#primaryimage"},"thumbnailUrl":"https:\/\/www.eltex.de\/wp-content\/uploads\/combiblow-4.jpg","datePublished":"2018-02-14T13:37:10+00:00","dateModified":"2023-04-11T09:14:44+00:00","breadcrumb":{"@id":"https:\/\/www.eltex.de\/fr\/produits\/extras\/combiblow-cb161\/#breadcrumb"},"inLanguage":"fr-FR","potentialAction":[{"@type":"ReadAction","target":["https:\/\/www.eltex.de\/fr\/produits\/extras\/combiblow-cb161\/"]}]},{"@type":"ImageObject","inLanguage":"fr-FR","@id":"https:\/\/www.eltex.de\/fr\/produits\/extras\/combiblow-cb161\/#primaryimage","url":"https:\/\/www.eltex.de\/wp-content\/uploads\/combiblow-4.jpg","contentUrl":"https:\/\/www.eltex.de\/wp-content\/uploads\/combiblow-4.jpg","width":1024,"height":480,"caption":"CombiBlow von Eltex zur Entladung von Werkst\u00fccken und Werkzeugen"},{"@type":"BreadcrumbList","@id":"https:\/\/www.eltex.de\/fr\/produits\/extras\/combiblow-cb161\/#breadcrumb","itemListElement":[{"@type":"ListItem","position":1,"name":"Eltex","item":"https:\/\/www.eltex.de\/fr\/"},{"@type":"ListItem","position":2,"name":"Produits","item":"https:\/\/www.eltex.de\/fr\/produits\/"},{"@type":"ListItem","position":3,"name":"Extras","item":"https:\/\/www.eltex.de\/fr\/cat\u00e9gorie-produit\/extras\/"},{"@type":"ListItem","position":4,"name":"EXTRA &#8211; CombiBlow CB161"}]},{"@type":"WebSite","@id":"https:\/\/www.eltex.de\/fr\/#website","url":"https:\/\/www.eltex.de\/fr\/","name":"Eltex Elektrostatik GmbH","description":"Die Eltex Elektrostatik GmbH als moderner Partner der Industrie zur Steigerung von Produktivit\u00e4t, Effizienz und Ertragskraft in vielen Branchen.","potentialAction":[{"@type":"SearchAction","target":{"@type":"EntryPoint","urlTemplate":"https:\/\/www.eltex.de\/fr\/?s={search_term_string}"},"query-input":{"@type":"PropertyValueSpecification","valueRequired":true,"valueName":"search_term_string"}}],"inLanguage":"fr-FR"}]}},"_links":{"self":[{"href":"https:\/\/www.eltex.de\/fr\/wp-json\/wp\/v2\/product\/3902","targetHints":{"allow":["GET"]}}],"collection":[{"href":"https:\/\/www.eltex.de\/fr\/wp-json\/wp\/v2\/product"}],"about":[{"href":"https:\/\/www.eltex.de\/fr\/wp-json\/wp\/v2\/types\/product"}],"wp:featuredmedia":[{"embeddable":true,"href":"https:\/\/www.eltex.de\/fr\/wp-json\/wp\/v2\/media\/9890"}],"wp:attachment":[{"href":"https:\/\/www.eltex.de\/fr\/wp-json\/wp\/v2\/media?parent=3902"}],"wp:term":[{"taxonomy":"product_brand","embeddable":true,"href":"https:\/\/www.eltex.de\/fr\/wp-json\/wp\/v2\/product_brand?post=3902"},{"taxonomy":"product_cat","embeddable":true,"href":"https:\/\/www.eltex.de\/fr\/wp-json\/wp\/v2\/product_cat?post=3902"},{"taxonomy":"product_tag","embeddable":true,"href":"https:\/\/www.eltex.de\/fr\/wp-json\/wp\/v2\/product_tag?post=3902"}],"curies":[{"name":"wp","href":"https:\/\/api.w.org\/{rel}","templated":true}]}}