{"id":3906,"date":"2018-02-14T14:42:13","date_gmt":"2018-02-14T13:42:13","guid":{"rendered":"https:\/\/eltex.de\/produkte\/non%20class\u00e9\/70-kontaktgeber\/"},"modified":"2022-09-05T14:40:19","modified_gmt":"2022-09-05T12:40:19","slug":"contacteur-70","status":"publish","type":"product","link":"https:\/\/www.eltex.de\/fr\/produits\/erdung-fr\/systemes-de-mise-a-la-terre-active-avec-controle-des-processus\/contacteur-70\/","title":{"rendered":"Pinces de mise \u00e0 la terre actives"},"content":{"rendered":"<p>Les pinces de mise \u00e0 la terre actives de la s\u00e9rie <strong>TERRA<\/strong>CLAMP et de la s\u00e9rie 70 Eltex, associ\u00e9es au syst\u00e8me de surveillance de terre <strong>TERRA<\/strong>LIGHT et Terra-Control TUE30, sont utilis\u00e9es pour r\u00e9aliser et surveiller les connexions \u00e0 la terre. Les dispositifs sont utilis\u00e9s pour le transfert ou le remplissage de substances explosives. Les charges \u00e9lectrostatiques \u00e9mergentes sont d\u00e9charg\u00e9es efficacement et contr\u00f4l\u00e9es.<\/p>\n<p>&nbsp;<\/p>\n<p>Les pinces de mise \u00e0 la terre actives TERRA-C\/S, TERRA-C\/B, 70AK et 70HK sont dot\u00e9es de mors extr\u00eamement durs et pointus. Il en r\u00e9sulte que les pinces ont une force de fermeture \u00e9lev\u00e9e en permanence, ce qui garantit une connexion s\u00fbre \u00e0 l\u2019\u00e9quipotentialit\u00e9 \u00e0 tout moment. En standard, les pinces de mise \u00e0 la terre ont une connexion par fiche pour une connexion facile aux c\u00e2bles de mise \u00e0 la terre actifs, aux c\u00e2bles en spirale et aux enrouleurs de c\u00e2bles qui peuvent \u00e9galement \u00eatre fournis.<\/p>\n","protected":false},"excerpt":{"rendered":"<p>Pinces de terre TERRA-C\/S, TERRA-C\/B,70AK,70HK<\/p>\n","protected":false},"featured_media":9894,"template":"","meta":{"_acf_changed":false},"product_brand":[],"product_cat":[376,469],"product_tag":[],"class_list":{"0":"post-3906","1":"product","2":"type-product","3":"status-publish","4":"has-post-thumbnail","6":"product_cat-systemes-de-mise-a-la-terre-active-avec-controle-des-processus","7":"product_cat-systemes-de-mise-a-la-terre-active","8":"pa_anwendungsbereiche-big-bags-fr","9":"pa_anwendungsbereiche-kraftstoffe-chemikalien-fr","10":"pa_anwendungsbereiche-dosier-und-mischgeraete-fr","11":"pa_anwendungsbereiche-pharmazie-fr","12":"pa_industriebereiche-chimie-pharmacie","13":"pa_produktmerkmale-unterschiedliche-ausfuehrungen-und-groessen-fr","14":"pa_produktmerkmale-einsatz-in-ex-bereich-zone-1-2-21-22-fr","16":"first","17":"instock","18":"shipping-taxable","19":"product-type-simple"},"acf":[],"yoast_head":"<!-- This site is optimized with the Yoast SEO plugin v27.0 - https:\/\/yoast.com\/product\/yoast-seo-wordpress\/ -->\n<title>Pinces de mise \u00e0 la terre actives | Eltex Elektrostatik GmbH<\/title>\n<meta name=\"robots\" content=\"index, follow, max-snippet:-1, max-image-preview:large, max-video-preview:-1\" \/>\n<link rel=\"canonical\" href=\"https:\/\/www.eltex.de\/fr\/produits\/erdung-fr\/systemes-de-mise-a-la-terre-active-avec-controle-des-processus\/contacteur-70\/\" \/>\n<meta property=\"og:locale\" content=\"fr_FR\" \/>\n<meta property=\"og:type\" content=\"article\" \/>\n<meta property=\"og:title\" content=\"Pinces de mise \u00e0 la terre actives | Eltex Elektrostatik GmbH\" \/>\n<meta property=\"og:description\" content=\"Pinces de terre TERRA-C\/S, TERRA-C\/B,70AK,70HK\" \/>\n<meta property=\"og:url\" content=\"https:\/\/www.eltex.de\/fr\/produits\/erdung-fr\/systemes-de-mise-a-la-terre-active-avec-controle-des-processus\/contacteur-70\/\" \/>\n<meta property=\"og:site_name\" content=\"Eltex Elektrostatik GmbH\" \/>\n<meta property=\"article:modified_time\" content=\"2022-09-05T12:40:19+00:00\" \/>\n<meta property=\"og:image\" content=\"https:\/\/www.eltex.de\/wp-content\/uploads\/TERRA-C_S-6-8.png\" \/>\n\t<meta property=\"og:image:width\" content=\"838\" \/>\n\t<meta property=\"og:image:height\" content=\"381\" \/>\n\t<meta property=\"og:image:type\" content=\"image\/png\" \/>\n<meta name=\"twitter:card\" content=\"summary_large_image\" \/>\n<meta name=\"twitter:label1\" content=\"Dur\u00e9e de lecture estim\u00e9e\" \/>\n\t<meta name=\"twitter:data1\" content=\"1 minute\" \/>\n<script type=\"application\/ld+json\" class=\"yoast-schema-graph\">{\"@context\":\"https:\/\/schema.org\",\"@graph\":[{\"@type\":\"WebPage\",\"@id\":\"https:\/\/www.eltex.de\/fr\/produits\/erdung-fr\/systemes-de-mise-a-la-terre-active-avec-controle-des-processus\/contacteur-70\/\",\"url\":\"https:\/\/www.eltex.de\/fr\/produits\/erdung-fr\/systemes-de-mise-a-la-terre-active-avec-controle-des-processus\/contacteur-70\/\",\"name\":\"Pinces de mise \u00e0 la terre actives | Eltex Elektrostatik GmbH\",\"isPartOf\":{\"@id\":\"https:\/\/www.eltex.de\/fr\/#website\"},\"primaryImageOfPage\":{\"@id\":\"https:\/\/www.eltex.de\/fr\/produits\/erdung-fr\/systemes-de-mise-a-la-terre-active-avec-controle-des-processus\/contacteur-70\/#primaryimage\"},\"image\":{\"@id\":\"https:\/\/www.eltex.de\/fr\/produits\/erdung-fr\/systemes-de-mise-a-la-terre-active-avec-controle-des-processus\/contacteur-70\/#primaryimage\"},\"thumbnailUrl\":\"https:\/\/www.eltex.de\/wp-content\/uploads\/TERRA-C_S-6-4.png\",\"datePublished\":\"2018-02-14T13:42:13+00:00\",\"dateModified\":\"2022-09-05T12:40:19+00:00\",\"breadcrumb\":{\"@id\":\"https:\/\/www.eltex.de\/fr\/produits\/erdung-fr\/systemes-de-mise-a-la-terre-active-avec-controle-des-processus\/contacteur-70\/#breadcrumb\"},\"inLanguage\":\"fr-FR\",\"potentialAction\":[{\"@type\":\"ReadAction\",\"target\":[\"https:\/\/www.eltex.de\/fr\/produits\/erdung-fr\/systemes-de-mise-a-la-terre-active-avec-controle-des-processus\/contacteur-70\/\"]}]},{\"@type\":\"ImageObject\",\"inLanguage\":\"fr-FR\",\"@id\":\"https:\/\/www.eltex.de\/fr\/produits\/erdung-fr\/systemes-de-mise-a-la-terre-active-avec-controle-des-processus\/contacteur-70\/#primaryimage\",\"url\":\"https:\/\/www.eltex.de\/wp-content\/uploads\/TERRA-C_S-6-4.png\",\"contentUrl\":\"https:\/\/www.eltex.de\/wp-content\/uploads\/TERRA-C_S-6-4.png\",\"width\":838,\"height\":381},{\"@type\":\"BreadcrumbList\",\"@id\":\"https:\/\/www.eltex.de\/fr\/produits\/erdung-fr\/systemes-de-mise-a-la-terre-active-avec-controle-des-processus\/contacteur-70\/#breadcrumb\",\"itemListElement\":[{\"@type\":\"ListItem\",\"position\":1,\"name\":\"Eltex\",\"item\":\"https:\/\/www.eltex.de\/fr\/\"},{\"@type\":\"ListItem\",\"position\":2,\"name\":\"Produits\",\"item\":\"https:\/\/www.eltex.de\/fr\/produits\/\"},{\"@type\":\"ListItem\",\"position\":3,\"name\":\"Mise \u00e0 la terre\",\"item\":\"https:\/\/www.eltex.de\/fr\/cat\u00e9gorie-produit\/erdung-fr\/\"},{\"@type\":\"ListItem\",\"position\":4,\"name\":\"Mise \u00e0 la terre active avec autorisation de processus (TERRABOX)\",\"item\":\"https:\/\/www.eltex.de\/fr\/cat\u00e9gorie-produit\/erdung-fr\/systemes-de-mise-a-la-terre-active-avec-controle-des-processus\/\"},{\"@type\":\"ListItem\",\"position\":5,\"name\":\"Pinces de mise \u00e0 la terre actives\"}]},{\"@type\":\"WebSite\",\"@id\":\"https:\/\/www.eltex.de\/fr\/#website\",\"url\":\"https:\/\/www.eltex.de\/fr\/\",\"name\":\"Eltex Elektrostatik GmbH\",\"description\":\"Die Eltex Elektrostatik GmbH als moderner Partner der Industrie zur Steigerung von Produktivit\u00e4t, Effizienz und Ertragskraft in vielen Branchen.\",\"potentialAction\":[{\"@type\":\"SearchAction\",\"target\":{\"@type\":\"EntryPoint\",\"urlTemplate\":\"https:\/\/www.eltex.de\/fr\/?s={search_term_string}\"},\"query-input\":{\"@type\":\"PropertyValueSpecification\",\"valueRequired\":true,\"valueName\":\"search_term_string\"}}],\"inLanguage\":\"fr-FR\"}]}<\/script>\n<!-- \/ Yoast SEO plugin. -->","yoast_head_json":{"title":"Pinces de mise \u00e0 la terre actives | Eltex Elektrostatik GmbH","robots":{"index":"index","follow":"follow","max-snippet":"max-snippet:-1","max-image-preview":"max-image-preview:large","max-video-preview":"max-video-preview:-1"},"canonical":"https:\/\/www.eltex.de\/fr\/produits\/erdung-fr\/systemes-de-mise-a-la-terre-active-avec-controle-des-processus\/contacteur-70\/","og_locale":"fr_FR","og_type":"article","og_title":"Pinces de mise \u00e0 la terre actives | Eltex Elektrostatik GmbH","og_description":"Pinces de terre TERRA-C\/S, TERRA-C\/B,70AK,70HK","og_url":"https:\/\/www.eltex.de\/fr\/produits\/erdung-fr\/systemes-de-mise-a-la-terre-active-avec-controle-des-processus\/contacteur-70\/","og_site_name":"Eltex Elektrostatik GmbH","article_modified_time":"2022-09-05T12:40:19+00:00","og_image":[{"width":838,"height":381,"url":"https:\/\/www.eltex.de\/wp-content\/uploads\/TERRA-C_S-6-8.png","type":"image\/png"}],"twitter_card":"summary_large_image","twitter_misc":{"Dur\u00e9e de lecture estim\u00e9e":"1 minute"},"schema":{"@context":"https:\/\/schema.org","@graph":[{"@type":"WebPage","@id":"https:\/\/www.eltex.de\/fr\/produits\/erdung-fr\/systemes-de-mise-a-la-terre-active-avec-controle-des-processus\/contacteur-70\/","url":"https:\/\/www.eltex.de\/fr\/produits\/erdung-fr\/systemes-de-mise-a-la-terre-active-avec-controle-des-processus\/contacteur-70\/","name":"Pinces de mise \u00e0 la terre actives | Eltex Elektrostatik GmbH","isPartOf":{"@id":"https:\/\/www.eltex.de\/fr\/#website"},"primaryImageOfPage":{"@id":"https:\/\/www.eltex.de\/fr\/produits\/erdung-fr\/systemes-de-mise-a-la-terre-active-avec-controle-des-processus\/contacteur-70\/#primaryimage"},"image":{"@id":"https:\/\/www.eltex.de\/fr\/produits\/erdung-fr\/systemes-de-mise-a-la-terre-active-avec-controle-des-processus\/contacteur-70\/#primaryimage"},"thumbnailUrl":"https:\/\/www.eltex.de\/wp-content\/uploads\/TERRA-C_S-6-4.png","datePublished":"2018-02-14T13:42:13+00:00","dateModified":"2022-09-05T12:40:19+00:00","breadcrumb":{"@id":"https:\/\/www.eltex.de\/fr\/produits\/erdung-fr\/systemes-de-mise-a-la-terre-active-avec-controle-des-processus\/contacteur-70\/#breadcrumb"},"inLanguage":"fr-FR","potentialAction":[{"@type":"ReadAction","target":["https:\/\/www.eltex.de\/fr\/produits\/erdung-fr\/systemes-de-mise-a-la-terre-active-avec-controle-des-processus\/contacteur-70\/"]}]},{"@type":"ImageObject","inLanguage":"fr-FR","@id":"https:\/\/www.eltex.de\/fr\/produits\/erdung-fr\/systemes-de-mise-a-la-terre-active-avec-controle-des-processus\/contacteur-70\/#primaryimage","url":"https:\/\/www.eltex.de\/wp-content\/uploads\/TERRA-C_S-6-4.png","contentUrl":"https:\/\/www.eltex.de\/wp-content\/uploads\/TERRA-C_S-6-4.png","width":838,"height":381},{"@type":"BreadcrumbList","@id":"https:\/\/www.eltex.de\/fr\/produits\/erdung-fr\/systemes-de-mise-a-la-terre-active-avec-controle-des-processus\/contacteur-70\/#breadcrumb","itemListElement":[{"@type":"ListItem","position":1,"name":"Eltex","item":"https:\/\/www.eltex.de\/fr\/"},{"@type":"ListItem","position":2,"name":"Produits","item":"https:\/\/www.eltex.de\/fr\/produits\/"},{"@type":"ListItem","position":3,"name":"Mise \u00e0 la terre","item":"https:\/\/www.eltex.de\/fr\/cat\u00e9gorie-produit\/erdung-fr\/"},{"@type":"ListItem","position":4,"name":"Mise \u00e0 la terre active avec autorisation de processus (TERRABOX)","item":"https:\/\/www.eltex.de\/fr\/cat\u00e9gorie-produit\/erdung-fr\/systemes-de-mise-a-la-terre-active-avec-controle-des-processus\/"},{"@type":"ListItem","position":5,"name":"Pinces de mise \u00e0 la terre actives"}]},{"@type":"WebSite","@id":"https:\/\/www.eltex.de\/fr\/#website","url":"https:\/\/www.eltex.de\/fr\/","name":"Eltex Elektrostatik GmbH","description":"Die Eltex Elektrostatik GmbH als moderner Partner der Industrie zur Steigerung von Produktivit\u00e4t, Effizienz und Ertragskraft in vielen Branchen.","potentialAction":[{"@type":"SearchAction","target":{"@type":"EntryPoint","urlTemplate":"https:\/\/www.eltex.de\/fr\/?s={search_term_string}"},"query-input":{"@type":"PropertyValueSpecification","valueRequired":true,"valueName":"search_term_string"}}],"inLanguage":"fr-FR"}]}},"_links":{"self":[{"href":"https:\/\/www.eltex.de\/fr\/wp-json\/wp\/v2\/product\/3906","targetHints":{"allow":["GET"]}}],"collection":[{"href":"https:\/\/www.eltex.de\/fr\/wp-json\/wp\/v2\/product"}],"about":[{"href":"https:\/\/www.eltex.de\/fr\/wp-json\/wp\/v2\/types\/product"}],"wp:featuredmedia":[{"embeddable":true,"href":"https:\/\/www.eltex.de\/fr\/wp-json\/wp\/v2\/media\/9894"}],"wp:attachment":[{"href":"https:\/\/www.eltex.de\/fr\/wp-json\/wp\/v2\/media?parent=3906"}],"wp:term":[{"taxonomy":"product_brand","embeddable":true,"href":"https:\/\/www.eltex.de\/fr\/wp-json\/wp\/v2\/product_brand?post=3906"},{"taxonomy":"product_cat","embeddable":true,"href":"https:\/\/www.eltex.de\/fr\/wp-json\/wp\/v2\/product_cat?post=3906"},{"taxonomy":"product_tag","embeddable":true,"href":"https:\/\/www.eltex.de\/fr\/wp-json\/wp\/v2\/product_tag?post=3906"}],"curies":[{"name":"wp","href":"https:\/\/api.w.org\/{rel}","templated":true}]}}