{"id":3908,"date":"2018-03-13T15:14:45","date_gmt":"2018-03-13T14:14:45","guid":{"rendered":"https:\/\/eltex.de\/produkte\/non%20class\u00e9\/scc-static-combi-cleaner\/"},"modified":"2022-09-05T21:58:50","modified_gmt":"2022-09-05T19:58:50","slug":"scc-static-combi-cleaner","status":"publish","type":"product","link":"https:\/\/www.eltex.de\/fr\/produits\/static-control-fr\/blaspistolen-fr\/scc-static-combi-cleaner\/","title":{"rendered":"Static Combi Cleaner SCC"},"content":{"rendered":"<p>Le VARIO Static Combi Cleaner SCC est une unit\u00e9 de nettoyage tr\u00e8s efficace qui \u00e9limine sans contact les d\u00e9p\u00f4ts de poussi\u00e8re et de salet\u00e9 sur des surfaces tridimensionnelles gr\u00e2ce \u00e0 un jet d&rsquo;air puls\u00e9. Gr\u00e2ce \u00e0 la d\u00e9charge int\u00e9gr\u00e9e, les produits sont d\u00e9charg\u00e9s lors du nettoyage, ce qui am\u00e9liore en outre le r\u00e9sultat du nettoyage.<\/p>\n","protected":false},"excerpt":{"rendered":"<p>Station de soufflage ionisant avec buses rotatives<\/p>\n","protected":false},"featured_media":9898,"template":"","meta":{"_acf_changed":false},"product_brand":[],"product_cat":[752,429],"product_tag":[],"class_list":{"0":"post-3908","1":"product","2":"type-product","3":"status-publish","4":"has-post-thumbnail","6":"product_cat-ionenblasduesen-fr","7":"product_cat-blaspistolen-fr","8":"pa_anwendungsbereiche-production-de-sacs-et-gaines","9":"pa_anwendungsbereiche-ampoules-corps-creux-fr","10":"pa_anwendungsbereiche-textilindustrie-fr","11":"pa_anwendungsbereiche-elektrotechnik-fr","12":"pa_anwendungsbereiche-tiefziehautomaten-fr","13":"pa_anwendungsbereiche-entladung-von-kunststoffteilen-fr","14":"pa_anwendungsbereiche-formteilherstellung-fr","15":"pa_anwendungsbereiche-pelliculage-laminage-et-enduction","16":"pa_anwendungsbereiche-pharmazie-fr","17":"pa_anwendungsbereiche-reinigen-und-ionisieren-fr","18":"pa_anwendungsbereiche-reinigung-von-flaechen-fr","19":"pa_anwendungsbereiche-reinigung-von-flaechen-vor-dem-lackieren-fr","20":"pa_anwendungsbereiche-nettoyage-de-pieces-plastique","21":"pa_industriebereiche-automation","22":"pa_industriebereiche-automobile","23":"pa_industriebereiche-textil-fr-2","24":"pa_industriebereiche-chimie-pharmacie","25":"pa_industriebereiche-electronique","26":"pa_industriebereiche-plastique","27":"pa_industriebereiche-meuble","28":"pa_industriebereiche-emballage","30":"first","31":"instock","32":"shipping-taxable","33":"product-type-simple"},"acf":[],"yoast_head":"<!-- This site is optimized with the Yoast SEO plugin v27.3 - https:\/\/yoast.com\/product\/yoast-seo-wordpress\/ -->\n<title>Static Combi Cleaner SCC | Eltex Elektrostatik GmbH<\/title>\n<meta name=\"robots\" content=\"index, follow, max-snippet:-1, max-image-preview:large, max-video-preview:-1\" \/>\n<link rel=\"canonical\" href=\"https:\/\/www.eltex.de\/fr\/produits\/static-control-fr\/blaspistolen-fr\/scc-static-combi-cleaner\/\" \/>\n<meta property=\"og:locale\" content=\"fr_FR\" \/>\n<meta property=\"og:type\" content=\"article\" \/>\n<meta property=\"og:title\" content=\"Static Combi Cleaner SCC | Eltex Elektrostatik GmbH\" \/>\n<meta property=\"og:description\" content=\"Station de soufflage ionisant avec buses rotatives\" \/>\n<meta property=\"og:url\" content=\"https:\/\/www.eltex.de\/fr\/produits\/static-control-fr\/blaspistolen-fr\/scc-static-combi-cleaner\/\" \/>\n<meta property=\"og:site_name\" content=\"Eltex Elektrostatik GmbH\" \/>\n<meta property=\"article:modified_time\" content=\"2022-09-05T19:58:50+00:00\" \/>\n<meta property=\"og:image\" content=\"https:\/\/www.eltex.de\/wp-content\/uploads\/SCC-vario1-7.jpg\" \/>\n\t<meta property=\"og:image:width\" content=\"1365\" \/>\n\t<meta property=\"og:image:height\" content=\"640\" \/>\n\t<meta property=\"og:image:type\" content=\"image\/jpeg\" \/>\n<meta name=\"twitter:card\" content=\"summary_large_image\" \/>\n<script type=\"application\/ld+json\" class=\"yoast-schema-graph\">{\"@context\":\"https:\\\/\\\/schema.org\",\"@graph\":[{\"@type\":\"WebPage\",\"@id\":\"https:\\\/\\\/www.eltex.de\\\/fr\\\/produits\\\/static-control-fr\\\/blaspistolen-fr\\\/scc-static-combi-cleaner\\\/\",\"url\":\"https:\\\/\\\/www.eltex.de\\\/fr\\\/produits\\\/static-control-fr\\\/blaspistolen-fr\\\/scc-static-combi-cleaner\\\/\",\"name\":\"Static Combi Cleaner SCC | Eltex Elektrostatik GmbH\",\"isPartOf\":{\"@id\":\"https:\\\/\\\/www.eltex.de\\\/fr\\\/#website\"},\"primaryImageOfPage\":{\"@id\":\"https:\\\/\\\/www.eltex.de\\\/fr\\\/produits\\\/static-control-fr\\\/blaspistolen-fr\\\/scc-static-combi-cleaner\\\/#primaryimage\"},\"image\":{\"@id\":\"https:\\\/\\\/www.eltex.de\\\/fr\\\/produits\\\/static-control-fr\\\/blaspistolen-fr\\\/scc-static-combi-cleaner\\\/#primaryimage\"},\"thumbnailUrl\":\"https:\\\/\\\/www.eltex.de\\\/wp-content\\\/uploads\\\/SCC-vario1-3.jpg\",\"datePublished\":\"2018-03-13T14:14:45+00:00\",\"dateModified\":\"2022-09-05T19:58:50+00:00\",\"breadcrumb\":{\"@id\":\"https:\\\/\\\/www.eltex.de\\\/fr\\\/produits\\\/static-control-fr\\\/blaspistolen-fr\\\/scc-static-combi-cleaner\\\/#breadcrumb\"},\"inLanguage\":\"fr-FR\",\"potentialAction\":[{\"@type\":\"ReadAction\",\"target\":[\"https:\\\/\\\/www.eltex.de\\\/fr\\\/produits\\\/static-control-fr\\\/blaspistolen-fr\\\/scc-static-combi-cleaner\\\/\"]}]},{\"@type\":\"ImageObject\",\"inLanguage\":\"fr-FR\",\"@id\":\"https:\\\/\\\/www.eltex.de\\\/fr\\\/produits\\\/static-control-fr\\\/blaspistolen-fr\\\/scc-static-combi-cleaner\\\/#primaryimage\",\"url\":\"https:\\\/\\\/www.eltex.de\\\/wp-content\\\/uploads\\\/SCC-vario1-3.jpg\",\"contentUrl\":\"https:\\\/\\\/www.eltex.de\\\/wp-content\\\/uploads\\\/SCC-vario1-3.jpg\",\"width\":1365,\"height\":640},{\"@type\":\"BreadcrumbList\",\"@id\":\"https:\\\/\\\/www.eltex.de\\\/fr\\\/produits\\\/static-control-fr\\\/blaspistolen-fr\\\/scc-static-combi-cleaner\\\/#breadcrumb\",\"itemListElement\":[{\"@type\":\"ListItem\",\"position\":1,\"name\":\"Eltex\",\"item\":\"https:\\\/\\\/www.eltex.de\\\/fr\\\/\"},{\"@type\":\"ListItem\",\"position\":2,\"name\":\"Produits\",\"item\":\"https:\\\/\\\/www.eltex.de\\\/fr\\\/produits\\\/\"},{\"@type\":\"ListItem\",\"position\":3,\"name\":\"Static Control\",\"item\":\"https:\\\/\\\/www.eltex.de\\\/fr\\\/cat\u00e9gorie-produit\\\/static-control-fr\\\/\"},{\"@type\":\"ListItem\",\"position\":4,\"name\":\"SCC Static Combi Cleaner\",\"item\":\"https:\\\/\\\/www.eltex.de\\\/fr\\\/cat\u00e9gorie-produit\\\/static-control-fr\\\/scc-static-combi-cleaner-fr\\\/\"},{\"@type\":\"ListItem\",\"position\":5,\"name\":\"Static Combi Cleaner SCC\"}]},{\"@type\":\"WebSite\",\"@id\":\"https:\\\/\\\/www.eltex.de\\\/fr\\\/#website\",\"url\":\"https:\\\/\\\/www.eltex.de\\\/fr\\\/\",\"name\":\"Eltex Elektrostatik GmbH\",\"description\":\"Die Eltex Elektrostatik GmbH als moderner Partner der Industrie zur Steigerung von Produktivit\u00e4t, Effizienz und Ertragskraft in vielen Branchen.\",\"potentialAction\":[{\"@type\":\"SearchAction\",\"target\":{\"@type\":\"EntryPoint\",\"urlTemplate\":\"https:\\\/\\\/www.eltex.de\\\/fr\\\/?s={search_term_string}\"},\"query-input\":{\"@type\":\"PropertyValueSpecification\",\"valueRequired\":true,\"valueName\":\"search_term_string\"}}],\"inLanguage\":\"fr-FR\"}]}<\/script>\n<!-- \/ Yoast SEO plugin. -->","yoast_head_json":{"title":"Static Combi Cleaner SCC | Eltex Elektrostatik GmbH","robots":{"index":"index","follow":"follow","max-snippet":"max-snippet:-1","max-image-preview":"max-image-preview:large","max-video-preview":"max-video-preview:-1"},"canonical":"https:\/\/www.eltex.de\/fr\/produits\/static-control-fr\/blaspistolen-fr\/scc-static-combi-cleaner\/","og_locale":"fr_FR","og_type":"article","og_title":"Static Combi Cleaner SCC | Eltex Elektrostatik GmbH","og_description":"Station de soufflage ionisant avec buses rotatives","og_url":"https:\/\/www.eltex.de\/fr\/produits\/static-control-fr\/blaspistolen-fr\/scc-static-combi-cleaner\/","og_site_name":"Eltex Elektrostatik GmbH","article_modified_time":"2022-09-05T19:58:50+00:00","og_image":[{"width":1365,"height":640,"url":"https:\/\/www.eltex.de\/wp-content\/uploads\/SCC-vario1-7.jpg","type":"image\/jpeg"}],"twitter_card":"summary_large_image","schema":{"@context":"https:\/\/schema.org","@graph":[{"@type":"WebPage","@id":"https:\/\/www.eltex.de\/fr\/produits\/static-control-fr\/blaspistolen-fr\/scc-static-combi-cleaner\/","url":"https:\/\/www.eltex.de\/fr\/produits\/static-control-fr\/blaspistolen-fr\/scc-static-combi-cleaner\/","name":"Static Combi Cleaner SCC | Eltex Elektrostatik GmbH","isPartOf":{"@id":"https:\/\/www.eltex.de\/fr\/#website"},"primaryImageOfPage":{"@id":"https:\/\/www.eltex.de\/fr\/produits\/static-control-fr\/blaspistolen-fr\/scc-static-combi-cleaner\/#primaryimage"},"image":{"@id":"https:\/\/www.eltex.de\/fr\/produits\/static-control-fr\/blaspistolen-fr\/scc-static-combi-cleaner\/#primaryimage"},"thumbnailUrl":"https:\/\/www.eltex.de\/wp-content\/uploads\/SCC-vario1-3.jpg","datePublished":"2018-03-13T14:14:45+00:00","dateModified":"2022-09-05T19:58:50+00:00","breadcrumb":{"@id":"https:\/\/www.eltex.de\/fr\/produits\/static-control-fr\/blaspistolen-fr\/scc-static-combi-cleaner\/#breadcrumb"},"inLanguage":"fr-FR","potentialAction":[{"@type":"ReadAction","target":["https:\/\/www.eltex.de\/fr\/produits\/static-control-fr\/blaspistolen-fr\/scc-static-combi-cleaner\/"]}]},{"@type":"ImageObject","inLanguage":"fr-FR","@id":"https:\/\/www.eltex.de\/fr\/produits\/static-control-fr\/blaspistolen-fr\/scc-static-combi-cleaner\/#primaryimage","url":"https:\/\/www.eltex.de\/wp-content\/uploads\/SCC-vario1-3.jpg","contentUrl":"https:\/\/www.eltex.de\/wp-content\/uploads\/SCC-vario1-3.jpg","width":1365,"height":640},{"@type":"BreadcrumbList","@id":"https:\/\/www.eltex.de\/fr\/produits\/static-control-fr\/blaspistolen-fr\/scc-static-combi-cleaner\/#breadcrumb","itemListElement":[{"@type":"ListItem","position":1,"name":"Eltex","item":"https:\/\/www.eltex.de\/fr\/"},{"@type":"ListItem","position":2,"name":"Produits","item":"https:\/\/www.eltex.de\/fr\/produits\/"},{"@type":"ListItem","position":3,"name":"Static Control","item":"https:\/\/www.eltex.de\/fr\/cat\u00e9gorie-produit\/static-control-fr\/"},{"@type":"ListItem","position":4,"name":"SCC Static Combi Cleaner","item":"https:\/\/www.eltex.de\/fr\/cat\u00e9gorie-produit\/static-control-fr\/scc-static-combi-cleaner-fr\/"},{"@type":"ListItem","position":5,"name":"Static Combi Cleaner SCC"}]},{"@type":"WebSite","@id":"https:\/\/www.eltex.de\/fr\/#website","url":"https:\/\/www.eltex.de\/fr\/","name":"Eltex Elektrostatik GmbH","description":"Die Eltex Elektrostatik GmbH als moderner Partner der Industrie zur Steigerung von Produktivit\u00e4t, Effizienz und Ertragskraft in vielen Branchen.","potentialAction":[{"@type":"SearchAction","target":{"@type":"EntryPoint","urlTemplate":"https:\/\/www.eltex.de\/fr\/?s={search_term_string}"},"query-input":{"@type":"PropertyValueSpecification","valueRequired":true,"valueName":"search_term_string"}}],"inLanguage":"fr-FR"}]}},"_links":{"self":[{"href":"https:\/\/www.eltex.de\/fr\/wp-json\/wp\/v2\/product\/3908","targetHints":{"allow":["GET"]}}],"collection":[{"href":"https:\/\/www.eltex.de\/fr\/wp-json\/wp\/v2\/product"}],"about":[{"href":"https:\/\/www.eltex.de\/fr\/wp-json\/wp\/v2\/types\/product"}],"wp:featuredmedia":[{"embeddable":true,"href":"https:\/\/www.eltex.de\/fr\/wp-json\/wp\/v2\/media\/9898"}],"wp:attachment":[{"href":"https:\/\/www.eltex.de\/fr\/wp-json\/wp\/v2\/media?parent=3908"}],"wp:term":[{"taxonomy":"product_brand","embeddable":true,"href":"https:\/\/www.eltex.de\/fr\/wp-json\/wp\/v2\/product_brand?post=3908"},{"taxonomy":"product_cat","embeddable":true,"href":"https:\/\/www.eltex.de\/fr\/wp-json\/wp\/v2\/product_cat?post=3908"},{"taxonomy":"product_tag","embeddable":true,"href":"https:\/\/www.eltex.de\/fr\/wp-json\/wp\/v2\/product_tag?post=3908"}],"curies":[{"name":"wp","href":"https:\/\/api.w.org\/{rel}","templated":true}]}}