{"id":3909,"date":"2018-03-13T15:29:29","date_gmt":"2018-03-13T14:29:29","guid":{"rendered":"https:\/\/eltex.de\/produkte\/non%20class\u00e9\/pc-power-charger\/"},"modified":"2023-04-14T11:35:36","modified_gmt":"2023-04-14T09:35:36","slug":"pc-power-charger","status":"publish","type":"product","link":"https:\/\/www.eltex.de\/fr\/produits\/static-control-fr\/charge-fr\/hochspannungsgeneratoren-fr\/pc-power-charger\/","title":{"rendered":"POWER CHARGER"},"content":{"rendered":"<p>Le POWER CHARGER couvre diff\u00e9rents niveaux de puissance et applications de charge: selon la version il peut \u00eatre aliment\u00e9 avec une tension de 24 V CC ou une tension alternative allant de 85V &#8211; 264V AC. La puissance de sortie est de 75 ou 150 watts. Les g\u00e9n\u00e9rateurs sont command\u00e9s via un clavier \u00e0 membrane ou un \u00e9cran tactile int\u00e9gr\u00e9 disponible en option. Le POWER CHARGER peut \u00eatre utilis\u00e9 de mani\u00e8re analogique ou via des interfaces de bus de terrain num\u00e9riques. Pour son lancement sur le march\u00e9, le contr\u00f4le via CANopen et ModbusTCP est disponible. Le syst\u00e8me modulaire est pr\u00e9par\u00e9 pour l&rsquo;int\u00e9gration d&rsquo;autres normes de bus de terrain.<\/p>\n<p>&nbsp;<\/p>\n<p>Fichiers de description de protocole\/d&rsquo;appareil des interfaces de bus de terrain pour l&rsquo;int\u00e9gration dans la commande de la machine (disponibles uniquement en allemand et en anglais) : <strong><a href=\"https:\/\/www.eltex.de\/fr\/lp-interfaces-de-bus-de-terrain\/\">Informations sur l&rsquo;int\u00e9gration du bus de terrain<\/a><\/strong><\/p>\n","protected":false},"excerpt":{"rendered":"<p>Le g\u00e9n\u00e9rateur de haute tension avec contr\u00f4le innovateur<\/p>\n","protected":false},"featured_media":14389,"template":"","meta":{"_acf_changed":false},"product_brand":[],"product_cat":[449],"product_tag":[],"class_list":{"0":"post-3909","1":"product","2":"type-product","3":"status-publish","4":"has-post-thumbnail","6":"product_cat-hochspannungsgeneratoren-fr","7":"pa_anwendungsbereiche-schutzpapiere-fr","8":"pa_anwendungsbereiche-weiterverarbeitung-fr","9":"pa_anwendungsbereiche-production-de-film-plat","10":"pa_anwendungsbereiche-enroulement-et-emballage-fr","11":"pa_anwendungsbereiche-pelliculage-laminage-et-enduction","12":"pa_industriebereiche-converting","13":"pa_industriebereiche-plastique","14":"pa_industriebereiche-emballage","16":"first","17":"instock","18":"shipping-taxable","19":"product-type-simple"},"acf":[],"yoast_head":"<!-- This site is optimized with the Yoast SEO plugin v27.3 - https:\/\/yoast.com\/product\/yoast-seo-wordpress\/ -->\n<title>POWER CHARGER | Eltex Elektrostatik GmbH<\/title>\n<meta name=\"robots\" content=\"index, follow, max-snippet:-1, max-image-preview:large, max-video-preview:-1\" \/>\n<link rel=\"canonical\" href=\"https:\/\/www.eltex.de\/fr\/produits\/static-control-fr\/charge-fr\/hochspannungsgeneratoren-fr\/pc-power-charger\/\" \/>\n<meta property=\"og:locale\" content=\"fr_FR\" \/>\n<meta property=\"og:type\" content=\"article\" \/>\n<meta property=\"og:title\" content=\"POWER CHARGER | Eltex Elektrostatik GmbH\" \/>\n<meta property=\"og:description\" content=\"Le g\u00e9n\u00e9rateur de haute tension avec contr\u00f4le innovateur\" \/>\n<meta property=\"og:url\" content=\"https:\/\/www.eltex.de\/fr\/produits\/static-control-fr\/charge-fr\/hochspannungsgeneratoren-fr\/pc-power-charger\/\" \/>\n<meta property=\"og:site_name\" content=\"Eltex Elektrostatik GmbH\" \/>\n<meta property=\"article:modified_time\" content=\"2023-04-14T09:35:36+00:00\" \/>\n<meta property=\"og:image\" content=\"https:\/\/www.eltex.de\/wp-content\/uploads\/POWER-CHARGER-1.jpg\" \/>\n\t<meta property=\"og:image:width\" content=\"1299\" \/>\n\t<meta property=\"og:image:height\" content=\"827\" \/>\n\t<meta property=\"og:image:type\" content=\"image\/jpeg\" \/>\n<meta name=\"twitter:card\" content=\"summary_large_image\" \/>\n<meta name=\"twitter:label1\" content=\"Dur\u00e9e de lecture estim\u00e9e\" \/>\n\t<meta name=\"twitter:data1\" content=\"1 minute\" \/>\n<script type=\"application\/ld+json\" class=\"yoast-schema-graph\">{\"@context\":\"https:\\\/\\\/schema.org\",\"@graph\":[{\"@type\":\"WebPage\",\"@id\":\"https:\\\/\\\/www.eltex.de\\\/fr\\\/produits\\\/static-control-fr\\\/charge-fr\\\/hochspannungsgeneratoren-fr\\\/pc-power-charger\\\/\",\"url\":\"https:\\\/\\\/www.eltex.de\\\/fr\\\/produits\\\/static-control-fr\\\/charge-fr\\\/hochspannungsgeneratoren-fr\\\/pc-power-charger\\\/\",\"name\":\"POWER CHARGER | Eltex Elektrostatik GmbH\",\"isPartOf\":{\"@id\":\"https:\\\/\\\/www.eltex.de\\\/fr\\\/#website\"},\"primaryImageOfPage\":{\"@id\":\"https:\\\/\\\/www.eltex.de\\\/fr\\\/produits\\\/static-control-fr\\\/charge-fr\\\/hochspannungsgeneratoren-fr\\\/pc-power-charger\\\/#primaryimage\"},\"image\":{\"@id\":\"https:\\\/\\\/www.eltex.de\\\/fr\\\/produits\\\/static-control-fr\\\/charge-fr\\\/hochspannungsgeneratoren-fr\\\/pc-power-charger\\\/#primaryimage\"},\"thumbnailUrl\":\"https:\\\/\\\/www.eltex.de\\\/wp-content\\\/uploads\\\/POWER-CHARGER.jpg\",\"datePublished\":\"2018-03-13T14:29:29+00:00\",\"dateModified\":\"2023-04-14T09:35:36+00:00\",\"breadcrumb\":{\"@id\":\"https:\\\/\\\/www.eltex.de\\\/fr\\\/produits\\\/static-control-fr\\\/charge-fr\\\/hochspannungsgeneratoren-fr\\\/pc-power-charger\\\/#breadcrumb\"},\"inLanguage\":\"fr-FR\",\"potentialAction\":[{\"@type\":\"ReadAction\",\"target\":[\"https:\\\/\\\/www.eltex.de\\\/fr\\\/produits\\\/static-control-fr\\\/charge-fr\\\/hochspannungsgeneratoren-fr\\\/pc-power-charger\\\/\"]}]},{\"@type\":\"ImageObject\",\"inLanguage\":\"fr-FR\",\"@id\":\"https:\\\/\\\/www.eltex.de\\\/fr\\\/produits\\\/static-control-fr\\\/charge-fr\\\/hochspannungsgeneratoren-fr\\\/pc-power-charger\\\/#primaryimage\",\"url\":\"https:\\\/\\\/www.eltex.de\\\/wp-content\\\/uploads\\\/POWER-CHARGER.jpg\",\"contentUrl\":\"https:\\\/\\\/www.eltex.de\\\/wp-content\\\/uploads\\\/POWER-CHARGER.jpg\",\"width\":1365,\"height\":640},{\"@type\":\"BreadcrumbList\",\"@id\":\"https:\\\/\\\/www.eltex.de\\\/fr\\\/produits\\\/static-control-fr\\\/charge-fr\\\/hochspannungsgeneratoren-fr\\\/pc-power-charger\\\/#breadcrumb\",\"itemListElement\":[{\"@type\":\"ListItem\",\"position\":1,\"name\":\"Eltex\",\"item\":\"https:\\\/\\\/www.eltex.de\\\/fr\\\/\"},{\"@type\":\"ListItem\",\"position\":2,\"name\":\"Produits\",\"item\":\"https:\\\/\\\/www.eltex.de\\\/fr\\\/produits\\\/\"},{\"@type\":\"ListItem\",\"position\":3,\"name\":\"Static Control\",\"item\":\"https:\\\/\\\/www.eltex.de\\\/fr\\\/cat\u00e9gorie-produit\\\/static-control-fr\\\/\"},{\"@type\":\"ListItem\",\"position\":4,\"name\":\"Charge\",\"item\":\"https:\\\/\\\/www.eltex.de\\\/fr\\\/cat\u00e9gorie-produit\\\/static-control-fr\\\/charge-fr\\\/\"},{\"@type\":\"ListItem\",\"position\":5,\"name\":\"G\u00e9n\u00e9rateurs haute-tension\",\"item\":\"https:\\\/\\\/www.eltex.de\\\/fr\\\/cat\u00e9gorie-produit\\\/static-control-fr\\\/charge-fr\\\/hochspannungsgeneratoren-fr\\\/\"},{\"@type\":\"ListItem\",\"position\":6,\"name\":\"POWER CHARGER\"}]},{\"@type\":\"WebSite\",\"@id\":\"https:\\\/\\\/www.eltex.de\\\/fr\\\/#website\",\"url\":\"https:\\\/\\\/www.eltex.de\\\/fr\\\/\",\"name\":\"Eltex Elektrostatik GmbH\",\"description\":\"Die Eltex Elektrostatik GmbH als moderner Partner der Industrie zur Steigerung von Produktivit\u00e4t, Effizienz und Ertragskraft in vielen Branchen.\",\"potentialAction\":[{\"@type\":\"SearchAction\",\"target\":{\"@type\":\"EntryPoint\",\"urlTemplate\":\"https:\\\/\\\/www.eltex.de\\\/fr\\\/?s={search_term_string}\"},\"query-input\":{\"@type\":\"PropertyValueSpecification\",\"valueRequired\":true,\"valueName\":\"search_term_string\"}}],\"inLanguage\":\"fr-FR\"}]}<\/script>\n<!-- \/ Yoast SEO plugin. -->","yoast_head_json":{"title":"POWER CHARGER | Eltex Elektrostatik GmbH","robots":{"index":"index","follow":"follow","max-snippet":"max-snippet:-1","max-image-preview":"max-image-preview:large","max-video-preview":"max-video-preview:-1"},"canonical":"https:\/\/www.eltex.de\/fr\/produits\/static-control-fr\/charge-fr\/hochspannungsgeneratoren-fr\/pc-power-charger\/","og_locale":"fr_FR","og_type":"article","og_title":"POWER CHARGER | Eltex Elektrostatik GmbH","og_description":"Le g\u00e9n\u00e9rateur de haute tension avec contr\u00f4le innovateur","og_url":"https:\/\/www.eltex.de\/fr\/produits\/static-control-fr\/charge-fr\/hochspannungsgeneratoren-fr\/pc-power-charger\/","og_site_name":"Eltex Elektrostatik GmbH","article_modified_time":"2023-04-14T09:35:36+00:00","og_image":[{"width":1299,"height":827,"url":"https:\/\/www.eltex.de\/wp-content\/uploads\/POWER-CHARGER-1.jpg","type":"image\/jpeg"}],"twitter_card":"summary_large_image","twitter_misc":{"Dur\u00e9e de lecture estim\u00e9e":"1 minute"},"schema":{"@context":"https:\/\/schema.org","@graph":[{"@type":"WebPage","@id":"https:\/\/www.eltex.de\/fr\/produits\/static-control-fr\/charge-fr\/hochspannungsgeneratoren-fr\/pc-power-charger\/","url":"https:\/\/www.eltex.de\/fr\/produits\/static-control-fr\/charge-fr\/hochspannungsgeneratoren-fr\/pc-power-charger\/","name":"POWER CHARGER | Eltex Elektrostatik GmbH","isPartOf":{"@id":"https:\/\/www.eltex.de\/fr\/#website"},"primaryImageOfPage":{"@id":"https:\/\/www.eltex.de\/fr\/produits\/static-control-fr\/charge-fr\/hochspannungsgeneratoren-fr\/pc-power-charger\/#primaryimage"},"image":{"@id":"https:\/\/www.eltex.de\/fr\/produits\/static-control-fr\/charge-fr\/hochspannungsgeneratoren-fr\/pc-power-charger\/#primaryimage"},"thumbnailUrl":"https:\/\/www.eltex.de\/wp-content\/uploads\/POWER-CHARGER.jpg","datePublished":"2018-03-13T14:29:29+00:00","dateModified":"2023-04-14T09:35:36+00:00","breadcrumb":{"@id":"https:\/\/www.eltex.de\/fr\/produits\/static-control-fr\/charge-fr\/hochspannungsgeneratoren-fr\/pc-power-charger\/#breadcrumb"},"inLanguage":"fr-FR","potentialAction":[{"@type":"ReadAction","target":["https:\/\/www.eltex.de\/fr\/produits\/static-control-fr\/charge-fr\/hochspannungsgeneratoren-fr\/pc-power-charger\/"]}]},{"@type":"ImageObject","inLanguage":"fr-FR","@id":"https:\/\/www.eltex.de\/fr\/produits\/static-control-fr\/charge-fr\/hochspannungsgeneratoren-fr\/pc-power-charger\/#primaryimage","url":"https:\/\/www.eltex.de\/wp-content\/uploads\/POWER-CHARGER.jpg","contentUrl":"https:\/\/www.eltex.de\/wp-content\/uploads\/POWER-CHARGER.jpg","width":1365,"height":640},{"@type":"BreadcrumbList","@id":"https:\/\/www.eltex.de\/fr\/produits\/static-control-fr\/charge-fr\/hochspannungsgeneratoren-fr\/pc-power-charger\/#breadcrumb","itemListElement":[{"@type":"ListItem","position":1,"name":"Eltex","item":"https:\/\/www.eltex.de\/fr\/"},{"@type":"ListItem","position":2,"name":"Produits","item":"https:\/\/www.eltex.de\/fr\/produits\/"},{"@type":"ListItem","position":3,"name":"Static Control","item":"https:\/\/www.eltex.de\/fr\/cat\u00e9gorie-produit\/static-control-fr\/"},{"@type":"ListItem","position":4,"name":"Charge","item":"https:\/\/www.eltex.de\/fr\/cat\u00e9gorie-produit\/static-control-fr\/charge-fr\/"},{"@type":"ListItem","position":5,"name":"G\u00e9n\u00e9rateurs haute-tension","item":"https:\/\/www.eltex.de\/fr\/cat\u00e9gorie-produit\/static-control-fr\/charge-fr\/hochspannungsgeneratoren-fr\/"},{"@type":"ListItem","position":6,"name":"POWER CHARGER"}]},{"@type":"WebSite","@id":"https:\/\/www.eltex.de\/fr\/#website","url":"https:\/\/www.eltex.de\/fr\/","name":"Eltex Elektrostatik GmbH","description":"Die Eltex Elektrostatik GmbH als moderner Partner der Industrie zur Steigerung von Produktivit\u00e4t, Effizienz und Ertragskraft in vielen Branchen.","potentialAction":[{"@type":"SearchAction","target":{"@type":"EntryPoint","urlTemplate":"https:\/\/www.eltex.de\/fr\/?s={search_term_string}"},"query-input":{"@type":"PropertyValueSpecification","valueRequired":true,"valueName":"search_term_string"}}],"inLanguage":"fr-FR"}]}},"_links":{"self":[{"href":"https:\/\/www.eltex.de\/fr\/wp-json\/wp\/v2\/product\/3909","targetHints":{"allow":["GET"]}}],"collection":[{"href":"https:\/\/www.eltex.de\/fr\/wp-json\/wp\/v2\/product"}],"about":[{"href":"https:\/\/www.eltex.de\/fr\/wp-json\/wp\/v2\/types\/product"}],"wp:featuredmedia":[{"embeddable":true,"href":"https:\/\/www.eltex.de\/fr\/wp-json\/wp\/v2\/media\/14389"}],"wp:attachment":[{"href":"https:\/\/www.eltex.de\/fr\/wp-json\/wp\/v2\/media?parent=3909"}],"wp:term":[{"taxonomy":"product_brand","embeddable":true,"href":"https:\/\/www.eltex.de\/fr\/wp-json\/wp\/v2\/product_brand?post=3909"},{"taxonomy":"product_cat","embeddable":true,"href":"https:\/\/www.eltex.de\/fr\/wp-json\/wp\/v2\/product_cat?post=3909"},{"taxonomy":"product_tag","embeddable":true,"href":"https:\/\/www.eltex.de\/fr\/wp-json\/wp\/v2\/product_tag?post=3909"}],"curies":[{"name":"wp","href":"https:\/\/api.w.org\/{rel}","templated":true}]}}