{"id":3910,"date":"2018-03-13T15:47:56","date_gmt":"2018-03-13T14:47:56","guid":{"rendered":"https:\/\/eltex.de\/produkte\/non%20class\u00e9\/ecc-eltex-connected-control\/"},"modified":"2022-09-16T10:48:44","modified_gmt":"2022-09-16T08:48:44","slug":"ecc-eltex-connected-control","status":"publish","type":"product","link":"https:\/\/www.eltex.de\/fr\/produits\/extras\/ecc-eltex-connected-control\/","title":{"rendered":"ECC Eltex Connected Control"},"content":{"rendered":"<p>Eltex Connected Control ECC est une unit\u00e9 de commande centrale pour le pilotage, la visualisation, le param\u00e9trage et la surveillance des appareils support\u00e9s. Il prend en charge la commande et la surveillance des appareils de d\u00e9charge, de charge et\/ou de mise \u00e0 la terre Eltex connect\u00e9s. Le Connected Control ECC d&rsquo;Eltex est disponible en version logicielle, encastr\u00e9e ou en bo\u00eetier.<\/p>\n","protected":false},"excerpt":{"rendered":"<p>Unit\u00e9 de Commande Multifonctionnelle<\/p>\n","protected":false},"featured_media":9903,"template":"","meta":{"_acf_changed":false},"product_brand":[],"product_cat":[742],"product_tag":[],"class_list":{"0":"post-3910","1":"product","2":"type-product","3":"status-publish","4":"has-post-thumbnail","6":"product_cat-extras","8":"first","9":"instock","10":"shipping-taxable","11":"product-type-simple"},"acf":[],"yoast_head":"<!-- This site is optimized with the Yoast SEO plugin v27.3 - https:\/\/yoast.com\/product\/yoast-seo-wordpress\/ -->\n<title>ECC Eltex Connected Control | Eltex Elektrostatik GmbH<\/title>\n<meta name=\"robots\" content=\"index, follow, max-snippet:-1, max-image-preview:large, max-video-preview:-1\" \/>\n<link rel=\"canonical\" href=\"https:\/\/www.eltex.de\/fr\/produits\/extras\/ecc-eltex-connected-control\/\" \/>\n<meta property=\"og:locale\" content=\"fr_FR\" \/>\n<meta property=\"og:type\" content=\"article\" \/>\n<meta property=\"og:title\" content=\"ECC Eltex Connected Control | Eltex Elektrostatik GmbH\" \/>\n<meta property=\"og:description\" content=\"Unit\u00e9 de Commande Multifonctionnelle\" \/>\n<meta property=\"og:url\" content=\"https:\/\/www.eltex.de\/fr\/produits\/extras\/ecc-eltex-connected-control\/\" \/>\n<meta property=\"og:site_name\" content=\"Eltex Elektrostatik GmbH\" \/>\n<meta property=\"article:modified_time\" content=\"2022-09-16T08:48:44+00:00\" \/>\n<meta name=\"twitter:card\" content=\"summary_large_image\" \/>\n<script type=\"application\/ld+json\" class=\"yoast-schema-graph\">{\"@context\":\"https:\\\/\\\/schema.org\",\"@graph\":[{\"@type\":\"WebPage\",\"@id\":\"https:\\\/\\\/www.eltex.de\\\/fr\\\/produits\\\/extras\\\/ecc-eltex-connected-control\\\/\",\"url\":\"https:\\\/\\\/www.eltex.de\\\/fr\\\/produits\\\/extras\\\/ecc-eltex-connected-control\\\/\",\"name\":\"ECC Eltex Connected Control | Eltex Elektrostatik GmbH\",\"isPartOf\":{\"@id\":\"https:\\\/\\\/www.eltex.de\\\/fr\\\/#website\"},\"primaryImageOfPage\":{\"@id\":\"https:\\\/\\\/www.eltex.de\\\/fr\\\/produits\\\/extras\\\/ecc-eltex-connected-control\\\/#primaryimage\"},\"image\":{\"@id\":\"https:\\\/\\\/www.eltex.de\\\/fr\\\/produits\\\/extras\\\/ecc-eltex-connected-control\\\/#primaryimage\"},\"thumbnailUrl\":\"https:\\\/\\\/www.eltex.de\\\/wp-content\\\/uploads\\\/Eltex-Connected-Control-ECC_-1-3.jpg\",\"datePublished\":\"2018-03-13T14:47:56+00:00\",\"dateModified\":\"2022-09-16T08:48:44+00:00\",\"breadcrumb\":{\"@id\":\"https:\\\/\\\/www.eltex.de\\\/fr\\\/produits\\\/extras\\\/ecc-eltex-connected-control\\\/#breadcrumb\"},\"inLanguage\":\"fr-FR\",\"potentialAction\":[{\"@type\":\"ReadAction\",\"target\":[\"https:\\\/\\\/www.eltex.de\\\/fr\\\/produits\\\/extras\\\/ecc-eltex-connected-control\\\/\"]}]},{\"@type\":\"ImageObject\",\"inLanguage\":\"fr-FR\",\"@id\":\"https:\\\/\\\/www.eltex.de\\\/fr\\\/produits\\\/extras\\\/ecc-eltex-connected-control\\\/#primaryimage\",\"url\":\"https:\\\/\\\/www.eltex.de\\\/wp-content\\\/uploads\\\/Eltex-Connected-Control-ECC_-1-3.jpg\",\"contentUrl\":\"https:\\\/\\\/www.eltex.de\\\/wp-content\\\/uploads\\\/Eltex-Connected-Control-ECC_-1-3.jpg\",\"width\":733,\"height\":535},{\"@type\":\"BreadcrumbList\",\"@id\":\"https:\\\/\\\/www.eltex.de\\\/fr\\\/produits\\\/extras\\\/ecc-eltex-connected-control\\\/#breadcrumb\",\"itemListElement\":[{\"@type\":\"ListItem\",\"position\":1,\"name\":\"Eltex\",\"item\":\"https:\\\/\\\/www.eltex.de\\\/fr\\\/\"},{\"@type\":\"ListItem\",\"position\":2,\"name\":\"Produits\",\"item\":\"https:\\\/\\\/www.eltex.de\\\/fr\\\/produits\\\/\"},{\"@type\":\"ListItem\",\"position\":3,\"name\":\"Le syst\u00e8me de visualisation\",\"item\":\"https:\\\/\\\/www.eltex.de\\\/fr\\\/cat\u00e9gorie-produit\\\/le-systeme-de-visualisation\\\/\"},{\"@type\":\"ListItem\",\"position\":4,\"name\":\"ECC Eltex Connected Control\"}]},{\"@type\":\"WebSite\",\"@id\":\"https:\\\/\\\/www.eltex.de\\\/fr\\\/#website\",\"url\":\"https:\\\/\\\/www.eltex.de\\\/fr\\\/\",\"name\":\"Eltex Elektrostatik GmbH\",\"description\":\"Die Eltex Elektrostatik GmbH als moderner Partner der Industrie zur Steigerung von Produktivit\u00e4t, Effizienz und Ertragskraft in vielen Branchen.\",\"potentialAction\":[{\"@type\":\"SearchAction\",\"target\":{\"@type\":\"EntryPoint\",\"urlTemplate\":\"https:\\\/\\\/www.eltex.de\\\/fr\\\/?s={search_term_string}\"},\"query-input\":{\"@type\":\"PropertyValueSpecification\",\"valueRequired\":true,\"valueName\":\"search_term_string\"}}],\"inLanguage\":\"fr-FR\"}]}<\/script>\n<!-- \/ Yoast SEO plugin. -->","yoast_head_json":{"title":"ECC Eltex Connected Control | Eltex Elektrostatik GmbH","robots":{"index":"index","follow":"follow","max-snippet":"max-snippet:-1","max-image-preview":"max-image-preview:large","max-video-preview":"max-video-preview:-1"},"canonical":"https:\/\/www.eltex.de\/fr\/produits\/extras\/ecc-eltex-connected-control\/","og_locale":"fr_FR","og_type":"article","og_title":"ECC Eltex Connected Control | Eltex Elektrostatik GmbH","og_description":"Unit\u00e9 de Commande Multifonctionnelle","og_url":"https:\/\/www.eltex.de\/fr\/produits\/extras\/ecc-eltex-connected-control\/","og_site_name":"Eltex Elektrostatik GmbH","article_modified_time":"2022-09-16T08:48:44+00:00","twitter_card":"summary_large_image","schema":{"@context":"https:\/\/schema.org","@graph":[{"@type":"WebPage","@id":"https:\/\/www.eltex.de\/fr\/produits\/extras\/ecc-eltex-connected-control\/","url":"https:\/\/www.eltex.de\/fr\/produits\/extras\/ecc-eltex-connected-control\/","name":"ECC Eltex Connected Control | Eltex Elektrostatik GmbH","isPartOf":{"@id":"https:\/\/www.eltex.de\/fr\/#website"},"primaryImageOfPage":{"@id":"https:\/\/www.eltex.de\/fr\/produits\/extras\/ecc-eltex-connected-control\/#primaryimage"},"image":{"@id":"https:\/\/www.eltex.de\/fr\/produits\/extras\/ecc-eltex-connected-control\/#primaryimage"},"thumbnailUrl":"https:\/\/www.eltex.de\/wp-content\/uploads\/Eltex-Connected-Control-ECC_-1-3.jpg","datePublished":"2018-03-13T14:47:56+00:00","dateModified":"2022-09-16T08:48:44+00:00","breadcrumb":{"@id":"https:\/\/www.eltex.de\/fr\/produits\/extras\/ecc-eltex-connected-control\/#breadcrumb"},"inLanguage":"fr-FR","potentialAction":[{"@type":"ReadAction","target":["https:\/\/www.eltex.de\/fr\/produits\/extras\/ecc-eltex-connected-control\/"]}]},{"@type":"ImageObject","inLanguage":"fr-FR","@id":"https:\/\/www.eltex.de\/fr\/produits\/extras\/ecc-eltex-connected-control\/#primaryimage","url":"https:\/\/www.eltex.de\/wp-content\/uploads\/Eltex-Connected-Control-ECC_-1-3.jpg","contentUrl":"https:\/\/www.eltex.de\/wp-content\/uploads\/Eltex-Connected-Control-ECC_-1-3.jpg","width":733,"height":535},{"@type":"BreadcrumbList","@id":"https:\/\/www.eltex.de\/fr\/produits\/extras\/ecc-eltex-connected-control\/#breadcrumb","itemListElement":[{"@type":"ListItem","position":1,"name":"Eltex","item":"https:\/\/www.eltex.de\/fr\/"},{"@type":"ListItem","position":2,"name":"Produits","item":"https:\/\/www.eltex.de\/fr\/produits\/"},{"@type":"ListItem","position":3,"name":"Le syst\u00e8me de visualisation","item":"https:\/\/www.eltex.de\/fr\/cat\u00e9gorie-produit\/le-systeme-de-visualisation\/"},{"@type":"ListItem","position":4,"name":"ECC Eltex Connected Control"}]},{"@type":"WebSite","@id":"https:\/\/www.eltex.de\/fr\/#website","url":"https:\/\/www.eltex.de\/fr\/","name":"Eltex Elektrostatik GmbH","description":"Die Eltex Elektrostatik GmbH als moderner Partner der Industrie zur Steigerung von Produktivit\u00e4t, Effizienz und Ertragskraft in vielen Branchen.","potentialAction":[{"@type":"SearchAction","target":{"@type":"EntryPoint","urlTemplate":"https:\/\/www.eltex.de\/fr\/?s={search_term_string}"},"query-input":{"@type":"PropertyValueSpecification","valueRequired":true,"valueName":"search_term_string"}}],"inLanguage":"fr-FR"}]}},"_links":{"self":[{"href":"https:\/\/www.eltex.de\/fr\/wp-json\/wp\/v2\/product\/3910","targetHints":{"allow":["GET"]}}],"collection":[{"href":"https:\/\/www.eltex.de\/fr\/wp-json\/wp\/v2\/product"}],"about":[{"href":"https:\/\/www.eltex.de\/fr\/wp-json\/wp\/v2\/types\/product"}],"wp:featuredmedia":[{"embeddable":true,"href":"https:\/\/www.eltex.de\/fr\/wp-json\/wp\/v2\/media\/9903"}],"wp:attachment":[{"href":"https:\/\/www.eltex.de\/fr\/wp-json\/wp\/v2\/media?parent=3910"}],"wp:term":[{"taxonomy":"product_brand","embeddable":true,"href":"https:\/\/www.eltex.de\/fr\/wp-json\/wp\/v2\/product_brand?post=3910"},{"taxonomy":"product_cat","embeddable":true,"href":"https:\/\/www.eltex.de\/fr\/wp-json\/wp\/v2\/product_cat?post=3910"},{"taxonomy":"product_tag","embeddable":true,"href":"https:\/\/www.eltex.de\/fr\/wp-json\/wp\/v2\/product_tag?post=3910"}],"curies":[{"name":"wp","href":"https:\/\/api.w.org\/{rel}","templated":true}]}}