{"id":3917,"date":"2018-04-09T16:18:37","date_gmt":"2018-04-09T14:18:37","guid":{"rendered":"https:\/\/eltex.de\/produkte\/non%20class\u00e9\/601kr-ew\/"},"modified":"2022-09-05T14:41:00","modified_gmt":"2022-09-05T12:41:00","slug":"601kr-ew","status":"publish","type":"product","link":"https:\/\/www.eltex.de\/fr\/produits\/erdung-fr\/mise-a-la-terre-passive\/601kr-ew\/","title":{"rendered":"601KR\/EW, 601KR\/BW"},"content":{"rendered":"<p>En plus de l&rsquo;enrouleur de c\u00e2ble passif d\u00e9j\u00e0 connu, le 601KR \/ BW avec ses\u00a09 m de c\u00e2ble en bo\u00eetier plastique ,\u00a0le\u00a0<strong>nouvel enrouleur de c\u00e2ble\u00a0\u00a0601KR \/ EW<\/strong>\u00a0dans un bo\u00eetier en aluminium r\u00e9sistant aux chocs et livr\u00e9 avec 12 m de c\u00e2ble est \u00e9galement disponible.<\/p>\n<p>Les enrouleurs de c\u00e2ble peuvent \u00eatre utilis\u00e9s dans les zones 1 et 21.\u00a0Les deux enrouleurs sont con\u00e7us pour un montage mural, le 601KR \/ EW pouvant pivoter sur son support de montage.<\/p>\n<p>&nbsp;<\/p>\n<p>Les pinces passives 70SG et 70PK peuvent \u00eatre facilement raccord\u00e9es au connecteur du c\u00e2ble de mise \u00e0 la terre.<\/p>\n","protected":false},"excerpt":{"rendered":"<p>Enrouleurs de c\u00e2ble pour mise \u00e0 la terre passive<\/p>\n","protected":false},"featured_media":9913,"template":"","meta":{"_acf_changed":false},"product_brand":[],"product_cat":[501,653],"product_tag":[],"class_list":{"0":"post-3917","1":"product","2":"type-product","3":"status-publish","4":"has-post-thumbnail","6":"product_cat-mise-a-la-terre-passive","7":"product_cat-cables-de-mise-a-la-terre","9":"first","10":"instock","11":"shipping-taxable","12":"product-type-simple"},"acf":[],"yoast_head":"<!-- This site is optimized with the Yoast SEO plugin v27.3 - https:\/\/yoast.com\/product\/yoast-seo-wordpress\/ -->\n<title>601KR\/EW, 601KR\/BW | Eltex Elektrostatik GmbH<\/title>\n<meta name=\"robots\" content=\"index, follow, max-snippet:-1, max-image-preview:large, max-video-preview:-1\" \/>\n<link rel=\"canonical\" href=\"https:\/\/www.eltex.de\/fr\/produits\/erdung-fr\/mise-a-la-terre-passive\/601kr-ew\/\" \/>\n<meta property=\"og:locale\" content=\"fr_FR\" \/>\n<meta property=\"og:type\" content=\"article\" \/>\n<meta property=\"og:title\" content=\"601KR\/EW, 601KR\/BW | Eltex Elektrostatik GmbH\" \/>\n<meta property=\"og:description\" content=\"Enrouleurs de c\u00e2ble pour mise \u00e0 la terre passive\" \/>\n<meta property=\"og:url\" content=\"https:\/\/www.eltex.de\/fr\/produits\/erdung-fr\/mise-a-la-terre-passive\/601kr-ew\/\" \/>\n<meta property=\"og:site_name\" content=\"Eltex Elektrostatik GmbH\" \/>\n<meta property=\"article:modified_time\" content=\"2022-09-05T12:41:00+00:00\" \/>\n<meta property=\"og:image\" content=\"https:\/\/www.eltex.de\/wp-content\/uploads\/601kr_ew-8.jpg\" \/>\n\t<meta property=\"og:image:width\" content=\"1024\" \/>\n\t<meta property=\"og:image:height\" content=\"480\" \/>\n\t<meta property=\"og:image:type\" content=\"image\/jpeg\" \/>\n<meta name=\"twitter:card\" content=\"summary_large_image\" \/>\n<meta name=\"twitter:label1\" content=\"Dur\u00e9e de lecture estim\u00e9e\" \/>\n\t<meta name=\"twitter:data1\" content=\"1 minute\" \/>\n<script type=\"application\/ld+json\" class=\"yoast-schema-graph\">{\"@context\":\"https:\\\/\\\/schema.org\",\"@graph\":[{\"@type\":\"WebPage\",\"@id\":\"https:\\\/\\\/www.eltex.de\\\/fr\\\/produits\\\/erdung-fr\\\/mise-a-la-terre-passive\\\/601kr-ew\\\/\",\"url\":\"https:\\\/\\\/www.eltex.de\\\/fr\\\/produits\\\/erdung-fr\\\/mise-a-la-terre-passive\\\/601kr-ew\\\/\",\"name\":\"601KR\\\/EW, 601KR\\\/BW | Eltex Elektrostatik GmbH\",\"isPartOf\":{\"@id\":\"https:\\\/\\\/www.eltex.de\\\/fr\\\/#website\"},\"primaryImageOfPage\":{\"@id\":\"https:\\\/\\\/www.eltex.de\\\/fr\\\/produits\\\/erdung-fr\\\/mise-a-la-terre-passive\\\/601kr-ew\\\/#primaryimage\"},\"image\":{\"@id\":\"https:\\\/\\\/www.eltex.de\\\/fr\\\/produits\\\/erdung-fr\\\/mise-a-la-terre-passive\\\/601kr-ew\\\/#primaryimage\"},\"thumbnailUrl\":\"https:\\\/\\\/www.eltex.de\\\/wp-content\\\/uploads\\\/601kr_ew-4.jpg\",\"datePublished\":\"2018-04-09T14:18:37+00:00\",\"dateModified\":\"2022-09-05T12:41:00+00:00\",\"breadcrumb\":{\"@id\":\"https:\\\/\\\/www.eltex.de\\\/fr\\\/produits\\\/erdung-fr\\\/mise-a-la-terre-passive\\\/601kr-ew\\\/#breadcrumb\"},\"inLanguage\":\"fr-FR\",\"potentialAction\":[{\"@type\":\"ReadAction\",\"target\":[\"https:\\\/\\\/www.eltex.de\\\/fr\\\/produits\\\/erdung-fr\\\/mise-a-la-terre-passive\\\/601kr-ew\\\/\"]}]},{\"@type\":\"ImageObject\",\"inLanguage\":\"fr-FR\",\"@id\":\"https:\\\/\\\/www.eltex.de\\\/fr\\\/produits\\\/erdung-fr\\\/mise-a-la-terre-passive\\\/601kr-ew\\\/#primaryimage\",\"url\":\"https:\\\/\\\/www.eltex.de\\\/wp-content\\\/uploads\\\/601kr_ew-4.jpg\",\"contentUrl\":\"https:\\\/\\\/www.eltex.de\\\/wp-content\\\/uploads\\\/601kr_ew-4.jpg\",\"width\":1024,\"height\":480},{\"@type\":\"BreadcrumbList\",\"@id\":\"https:\\\/\\\/www.eltex.de\\\/fr\\\/produits\\\/erdung-fr\\\/mise-a-la-terre-passive\\\/601kr-ew\\\/#breadcrumb\",\"itemListElement\":[{\"@type\":\"ListItem\",\"position\":1,\"name\":\"Eltex\",\"item\":\"https:\\\/\\\/www.eltex.de\\\/fr\\\/\"},{\"@type\":\"ListItem\",\"position\":2,\"name\":\"Produits\",\"item\":\"https:\\\/\\\/www.eltex.de\\\/fr\\\/produits\\\/\"},{\"@type\":\"ListItem\",\"position\":3,\"name\":\"Mise \u00e0 la terre\",\"item\":\"https:\\\/\\\/www.eltex.de\\\/fr\\\/cat\u00e9gorie-produit\\\/erdung-fr\\\/\"},{\"@type\":\"ListItem\",\"position\":4,\"name\":\"Mise \u00e0 la terre passive\",\"item\":\"https:\\\/\\\/www.eltex.de\\\/fr\\\/cat\u00e9gorie-produit\\\/erdung-fr\\\/mise-a-la-terre-passive\\\/\"},{\"@type\":\"ListItem\",\"position\":5,\"name\":\"601KR\\\/EW, 601KR\\\/BW\"}]},{\"@type\":\"WebSite\",\"@id\":\"https:\\\/\\\/www.eltex.de\\\/fr\\\/#website\",\"url\":\"https:\\\/\\\/www.eltex.de\\\/fr\\\/\",\"name\":\"Eltex Elektrostatik GmbH\",\"description\":\"Die Eltex Elektrostatik GmbH als moderner Partner der Industrie zur Steigerung von Produktivit\u00e4t, Effizienz und Ertragskraft in vielen Branchen.\",\"potentialAction\":[{\"@type\":\"SearchAction\",\"target\":{\"@type\":\"EntryPoint\",\"urlTemplate\":\"https:\\\/\\\/www.eltex.de\\\/fr\\\/?s={search_term_string}\"},\"query-input\":{\"@type\":\"PropertyValueSpecification\",\"valueRequired\":true,\"valueName\":\"search_term_string\"}}],\"inLanguage\":\"fr-FR\"}]}<\/script>\n<!-- \/ Yoast SEO plugin. -->","yoast_head_json":{"title":"601KR\/EW, 601KR\/BW | Eltex Elektrostatik GmbH","robots":{"index":"index","follow":"follow","max-snippet":"max-snippet:-1","max-image-preview":"max-image-preview:large","max-video-preview":"max-video-preview:-1"},"canonical":"https:\/\/www.eltex.de\/fr\/produits\/erdung-fr\/mise-a-la-terre-passive\/601kr-ew\/","og_locale":"fr_FR","og_type":"article","og_title":"601KR\/EW, 601KR\/BW | Eltex Elektrostatik GmbH","og_description":"Enrouleurs de c\u00e2ble pour mise \u00e0 la terre passive","og_url":"https:\/\/www.eltex.de\/fr\/produits\/erdung-fr\/mise-a-la-terre-passive\/601kr-ew\/","og_site_name":"Eltex Elektrostatik GmbH","article_modified_time":"2022-09-05T12:41:00+00:00","og_image":[{"width":1024,"height":480,"url":"https:\/\/www.eltex.de\/wp-content\/uploads\/601kr_ew-8.jpg","type":"image\/jpeg"}],"twitter_card":"summary_large_image","twitter_misc":{"Dur\u00e9e de lecture estim\u00e9e":"1 minute"},"schema":{"@context":"https:\/\/schema.org","@graph":[{"@type":"WebPage","@id":"https:\/\/www.eltex.de\/fr\/produits\/erdung-fr\/mise-a-la-terre-passive\/601kr-ew\/","url":"https:\/\/www.eltex.de\/fr\/produits\/erdung-fr\/mise-a-la-terre-passive\/601kr-ew\/","name":"601KR\/EW, 601KR\/BW | Eltex Elektrostatik GmbH","isPartOf":{"@id":"https:\/\/www.eltex.de\/fr\/#website"},"primaryImageOfPage":{"@id":"https:\/\/www.eltex.de\/fr\/produits\/erdung-fr\/mise-a-la-terre-passive\/601kr-ew\/#primaryimage"},"image":{"@id":"https:\/\/www.eltex.de\/fr\/produits\/erdung-fr\/mise-a-la-terre-passive\/601kr-ew\/#primaryimage"},"thumbnailUrl":"https:\/\/www.eltex.de\/wp-content\/uploads\/601kr_ew-4.jpg","datePublished":"2018-04-09T14:18:37+00:00","dateModified":"2022-09-05T12:41:00+00:00","breadcrumb":{"@id":"https:\/\/www.eltex.de\/fr\/produits\/erdung-fr\/mise-a-la-terre-passive\/601kr-ew\/#breadcrumb"},"inLanguage":"fr-FR","potentialAction":[{"@type":"ReadAction","target":["https:\/\/www.eltex.de\/fr\/produits\/erdung-fr\/mise-a-la-terre-passive\/601kr-ew\/"]}]},{"@type":"ImageObject","inLanguage":"fr-FR","@id":"https:\/\/www.eltex.de\/fr\/produits\/erdung-fr\/mise-a-la-terre-passive\/601kr-ew\/#primaryimage","url":"https:\/\/www.eltex.de\/wp-content\/uploads\/601kr_ew-4.jpg","contentUrl":"https:\/\/www.eltex.de\/wp-content\/uploads\/601kr_ew-4.jpg","width":1024,"height":480},{"@type":"BreadcrumbList","@id":"https:\/\/www.eltex.de\/fr\/produits\/erdung-fr\/mise-a-la-terre-passive\/601kr-ew\/#breadcrumb","itemListElement":[{"@type":"ListItem","position":1,"name":"Eltex","item":"https:\/\/www.eltex.de\/fr\/"},{"@type":"ListItem","position":2,"name":"Produits","item":"https:\/\/www.eltex.de\/fr\/produits\/"},{"@type":"ListItem","position":3,"name":"Mise \u00e0 la terre","item":"https:\/\/www.eltex.de\/fr\/cat\u00e9gorie-produit\/erdung-fr\/"},{"@type":"ListItem","position":4,"name":"Mise \u00e0 la terre passive","item":"https:\/\/www.eltex.de\/fr\/cat\u00e9gorie-produit\/erdung-fr\/mise-a-la-terre-passive\/"},{"@type":"ListItem","position":5,"name":"601KR\/EW, 601KR\/BW"}]},{"@type":"WebSite","@id":"https:\/\/www.eltex.de\/fr\/#website","url":"https:\/\/www.eltex.de\/fr\/","name":"Eltex Elektrostatik GmbH","description":"Die Eltex Elektrostatik GmbH als moderner Partner der Industrie zur Steigerung von Produktivit\u00e4t, Effizienz und Ertragskraft in vielen Branchen.","potentialAction":[{"@type":"SearchAction","target":{"@type":"EntryPoint","urlTemplate":"https:\/\/www.eltex.de\/fr\/?s={search_term_string}"},"query-input":{"@type":"PropertyValueSpecification","valueRequired":true,"valueName":"search_term_string"}}],"inLanguage":"fr-FR"}]}},"_links":{"self":[{"href":"https:\/\/www.eltex.de\/fr\/wp-json\/wp\/v2\/product\/3917","targetHints":{"allow":["GET"]}}],"collection":[{"href":"https:\/\/www.eltex.de\/fr\/wp-json\/wp\/v2\/product"}],"about":[{"href":"https:\/\/www.eltex.de\/fr\/wp-json\/wp\/v2\/types\/product"}],"wp:featuredmedia":[{"embeddable":true,"href":"https:\/\/www.eltex.de\/fr\/wp-json\/wp\/v2\/media\/9913"}],"wp:attachment":[{"href":"https:\/\/www.eltex.de\/fr\/wp-json\/wp\/v2\/media?parent=3917"}],"wp:term":[{"taxonomy":"product_brand","embeddable":true,"href":"https:\/\/www.eltex.de\/fr\/wp-json\/wp\/v2\/product_brand?post=3917"},{"taxonomy":"product_cat","embeddable":true,"href":"https:\/\/www.eltex.de\/fr\/wp-json\/wp\/v2\/product_cat?post=3917"},{"taxonomy":"product_tag","embeddable":true,"href":"https:\/\/www.eltex.de\/fr\/wp-json\/wp\/v2\/product_tag?post=3917"}],"curies":[{"name":"wp","href":"https:\/\/api.w.org\/{rel}","templated":true}]}}