{"id":3918,"date":"2018-04-09T16:23:30","date_gmt":"2018-04-09T14:23:30","guid":{"rendered":"https:\/\/eltex.de\/produkte\/non%20class\u00e9\/601kr-bw\/"},"modified":"2022-09-05T14:41:04","modified_gmt":"2022-09-05T12:41:04","slug":"601kr-bw","status":"publish","type":"product","link":"https:\/\/www.eltex.de\/fr\/produits\/erdung-fr\/systemes-de-mise-a-la-terre-active-avec-controle-des-processus\/601kr-bw\/","title":{"rendered":"601KR\/AW, 601KR\/DW, 601KR\/KW"},"content":{"rendered":"<p><span>Avec les enrouleurs de c\u00e2ble 601KR, le c\u00e2ble de mise \u00e0 la terre est enroul\u00e9 apr\u00e8s l&rsquo;utilisation d&rsquo;un contacteur de mise \u00e0 la terre et donc prot\u00e9g\u00e9 contre les dommages.\u00a0<\/span><span>Plusieurs variantes sont disponibles: les enrouleurs de c\u00e2ble 601KR \/ AW et 601KR \/ DW dans un bo\u00eetier en aluminium et r\u00e9sistants aux chocs, le 601KR \/ KW dans un bo\u00eetier en plastique et r\u00e9sistant aux chocs.\u00a0<\/span><span>Toutes les versions sont pr\u00e9vues pour \u00eatre fix\u00e9es au mur et peuvent \u00eatre utilis\u00e9es dans les zones dangereuses 1 et 21.\u00a0<\/span><span>Il existe diff\u00e9rents types de pinces de mise \u00e0 la terre disponibles.<\/span><\/p>\n","protected":false},"excerpt":{"rendered":"<p>Enrouleurs de c\u00e2ble pour mise \u00e0 la terre active<\/p>\n","protected":false},"featured_media":9915,"template":"","meta":{"_acf_changed":false},"product_brand":[],"product_cat":[376,469,653],"product_tag":[],"class_list":{"0":"post-3918","1":"product","2":"type-product","3":"status-publish","4":"has-post-thumbnail","6":"product_cat-systemes-de-mise-a-la-terre-active-avec-controle-des-processus","7":"product_cat-systemes-de-mise-a-la-terre-active","8":"product_cat-cables-de-mise-a-la-terre","10":"first","11":"instock","12":"shipping-taxable","13":"product-type-simple"},"acf":[],"yoast_head":"<!-- This site is optimized with the Yoast SEO plugin v27.3 - https:\/\/yoast.com\/product\/yoast-seo-wordpress\/ -->\n<title>601KR\/AW, 601KR\/DW, 601KR\/KW | Eltex Elektrostatik GmbH<\/title>\n<meta name=\"robots\" content=\"index, follow, max-snippet:-1, max-image-preview:large, max-video-preview:-1\" \/>\n<link rel=\"canonical\" href=\"https:\/\/www.eltex.de\/fr\/produits\/erdung-fr\/systemes-de-mise-a-la-terre-active-avec-controle-des-processus\/601kr-bw\/\" \/>\n<meta property=\"og:locale\" content=\"fr_FR\" \/>\n<meta property=\"og:type\" content=\"article\" \/>\n<meta property=\"og:title\" content=\"601KR\/AW, 601KR\/DW, 601KR\/KW | Eltex Elektrostatik GmbH\" \/>\n<meta property=\"og:description\" content=\"Enrouleurs de c\u00e2ble pour mise \u00e0 la terre active\" \/>\n<meta property=\"og:url\" content=\"https:\/\/www.eltex.de\/fr\/produits\/erdung-fr\/systemes-de-mise-a-la-terre-active-avec-controle-des-processus\/601kr-bw\/\" \/>\n<meta property=\"og:site_name\" content=\"Eltex Elektrostatik GmbH\" \/>\n<meta property=\"article:modified_time\" content=\"2022-09-05T12:41:04+00:00\" \/>\n<meta property=\"og:image\" content=\"https:\/\/www.eltex.de\/wp-content\/uploads\/601kr_aw-8.jpg\" \/>\n\t<meta property=\"og:image:width\" content=\"1024\" \/>\n\t<meta property=\"og:image:height\" content=\"480\" \/>\n\t<meta property=\"og:image:type\" content=\"image\/jpeg\" \/>\n<meta name=\"twitter:card\" content=\"summary_large_image\" \/>\n<meta name=\"twitter:label1\" content=\"Dur\u00e9e de lecture estim\u00e9e\" \/>\n\t<meta name=\"twitter:data1\" content=\"1 minute\" \/>\n<script type=\"application\/ld+json\" class=\"yoast-schema-graph\">{\"@context\":\"https:\\\/\\\/schema.org\",\"@graph\":[{\"@type\":\"WebPage\",\"@id\":\"https:\\\/\\\/www.eltex.de\\\/fr\\\/produits\\\/erdung-fr\\\/systemes-de-mise-a-la-terre-active-avec-controle-des-processus\\\/601kr-bw\\\/\",\"url\":\"https:\\\/\\\/www.eltex.de\\\/fr\\\/produits\\\/erdung-fr\\\/systemes-de-mise-a-la-terre-active-avec-controle-des-processus\\\/601kr-bw\\\/\",\"name\":\"601KR\\\/AW, 601KR\\\/DW, 601KR\\\/KW | Eltex Elektrostatik GmbH\",\"isPartOf\":{\"@id\":\"https:\\\/\\\/www.eltex.de\\\/fr\\\/#website\"},\"primaryImageOfPage\":{\"@id\":\"https:\\\/\\\/www.eltex.de\\\/fr\\\/produits\\\/erdung-fr\\\/systemes-de-mise-a-la-terre-active-avec-controle-des-processus\\\/601kr-bw\\\/#primaryimage\"},\"image\":{\"@id\":\"https:\\\/\\\/www.eltex.de\\\/fr\\\/produits\\\/erdung-fr\\\/systemes-de-mise-a-la-terre-active-avec-controle-des-processus\\\/601kr-bw\\\/#primaryimage\"},\"thumbnailUrl\":\"https:\\\/\\\/www.eltex.de\\\/wp-content\\\/uploads\\\/601kr_aw-4.jpg\",\"datePublished\":\"2018-04-09T14:23:30+00:00\",\"dateModified\":\"2022-09-05T12:41:04+00:00\",\"breadcrumb\":{\"@id\":\"https:\\\/\\\/www.eltex.de\\\/fr\\\/produits\\\/erdung-fr\\\/systemes-de-mise-a-la-terre-active-avec-controle-des-processus\\\/601kr-bw\\\/#breadcrumb\"},\"inLanguage\":\"fr-FR\",\"potentialAction\":[{\"@type\":\"ReadAction\",\"target\":[\"https:\\\/\\\/www.eltex.de\\\/fr\\\/produits\\\/erdung-fr\\\/systemes-de-mise-a-la-terre-active-avec-controle-des-processus\\\/601kr-bw\\\/\"]}]},{\"@type\":\"ImageObject\",\"inLanguage\":\"fr-FR\",\"@id\":\"https:\\\/\\\/www.eltex.de\\\/fr\\\/produits\\\/erdung-fr\\\/systemes-de-mise-a-la-terre-active-avec-controle-des-processus\\\/601kr-bw\\\/#primaryimage\",\"url\":\"https:\\\/\\\/www.eltex.de\\\/wp-content\\\/uploads\\\/601kr_aw-4.jpg\",\"contentUrl\":\"https:\\\/\\\/www.eltex.de\\\/wp-content\\\/uploads\\\/601kr_aw-4.jpg\",\"width\":1024,\"height\":480},{\"@type\":\"BreadcrumbList\",\"@id\":\"https:\\\/\\\/www.eltex.de\\\/fr\\\/produits\\\/erdung-fr\\\/systemes-de-mise-a-la-terre-active-avec-controle-des-processus\\\/601kr-bw\\\/#breadcrumb\",\"itemListElement\":[{\"@type\":\"ListItem\",\"position\":1,\"name\":\"Eltex\",\"item\":\"https:\\\/\\\/www.eltex.de\\\/fr\\\/\"},{\"@type\":\"ListItem\",\"position\":2,\"name\":\"Produits\",\"item\":\"https:\\\/\\\/www.eltex.de\\\/fr\\\/produits\\\/\"},{\"@type\":\"ListItem\",\"position\":3,\"name\":\"Mise \u00e0 la terre\",\"item\":\"https:\\\/\\\/www.eltex.de\\\/fr\\\/cat\u00e9gorie-produit\\\/erdung-fr\\\/\"},{\"@type\":\"ListItem\",\"position\":4,\"name\":\"Mise \u00e0 la terre passive\",\"item\":\"https:\\\/\\\/www.eltex.de\\\/fr\\\/cat\u00e9gorie-produit\\\/erdung-fr\\\/mise-a-la-terre-passive\\\/\"},{\"@type\":\"ListItem\",\"position\":5,\"name\":\"601KR\\\/AW, 601KR\\\/DW, 601KR\\\/KW\"}]},{\"@type\":\"WebSite\",\"@id\":\"https:\\\/\\\/www.eltex.de\\\/fr\\\/#website\",\"url\":\"https:\\\/\\\/www.eltex.de\\\/fr\\\/\",\"name\":\"Eltex Elektrostatik GmbH\",\"description\":\"Die Eltex Elektrostatik GmbH als moderner Partner der Industrie zur Steigerung von Produktivit\u00e4t, Effizienz und Ertragskraft in vielen Branchen.\",\"potentialAction\":[{\"@type\":\"SearchAction\",\"target\":{\"@type\":\"EntryPoint\",\"urlTemplate\":\"https:\\\/\\\/www.eltex.de\\\/fr\\\/?s={search_term_string}\"},\"query-input\":{\"@type\":\"PropertyValueSpecification\",\"valueRequired\":true,\"valueName\":\"search_term_string\"}}],\"inLanguage\":\"fr-FR\"}]}<\/script>\n<!-- \/ Yoast SEO plugin. -->","yoast_head_json":{"title":"601KR\/AW, 601KR\/DW, 601KR\/KW | Eltex Elektrostatik GmbH","robots":{"index":"index","follow":"follow","max-snippet":"max-snippet:-1","max-image-preview":"max-image-preview:large","max-video-preview":"max-video-preview:-1"},"canonical":"https:\/\/www.eltex.de\/fr\/produits\/erdung-fr\/systemes-de-mise-a-la-terre-active-avec-controle-des-processus\/601kr-bw\/","og_locale":"fr_FR","og_type":"article","og_title":"601KR\/AW, 601KR\/DW, 601KR\/KW | Eltex Elektrostatik GmbH","og_description":"Enrouleurs de c\u00e2ble pour mise \u00e0 la terre active","og_url":"https:\/\/www.eltex.de\/fr\/produits\/erdung-fr\/systemes-de-mise-a-la-terre-active-avec-controle-des-processus\/601kr-bw\/","og_site_name":"Eltex Elektrostatik GmbH","article_modified_time":"2022-09-05T12:41:04+00:00","og_image":[{"width":1024,"height":480,"url":"https:\/\/www.eltex.de\/wp-content\/uploads\/601kr_aw-8.jpg","type":"image\/jpeg"}],"twitter_card":"summary_large_image","twitter_misc":{"Dur\u00e9e de lecture estim\u00e9e":"1 minute"},"schema":{"@context":"https:\/\/schema.org","@graph":[{"@type":"WebPage","@id":"https:\/\/www.eltex.de\/fr\/produits\/erdung-fr\/systemes-de-mise-a-la-terre-active-avec-controle-des-processus\/601kr-bw\/","url":"https:\/\/www.eltex.de\/fr\/produits\/erdung-fr\/systemes-de-mise-a-la-terre-active-avec-controle-des-processus\/601kr-bw\/","name":"601KR\/AW, 601KR\/DW, 601KR\/KW | Eltex Elektrostatik GmbH","isPartOf":{"@id":"https:\/\/www.eltex.de\/fr\/#website"},"primaryImageOfPage":{"@id":"https:\/\/www.eltex.de\/fr\/produits\/erdung-fr\/systemes-de-mise-a-la-terre-active-avec-controle-des-processus\/601kr-bw\/#primaryimage"},"image":{"@id":"https:\/\/www.eltex.de\/fr\/produits\/erdung-fr\/systemes-de-mise-a-la-terre-active-avec-controle-des-processus\/601kr-bw\/#primaryimage"},"thumbnailUrl":"https:\/\/www.eltex.de\/wp-content\/uploads\/601kr_aw-4.jpg","datePublished":"2018-04-09T14:23:30+00:00","dateModified":"2022-09-05T12:41:04+00:00","breadcrumb":{"@id":"https:\/\/www.eltex.de\/fr\/produits\/erdung-fr\/systemes-de-mise-a-la-terre-active-avec-controle-des-processus\/601kr-bw\/#breadcrumb"},"inLanguage":"fr-FR","potentialAction":[{"@type":"ReadAction","target":["https:\/\/www.eltex.de\/fr\/produits\/erdung-fr\/systemes-de-mise-a-la-terre-active-avec-controle-des-processus\/601kr-bw\/"]}]},{"@type":"ImageObject","inLanguage":"fr-FR","@id":"https:\/\/www.eltex.de\/fr\/produits\/erdung-fr\/systemes-de-mise-a-la-terre-active-avec-controle-des-processus\/601kr-bw\/#primaryimage","url":"https:\/\/www.eltex.de\/wp-content\/uploads\/601kr_aw-4.jpg","contentUrl":"https:\/\/www.eltex.de\/wp-content\/uploads\/601kr_aw-4.jpg","width":1024,"height":480},{"@type":"BreadcrumbList","@id":"https:\/\/www.eltex.de\/fr\/produits\/erdung-fr\/systemes-de-mise-a-la-terre-active-avec-controle-des-processus\/601kr-bw\/#breadcrumb","itemListElement":[{"@type":"ListItem","position":1,"name":"Eltex","item":"https:\/\/www.eltex.de\/fr\/"},{"@type":"ListItem","position":2,"name":"Produits","item":"https:\/\/www.eltex.de\/fr\/produits\/"},{"@type":"ListItem","position":3,"name":"Mise \u00e0 la terre","item":"https:\/\/www.eltex.de\/fr\/cat\u00e9gorie-produit\/erdung-fr\/"},{"@type":"ListItem","position":4,"name":"Mise \u00e0 la terre passive","item":"https:\/\/www.eltex.de\/fr\/cat\u00e9gorie-produit\/erdung-fr\/mise-a-la-terre-passive\/"},{"@type":"ListItem","position":5,"name":"601KR\/AW, 601KR\/DW, 601KR\/KW"}]},{"@type":"WebSite","@id":"https:\/\/www.eltex.de\/fr\/#website","url":"https:\/\/www.eltex.de\/fr\/","name":"Eltex Elektrostatik GmbH","description":"Die Eltex Elektrostatik GmbH als moderner Partner der Industrie zur Steigerung von Produktivit\u00e4t, Effizienz und Ertragskraft in vielen Branchen.","potentialAction":[{"@type":"SearchAction","target":{"@type":"EntryPoint","urlTemplate":"https:\/\/www.eltex.de\/fr\/?s={search_term_string}"},"query-input":{"@type":"PropertyValueSpecification","valueRequired":true,"valueName":"search_term_string"}}],"inLanguage":"fr-FR"}]}},"_links":{"self":[{"href":"https:\/\/www.eltex.de\/fr\/wp-json\/wp\/v2\/product\/3918","targetHints":{"allow":["GET"]}}],"collection":[{"href":"https:\/\/www.eltex.de\/fr\/wp-json\/wp\/v2\/product"}],"about":[{"href":"https:\/\/www.eltex.de\/fr\/wp-json\/wp\/v2\/types\/product"}],"wp:featuredmedia":[{"embeddable":true,"href":"https:\/\/www.eltex.de\/fr\/wp-json\/wp\/v2\/media\/9915"}],"wp:attachment":[{"href":"https:\/\/www.eltex.de\/fr\/wp-json\/wp\/v2\/media?parent=3918"}],"wp:term":[{"taxonomy":"product_brand","embeddable":true,"href":"https:\/\/www.eltex.de\/fr\/wp-json\/wp\/v2\/product_brand?post=3918"},{"taxonomy":"product_cat","embeddable":true,"href":"https:\/\/www.eltex.de\/fr\/wp-json\/wp\/v2\/product_cat?post=3918"},{"taxonomy":"product_tag","embeddable":true,"href":"https:\/\/www.eltex.de\/fr\/wp-json\/wp\/v2\/product_tag?post=3918"}],"curies":[{"name":"wp","href":"https:\/\/api.w.org\/{rel}","templated":true}]}}