{"id":3928,"date":"2018-06-12T16:38:50","date_gmt":"2018-06-12T14:38:50","guid":{"rendered":"https:\/\/eltex.de\/produkte\/non%20class\u00e9\/terralight\/"},"modified":"2022-09-05T14:41:06","modified_gmt":"2022-09-05T12:41:06","slug":"terralight","status":"publish","type":"product","link":"https:\/\/www.eltex.de\/fr\/produits\/erdung-fr\/systemes-de-mise-a-la-terre-active\/terralight\/","title":{"rendered":"TERRALIGHT"},"content":{"rendered":"<p>En petites quantit\u00e9s, les substances facilement inflammables ou souvent inflammables sont souvent remplies \u00e0 la main. En l&rsquo;absence de surveillance fiable de la terre dans ces cas, le risque d&rsquo;explosion est \u00e9lev\u00e9 en raison d&rsquo;\u00e9tincelles \u00e9lectrostatiques non contr\u00f4l\u00e9es sur les conteneurs, les f\u00fbts, les godets ou les tr\u00e9mies.<\/p>\n<p>&nbsp;<\/p>\n<p>Le <strong>TERRA<\/strong>LIGHT garantit d\u00e9sormais la s\u00e9curit\u00e9 m\u00eame lors des op\u00e9rations manuelles: il v\u00e9rifie si le contacteur de mise \u00e0 la terre est connect\u00e9 de mani\u00e8re conductrice \u00e0 l&rsquo;objet \u00e0 mettre \u00e0 la terre &#8211; et s&rsquo;il est lui-m\u00eame connect\u00e9 \u00e0 la liaison \u00e9quipotentielle . C\u2019est ainsi que les charges statiques sont dissip\u00e9es en toute s\u00e9curit\u00e9.<\/p>\n","protected":false},"excerpt":{"rendered":"<p>TERRALIGHT pour une surveillance s\u00fbre des conteneurs<\/p>\n","protected":false},"featured_media":9921,"template":"","meta":{"_acf_changed":false},"product_brand":[],"product_cat":[469],"product_tag":[],"class_list":{"0":"post-3928","1":"product","2":"type-product","3":"status-publish","4":"has-post-thumbnail","6":"product_cat-systemes-de-mise-a-la-terre-active","7":"pa_anwendungsbereiche-ampoules-corps-creux-fr","8":"pa_anwendungsbereiche-auftragung-von-schutzfolien-fr","9":"pa_anwendungsbereiche-kraftstoffe-chemikalien-fr","10":"pa_anwendungsbereiche-decharge-de-formes-plastique","11":"pa_anwendungsbereiche-entladung-von-kunststoffteilen-fr","12":"pa_anwendungsbereiche-dosier-und-mischgeraete-fr","13":"pa_anwendungsbereiche-elektrotechnik-fr","14":"pa_anwendungsbereiche-enroulement-et-emballage-fr","15":"pa_anwendungsbereiche-formteilherstellung-fr","16":"pa_anwendungsbereiche-films-d-emballage-fr","17":"pa_anwendungsbereiche-verpackungs-illustrationstiefdruck-fr","18":"pa_anwendungsbereiche-textilindustrie-fr","19":"pa_anwendungsbereiche-nettoyage-de-pieces-plastique","20":"pa_anwendungsbereiche-reinigen-und-ionisieren-fr","21":"pa_anwendungsbereiche-bogenoffset-fr","22":"pa_anwendungsbereiche-schutzpapiere-fr","23":"pa_anwendungsbereiche-pelliculage-laminage-et-enduction","24":"pa_anwendungsbereiche-pharmazie-fr","25":"pa_anwendungsbereiche-production-de-film-plat","26":"pa_anwendungsbereiche-production-de-sacs-et-gaines","27":"pa_anwendungsbereiche-vereinzelung-von-kleinteilen-fr","28":"pa_anwendungsbereiche-tiefziehautomaten-fr","29":"pa_anwendungsbereiche-transport-von-granulaten-fr","30":"pa_anwendungsbereiche-transport-von-folienresten-fr","31":"pa_industriebereiche-chimie-pharmacie","32":"pa_industriebereiche-converting","33":"pa_industriebereiche-imprimerie","34":"pa_produktmerkmale-independant-du-reseau-grace-au-fonctionnement-sur-batteries","35":"pa_produktmerkmale-installation-en-zones-ex-zone-0-2-ou-20-22","36":"pa_produktmerkmale-securite-lors-de-la-manipulation-manuelle-de-materiaux-hautement-inflammables","38":"first","39":"instock","40":"shipping-taxable","41":"product-type-simple"},"acf":[],"yoast_head":"<!-- This site is optimized with the Yoast SEO plugin v27.0 - https:\/\/yoast.com\/product\/yoast-seo-wordpress\/ -->\n<title>TERRALIGHT | Eltex Elektrostatik GmbH<\/title>\n<meta name=\"robots\" content=\"index, follow, max-snippet:-1, max-image-preview:large, max-video-preview:-1\" \/>\n<link rel=\"canonical\" href=\"https:\/\/www.eltex.de\/fr\/produits\/erdung-fr\/systemes-de-mise-a-la-terre-active\/terralight\/\" \/>\n<meta property=\"og:locale\" content=\"fr_FR\" \/>\n<meta property=\"og:type\" content=\"article\" \/>\n<meta property=\"og:title\" content=\"TERRALIGHT | Eltex Elektrostatik GmbH\" \/>\n<meta property=\"og:description\" content=\"TERRALIGHT pour une surveillance s\u00fbre des conteneurs\" \/>\n<meta property=\"og:url\" content=\"https:\/\/www.eltex.de\/fr\/produits\/erdung-fr\/systemes-de-mise-a-la-terre-active\/terralight\/\" \/>\n<meta property=\"og:site_name\" content=\"Eltex Elektrostatik GmbH\" \/>\n<meta property=\"article:modified_time\" content=\"2022-09-05T12:41:06+00:00\" \/>\n<meta name=\"twitter:card\" content=\"summary_large_image\" \/>\n<meta name=\"twitter:label1\" content=\"Dur\u00e9e de lecture estim\u00e9e\" \/>\n\t<meta name=\"twitter:data1\" content=\"1 minute\" \/>\n<script type=\"application\/ld+json\" class=\"yoast-schema-graph\">{\"@context\":\"https:\/\/schema.org\",\"@graph\":[{\"@type\":\"WebPage\",\"@id\":\"https:\/\/www.eltex.de\/fr\/produits\/erdung-fr\/systemes-de-mise-a-la-terre-active\/terralight\/\",\"url\":\"https:\/\/www.eltex.de\/fr\/produits\/erdung-fr\/systemes-de-mise-a-la-terre-active\/terralight\/\",\"name\":\"TERRALIGHT | Eltex Elektrostatik GmbH\",\"isPartOf\":{\"@id\":\"https:\/\/www.eltex.de\/fr\/#website\"},\"primaryImageOfPage\":{\"@id\":\"https:\/\/www.eltex.de\/fr\/produits\/erdung-fr\/systemes-de-mise-a-la-terre-active\/terralight\/#primaryimage\"},\"image\":{\"@id\":\"https:\/\/www.eltex.de\/fr\/produits\/erdung-fr\/systemes-de-mise-a-la-terre-active\/terralight\/#primaryimage\"},\"thumbnailUrl\":\"https:\/\/www.eltex.de\/wp-content\/uploads\/TERRALIGHT-5-4.jpg\",\"datePublished\":\"2018-06-12T14:38:50+00:00\",\"dateModified\":\"2022-09-05T12:41:06+00:00\",\"breadcrumb\":{\"@id\":\"https:\/\/www.eltex.de\/fr\/produits\/erdung-fr\/systemes-de-mise-a-la-terre-active\/terralight\/#breadcrumb\"},\"inLanguage\":\"fr-FR\",\"potentialAction\":[{\"@type\":\"ReadAction\",\"target\":[\"https:\/\/www.eltex.de\/fr\/produits\/erdung-fr\/systemes-de-mise-a-la-terre-active\/terralight\/\"]}]},{\"@type\":\"ImageObject\",\"inLanguage\":\"fr-FR\",\"@id\":\"https:\/\/www.eltex.de\/fr\/produits\/erdung-fr\/systemes-de-mise-a-la-terre-active\/terralight\/#primaryimage\",\"url\":\"https:\/\/www.eltex.de\/wp-content\/uploads\/TERRALIGHT-5-4.jpg\",\"contentUrl\":\"https:\/\/www.eltex.de\/wp-content\/uploads\/TERRALIGHT-5-4.jpg\",\"width\":400,\"height\":247},{\"@type\":\"BreadcrumbList\",\"@id\":\"https:\/\/www.eltex.de\/fr\/produits\/erdung-fr\/systemes-de-mise-a-la-terre-active\/terralight\/#breadcrumb\",\"itemListElement\":[{\"@type\":\"ListItem\",\"position\":1,\"name\":\"Eltex\",\"item\":\"https:\/\/www.eltex.de\/fr\/\"},{\"@type\":\"ListItem\",\"position\":2,\"name\":\"Produits\",\"item\":\"https:\/\/www.eltex.de\/fr\/produits\/\"},{\"@type\":\"ListItem\",\"position\":3,\"name\":\"Mise \u00e0 la terre\",\"item\":\"https:\/\/www.eltex.de\/fr\/cat\u00e9gorie-produit\/erdung-fr\/\"},{\"@type\":\"ListItem\",\"position\":4,\"name\":\"Syst\u00e8mes de mise \u00e0 la terre active (TERRALIGHT)\",\"item\":\"https:\/\/www.eltex.de\/fr\/cat\u00e9gorie-produit\/erdung-fr\/systemes-de-mise-a-la-terre-active\/\"},{\"@type\":\"ListItem\",\"position\":5,\"name\":\"TERRALIGHT\"}]},{\"@type\":\"WebSite\",\"@id\":\"https:\/\/www.eltex.de\/fr\/#website\",\"url\":\"https:\/\/www.eltex.de\/fr\/\",\"name\":\"Eltex Elektrostatik GmbH\",\"description\":\"Die Eltex Elektrostatik GmbH als moderner Partner der Industrie zur Steigerung von Produktivit\u00e4t, Effizienz und Ertragskraft in vielen Branchen.\",\"potentialAction\":[{\"@type\":\"SearchAction\",\"target\":{\"@type\":\"EntryPoint\",\"urlTemplate\":\"https:\/\/www.eltex.de\/fr\/?s={search_term_string}\"},\"query-input\":{\"@type\":\"PropertyValueSpecification\",\"valueRequired\":true,\"valueName\":\"search_term_string\"}}],\"inLanguage\":\"fr-FR\"}]}<\/script>\n<!-- \/ Yoast SEO plugin. -->","yoast_head_json":{"title":"TERRALIGHT | Eltex Elektrostatik GmbH","robots":{"index":"index","follow":"follow","max-snippet":"max-snippet:-1","max-image-preview":"max-image-preview:large","max-video-preview":"max-video-preview:-1"},"canonical":"https:\/\/www.eltex.de\/fr\/produits\/erdung-fr\/systemes-de-mise-a-la-terre-active\/terralight\/","og_locale":"fr_FR","og_type":"article","og_title":"TERRALIGHT | Eltex Elektrostatik GmbH","og_description":"TERRALIGHT pour une surveillance s\u00fbre des conteneurs","og_url":"https:\/\/www.eltex.de\/fr\/produits\/erdung-fr\/systemes-de-mise-a-la-terre-active\/terralight\/","og_site_name":"Eltex Elektrostatik GmbH","article_modified_time":"2022-09-05T12:41:06+00:00","twitter_card":"summary_large_image","twitter_misc":{"Dur\u00e9e de lecture estim\u00e9e":"1 minute"},"schema":{"@context":"https:\/\/schema.org","@graph":[{"@type":"WebPage","@id":"https:\/\/www.eltex.de\/fr\/produits\/erdung-fr\/systemes-de-mise-a-la-terre-active\/terralight\/","url":"https:\/\/www.eltex.de\/fr\/produits\/erdung-fr\/systemes-de-mise-a-la-terre-active\/terralight\/","name":"TERRALIGHT | Eltex Elektrostatik GmbH","isPartOf":{"@id":"https:\/\/www.eltex.de\/fr\/#website"},"primaryImageOfPage":{"@id":"https:\/\/www.eltex.de\/fr\/produits\/erdung-fr\/systemes-de-mise-a-la-terre-active\/terralight\/#primaryimage"},"image":{"@id":"https:\/\/www.eltex.de\/fr\/produits\/erdung-fr\/systemes-de-mise-a-la-terre-active\/terralight\/#primaryimage"},"thumbnailUrl":"https:\/\/www.eltex.de\/wp-content\/uploads\/TERRALIGHT-5-4.jpg","datePublished":"2018-06-12T14:38:50+00:00","dateModified":"2022-09-05T12:41:06+00:00","breadcrumb":{"@id":"https:\/\/www.eltex.de\/fr\/produits\/erdung-fr\/systemes-de-mise-a-la-terre-active\/terralight\/#breadcrumb"},"inLanguage":"fr-FR","potentialAction":[{"@type":"ReadAction","target":["https:\/\/www.eltex.de\/fr\/produits\/erdung-fr\/systemes-de-mise-a-la-terre-active\/terralight\/"]}]},{"@type":"ImageObject","inLanguage":"fr-FR","@id":"https:\/\/www.eltex.de\/fr\/produits\/erdung-fr\/systemes-de-mise-a-la-terre-active\/terralight\/#primaryimage","url":"https:\/\/www.eltex.de\/wp-content\/uploads\/TERRALIGHT-5-4.jpg","contentUrl":"https:\/\/www.eltex.de\/wp-content\/uploads\/TERRALIGHT-5-4.jpg","width":400,"height":247},{"@type":"BreadcrumbList","@id":"https:\/\/www.eltex.de\/fr\/produits\/erdung-fr\/systemes-de-mise-a-la-terre-active\/terralight\/#breadcrumb","itemListElement":[{"@type":"ListItem","position":1,"name":"Eltex","item":"https:\/\/www.eltex.de\/fr\/"},{"@type":"ListItem","position":2,"name":"Produits","item":"https:\/\/www.eltex.de\/fr\/produits\/"},{"@type":"ListItem","position":3,"name":"Mise \u00e0 la terre","item":"https:\/\/www.eltex.de\/fr\/cat\u00e9gorie-produit\/erdung-fr\/"},{"@type":"ListItem","position":4,"name":"Syst\u00e8mes de mise \u00e0 la terre active (TERRALIGHT)","item":"https:\/\/www.eltex.de\/fr\/cat\u00e9gorie-produit\/erdung-fr\/systemes-de-mise-a-la-terre-active\/"},{"@type":"ListItem","position":5,"name":"TERRALIGHT"}]},{"@type":"WebSite","@id":"https:\/\/www.eltex.de\/fr\/#website","url":"https:\/\/www.eltex.de\/fr\/","name":"Eltex Elektrostatik GmbH","description":"Die Eltex Elektrostatik GmbH als moderner Partner der Industrie zur Steigerung von Produktivit\u00e4t, Effizienz und Ertragskraft in vielen Branchen.","potentialAction":[{"@type":"SearchAction","target":{"@type":"EntryPoint","urlTemplate":"https:\/\/www.eltex.de\/fr\/?s={search_term_string}"},"query-input":{"@type":"PropertyValueSpecification","valueRequired":true,"valueName":"search_term_string"}}],"inLanguage":"fr-FR"}]}},"_links":{"self":[{"href":"https:\/\/www.eltex.de\/fr\/wp-json\/wp\/v2\/product\/3928","targetHints":{"allow":["GET"]}}],"collection":[{"href":"https:\/\/www.eltex.de\/fr\/wp-json\/wp\/v2\/product"}],"about":[{"href":"https:\/\/www.eltex.de\/fr\/wp-json\/wp\/v2\/types\/product"}],"wp:featuredmedia":[{"embeddable":true,"href":"https:\/\/www.eltex.de\/fr\/wp-json\/wp\/v2\/media\/9921"}],"wp:attachment":[{"href":"https:\/\/www.eltex.de\/fr\/wp-json\/wp\/v2\/media?parent=3928"}],"wp:term":[{"taxonomy":"product_brand","embeddable":true,"href":"https:\/\/www.eltex.de\/fr\/wp-json\/wp\/v2\/product_brand?post=3928"},{"taxonomy":"product_cat","embeddable":true,"href":"https:\/\/www.eltex.de\/fr\/wp-json\/wp\/v2\/product_cat?post=3928"},{"taxonomy":"product_tag","embeddable":true,"href":"https:\/\/www.eltex.de\/fr\/wp-json\/wp\/v2\/product_tag?post=3928"}],"curies":[{"name":"wp","href":"https:\/\/api.w.org\/{rel}","templated":true}]}}