{"id":7951,"date":"2021-08-09T12:16:33","date_gmt":"2021-08-09T10:16:33","guid":{"rendered":"https:\/\/testing.eltex.de\/?post_type=product&#038;p=7951"},"modified":"2022-09-05T14:41:31","modified_gmt":"2022-09-05T12:41:31","slug":"cables-pour-la-mise-a-la-terre-active-et-passive","status":"publish","type":"product","link":"https:\/\/www.eltex.de\/fr\/produits\/erdung-fr\/mise-a-la-terre-passive\/cables-pour-la-mise-a-la-terre-active-et-passive\/","title":{"rendered":"C\u00e2bles pour la mise \u00e0 la terre passive"},"content":{"rendered":"<p>Les c\u00e2bles de mise \u00e0 la terre passive pr\u00e9-confectionn\u00e9s de la marque Eltex \u00e9tablissent une liaison facile \u00e0 installer entre le contacteur de mise \u00e0 la terre et le point de mise \u00e0 la terre (rail d\u2019\u00e9quipotentialit\u00e9). Le c\u00e2ble comporte \u00e0 une extr\u00e9mit\u00e9 un anneau guide-c\u00e2ble qui permet de le fixer \u00e0 un point de mise \u00e0 la terre. Un raccord enfichable IP67 est mont\u00e9 pour la connexion au contacteur de mise \u00e0 la terre.<\/p>\n<p>&nbsp;<\/p>\n<p>Les c\u00e2bles de mise \u00e0 la terre passive sont <strong>orange<\/strong> et fournis en tant que c\u00e2ble standard ou c\u00e2ble spiral\u00e9. Les c\u00e2bles standard sont disponibles dans des longueurs de 5 \u00e0 95 m\u00e8tres, par pas de 5 m\u00e8tres. Les c\u00e2bles spiral\u00e9s sont disponibles dans la longueur de 5 m\u00e8tres (c\u00e2ble tendu).<\/p>\n","protected":false},"excerpt":{"rendered":"<p>c\u00e2bles de mise \u00e0 la terre spiral\u00e9s ou standard<\/p>\n","protected":false},"featured_media":10299,"template":"","meta":{"_acf_changed":false},"product_brand":[],"product_cat":[501,653,129],"product_tag":[],"class_list":{"0":"post-7951","1":"product","2":"type-product","3":"status-publish","4":"has-post-thumbnail","6":"product_cat-mise-a-la-terre-passive","7":"product_cat-cables-de-mise-a-la-terre","8":"product_cat-rx11","9":"pa_anwendungsbereiche-pharmazie-fr","10":"pa_anwendungsbereiche-transport-von-granulaten-fr","11":"pa_anwendungsbereiche-ampoules-corps-creux-fr","12":"pa_anwendungsbereiche-reinigen-und-ionisieren-fr","13":"pa_anwendungsbereiche-auftragung-von-schutzfolien-fr","14":"pa_anwendungsbereiche-enroulement-et-emballage-fr","15":"pa_anwendungsbereiche-nettoyage-de-pieces-plastique","16":"pa_anwendungsbereiche-production-de-film-plat","17":"pa_anwendungsbereiche-bogenoffset-fr","18":"pa_anwendungsbereiche-production-de-sacs-et-gaines","19":"pa_anwendungsbereiche-kraftstoffe-chemikalien-fr","20":"pa_anwendungsbereiche-dosier-und-mischgeraete-fr","21":"pa_anwendungsbereiche-schutzpapiere-fr","22":"pa_anwendungsbereiche-elektrotechnik-fr","23":"pa_anwendungsbereiche-textilindustrie-fr","24":"pa_anwendungsbereiche-decharge-de-formes-plastique","25":"pa_anwendungsbereiche-tiefziehautomaten-fr","26":"pa_anwendungsbereiche-entladung-von-kunststoffteilen-fr","27":"pa_anwendungsbereiche-vereinzelung-von-kleinteilen-fr","28":"pa_anwendungsbereiche-films-d-emballage-fr","29":"pa_anwendungsbereiche-verpackungs-illustrationstiefdruck-fr","30":"pa_anwendungsbereiche-formteilherstellung-fr","31":"pa_anwendungsbereiche-pelliculage-laminage-et-enduction","32":"pa_anwendungsbereiche-transport-von-folienresten-fr","33":"pa_industriebereiche-imprimerie","34":"pa_industriebereiche-chimie-pharmacie","35":"pa_industriebereiche-converting","36":"pa_produktmerkmale-cable-orange-a-3-brins-resistance-elevee-a-la-rupture-resistance-mecanique-elevee-resistance-elevee-a-de-nombreux-produits-chimiques-fr","38":"first","39":"instock","40":"shipping-taxable","41":"product-type-simple"},"acf":[],"yoast_head":"<!-- This site is optimized with the Yoast SEO plugin v27.3 - https:\/\/yoast.com\/product\/yoast-seo-wordpress\/ -->\n<title>C\u00e2bles pour la mise \u00e0 la terre passive | Eltex Elektrostatik GmbH<\/title>\n<meta name=\"robots\" content=\"index, follow, max-snippet:-1, max-image-preview:large, max-video-preview:-1\" \/>\n<link rel=\"canonical\" href=\"https:\/\/www.eltex.de\/fr\/produits\/erdung-fr\/mise-a-la-terre-passive\/cables-pour-la-mise-a-la-terre-active-et-passive\/\" \/>\n<meta property=\"og:locale\" content=\"fr_FR\" \/>\n<meta property=\"og:type\" content=\"article\" \/>\n<meta property=\"og:title\" content=\"C\u00e2bles pour la mise \u00e0 la terre passive | Eltex Elektrostatik GmbH\" \/>\n<meta property=\"og:description\" content=\"c\u00e2bles de mise \u00e0 la terre spiral\u00e9s ou standard\" \/>\n<meta property=\"og:url\" content=\"https:\/\/www.eltex.de\/fr\/produits\/erdung-fr\/mise-a-la-terre-passive\/cables-pour-la-mise-a-la-terre-active-et-passive\/\" \/>\n<meta property=\"og:site_name\" content=\"Eltex Elektrostatik GmbH\" \/>\n<meta property=\"article:modified_time\" content=\"2022-09-05T12:41:31+00:00\" \/>\n<meta property=\"og:image\" content=\"https:\/\/www.eltex.de\/wp-content\/uploads\/Erdungskabel-blau-8.jpg\" \/>\n\t<meta property=\"og:image:width\" content=\"2126\" \/>\n\t<meta property=\"og:image:height\" content=\"1061\" \/>\n\t<meta property=\"og:image:type\" content=\"image\/jpeg\" \/>\n<meta name=\"twitter:card\" content=\"summary_large_image\" \/>\n<meta name=\"twitter:label1\" content=\"Dur\u00e9e de lecture estim\u00e9e\" \/>\n\t<meta name=\"twitter:data1\" content=\"1 minute\" \/>\n<script type=\"application\/ld+json\" class=\"yoast-schema-graph\">{\"@context\":\"https:\\\/\\\/schema.org\",\"@graph\":[{\"@type\":\"WebPage\",\"@id\":\"https:\\\/\\\/www.eltex.de\\\/fr\\\/produits\\\/erdung-fr\\\/mise-a-la-terre-passive\\\/cables-pour-la-mise-a-la-terre-active-et-passive\\\/\",\"url\":\"https:\\\/\\\/www.eltex.de\\\/fr\\\/produits\\\/erdung-fr\\\/mise-a-la-terre-passive\\\/cables-pour-la-mise-a-la-terre-active-et-passive\\\/\",\"name\":\"C\u00e2bles pour la mise \u00e0 la terre passive | Eltex Elektrostatik GmbH\",\"isPartOf\":{\"@id\":\"https:\\\/\\\/www.eltex.de\\\/fr\\\/#website\"},\"primaryImageOfPage\":{\"@id\":\"https:\\\/\\\/www.eltex.de\\\/fr\\\/produits\\\/erdung-fr\\\/mise-a-la-terre-passive\\\/cables-pour-la-mise-a-la-terre-active-et-passive\\\/#primaryimage\"},\"image\":{\"@id\":\"https:\\\/\\\/www.eltex.de\\\/fr\\\/produits\\\/erdung-fr\\\/mise-a-la-terre-passive\\\/cables-pour-la-mise-a-la-terre-active-et-passive\\\/#primaryimage\"},\"thumbnailUrl\":\"https:\\\/\\\/www.eltex.de\\\/wp-content\\\/uploads\\\/Erdungskabel-blau-8.jpg\",\"datePublished\":\"2021-08-09T10:16:33+00:00\",\"dateModified\":\"2022-09-05T12:41:31+00:00\",\"breadcrumb\":{\"@id\":\"https:\\\/\\\/www.eltex.de\\\/fr\\\/produits\\\/erdung-fr\\\/mise-a-la-terre-passive\\\/cables-pour-la-mise-a-la-terre-active-et-passive\\\/#breadcrumb\"},\"inLanguage\":\"fr-FR\",\"potentialAction\":[{\"@type\":\"ReadAction\",\"target\":[\"https:\\\/\\\/www.eltex.de\\\/fr\\\/produits\\\/erdung-fr\\\/mise-a-la-terre-passive\\\/cables-pour-la-mise-a-la-terre-active-et-passive\\\/\"]}]},{\"@type\":\"ImageObject\",\"inLanguage\":\"fr-FR\",\"@id\":\"https:\\\/\\\/www.eltex.de\\\/fr\\\/produits\\\/erdung-fr\\\/mise-a-la-terre-passive\\\/cables-pour-la-mise-a-la-terre-active-et-passive\\\/#primaryimage\",\"url\":\"https:\\\/\\\/www.eltex.de\\\/wp-content\\\/uploads\\\/Erdungskabel-blau-8.jpg\",\"contentUrl\":\"https:\\\/\\\/www.eltex.de\\\/wp-content\\\/uploads\\\/Erdungskabel-blau-8.jpg\",\"width\":2126,\"height\":1061},{\"@type\":\"BreadcrumbList\",\"@id\":\"https:\\\/\\\/www.eltex.de\\\/fr\\\/produits\\\/erdung-fr\\\/mise-a-la-terre-passive\\\/cables-pour-la-mise-a-la-terre-active-et-passive\\\/#breadcrumb\",\"itemListElement\":[{\"@type\":\"ListItem\",\"position\":1,\"name\":\"Eltex\",\"item\":\"https:\\\/\\\/www.eltex.de\\\/fr\\\/\"},{\"@type\":\"ListItem\",\"position\":2,\"name\":\"Produits\",\"item\":\"https:\\\/\\\/www.eltex.de\\\/fr\\\/produits\\\/\"},{\"@type\":\"ListItem\",\"position\":3,\"name\":\"Mise \u00e0 la terre\",\"item\":\"https:\\\/\\\/www.eltex.de\\\/fr\\\/cat\u00e9gorie-produit\\\/erdung-fr\\\/\"},{\"@type\":\"ListItem\",\"position\":4,\"name\":\"Mise \u00e0 la terre passive\",\"item\":\"https:\\\/\\\/www.eltex.de\\\/fr\\\/cat\u00e9gorie-produit\\\/erdung-fr\\\/mise-a-la-terre-passive\\\/\"},{\"@type\":\"ListItem\",\"position\":5,\"name\":\"C\u00e2bles pour la mise \u00e0 la terre passive\"}]},{\"@type\":\"WebSite\",\"@id\":\"https:\\\/\\\/www.eltex.de\\\/fr\\\/#website\",\"url\":\"https:\\\/\\\/www.eltex.de\\\/fr\\\/\",\"name\":\"Eltex Elektrostatik GmbH\",\"description\":\"Die Eltex Elektrostatik GmbH als moderner Partner der Industrie zur Steigerung von Produktivit\u00e4t, Effizienz und Ertragskraft in vielen Branchen.\",\"potentialAction\":[{\"@type\":\"SearchAction\",\"target\":{\"@type\":\"EntryPoint\",\"urlTemplate\":\"https:\\\/\\\/www.eltex.de\\\/fr\\\/?s={search_term_string}\"},\"query-input\":{\"@type\":\"PropertyValueSpecification\",\"valueRequired\":true,\"valueName\":\"search_term_string\"}}],\"inLanguage\":\"fr-FR\"}]}<\/script>\n<!-- \/ Yoast SEO plugin. -->","yoast_head_json":{"title":"C\u00e2bles pour la mise \u00e0 la terre passive | Eltex Elektrostatik GmbH","robots":{"index":"index","follow":"follow","max-snippet":"max-snippet:-1","max-image-preview":"max-image-preview:large","max-video-preview":"max-video-preview:-1"},"canonical":"https:\/\/www.eltex.de\/fr\/produits\/erdung-fr\/mise-a-la-terre-passive\/cables-pour-la-mise-a-la-terre-active-et-passive\/","og_locale":"fr_FR","og_type":"article","og_title":"C\u00e2bles pour la mise \u00e0 la terre passive | Eltex Elektrostatik GmbH","og_description":"c\u00e2bles de mise \u00e0 la terre spiral\u00e9s ou standard","og_url":"https:\/\/www.eltex.de\/fr\/produits\/erdung-fr\/mise-a-la-terre-passive\/cables-pour-la-mise-a-la-terre-active-et-passive\/","og_site_name":"Eltex Elektrostatik GmbH","article_modified_time":"2022-09-05T12:41:31+00:00","og_image":[{"width":2126,"height":1061,"url":"https:\/\/www.eltex.de\/wp-content\/uploads\/Erdungskabel-blau-8.jpg","type":"image\/jpeg"}],"twitter_card":"summary_large_image","twitter_misc":{"Dur\u00e9e de lecture estim\u00e9e":"1 minute"},"schema":{"@context":"https:\/\/schema.org","@graph":[{"@type":"WebPage","@id":"https:\/\/www.eltex.de\/fr\/produits\/erdung-fr\/mise-a-la-terre-passive\/cables-pour-la-mise-a-la-terre-active-et-passive\/","url":"https:\/\/www.eltex.de\/fr\/produits\/erdung-fr\/mise-a-la-terre-passive\/cables-pour-la-mise-a-la-terre-active-et-passive\/","name":"C\u00e2bles pour la mise \u00e0 la terre passive | Eltex Elektrostatik GmbH","isPartOf":{"@id":"https:\/\/www.eltex.de\/fr\/#website"},"primaryImageOfPage":{"@id":"https:\/\/www.eltex.de\/fr\/produits\/erdung-fr\/mise-a-la-terre-passive\/cables-pour-la-mise-a-la-terre-active-et-passive\/#primaryimage"},"image":{"@id":"https:\/\/www.eltex.de\/fr\/produits\/erdung-fr\/mise-a-la-terre-passive\/cables-pour-la-mise-a-la-terre-active-et-passive\/#primaryimage"},"thumbnailUrl":"https:\/\/www.eltex.de\/wp-content\/uploads\/Erdungskabel-blau-8.jpg","datePublished":"2021-08-09T10:16:33+00:00","dateModified":"2022-09-05T12:41:31+00:00","breadcrumb":{"@id":"https:\/\/www.eltex.de\/fr\/produits\/erdung-fr\/mise-a-la-terre-passive\/cables-pour-la-mise-a-la-terre-active-et-passive\/#breadcrumb"},"inLanguage":"fr-FR","potentialAction":[{"@type":"ReadAction","target":["https:\/\/www.eltex.de\/fr\/produits\/erdung-fr\/mise-a-la-terre-passive\/cables-pour-la-mise-a-la-terre-active-et-passive\/"]}]},{"@type":"ImageObject","inLanguage":"fr-FR","@id":"https:\/\/www.eltex.de\/fr\/produits\/erdung-fr\/mise-a-la-terre-passive\/cables-pour-la-mise-a-la-terre-active-et-passive\/#primaryimage","url":"https:\/\/www.eltex.de\/wp-content\/uploads\/Erdungskabel-blau-8.jpg","contentUrl":"https:\/\/www.eltex.de\/wp-content\/uploads\/Erdungskabel-blau-8.jpg","width":2126,"height":1061},{"@type":"BreadcrumbList","@id":"https:\/\/www.eltex.de\/fr\/produits\/erdung-fr\/mise-a-la-terre-passive\/cables-pour-la-mise-a-la-terre-active-et-passive\/#breadcrumb","itemListElement":[{"@type":"ListItem","position":1,"name":"Eltex","item":"https:\/\/www.eltex.de\/fr\/"},{"@type":"ListItem","position":2,"name":"Produits","item":"https:\/\/www.eltex.de\/fr\/produits\/"},{"@type":"ListItem","position":3,"name":"Mise \u00e0 la terre","item":"https:\/\/www.eltex.de\/fr\/cat\u00e9gorie-produit\/erdung-fr\/"},{"@type":"ListItem","position":4,"name":"Mise \u00e0 la terre passive","item":"https:\/\/www.eltex.de\/fr\/cat\u00e9gorie-produit\/erdung-fr\/mise-a-la-terre-passive\/"},{"@type":"ListItem","position":5,"name":"C\u00e2bles pour la mise \u00e0 la terre passive"}]},{"@type":"WebSite","@id":"https:\/\/www.eltex.de\/fr\/#website","url":"https:\/\/www.eltex.de\/fr\/","name":"Eltex Elektrostatik GmbH","description":"Die Eltex Elektrostatik GmbH als moderner Partner der Industrie zur Steigerung von Produktivit\u00e4t, Effizienz und Ertragskraft in vielen Branchen.","potentialAction":[{"@type":"SearchAction","target":{"@type":"EntryPoint","urlTemplate":"https:\/\/www.eltex.de\/fr\/?s={search_term_string}"},"query-input":{"@type":"PropertyValueSpecification","valueRequired":true,"valueName":"search_term_string"}}],"inLanguage":"fr-FR"}]}},"_links":{"self":[{"href":"https:\/\/www.eltex.de\/fr\/wp-json\/wp\/v2\/product\/7951","targetHints":{"allow":["GET"]}}],"collection":[{"href":"https:\/\/www.eltex.de\/fr\/wp-json\/wp\/v2\/product"}],"about":[{"href":"https:\/\/www.eltex.de\/fr\/wp-json\/wp\/v2\/types\/product"}],"wp:featuredmedia":[{"embeddable":true,"href":"https:\/\/www.eltex.de\/fr\/wp-json\/wp\/v2\/media\/10299"}],"wp:attachment":[{"href":"https:\/\/www.eltex.de\/fr\/wp-json\/wp\/v2\/media?parent=7951"}],"wp:term":[{"taxonomy":"product_brand","embeddable":true,"href":"https:\/\/www.eltex.de\/fr\/wp-json\/wp\/v2\/product_brand?post=7951"},{"taxonomy":"product_cat","embeddable":true,"href":"https:\/\/www.eltex.de\/fr\/wp-json\/wp\/v2\/product_cat?post=7951"},{"taxonomy":"product_tag","embeddable":true,"href":"https:\/\/www.eltex.de\/fr\/wp-json\/wp\/v2\/product_tag?post=7951"}],"curies":[{"name":"wp","href":"https:\/\/api.w.org\/{rel}","templated":true}]}}