{"id":9286,"date":"2022-07-12T13:28:29","date_gmt":"2022-07-12T11:28:29","guid":{"rendered":"https:\/\/www.eltex.de\/?post_type=product&#038;p=9286"},"modified":"2022-07-26T09:41:54","modified_gmt":"2022-07-26T07:41:54","slug":"mise-a-niveau-vers-power-top-gnh63","status":"publish","type":"product","link":"https:\/\/www.eltex.de\/fr\/produits\/static-control-fr\/esa-fr\/mise-a-niveau-vers-power-top-gnh63\/","title":{"rendered":"Passage au ESA POWER TOP GNH63"},"content":{"rendered":"<p><strong>Mise \u00e0 niveau des syst\u00e8mes ESA Eltex Top Loading avec POWER TOP GNH63<\/strong><\/p>\n<p>Les nouveaux g\u00e9n\u00e9rateurs POWER CHARGER PCTL et les t\u00e9l\u00e9commandes alimentent sans probl\u00e8me les \u00e9lectrodes de charge et de d\u00e9charge existantes des anciens syst\u00e8mes Eltex Top Loading. Seules de petites modifications sont n\u00e9cessaires. Il n&rsquo;est pas n\u00e9cessaire de poser de nouveaux c\u00e2bles haute tension ou de signaux, et le circuit de s\u00e9curit\u00e9 existant peut \u00eatre r\u00e9utilis\u00e9 sans modification. Ainsi, les syst\u00e8mes Eltex Top Loading existants peuvent \u00eatre mis \u00e0 niveau \u00e0 peu de frais avec les derni\u00e8res technologies et avec les normes de s\u00e9curit\u00e9 actuelles.<\/p>\n","protected":false},"excerpt":{"rendered":"<p>Mise \u00e0 niveau des syst\u00e8mes ESA Top Loading existants<\/p>\n","protected":false},"featured_media":9305,"template":"","meta":{"_acf_changed":false},"product_brand":[],"product_cat":[475],"product_tag":[],"class_list":{"0":"post-9286","1":"product","2":"type-product","3":"status-publish","4":"has-post-thumbnail","6":"product_cat-esa-fr","7":"pa_anwendungsbereiche-verpackungs-illustrationstiefdruck-fr","8":"pa_industriebereiche-imprimerie","10":"first","11":"instock","12":"shipping-taxable","13":"product-type-simple"},"acf":[],"yoast_head":"<!-- This site is optimized with the Yoast SEO plugin v27.3 - https:\/\/yoast.com\/product\/yoast-seo-wordpress\/ -->\n<title>Passage au ESA POWER TOP GNH63 | Eltex Elektrostatik GmbH<\/title>\n<meta name=\"robots\" content=\"index, follow, max-snippet:-1, max-image-preview:large, max-video-preview:-1\" \/>\n<link rel=\"canonical\" href=\"https:\/\/www.eltex.de\/fr\/produits\/static-control-fr\/esa-fr\/mise-a-niveau-vers-power-top-gnh63\/\" \/>\n<meta property=\"og:locale\" content=\"fr_FR\" \/>\n<meta property=\"og:type\" content=\"article\" \/>\n<meta property=\"og:title\" content=\"Passage au ESA POWER TOP GNH63 | Eltex Elektrostatik GmbH\" \/>\n<meta property=\"og:description\" content=\"Mise \u00e0 niveau des syst\u00e8mes ESA Top Loading existants\" \/>\n<meta property=\"og:url\" content=\"https:\/\/www.eltex.de\/fr\/produits\/static-control-fr\/esa-fr\/mise-a-niveau-vers-power-top-gnh63\/\" \/>\n<meta property=\"og:site_name\" content=\"Eltex Elektrostatik GmbH\" \/>\n<meta property=\"article:modified_time\" content=\"2022-07-26T07:41:54+00:00\" \/>\n<meta property=\"og:image\" content=\"https:\/\/www.eltex.de\/wp-content\/uploads\/Upgrade_GNH63-1-e1658744050684.jpg\" \/>\n\t<meta property=\"og:image:width\" content=\"1163\" \/>\n\t<meta property=\"og:image:height\" content=\"1256\" \/>\n\t<meta property=\"og:image:type\" content=\"image\/jpeg\" \/>\n<meta name=\"twitter:card\" content=\"summary_large_image\" \/>\n<meta name=\"twitter:label1\" content=\"Dur\u00e9e de lecture estim\u00e9e\" \/>\n\t<meta name=\"twitter:data1\" content=\"1 minute\" \/>\n<script type=\"application\/ld+json\" class=\"yoast-schema-graph\">{\"@context\":\"https:\\\/\\\/schema.org\",\"@graph\":[{\"@type\":\"WebPage\",\"@id\":\"https:\\\/\\\/www.eltex.de\\\/fr\\\/produits\\\/static-control-fr\\\/esa-fr\\\/mise-a-niveau-vers-power-top-gnh63\\\/\",\"url\":\"https:\\\/\\\/www.eltex.de\\\/fr\\\/produits\\\/static-control-fr\\\/esa-fr\\\/mise-a-niveau-vers-power-top-gnh63\\\/\",\"name\":\"Passage au ESA POWER TOP GNH63 | Eltex Elektrostatik GmbH\",\"isPartOf\":{\"@id\":\"https:\\\/\\\/www.eltex.de\\\/fr\\\/#website\"},\"primaryImageOfPage\":{\"@id\":\"https:\\\/\\\/www.eltex.de\\\/fr\\\/produits\\\/static-control-fr\\\/esa-fr\\\/mise-a-niveau-vers-power-top-gnh63\\\/#primaryimage\"},\"image\":{\"@id\":\"https:\\\/\\\/www.eltex.de\\\/fr\\\/produits\\\/static-control-fr\\\/esa-fr\\\/mise-a-niveau-vers-power-top-gnh63\\\/#primaryimage\"},\"thumbnailUrl\":\"https:\\\/\\\/www.eltex.de\\\/wp-content\\\/uploads\\\/Upgrade_GNH63-1-e1658744050684.jpg\",\"datePublished\":\"2022-07-12T11:28:29+00:00\",\"dateModified\":\"2022-07-26T07:41:54+00:00\",\"breadcrumb\":{\"@id\":\"https:\\\/\\\/www.eltex.de\\\/fr\\\/produits\\\/static-control-fr\\\/esa-fr\\\/mise-a-niveau-vers-power-top-gnh63\\\/#breadcrumb\"},\"inLanguage\":\"fr-FR\",\"potentialAction\":[{\"@type\":\"ReadAction\",\"target\":[\"https:\\\/\\\/www.eltex.de\\\/fr\\\/produits\\\/static-control-fr\\\/esa-fr\\\/mise-a-niveau-vers-power-top-gnh63\\\/\"]}]},{\"@type\":\"ImageObject\",\"inLanguage\":\"fr-FR\",\"@id\":\"https:\\\/\\\/www.eltex.de\\\/fr\\\/produits\\\/static-control-fr\\\/esa-fr\\\/mise-a-niveau-vers-power-top-gnh63\\\/#primaryimage\",\"url\":\"https:\\\/\\\/www.eltex.de\\\/wp-content\\\/uploads\\\/Upgrade_GNH63-1-e1658744050684.jpg\",\"contentUrl\":\"https:\\\/\\\/www.eltex.de\\\/wp-content\\\/uploads\\\/Upgrade_GNH63-1-e1658744050684.jpg\",\"width\":1163,\"height\":1256},{\"@type\":\"BreadcrumbList\",\"@id\":\"https:\\\/\\\/www.eltex.de\\\/fr\\\/produits\\\/static-control-fr\\\/esa-fr\\\/mise-a-niveau-vers-power-top-gnh63\\\/#breadcrumb\",\"itemListElement\":[{\"@type\":\"ListItem\",\"position\":1,\"name\":\"Eltex\",\"item\":\"https:\\\/\\\/www.eltex.de\\\/fr\\\/\"},{\"@type\":\"ListItem\",\"position\":2,\"name\":\"Produits\",\"item\":\"https:\\\/\\\/www.eltex.de\\\/fr\\\/produits\\\/\"},{\"@type\":\"ListItem\",\"position\":3,\"name\":\"Static Control\",\"item\":\"https:\\\/\\\/www.eltex.de\\\/fr\\\/cat\u00e9gorie-produit\\\/static-control-fr\\\/\"},{\"@type\":\"ListItem\",\"position\":4,\"name\":\"ESA\",\"item\":\"https:\\\/\\\/www.eltex.de\\\/fr\\\/cat\u00e9gorie-produit\\\/static-control-fr\\\/esa-fr\\\/\"},{\"@type\":\"ListItem\",\"position\":5,\"name\":\"Passage au ESA POWER TOP GNH63\"}]},{\"@type\":\"WebSite\",\"@id\":\"https:\\\/\\\/www.eltex.de\\\/fr\\\/#website\",\"url\":\"https:\\\/\\\/www.eltex.de\\\/fr\\\/\",\"name\":\"Eltex Elektrostatik GmbH\",\"description\":\"Die Eltex Elektrostatik GmbH als moderner Partner der Industrie zur Steigerung von Produktivit\u00e4t, Effizienz und Ertragskraft in vielen Branchen.\",\"potentialAction\":[{\"@type\":\"SearchAction\",\"target\":{\"@type\":\"EntryPoint\",\"urlTemplate\":\"https:\\\/\\\/www.eltex.de\\\/fr\\\/?s={search_term_string}\"},\"query-input\":{\"@type\":\"PropertyValueSpecification\",\"valueRequired\":true,\"valueName\":\"search_term_string\"}}],\"inLanguage\":\"fr-FR\"}]}<\/script>\n<!-- \/ Yoast SEO plugin. -->","yoast_head_json":{"title":"Passage au ESA POWER TOP GNH63 | Eltex Elektrostatik GmbH","robots":{"index":"index","follow":"follow","max-snippet":"max-snippet:-1","max-image-preview":"max-image-preview:large","max-video-preview":"max-video-preview:-1"},"canonical":"https:\/\/www.eltex.de\/fr\/produits\/static-control-fr\/esa-fr\/mise-a-niveau-vers-power-top-gnh63\/","og_locale":"fr_FR","og_type":"article","og_title":"Passage au ESA POWER TOP GNH63 | Eltex Elektrostatik GmbH","og_description":"Mise \u00e0 niveau des syst\u00e8mes ESA Top Loading existants","og_url":"https:\/\/www.eltex.de\/fr\/produits\/static-control-fr\/esa-fr\/mise-a-niveau-vers-power-top-gnh63\/","og_site_name":"Eltex Elektrostatik GmbH","article_modified_time":"2022-07-26T07:41:54+00:00","og_image":[{"width":1163,"height":1256,"url":"https:\/\/www.eltex.de\/wp-content\/uploads\/Upgrade_GNH63-1-e1658744050684.jpg","type":"image\/jpeg"}],"twitter_card":"summary_large_image","twitter_misc":{"Dur\u00e9e de lecture estim\u00e9e":"1 minute"},"schema":{"@context":"https:\/\/schema.org","@graph":[{"@type":"WebPage","@id":"https:\/\/www.eltex.de\/fr\/produits\/static-control-fr\/esa-fr\/mise-a-niveau-vers-power-top-gnh63\/","url":"https:\/\/www.eltex.de\/fr\/produits\/static-control-fr\/esa-fr\/mise-a-niveau-vers-power-top-gnh63\/","name":"Passage au ESA POWER TOP GNH63 | Eltex Elektrostatik GmbH","isPartOf":{"@id":"https:\/\/www.eltex.de\/fr\/#website"},"primaryImageOfPage":{"@id":"https:\/\/www.eltex.de\/fr\/produits\/static-control-fr\/esa-fr\/mise-a-niveau-vers-power-top-gnh63\/#primaryimage"},"image":{"@id":"https:\/\/www.eltex.de\/fr\/produits\/static-control-fr\/esa-fr\/mise-a-niveau-vers-power-top-gnh63\/#primaryimage"},"thumbnailUrl":"https:\/\/www.eltex.de\/wp-content\/uploads\/Upgrade_GNH63-1-e1658744050684.jpg","datePublished":"2022-07-12T11:28:29+00:00","dateModified":"2022-07-26T07:41:54+00:00","breadcrumb":{"@id":"https:\/\/www.eltex.de\/fr\/produits\/static-control-fr\/esa-fr\/mise-a-niveau-vers-power-top-gnh63\/#breadcrumb"},"inLanguage":"fr-FR","potentialAction":[{"@type":"ReadAction","target":["https:\/\/www.eltex.de\/fr\/produits\/static-control-fr\/esa-fr\/mise-a-niveau-vers-power-top-gnh63\/"]}]},{"@type":"ImageObject","inLanguage":"fr-FR","@id":"https:\/\/www.eltex.de\/fr\/produits\/static-control-fr\/esa-fr\/mise-a-niveau-vers-power-top-gnh63\/#primaryimage","url":"https:\/\/www.eltex.de\/wp-content\/uploads\/Upgrade_GNH63-1-e1658744050684.jpg","contentUrl":"https:\/\/www.eltex.de\/wp-content\/uploads\/Upgrade_GNH63-1-e1658744050684.jpg","width":1163,"height":1256},{"@type":"BreadcrumbList","@id":"https:\/\/www.eltex.de\/fr\/produits\/static-control-fr\/esa-fr\/mise-a-niveau-vers-power-top-gnh63\/#breadcrumb","itemListElement":[{"@type":"ListItem","position":1,"name":"Eltex","item":"https:\/\/www.eltex.de\/fr\/"},{"@type":"ListItem","position":2,"name":"Produits","item":"https:\/\/www.eltex.de\/fr\/produits\/"},{"@type":"ListItem","position":3,"name":"Static Control","item":"https:\/\/www.eltex.de\/fr\/cat\u00e9gorie-produit\/static-control-fr\/"},{"@type":"ListItem","position":4,"name":"ESA","item":"https:\/\/www.eltex.de\/fr\/cat\u00e9gorie-produit\/static-control-fr\/esa-fr\/"},{"@type":"ListItem","position":5,"name":"Passage au ESA POWER TOP GNH63"}]},{"@type":"WebSite","@id":"https:\/\/www.eltex.de\/fr\/#website","url":"https:\/\/www.eltex.de\/fr\/","name":"Eltex Elektrostatik GmbH","description":"Die Eltex Elektrostatik GmbH als moderner Partner der Industrie zur Steigerung von Produktivit\u00e4t, Effizienz und Ertragskraft in vielen Branchen.","potentialAction":[{"@type":"SearchAction","target":{"@type":"EntryPoint","urlTemplate":"https:\/\/www.eltex.de\/fr\/?s={search_term_string}"},"query-input":{"@type":"PropertyValueSpecification","valueRequired":true,"valueName":"search_term_string"}}],"inLanguage":"fr-FR"}]}},"_links":{"self":[{"href":"https:\/\/www.eltex.de\/fr\/wp-json\/wp\/v2\/product\/9286","targetHints":{"allow":["GET"]}}],"collection":[{"href":"https:\/\/www.eltex.de\/fr\/wp-json\/wp\/v2\/product"}],"about":[{"href":"https:\/\/www.eltex.de\/fr\/wp-json\/wp\/v2\/types\/product"}],"wp:featuredmedia":[{"embeddable":true,"href":"https:\/\/www.eltex.de\/fr\/wp-json\/wp\/v2\/media\/9305"}],"wp:attachment":[{"href":"https:\/\/www.eltex.de\/fr\/wp-json\/wp\/v2\/media?parent=9286"}],"wp:term":[{"taxonomy":"product_brand","embeddable":true,"href":"https:\/\/www.eltex.de\/fr\/wp-json\/wp\/v2\/product_brand?post=9286"},{"taxonomy":"product_cat","embeddable":true,"href":"https:\/\/www.eltex.de\/fr\/wp-json\/wp\/v2\/product_cat?post=9286"},{"taxonomy":"product_tag","embeddable":true,"href":"https:\/\/www.eltex.de\/fr\/wp-json\/wp\/v2\/product_tag?post=9286"}],"curies":[{"name":"wp","href":"https:\/\/api.w.org\/{rel}","templated":true}]}}