{"id":9450,"date":"2022-09-02T12:56:56","date_gmt":"2022-09-02T10:56:56","guid":{"rendered":"https:\/\/staging.eltex.de\/staging\/?post_type=product&#038;p=9450"},"modified":"2024-07-11T10:14:06","modified_gmt":"2024-07-11T08:14:06","slug":"lineclean-scc-c","status":"publish","type":"product","link":"https:\/\/www.eltex.de\/fr\/produits\/static-control-fr\/blaspistolen-fr\/lineclean-scc-c\/","title":{"rendered":"lineCLEAN SCC-C"},"content":{"rendered":"<p>Le VARIO lineCLEAN SCC-C est une unit\u00e9 de nettoyage tr\u00e8s efficace avec deux buses ionisantes soufflantes mont\u00e9 sur profil. La station de soufflage par ionisation tr\u00e8s efficace pour \u00e9liminer sans contact les d\u00e9p\u00f4ts de poussi\u00e8re et de salet\u00e9 g\u00eanants sur les surfaces tridimensionnelles ou structur\u00e9es.<\/p>\n","protected":false},"excerpt":{"rendered":"<p>Unit\u00e9 de nettoyage avec deux buses ionisantes soufflantes mont\u00e9 sur profil<\/p>\n","protected":false},"featured_media":9933,"template":"","meta":{"_acf_changed":false},"product_brand":[],"product_cat":[752,429],"product_tag":[],"class_list":{"0":"post-9450","1":"product","2":"type-product","3":"status-publish","4":"has-post-thumbnail","6":"product_cat-ionenblasduesen-fr","7":"product_cat-blaspistolen-fr","8":"pa_anwendungsbereiche-elektrotechnik-fr","9":"pa_anwendungsbereiche-tiefziehautomaten-fr","10":"pa_anwendungsbereiche-entladung-von-kunststoffteilen-fr","11":"pa_anwendungsbereiche-formteilherstellung-fr","12":"pa_anwendungsbereiche-pelliculage-laminage-et-enduction","13":"pa_anwendungsbereiche-pharmazie-fr","14":"pa_anwendungsbereiche-reinigen-und-ionisieren-fr","15":"pa_anwendungsbereiche-reinigung-von-flaechen-fr","16":"pa_anwendungsbereiche-reinigung-von-flaechen-vor-dem-lackieren-fr","17":"pa_anwendungsbereiche-nettoyage-de-pieces-plastique","18":"pa_anwendungsbereiche-production-de-sacs-et-gaines","19":"pa_anwendungsbereiche-ampoules-corps-creux-fr","20":"pa_anwendungsbereiche-textilindustrie-fr","21":"pa_industriebereiche-automation","22":"pa_industriebereiche-automobile","23":"pa_industriebereiche-textil-fr-2","24":"pa_industriebereiche-chimie-pharmacie","25":"pa_industriebereiche-electronique","26":"pa_industriebereiche-plastique","27":"pa_industriebereiche-meuble","28":"pa_industriebereiche-emballage","30":"first","31":"instock","32":"shipping-taxable","33":"product-type-simple"},"acf":[],"yoast_head":"<!-- This site is optimized with the Yoast SEO plugin v27.3 - https:\/\/yoast.com\/product\/yoast-seo-wordpress\/ -->\n<title>lineCLEAN SCC-C | Eltex Elektrostatik GmbH<\/title>\n<meta name=\"robots\" content=\"index, follow, max-snippet:-1, max-image-preview:large, max-video-preview:-1\" \/>\n<link rel=\"canonical\" href=\"https:\/\/www.eltex.de\/fr\/produits\/static-control-fr\/blaspistolen-fr\/lineclean-scc-c\/\" \/>\n<meta property=\"og:locale\" content=\"fr_FR\" \/>\n<meta property=\"og:type\" content=\"article\" \/>\n<meta property=\"og:title\" content=\"lineCLEAN SCC-C | Eltex Elektrostatik GmbH\" \/>\n<meta property=\"og:description\" content=\"Unit\u00e9 de nettoyage avec deux buses ionisantes soufflantes mont\u00e9 sur profil\" \/>\n<meta property=\"og:url\" content=\"https:\/\/www.eltex.de\/fr\/produits\/static-control-fr\/blaspistolen-fr\/lineclean-scc-c\/\" \/>\n<meta property=\"og:site_name\" content=\"Eltex Elektrostatik GmbH\" \/>\n<meta property=\"article:modified_time\" content=\"2024-07-11T08:14:06+00:00\" \/>\n<meta name=\"twitter:card\" content=\"summary_large_image\" \/>\n<script type=\"application\/ld+json\" class=\"yoast-schema-graph\">{\"@context\":\"https:\\\/\\\/schema.org\",\"@graph\":[{\"@type\":\"WebPage\",\"@id\":\"https:\\\/\\\/www.eltex.de\\\/fr\\\/produits\\\/static-control-fr\\\/blaspistolen-fr\\\/lineclean-scc-c\\\/\",\"url\":\"https:\\\/\\\/www.eltex.de\\\/fr\\\/produits\\\/static-control-fr\\\/blaspistolen-fr\\\/lineclean-scc-c\\\/\",\"name\":\"lineCLEAN SCC-C | Eltex Elektrostatik GmbH\",\"isPartOf\":{\"@id\":\"https:\\\/\\\/www.eltex.de\\\/fr\\\/#website\"},\"primaryImageOfPage\":{\"@id\":\"https:\\\/\\\/www.eltex.de\\\/fr\\\/produits\\\/static-control-fr\\\/blaspistolen-fr\\\/lineclean-scc-c\\\/#primaryimage\"},\"image\":{\"@id\":\"https:\\\/\\\/www.eltex.de\\\/fr\\\/produits\\\/static-control-fr\\\/blaspistolen-fr\\\/lineclean-scc-c\\\/#primaryimage\"},\"thumbnailUrl\":\"https:\\\/\\\/www.eltex.de\\\/wp-content\\\/uploads\\\/SCC-C-vario.jpg\",\"datePublished\":\"2022-09-02T10:56:56+00:00\",\"dateModified\":\"2024-07-11T08:14:06+00:00\",\"breadcrumb\":{\"@id\":\"https:\\\/\\\/www.eltex.de\\\/fr\\\/produits\\\/static-control-fr\\\/blaspistolen-fr\\\/lineclean-scc-c\\\/#breadcrumb\"},\"inLanguage\":\"fr-FR\",\"potentialAction\":[{\"@type\":\"ReadAction\",\"target\":[\"https:\\\/\\\/www.eltex.de\\\/fr\\\/produits\\\/static-control-fr\\\/blaspistolen-fr\\\/lineclean-scc-c\\\/\"]}]},{\"@type\":\"ImageObject\",\"inLanguage\":\"fr-FR\",\"@id\":\"https:\\\/\\\/www.eltex.de\\\/fr\\\/produits\\\/static-control-fr\\\/blaspistolen-fr\\\/lineclean-scc-c\\\/#primaryimage\",\"url\":\"https:\\\/\\\/www.eltex.de\\\/wp-content\\\/uploads\\\/SCC-C-vario.jpg\",\"contentUrl\":\"https:\\\/\\\/www.eltex.de\\\/wp-content\\\/uploads\\\/SCC-C-vario.jpg\",\"width\":1365,\"height\":640},{\"@type\":\"BreadcrumbList\",\"@id\":\"https:\\\/\\\/www.eltex.de\\\/fr\\\/produits\\\/static-control-fr\\\/blaspistolen-fr\\\/lineclean-scc-c\\\/#breadcrumb\",\"itemListElement\":[{\"@type\":\"ListItem\",\"position\":1,\"name\":\"Eltex\",\"item\":\"https:\\\/\\\/www.eltex.de\\\/fr\\\/\"},{\"@type\":\"ListItem\",\"position\":2,\"name\":\"Produits\",\"item\":\"https:\\\/\\\/www.eltex.de\\\/fr\\\/produits\\\/\"},{\"@type\":\"ListItem\",\"position\":3,\"name\":\"Static Control\",\"item\":\"https:\\\/\\\/www.eltex.de\\\/fr\\\/cat\u00e9gorie-produit\\\/static-control-fr\\\/\"},{\"@type\":\"ListItem\",\"position\":4,\"name\":\"D\u00e9charge\",\"item\":\"https:\\\/\\\/www.eltex.de\\\/fr\\\/cat\u00e9gorie-produit\\\/static-control-fr\\\/decharge\\\/\"},{\"@type\":\"ListItem\",\"position\":5,\"name\":\"Buses ionisantes soufflantes\",\"item\":\"https:\\\/\\\/www.eltex.de\\\/fr\\\/cat\u00e9gorie-produit\\\/static-control-fr\\\/decharge\\\/ionenblasduesen-fr\\\/\"},{\"@type\":\"ListItem\",\"position\":6,\"name\":\"lineCLEAN SCC-C\"}]},{\"@type\":\"WebSite\",\"@id\":\"https:\\\/\\\/www.eltex.de\\\/fr\\\/#website\",\"url\":\"https:\\\/\\\/www.eltex.de\\\/fr\\\/\",\"name\":\"Eltex Elektrostatik GmbH\",\"description\":\"Die Eltex Elektrostatik GmbH als moderner Partner der Industrie zur Steigerung von Produktivit\u00e4t, Effizienz und Ertragskraft in vielen Branchen.\",\"potentialAction\":[{\"@type\":\"SearchAction\",\"target\":{\"@type\":\"EntryPoint\",\"urlTemplate\":\"https:\\\/\\\/www.eltex.de\\\/fr\\\/?s={search_term_string}\"},\"query-input\":{\"@type\":\"PropertyValueSpecification\",\"valueRequired\":true,\"valueName\":\"search_term_string\"}}],\"inLanguage\":\"fr-FR\"}]}<\/script>\n<!-- \/ Yoast SEO plugin. -->","yoast_head_json":{"title":"lineCLEAN SCC-C | Eltex Elektrostatik GmbH","robots":{"index":"index","follow":"follow","max-snippet":"max-snippet:-1","max-image-preview":"max-image-preview:large","max-video-preview":"max-video-preview:-1"},"canonical":"https:\/\/www.eltex.de\/fr\/produits\/static-control-fr\/blaspistolen-fr\/lineclean-scc-c\/","og_locale":"fr_FR","og_type":"article","og_title":"lineCLEAN SCC-C | Eltex Elektrostatik GmbH","og_description":"Unit\u00e9 de nettoyage avec deux buses ionisantes soufflantes mont\u00e9 sur profil","og_url":"https:\/\/www.eltex.de\/fr\/produits\/static-control-fr\/blaspistolen-fr\/lineclean-scc-c\/","og_site_name":"Eltex Elektrostatik GmbH","article_modified_time":"2024-07-11T08:14:06+00:00","twitter_card":"summary_large_image","schema":{"@context":"https:\/\/schema.org","@graph":[{"@type":"WebPage","@id":"https:\/\/www.eltex.de\/fr\/produits\/static-control-fr\/blaspistolen-fr\/lineclean-scc-c\/","url":"https:\/\/www.eltex.de\/fr\/produits\/static-control-fr\/blaspistolen-fr\/lineclean-scc-c\/","name":"lineCLEAN SCC-C | Eltex Elektrostatik GmbH","isPartOf":{"@id":"https:\/\/www.eltex.de\/fr\/#website"},"primaryImageOfPage":{"@id":"https:\/\/www.eltex.de\/fr\/produits\/static-control-fr\/blaspistolen-fr\/lineclean-scc-c\/#primaryimage"},"image":{"@id":"https:\/\/www.eltex.de\/fr\/produits\/static-control-fr\/blaspistolen-fr\/lineclean-scc-c\/#primaryimage"},"thumbnailUrl":"https:\/\/www.eltex.de\/wp-content\/uploads\/SCC-C-vario.jpg","datePublished":"2022-09-02T10:56:56+00:00","dateModified":"2024-07-11T08:14:06+00:00","breadcrumb":{"@id":"https:\/\/www.eltex.de\/fr\/produits\/static-control-fr\/blaspistolen-fr\/lineclean-scc-c\/#breadcrumb"},"inLanguage":"fr-FR","potentialAction":[{"@type":"ReadAction","target":["https:\/\/www.eltex.de\/fr\/produits\/static-control-fr\/blaspistolen-fr\/lineclean-scc-c\/"]}]},{"@type":"ImageObject","inLanguage":"fr-FR","@id":"https:\/\/www.eltex.de\/fr\/produits\/static-control-fr\/blaspistolen-fr\/lineclean-scc-c\/#primaryimage","url":"https:\/\/www.eltex.de\/wp-content\/uploads\/SCC-C-vario.jpg","contentUrl":"https:\/\/www.eltex.de\/wp-content\/uploads\/SCC-C-vario.jpg","width":1365,"height":640},{"@type":"BreadcrumbList","@id":"https:\/\/www.eltex.de\/fr\/produits\/static-control-fr\/blaspistolen-fr\/lineclean-scc-c\/#breadcrumb","itemListElement":[{"@type":"ListItem","position":1,"name":"Eltex","item":"https:\/\/www.eltex.de\/fr\/"},{"@type":"ListItem","position":2,"name":"Produits","item":"https:\/\/www.eltex.de\/fr\/produits\/"},{"@type":"ListItem","position":3,"name":"Static Control","item":"https:\/\/www.eltex.de\/fr\/cat\u00e9gorie-produit\/static-control-fr\/"},{"@type":"ListItem","position":4,"name":"D\u00e9charge","item":"https:\/\/www.eltex.de\/fr\/cat\u00e9gorie-produit\/static-control-fr\/decharge\/"},{"@type":"ListItem","position":5,"name":"Buses ionisantes soufflantes","item":"https:\/\/www.eltex.de\/fr\/cat\u00e9gorie-produit\/static-control-fr\/decharge\/ionenblasduesen-fr\/"},{"@type":"ListItem","position":6,"name":"lineCLEAN SCC-C"}]},{"@type":"WebSite","@id":"https:\/\/www.eltex.de\/fr\/#website","url":"https:\/\/www.eltex.de\/fr\/","name":"Eltex Elektrostatik GmbH","description":"Die Eltex Elektrostatik GmbH als moderner Partner der Industrie zur Steigerung von Produktivit\u00e4t, Effizienz und Ertragskraft in vielen Branchen.","potentialAction":[{"@type":"SearchAction","target":{"@type":"EntryPoint","urlTemplate":"https:\/\/www.eltex.de\/fr\/?s={search_term_string}"},"query-input":{"@type":"PropertyValueSpecification","valueRequired":true,"valueName":"search_term_string"}}],"inLanguage":"fr-FR"}]}},"_links":{"self":[{"href":"https:\/\/www.eltex.de\/fr\/wp-json\/wp\/v2\/product\/9450","targetHints":{"allow":["GET"]}}],"collection":[{"href":"https:\/\/www.eltex.de\/fr\/wp-json\/wp\/v2\/product"}],"about":[{"href":"https:\/\/www.eltex.de\/fr\/wp-json\/wp\/v2\/types\/product"}],"wp:featuredmedia":[{"embeddable":true,"href":"https:\/\/www.eltex.de\/fr\/wp-json\/wp\/v2\/media\/9933"}],"wp:attachment":[{"href":"https:\/\/www.eltex.de\/fr\/wp-json\/wp\/v2\/media?parent=9450"}],"wp:term":[{"taxonomy":"product_brand","embeddable":true,"href":"https:\/\/www.eltex.de\/fr\/wp-json\/wp\/v2\/product_brand?post=9450"},{"taxonomy":"product_cat","embeddable":true,"href":"https:\/\/www.eltex.de\/fr\/wp-json\/wp\/v2\/product_cat?post=9450"},{"taxonomy":"product_tag","embeddable":true,"href":"https:\/\/www.eltex.de\/fr\/wp-json\/wp\/v2\/product_tag?post=9450"}],"curies":[{"name":"wp","href":"https:\/\/api.w.org\/{rel}","templated":true}]}}